{"id":8396,"date":"2025-11-01T20:44:00","date_gmt":"2025-11-01T19:44:00","guid":{"rendered":"https:\/\/lanrel.eu\/?post_type=product&#038;p=8396"},"modified":"2025-11-01T20:44:00","modified_gmt":"2025-11-01T19:44:00","slug":"royal-canin-x-small-adult-8-karma-sucha-dla-psow-dojrzalych-powyzej-8-roku-zycia-ras-miniaturowych-do-4-kg","status":"publish","type":"product","link":"https:\/\/www.lanrel.pl\/pl\/produkt\/royal-canin-x-small-adult-8-karma-sucha-dla-psow-dojrzalych-powyzej-8-roku-zycia-ras-miniaturowych-do-4-kg\/","title":{"rendered":"ROYAL CANIN\u00ae X-Small Adult 8+ karma sucha dla ps\u00f3w dojrza\u0142ych powy\u017cej 8 roku \u017cycia ras miniaturowych do 4 kg"},"content":{"rendered":"<p>Wraz z wiekiem pies potrzebuje zmiany \u017cywienia i karmy, kt\u00f3ra pomog\u0105 mu utrzyma\u0107 zdrowie r\u00f3wnie\u017c w okresie starzenia.<\/p>\n<p>ROYAL CANIN\u00ae X-Small Adult 8+ to pe\u0142noporcjowa karma, o recepturze prawid\u0142owo zbilansowanej pod wzgl\u0119dem sk\u0142adnik\u00f3w pokarmowych i opracowanej specjalnie z uwzgl\u0119dnieniem szczeg\u00f3lnych potrzeb starszych ps\u00f3w ras miniaturowych.<\/p>\n<p>Receptura, przeznaczona dla ps\u00f3w powy\u017cej 8 roku \u017cycia i masie cia\u0142a do 4 kg, jest bogata w sk\u0142adniki pokarmowe pokarmowe, takie jak EPA, DHA i witamina C. Zosta\u0142a opracowana, aby wspomaga\u0107 uk\u0142ad odporno\u015bciowy i og\u00f3lny stan zdrowia psa.<\/p>\n<p>Wzbogacona witaminami karma sprzyja utrzymaniu witalno\u015bci dojrza\u0142ych ps\u00f3w miniaturowych. Psy miniaturowe cz\u0119sto bywaj\u0105 wybredne, r\u00f3wnie\u017c w starszym wieku. Wyj\u0105tkowe aromaty zawarte w recepturze karmy pozwalaj\u0105 zaspokoi\u0107 apetyt nawet najbardziej wybrednych ps\u00f3w i zapewni\u0107 im wszystkie niezb\u0119dne sk\u0142adniki pokarmowe.<\/p>\n<p>Uwzgl\u0119dnili\u015bmy r\u00f3wnie\u017c delikatne szcz\u0119ki ps\u00f3w miniaturowych i dostosowali\u015bmy rozmiar krokiet\u00f3w, aby u\u0142atwi\u0107 psu chwytanie i rozgryzanie karmy. Stosunkowo du\u017ce z\u0119by do\u015b\u0107 p\u0142ytko osadzone w delikatnej szcz\u0119ce zwi\u0119kszaj\u0105 u ps\u00f3w miniaturowych ryzyko chor\u00f3b stomatologicznych. Karma sucha zapewnia efekt mechanicznego czyszczenia z\u0119b\u00f3w podczas rozgryzania, a dzi\u0119ki dodatkowi substancji wi\u0105\u017c\u0105cej wap\u0144 hamuje odk\u0142adnie kamienia naz\u0119bnego.<\/p>\n<p>Wszystkie produkty ROYAL CANIN\u00ae przechodz\u0105 surowy proces kontroli jako\u015bci, aby zagwarantowa\u0107 sta\u0142\u0105, wysok\u0105 jako\u015b\u0107 karmy. Karmy s\u0105 ponadto pakowane w technologii modyfikowanej atmosfery, dzi\u0119ki czemu d\u0142u\u017cej zachowuj\u0105 \u015bwie\u017co\u015b\u0107 i warto\u015bci od\u017cywcze. Nasz zesp\u00f3\u0142 naukowc\u00f3w opracowuje receptury dostosowane do specyficznych potrzeb \u017cywieniowych ps\u00f3w, wykorzystuj\u0105c wysokiej jako\u015bci sk\u0142adniki pokarmowe oraz i uwzgl\u0119dniaj\u0105c zasady zr\u00f3wnowa\u017conego rozwoju.<\/p>\n<p><img fetchpriority=\"high\" decoding=\"async\" class=\"aligncenter size-full wp-image-8397\" src=\"http:\/\/lanrel.eu\/wp-content\/uploads\/2025\/11\/SHN24-XSMALL-ADULT8-DRY-1.png\" alt=\"\" width=\"2560\" height=\"2088\" srcset=\"https:\/\/www.lanrel.pl\/wp-content\/uploads\/2025\/11\/SHN24-XSMALL-ADULT8-DRY-1.png 2560w, https:\/\/www.lanrel.pl\/wp-content\/uploads\/2025\/11\/SHN24-XSMALL-ADULT8-DRY-1-300x245.png 300w, https:\/\/www.lanrel.pl\/wp-content\/uploads\/2025\/11\/SHN24-XSMALL-ADULT8-DRY-1-1024x835.png 1024w, https:\/\/www.lanrel.pl\/wp-content\/uploads\/2025\/11\/SHN24-XSMALL-ADULT8-DRY-1-768x626.png 768w, https:\/\/www.lanrel.pl\/wp-content\/uploads\/2025\/11\/SHN24-XSMALL-ADULT8-DRY-1-1536x1253.png 1536w, https:\/\/www.lanrel.pl\/wp-content\/uploads\/2025\/11\/SHN24-XSMALL-ADULT8-DRY-1-2048x1670.png 2048w, https:\/\/www.lanrel.pl\/wp-content\/uploads\/2025\/11\/SHN24-XSMALL-ADULT8-DRY-1-15x12.png 15w, https:\/\/www.lanrel.pl\/wp-content\/uploads\/2025\/11\/SHN24-XSMALL-ADULT8-DRY-1-600x489.png 600w\" sizes=\"(max-width: 2560px) 100vw, 2560px\" \/> <img decoding=\"async\" class=\"aligncenter size-full wp-image-8398\" src=\"http:\/\/lanrel.eu\/wp-content\/uploads\/2025\/11\/SHN24-XSMALL-ADULT8-DRY-2.png\" alt=\"\" width=\"2561\" height=\"1908\" srcset=\"https:\/\/www.lanrel.pl\/wp-content\/uploads\/2025\/11\/SHN24-XSMALL-ADULT8-DRY-2.png 2561w, https:\/\/www.lanrel.pl\/wp-content\/uploads\/2025\/11\/SHN24-XSMALL-ADULT8-DRY-2-300x224.png 300w, https:\/\/www.lanrel.pl\/wp-content\/uploads\/2025\/11\/SHN24-XSMALL-ADULT8-DRY-2-1024x763.png 1024w, https:\/\/www.lanrel.pl\/wp-content\/uploads\/2025\/11\/SHN24-XSMALL-ADULT8-DRY-2-768x572.png 768w, https:\/\/www.lanrel.pl\/wp-content\/uploads\/2025\/11\/SHN24-XSMALL-ADULT8-DRY-2-1536x1144.png 1536w, https:\/\/www.lanrel.pl\/wp-content\/uploads\/2025\/11\/SHN24-XSMALL-ADULT8-DRY-2-2048x1526.png 2048w, https:\/\/www.lanrel.pl\/wp-content\/uploads\/2025\/11\/SHN24-XSMALL-ADULT8-DRY-2-16x12.png 16w, https:\/\/www.lanrel.pl\/wp-content\/uploads\/2025\/11\/SHN24-XSMALL-ADULT8-DRY-2-600x447.png 600w\" sizes=\"(max-width: 2561px) 100vw, 2561px\" \/> <img decoding=\"async\" class=\"aligncenter size-full wp-image-8399\" src=\"http:\/\/lanrel.eu\/wp-content\/uploads\/2025\/11\/SHN24-XSMALL-ADULT8-DRY-3.png\" alt=\"\" width=\"2560\" height=\"968\" srcset=\"https:\/\/www.lanrel.pl\/wp-content\/uploads\/2025\/11\/SHN24-XSMALL-ADULT8-DRY-3.png 2560w, https:\/\/www.lanrel.pl\/wp-content\/uploads\/2025\/11\/SHN24-XSMALL-ADULT8-DRY-3-300x113.png 300w, https:\/\/www.lanrel.pl\/wp-content\/uploads\/2025\/11\/SHN24-XSMALL-ADULT8-DRY-3-1024x387.png 1024w, https:\/\/www.lanrel.pl\/wp-content\/uploads\/2025\/11\/SHN24-XSMALL-ADULT8-DRY-3-768x290.png 768w, https:\/\/www.lanrel.pl\/wp-content\/uploads\/2025\/11\/SHN24-XSMALL-ADULT8-DRY-3-1536x581.png 1536w, https:\/\/www.lanrel.pl\/wp-content\/uploads\/2025\/11\/SHN24-XSMALL-ADULT8-DRY-3-2048x774.png 2048w, https:\/\/www.lanrel.pl\/wp-content\/uploads\/2025\/11\/SHN24-XSMALL-ADULT8-DRY-3-18x7.png 18w, https:\/\/www.lanrel.pl\/wp-content\/uploads\/2025\/11\/SHN24-XSMALL-ADULT8-DRY-3-600x227.png 600w\" sizes=\"(max-width: 2560px) 100vw, 2560px\" \/> <img loading=\"lazy\" decoding=\"async\" class=\"aligncenter size-full wp-image-8400\" src=\"http:\/\/lanrel.eu\/wp-content\/uploads\/2025\/11\/SHN24-XSMALL-ADULT8-DRY-4.png\" alt=\"\" width=\"2560\" height=\"945\" srcset=\"https:\/\/www.lanrel.pl\/wp-content\/uploads\/2025\/11\/SHN24-XSMALL-ADULT8-DRY-4.png 2560w, https:\/\/www.lanrel.pl\/wp-content\/uploads\/2025\/11\/SHN24-XSMALL-ADULT8-DRY-4-300x111.png 300w, https:\/\/www.lanrel.pl\/wp-content\/uploads\/2025\/11\/SHN24-XSMALL-ADULT8-DRY-4-1024x378.png 1024w, https:\/\/www.lanrel.pl\/wp-content\/uploads\/2025\/11\/SHN24-XSMALL-ADULT8-DRY-4-768x284.png 768w, https:\/\/www.lanrel.pl\/wp-content\/uploads\/2025\/11\/SHN24-XSMALL-ADULT8-DRY-4-1536x567.png 1536w, https:\/\/www.lanrel.pl\/wp-content\/uploads\/2025\/11\/SHN24-XSMALL-ADULT8-DRY-4-2048x756.png 2048w, https:\/\/www.lanrel.pl\/wp-content\/uploads\/2025\/11\/SHN24-XSMALL-ADULT8-DRY-4-18x7.png 18w, https:\/\/www.lanrel.pl\/wp-content\/uploads\/2025\/11\/SHN24-XSMALL-ADULT8-DRY-4-600x221.png 600w\" sizes=\"(max-width: 2560px) 100vw, 2560px\" \/> <img loading=\"lazy\" decoding=\"async\" class=\"aligncenter size-full wp-image-8402\" src=\"http:\/\/lanrel.eu\/wp-content\/uploads\/2025\/11\/SHN24-XSMALL-ADULT8-DRY-6.png\" alt=\"\" width=\"2561\" height=\"2269\" srcset=\"https:\/\/www.lanrel.pl\/wp-content\/uploads\/2025\/11\/SHN24-XSMALL-ADULT8-DRY-6.png 2561w, https:\/\/www.lanrel.pl\/wp-content\/uploads\/2025\/11\/SHN24-XSMALL-ADULT8-DRY-6-300x266.png 300w, https:\/\/www.lanrel.pl\/wp-content\/uploads\/2025\/11\/SHN24-XSMALL-ADULT8-DRY-6-1024x907.png 1024w, https:\/\/www.lanrel.pl\/wp-content\/uploads\/2025\/11\/SHN24-XSMALL-ADULT8-DRY-6-768x680.png 768w, https:\/\/www.lanrel.pl\/wp-content\/uploads\/2025\/11\/SHN24-XSMALL-ADULT8-DRY-6-1536x1361.png 1536w, https:\/\/www.lanrel.pl\/wp-content\/uploads\/2025\/11\/SHN24-XSMALL-ADULT8-DRY-6-2048x1814.png 2048w, https:\/\/www.lanrel.pl\/wp-content\/uploads\/2025\/11\/SHN24-XSMALL-ADULT8-DRY-6-14x12.png 14w, https:\/\/www.lanrel.pl\/wp-content\/uploads\/2025\/11\/SHN24-XSMALL-ADULT8-DRY-6-600x532.png 600w\" sizes=\"(max-width: 2561px) 100vw, 2561px\" \/> <img loading=\"lazy\" decoding=\"async\" class=\"aligncenter size-full wp-image-8403\" src=\"http:\/\/lanrel.eu\/wp-content\/uploads\/2025\/11\/SHN24-XSMALL-ADULT8-DRY-7.png\" alt=\"\" width=\"2561\" height=\"1646\" srcset=\"https:\/\/www.lanrel.pl\/wp-content\/uploads\/2025\/11\/SHN24-XSMALL-ADULT8-DRY-7.png 2561w, https:\/\/www.lanrel.pl\/wp-content\/uploads\/2025\/11\/SHN24-XSMALL-ADULT8-DRY-7-300x193.png 300w, https:\/\/www.lanrel.pl\/wp-content\/uploads\/2025\/11\/SHN24-XSMALL-ADULT8-DRY-7-1024x658.png 1024w, https:\/\/www.lanrel.pl\/wp-content\/uploads\/2025\/11\/SHN24-XSMALL-ADULT8-DRY-7-768x494.png 768w, https:\/\/www.lanrel.pl\/wp-content\/uploads\/2025\/11\/SHN24-XSMALL-ADULT8-DRY-7-1536x987.png 1536w, https:\/\/www.lanrel.pl\/wp-content\/uploads\/2025\/11\/SHN24-XSMALL-ADULT8-DRY-7-2048x1316.png 2048w, https:\/\/www.lanrel.pl\/wp-content\/uploads\/2025\/11\/SHN24-XSMALL-ADULT8-DRY-7-18x12.png 18w, https:\/\/www.lanrel.pl\/wp-content\/uploads\/2025\/11\/SHN24-XSMALL-ADULT8-DRY-7-600x386.png 600w\" sizes=\"(max-width: 2561px) 100vw, 2561px\" \/> <img loading=\"lazy\" decoding=\"async\" class=\"aligncenter size-full wp-image-8404\" src=\"http:\/\/lanrel.eu\/wp-content\/uploads\/2025\/11\/SHN24-XSMALL-ADULT8-DRY-8.png\" alt=\"\" width=\"2561\" height=\"2006\" srcset=\"https:\/\/www.lanrel.pl\/wp-content\/uploads\/2025\/11\/SHN24-XSMALL-ADULT8-DRY-8.png 2561w, https:\/\/www.lanrel.pl\/wp-content\/uploads\/2025\/11\/SHN24-XSMALL-ADULT8-DRY-8-300x235.png 300w, https:\/\/www.lanrel.pl\/wp-content\/uploads\/2025\/11\/SHN24-XSMALL-ADULT8-DRY-8-1024x802.png 1024w, https:\/\/www.lanrel.pl\/wp-content\/uploads\/2025\/11\/SHN24-XSMALL-ADULT8-DRY-8-768x602.png 768w, https:\/\/www.lanrel.pl\/wp-content\/uploads\/2025\/11\/SHN24-XSMALL-ADULT8-DRY-8-1536x1203.png 1536w, https:\/\/www.lanrel.pl\/wp-content\/uploads\/2025\/11\/SHN24-XSMALL-ADULT8-DRY-8-2048x1604.png 2048w, https:\/\/www.lanrel.pl\/wp-content\/uploads\/2025\/11\/SHN24-XSMALL-ADULT8-DRY-8-15x12.png 15w, https:\/\/www.lanrel.pl\/wp-content\/uploads\/2025\/11\/SHN24-XSMALL-ADULT8-DRY-8-600x470.png 600w\" sizes=\"(max-width: 2561px) 100vw, 2561px\" \/><\/p>\n<h4><\/h4>\n<h4>SK\u0141AD:<\/h4>\n<p>suszone bia\u0142ka drobiowe,\u00a0ry\u017c,\u00a0m\u0105ka pszenna,\u00a0pszenica,\u00a0t\u0142uszcze zwierz\u0119ce,\u00a0m\u0105ka kukurydziana,\u00a0gluten kukurydziany,\u00a0gluten pszenny,\u00a0hydrolizowane bia\u0142ka zwierz\u0119ce,\u00a0pulpa z cykorii,\u00a0minera\u0142y (w tym trifosforan pentasodowy (0,35%)),\u00a0\u0142uski i nasiona psyllium,\u00a0olej sojowy,\u00a0produkty dro\u017cd\u017cy,\u00a0olej z ryb,\u00a0fruktooligosacharydy,\u00a0olej z alg Schizochytrium sp. (\u017ar\u00f3d\u0142o kwas\u00f3w EPA i DHA).<\/p>\n<h4>DODATKI\u00a0(na 1 kg karmy):<\/h4>\n<p>Dodatki dietetyczne:\u00a0Witamina A:\u00a020300\u00a0UI,\u00a0Witamina D3:\u00a0900\u00a0UI,\u00a0Witamina C:\u00a0400\u00a0mg,\u00a0\u017belazo (3b103):\u00a040\u00a0mg,\u00a0Jod (3b201, 3b202):\u00a04\u00a0mg,\u00a0Mied\u017a (3b405, 3b406):\u00a012\u00a0mg,\u00a0Mangan (3b502, 3b504):\u00a052\u00a0mg,\u00a0Cynk (3b603, 3b605, 3b606):\u00a0138\u00a0mg,\u00a0Selen (3b801, 3b811, 3b812):\u00a00,07\u00a0mg\u00a0&#8211;\u00a0Konserwanty\u00a0&#8211;\u00a0Przeciwutleniacze.<\/p>\n<h4>SK\u0141ADNIKI ANALITYCZNE:<\/h4>\n<p>Bia\u0142ko surowe:\u00a024,0%\u00a0&#8211;\u00a0W\u0142\u00f3kno surowe:\u00a01,7%\u00a0&#8211;\u00a0Oleje i t\u0142uszcze surowe:\u00a018,0%\u00a0&#8211;\u00a0Popi\u00f3\u0142 surowy:\u00a05,6%\u00a0&#8211;\u00a0EPA\/DHA:\u00a00,37%.<\/p>\n<h4>SPOS\u00d3B U\u017bYCIA:<\/h4>\n<p>patrz tabela.<\/p>\n<p>Najlepiej wykorzysta\u0107 przed: patrz data wa\u017cno\u015bci. Data wa\u017cno\u015bci, numer partii i numer rejestracyjny zak\u0142adu znajduj\u0105 si\u0119 na opakowaniu.\u00a0Przechowywa\u0107 w suchym i ch\u0142odnym miejscu.<\/p>\n<p>&nbsp;<\/p>\n<p>&nbsp;<\/p>\n<p>&nbsp;<\/p>","protected":false},"excerpt":{"rendered":"<p>Dla dojrza\u0142ych ps\u00f3w ras miniaturowych (poni\u017cej 4 kg) &#8211; Powy\u017cej 8. roku \u017cycia<\/p>\n<p>Marka: Royal Canin<\/p>\n<p>Dla jakiego pupila: Pies<\/p>\n<p><span class=\"ty-product-feature__label\">Wielko\u015b\u0107 pupila: Rasy miniaturowe<\/span><\/p>\n<p>Faza \u017cycia: Senior<\/p>\n<p>&nbsp;<\/p>\n<p>&nbsp;<\/p>","protected":false},"featured_media":8416,"comment_status":"open","ping_status":"closed","template":"","meta":{"om_disable_all_campaigns":false,"inline_featured_image":false},"product_brand":[],"product_cat":[27,95,98],"product_tag":[],"class_list":{"0":"post-8396","1":"product","2":"type-product","3":"status-publish","4":"has-post-thumbnail","6":"product_cat-dog-food","7":"product_cat-royal-canin-dog-food","8":"product_cat-wielkosc-psa","10":"first","11":"outofstock","12":"taxable","13":"shipping-taxable","14":"product-type-variable","15":"has-default-attributes"},"_links":{"self":[{"href":"https:\/\/www.lanrel.pl\/pl\/wp-json\/wp\/v2\/product\/8396","targetHints":{"allow":["GET"]}}],"collection":[{"href":"https:\/\/www.lanrel.pl\/pl\/wp-json\/wp\/v2\/product"}],"about":[{"href":"https:\/\/www.lanrel.pl\/pl\/wp-json\/wp\/v2\/types\/product"}],"replies":[{"embeddable":true,"href":"https:\/\/www.lanrel.pl\/pl\/wp-json\/wp\/v2\/comments?post=8396"}],"wp:featuredmedia":[{"embeddable":true,"href":"https:\/\/www.lanrel.pl\/pl\/wp-json\/wp\/v2\/media\/8416"}],"wp:attachment":[{"href":"https:\/\/www.lanrel.pl\/pl\/wp-json\/wp\/v2\/media?parent=8396"}],"wp:term":[{"taxonomy":"product_brand","embeddable":true,"href":"https:\/\/www.lanrel.pl\/pl\/wp-json\/wp\/v2\/product_brand?post=8396"},{"taxonomy":"product_cat","embeddable":true,"href":"https:\/\/www.lanrel.pl\/pl\/wp-json\/wp\/v2\/product_cat?post=8396"},{"taxonomy":"product_tag","embeddable":true,"href":"https:\/\/www.lanrel.pl\/pl\/wp-json\/wp\/v2\/product_tag?post=8396"}],"curies":[{"name":"wp","href":"https:\/\/api.w.org\/{rel}","templated":true}]}}