{"id":8392,"date":"2025-11-01T20:27:08","date_gmt":"2025-11-01T19:27:08","guid":{"rendered":"https:\/\/lanrel.eu\/?post_type=product&#038;p=8392"},"modified":"2025-11-01T20:27:08","modified_gmt":"2025-11-01T19:27:08","slug":"royal-canin-x-small-puppy-karma-sucha-dla-szczeniat-ras-miniaturowych","status":"publish","type":"product","link":"https:\/\/www.lanrel.pl\/pl\/produkt\/royal-canin-x-small-puppy-karma-sucha-dla-szczeniat-ras-miniaturowych\/","title":{"rendered":"ROYAL CANIN\u00ae X-Small Puppy karma sucha dla szczeni\u0105t ras miniaturowych"},"content":{"rendered":"<p>Psy ras bardzo ma\u0142ych \u017cyj\u0105 zazwyczaj d\u0142u\u017cej ni\u017c psy ras du\u017cych i znacznie wcze\u015bniej osi\u0105gaj\u0105 doros\u0142o\u015b\u0107. To oznacza, \u017ce szczeni\u0119ta z tej grupy potrzebuj\u0105 odpowiedniego poziomu energii oraz wzmocnienia uk\u0142adu odporno\u015bciowego, rozwijaj\u0105cego si\u0119 stopniowo w okresie intensywnego wzrostu.<\/p>\n<p>Karma ROYAL CANIN\u00ae X-Small Puppy zosta\u0142a oparcowana specjalnie z uwzgl\u0119dnieniem specyficznych potrzeb Twojego szczeni\u0119cia rasy bardzo ma\u0142ej. Karma dostarcza optymalnej ilo\u015bci w\u0142\u00f3kna pokarmowego u\u0142atwiajacego pasa\u017c jelitowy i sprzyjaj\u0105cego dobrej konsystencji ka\u0142u.<\/p>\n<p>Ponadto zawarto\u015b\u0107 energii odpowiada potrzebom ps\u00f3w ras bardzo ma\u0142ych w okresie wzrostu.<\/p>\n<p>Szczeni\u0119ta s\u0105 znacznie bardziej wra\u017cliwe ni\u017c psy doros\u0142e, dlatego powinny dostawa\u0107 karm\u0119 opracowan\u0105 specjalnie pod k\u0105tem ich specyficznych potrzeb, co pomo\u017ce im w najlepszym starcie w \u017cycie i b\u0119dzie wspomaga\u0107 rozw\u00f3j w ca\u0142ym okresie wzrostu.<\/p>\n<p>Karma ROYAL CANIN\u00ae X-Small Puppy zawiera specjalnie wyselekcjonowany kompleks przeciwutleniaczy wspomagaj\u0105cy uk\u0142ad odporno\u015bciowy szczeni\u0119cia. W\u015br\u00f3d tych przeciwutleniaczy znalaz\u0142a si\u0119 witamina E, wspieraj\u0105ca odporno\u015b\u0107 i utrzymanie zdrowej sk\u00f3ry.<\/p>\n<p>Kruche, niewielkie krokiety o wysokiej smakowito\u015bci dostosowano do miniaturowych szcz\u0119k ps\u00f3w ras bardzo ma\u0142ych. Unikalna receptura karmy zaspokaja najbardziej wybrednyh apetyt, cz\u0119sto spotykany u ps\u00f3w ras bardzo ma\u0142ych.<\/p>\n<p>Jako \u017ar\u00f3d\u0142a \u0142atwo dost\u0119pnych energii i bia\u0142ka w karmie ROYAL CANIN\u00ae X-Small Puppy wykorzystano dr\u00f3b, ry\u017c, kukurydz\u0119 oraz proteiny ro\u015blinne; w recepturze zastosowano r\u00f3wnie\u017c pulp\u0119 buraczan\u0105 i \u0142uski psyllium jako \u017ar\u00f3d\u0142a w\u0142okna pokarmowego wspomaj\u0105cego zdrowie uk\u0142adu pokarmowego, proces trawienia i pasa\u017c jelitowy. Obecno\u015b\u0107 sk\u0142adnik\u00f3w mineralnych i oleju rybnego sprzyja wspieraniu i utrzymaniu zdrowego uk\u0142adu odporno\u015bciowego.<\/p>\n<p>Karma ROYAL CANIN\u00ae X-Small Puppy opracowana specjalnie dla ps\u00f3w do 10 miesi\u0105ca \u017cycia, pokrywa wszystkie potrzeby pokarmowe szczeni\u0105t ras bardzo ma\u0142ych, osi\u0105gaj\u0105cych w doros\u0142o\u015bci mas\u0119 cia\u0142a nie wi\u0119ksz\u0105 ni\u017c 4 kg.<\/p>\n<p>Misj\u0105 ROYAL CANIN\u00ae jest zapewnianie rozwi\u0105za\u0144 \u017cywieniowych dostosowanych do potrzeb zwierz\u0105t. Wszystkie nasze produkty przechodz\u0105 liczne kontrole jako\u015bci, aby sprosta\u0107 najwy\u017cszym standardom marki i dostarczy\u0107 psu pokarm dostosowany do jego potrzeb \u017cywieniowych i trybu \u017cycia. To oznacza, \u017ce\u00a0 podaj\u0105c swojemu psu karm\u0119y ROYAL CANIN\u00ae X-Small Puppy zapewniasz mu pe\u0142noporcjow\u0105 i odpowiednio zbilansowan\u0105 diet\u0119.<\/p>\n<h4>SK\u0141AD:<\/h4>\n<p>suszone bia\u0142ko drobiowe, ry\u017c, kukurydza, t\u0142uszcze zwierz\u0119ce, gluten pszenny*, gluten kukurydziany, hydrolizowane bia\u0142ka zwierz\u0119ce, wys\u0142odki buraczane, minera\u0142y, olej sojowy, \u0142uski i nasiona psyllium, olej rybny, fruktooligosacharydy, hydrolizowane dro\u017cd\u017ce (\u017ar\u00f3d\u0142o mannooligosacharyd\u00f3w i beta-glukan\u00f3w) (0,30%), olej z alg Schizochytrium sp. (\u017ar\u00f3d\u0142o kwas\u00f3w DHA), sok z juki schidigera, m\u0105czka z aksamitki.<\/p>\n<p>*L.I.P.: bia\u0142ko wyselekcjonowane ze wzgl\u0119du na bardzo wysok\u0105 strawno\u015b\u0107.<\/p>\n<h4>DODATKI\u00a0(na 1 kg karmy):<\/h4>\n<p>Dodatki dietetyczne:\u00a0Witamina A:\u00a021500\u00a0UI,\u00a0Witamina D3:\u00a01000\u00a0UI,\u00a0\u017belazo (3b103):\u00a040\u00a0mg,\u00a0Jod (3b201, 3b202):\u00a04\u00a0mg,\u00a0Mied\u017a (3b405, 3b406):\u00a012\u00a0mg,\u00a0Mangan (3b502, 3b504):\u00a052\u00a0mg,\u00a0Cynk (3b603, 3b605, 3b606):\u00a0132\u00a0mg,\u00a0Selen (3b801, 3b811, 3b812):\u00a00,06\u00a0mg\u00a0&#8211;\u00a0Dodatki technologiczne:\u00a0Klinoptylolit pochodzenia osadowego:\u00a010\u00a0g\u00a0&#8211;\u00a0Konserwanty\u00a0&#8211;\u00a0Przeciwutleniacze.<\/p>\n<h4>SK\u0141ADNIKI ANALITYCZNE:<\/h4>\n<p>Bia\u0142ko surowe:\u00a031,0%\u00a0&#8211;\u00a0Oleje i t\u0142uszcze surowe:\u00a020,0%\u00a0&#8211;\u00a0Popi\u00f3\u0142 surowy:\u00a08,3%\u00a0&#8211;\u00a0W\u0142\u00f3kno surowe:\u00a01,5%\u00a0&#8211;\u00a0Kwasy t\u0142uszczowe omega-3 (DHA):\u00a00,17%\u00a0&#8211;\u00a0Witamina E:\u00a0500\u00a0mg\/kg\u00a0&#8211;\u00a0Witamina C:\u00a0400\u00a0mg\/kg.\u00a0Energia metaboliczna:\u00a04054\u00a0kcal\/kg.<\/p>\n<h4>SPOS\u00d3B U\u017bYCIA:<\/h4>\n<p>patrz tabela.\u00a0Najlepiej wykorzysta\u0107 przed: patrz data wa\u017cno\u015bci. Data wa\u017cno\u015bci, numer partii i numer rejestracyjny zak\u0142adu znajduj\u0105 si\u0119 na opakowaniu.\u00a0Przechowywa\u0107 w suchym i ch\u0142odnym miejscu.<\/p>\n<p>&nbsp;<\/p>\n<p>&nbsp;<\/p>","protected":false},"excerpt":{"rendered":"<p>Dla szczeni\u0105t ras miniaturowych (masa cia\u0142a psa doros\u0142ego do 4 kg) &#8211; Do 10 miesi\u0105ca \u017cycia<\/p>\n<p>Marka: Royal Canin<\/p>\n<p>Dla jakiego pupila: Pies<\/p>\n<p><span class=\"ty-product-feature__label\">Wielko\u015b\u0107 pupila: Rasy miniaturowe<\/span><\/p>\n<p>Faza \u017cycia:Junior<\/p>\n<p>&nbsp;<\/p>\n<p>&nbsp;<\/p>\n<p>&nbsp;<\/p>","protected":false},"featured_media":8363,"comment_status":"open","ping_status":"closed","template":"","meta":{"om_disable_all_campaigns":false,"inline_featured_image":false},"product_brand":[],"product_cat":[27,95,98],"product_tag":[],"class_list":{"0":"post-8392","1":"product","2":"type-product","3":"status-publish","4":"has-post-thumbnail","6":"product_cat-dog-food","7":"product_cat-royal-canin-dog-food","8":"product_cat-wielkosc-psa","10":"first","11":"outofstock","12":"taxable","13":"shipping-taxable","14":"product-type-variable","15":"has-default-attributes"},"_links":{"self":[{"href":"https:\/\/www.lanrel.pl\/pl\/wp-json\/wp\/v2\/product\/8392","targetHints":{"allow":["GET"]}}],"collection":[{"href":"https:\/\/www.lanrel.pl\/pl\/wp-json\/wp\/v2\/product"}],"about":[{"href":"https:\/\/www.lanrel.pl\/pl\/wp-json\/wp\/v2\/types\/product"}],"replies":[{"embeddable":true,"href":"https:\/\/www.lanrel.pl\/pl\/wp-json\/wp\/v2\/comments?post=8392"}],"wp:featuredmedia":[{"embeddable":true,"href":"https:\/\/www.lanrel.pl\/pl\/wp-json\/wp\/v2\/media\/8363"}],"wp:attachment":[{"href":"https:\/\/www.lanrel.pl\/pl\/wp-json\/wp\/v2\/media?parent=8392"}],"wp:term":[{"taxonomy":"product_brand","embeddable":true,"href":"https:\/\/www.lanrel.pl\/pl\/wp-json\/wp\/v2\/product_brand?post=8392"},{"taxonomy":"product_cat","embeddable":true,"href":"https:\/\/www.lanrel.pl\/pl\/wp-json\/wp\/v2\/product_cat?post=8392"},{"taxonomy":"product_tag","embeddable":true,"href":"https:\/\/www.lanrel.pl\/pl\/wp-json\/wp\/v2\/product_tag?post=8392"}],"curies":[{"name":"wp","href":"https:\/\/api.w.org\/{rel}","templated":true}]}}