{"id":8366,"date":"2025-11-01T20:13:24","date_gmt":"2025-11-01T19:13:24","guid":{"rendered":"https:\/\/lanrel.eu\/?post_type=product&#038;p=8366"},"modified":"2025-11-01T20:16:23","modified_gmt":"2025-11-01T19:16:23","slug":"royal-canin-x-small-adult-karma-sucha-dla-psow-doroslych-ras-miniaturowych","status":"publish","type":"product","link":"https:\/\/www.lanrel.pl\/pl\/produkt\/royal-canin-x-small-adult-karma-sucha-dla-psow-doroslych-ras-miniaturowych\/","title":{"rendered":"ROYAL CANIN\u00ae X-Small Adult karma sucha dla ps\u00f3w doros\u0142ych ras miniaturowych"},"content":{"rendered":"<h4>Zalety karmy<\/h4>\n<ul>\n<li>SILNY UK\u0141AD ODPORNO\u015aCIOWY. Pomaga w utrzymaniu zdrowego uk\u0142adu odporno\u015bciowego. Receptura wzbogacona w EPA, DHA i witamin\u0119 C.<\/li>\n<li>ZDROWE Z\u0118BY. Ograniczenie powstawania kamienia naz\u0119bnego dzi\u0119ki chelatorowi wapnia.<\/li>\n<li>WSPOMAGANIE ZDROWIA. Witaminy i wysokiej jako\u015bci sk\u0142adniki pokarmowe, kt\u00f3re wspomagaj\u0105 prawid\u0142owe wch\u0142anianie i og\u00f3lny stan zdrowia.<\/li>\n<li>DOSTOSOWANA WIELKO\u015a\u0106 KROKIET\u00d3W. Bardzo ma\u0142y, \u0142atwy do rozgryzania krokiet<\/li>\n<\/ul>\n<p>ROYAL CANIN\u00ae X-Small Adult to pe\u0142noporcjowa i zbilansowana karma opracowana specjalnie z uwzgl\u0119dnieniem szczeg\u00f3lnych potrzeb ps\u00f3w ras miniaturowych w r\u00f3\u017cnych etapach \u017cycia.<\/p>\n<p>Karma przeznaczona dla doros\u0142ych ps\u00f3w ras miniaturowych (masa cia\u0142a do 4 kg, wiek powy\u017cej 10 miesi\u0119cy). Receptura, bogata w sk\u0142adniki pokarmowe, takie jak EPA, DHA i witamina C, zosta\u0142a opracowana, aby wspomaga\u0107 uk\u0142ad odporno\u015bciowy i og\u00f3lny stan zdrowia psa. Receptura wzbogacona w sk\u0142adniki pokarmowe o wysokiej strawno\u015bci, kt\u00f3re wspomagaj\u0105 prawid\u0142owe wch\u0142anianie i og\u00f3lny stan zdrowia.<\/p>\n<p>Wyj\u0105tkowe aromaty zawarte w recepturze karmy pozwalaj\u0105 zaspokoi\u0107 apetyt nawet najbardziej wybrednych ps\u00f3w i zapewni\u0107 im wszystkie niezb\u0119dne sk\u0142adniki pokarmowe. Uwzgl\u0119dnili\u015bmy r\u00f3wnie\u017c delikatne szcz\u0119ki ps\u00f3w miniaturowych i dostosowali\u015bmy rozmiar krokiet\u00f3w, aby u\u0142atwi\u0107 psu chwytanie i rozgryzanie karmy.<\/p>\n<p>Psy miniaturowe mog\u0105 by\u0107 podatne na choroby z\u0119b\u00f3w. Karma sucha zapewnia efekt mechanicznego czyszczenia z\u0119b\u00f3w podczas rozgryzania, a dzi\u0119ki dodatkowi substancji wi\u0105\u017c\u0105cej wap\u0144 hamuje odk\u0142adnie kamienia naz\u0119bnego.<\/p>\n<p>Karma sucha ROYAL CANIN\u00ae X-Small Adult ma odpowiednik w formie karmy mokrej: kawa\u0142ki w sosie. Podawanie karmy mokrej i karmy suchej urozmaica posi\u0142ki, zwi\u0119kszaj\u0105c wra\u017cenia sensoryczne psa podczas jedzenia.<\/p>\n<p><img fetchpriority=\"high\" decoding=\"async\" class=\"aligncenter size-full wp-image-8367\" src=\"http:\/\/lanrel.eu\/wp-content\/uploads\/2025\/11\/SHN24-XSMALL-ADULT-DRY-1.png\" alt=\"\" width=\"2560\" height=\"2088\" srcset=\"https:\/\/www.lanrel.pl\/wp-content\/uploads\/2025\/11\/SHN24-XSMALL-ADULT-DRY-1.png 2560w, https:\/\/www.lanrel.pl\/wp-content\/uploads\/2025\/11\/SHN24-XSMALL-ADULT-DRY-1-300x245.png 300w, https:\/\/www.lanrel.pl\/wp-content\/uploads\/2025\/11\/SHN24-XSMALL-ADULT-DRY-1-1024x835.png 1024w, https:\/\/www.lanrel.pl\/wp-content\/uploads\/2025\/11\/SHN24-XSMALL-ADULT-DRY-1-768x626.png 768w, https:\/\/www.lanrel.pl\/wp-content\/uploads\/2025\/11\/SHN24-XSMALL-ADULT-DRY-1-1536x1253.png 1536w, https:\/\/www.lanrel.pl\/wp-content\/uploads\/2025\/11\/SHN24-XSMALL-ADULT-DRY-1-2048x1670.png 2048w, https:\/\/www.lanrel.pl\/wp-content\/uploads\/2025\/11\/SHN24-XSMALL-ADULT-DRY-1-15x12.png 15w, https:\/\/www.lanrel.pl\/wp-content\/uploads\/2025\/11\/SHN24-XSMALL-ADULT-DRY-1-600x489.png 600w\" sizes=\"(max-width: 2560px) 100vw, 2560px\" \/> <img decoding=\"async\" class=\"aligncenter size-full wp-image-8368\" src=\"http:\/\/lanrel.eu\/wp-content\/uploads\/2025\/11\/SHN24-XSMALL-ADULT-DRY-2.png\" alt=\"\" width=\"2561\" height=\"1908\" srcset=\"https:\/\/www.lanrel.pl\/wp-content\/uploads\/2025\/11\/SHN24-XSMALL-ADULT-DRY-2.png 2561w, https:\/\/www.lanrel.pl\/wp-content\/uploads\/2025\/11\/SHN24-XSMALL-ADULT-DRY-2-300x224.png 300w, https:\/\/www.lanrel.pl\/wp-content\/uploads\/2025\/11\/SHN24-XSMALL-ADULT-DRY-2-1024x763.png 1024w, https:\/\/www.lanrel.pl\/wp-content\/uploads\/2025\/11\/SHN24-XSMALL-ADULT-DRY-2-768x572.png 768w, https:\/\/www.lanrel.pl\/wp-content\/uploads\/2025\/11\/SHN24-XSMALL-ADULT-DRY-2-1536x1144.png 1536w, https:\/\/www.lanrel.pl\/wp-content\/uploads\/2025\/11\/SHN24-XSMALL-ADULT-DRY-2-2048x1526.png 2048w, https:\/\/www.lanrel.pl\/wp-content\/uploads\/2025\/11\/SHN24-XSMALL-ADULT-DRY-2-16x12.png 16w, https:\/\/www.lanrel.pl\/wp-content\/uploads\/2025\/11\/SHN24-XSMALL-ADULT-DRY-2-600x447.png 600w\" sizes=\"(max-width: 2561px) 100vw, 2561px\" \/> <img decoding=\"async\" class=\"aligncenter size-full wp-image-8369\" src=\"http:\/\/lanrel.eu\/wp-content\/uploads\/2025\/11\/SHN24-XSMALL-ADULT-DRY-3.png\" alt=\"\" width=\"2560\" height=\"965\" srcset=\"https:\/\/www.lanrel.pl\/wp-content\/uploads\/2025\/11\/SHN24-XSMALL-ADULT-DRY-3.png 2560w, https:\/\/www.lanrel.pl\/wp-content\/uploads\/2025\/11\/SHN24-XSMALL-ADULT-DRY-3-300x113.png 300w, https:\/\/www.lanrel.pl\/wp-content\/uploads\/2025\/11\/SHN24-XSMALL-ADULT-DRY-3-1024x386.png 1024w, https:\/\/www.lanrel.pl\/wp-content\/uploads\/2025\/11\/SHN24-XSMALL-ADULT-DRY-3-768x290.png 768w, https:\/\/www.lanrel.pl\/wp-content\/uploads\/2025\/11\/SHN24-XSMALL-ADULT-DRY-3-1536x579.png 1536w, https:\/\/www.lanrel.pl\/wp-content\/uploads\/2025\/11\/SHN24-XSMALL-ADULT-DRY-3-2048x772.png 2048w, https:\/\/www.lanrel.pl\/wp-content\/uploads\/2025\/11\/SHN24-XSMALL-ADULT-DRY-3-18x7.png 18w, https:\/\/www.lanrel.pl\/wp-content\/uploads\/2025\/11\/SHN24-XSMALL-ADULT-DRY-3-600x226.png 600w\" sizes=\"(max-width: 2560px) 100vw, 2560px\" \/> <img loading=\"lazy\" decoding=\"async\" class=\"aligncenter size-full wp-image-8370\" src=\"http:\/\/lanrel.eu\/wp-content\/uploads\/2025\/11\/SHN24-XSMALL-ADULT-DRY-4.png\" alt=\"\" width=\"2560\" height=\"948\" srcset=\"https:\/\/www.lanrel.pl\/wp-content\/uploads\/2025\/11\/SHN24-XSMALL-ADULT-DRY-4.png 2560w, https:\/\/www.lanrel.pl\/wp-content\/uploads\/2025\/11\/SHN24-XSMALL-ADULT-DRY-4-300x111.png 300w, https:\/\/www.lanrel.pl\/wp-content\/uploads\/2025\/11\/SHN24-XSMALL-ADULT-DRY-4-1024x379.png 1024w, https:\/\/www.lanrel.pl\/wp-content\/uploads\/2025\/11\/SHN24-XSMALL-ADULT-DRY-4-768x284.png 768w, https:\/\/www.lanrel.pl\/wp-content\/uploads\/2025\/11\/SHN24-XSMALL-ADULT-DRY-4-1536x569.png 1536w, https:\/\/www.lanrel.pl\/wp-content\/uploads\/2025\/11\/SHN24-XSMALL-ADULT-DRY-4-2048x758.png 2048w, https:\/\/www.lanrel.pl\/wp-content\/uploads\/2025\/11\/SHN24-XSMALL-ADULT-DRY-4-18x7.png 18w, https:\/\/www.lanrel.pl\/wp-content\/uploads\/2025\/11\/SHN24-XSMALL-ADULT-DRY-4-600x222.png 600w\" sizes=\"(max-width: 2560px) 100vw, 2560px\" \/><\/p>\n<p><img loading=\"lazy\" decoding=\"async\" class=\"aligncenter size-full wp-image-8372\" src=\"http:\/\/lanrel.eu\/wp-content\/uploads\/2025\/11\/SHN24-XSMALL-ADULT-DRY-6.png\" alt=\"\" width=\"2561\" height=\"2269\" srcset=\"https:\/\/www.lanrel.pl\/wp-content\/uploads\/2025\/11\/SHN24-XSMALL-ADULT-DRY-6.png 2561w, https:\/\/www.lanrel.pl\/wp-content\/uploads\/2025\/11\/SHN24-XSMALL-ADULT-DRY-6-300x266.png 300w, https:\/\/www.lanrel.pl\/wp-content\/uploads\/2025\/11\/SHN24-XSMALL-ADULT-DRY-6-1024x907.png 1024w, https:\/\/www.lanrel.pl\/wp-content\/uploads\/2025\/11\/SHN24-XSMALL-ADULT-DRY-6-768x680.png 768w, https:\/\/www.lanrel.pl\/wp-content\/uploads\/2025\/11\/SHN24-XSMALL-ADULT-DRY-6-1536x1361.png 1536w, https:\/\/www.lanrel.pl\/wp-content\/uploads\/2025\/11\/SHN24-XSMALL-ADULT-DRY-6-2048x1814.png 2048w, https:\/\/www.lanrel.pl\/wp-content\/uploads\/2025\/11\/SHN24-XSMALL-ADULT-DRY-6-14x12.png 14w, https:\/\/www.lanrel.pl\/wp-content\/uploads\/2025\/11\/SHN24-XSMALL-ADULT-DRY-6-600x532.png 600w\" sizes=\"(max-width: 2561px) 100vw, 2561px\" \/> <img loading=\"lazy\" decoding=\"async\" class=\"aligncenter size-full wp-image-8373\" src=\"http:\/\/lanrel.eu\/wp-content\/uploads\/2025\/11\/SHN24-XSMALL-ADULT-DRY-7.png\" alt=\"\" width=\"2561\" height=\"1646\" srcset=\"https:\/\/www.lanrel.pl\/wp-content\/uploads\/2025\/11\/SHN24-XSMALL-ADULT-DRY-7.png 2561w, https:\/\/www.lanrel.pl\/wp-content\/uploads\/2025\/11\/SHN24-XSMALL-ADULT-DRY-7-300x193.png 300w, https:\/\/www.lanrel.pl\/wp-content\/uploads\/2025\/11\/SHN24-XSMALL-ADULT-DRY-7-1024x658.png 1024w, https:\/\/www.lanrel.pl\/wp-content\/uploads\/2025\/11\/SHN24-XSMALL-ADULT-DRY-7-768x494.png 768w, https:\/\/www.lanrel.pl\/wp-content\/uploads\/2025\/11\/SHN24-XSMALL-ADULT-DRY-7-1536x987.png 1536w, https:\/\/www.lanrel.pl\/wp-content\/uploads\/2025\/11\/SHN24-XSMALL-ADULT-DRY-7-2048x1316.png 2048w, https:\/\/www.lanrel.pl\/wp-content\/uploads\/2025\/11\/SHN24-XSMALL-ADULT-DRY-7-18x12.png 18w, https:\/\/www.lanrel.pl\/wp-content\/uploads\/2025\/11\/SHN24-XSMALL-ADULT-DRY-7-600x386.png 600w\" sizes=\"(max-width: 2561px) 100vw, 2561px\" \/> <img loading=\"lazy\" decoding=\"async\" class=\"aligncenter size-full wp-image-8374\" src=\"http:\/\/lanrel.eu\/wp-content\/uploads\/2025\/11\/SHN24-XSMALL-ADULT-DRY-8.png\" alt=\"\" width=\"2561\" height=\"2006\" srcset=\"https:\/\/www.lanrel.pl\/wp-content\/uploads\/2025\/11\/SHN24-XSMALL-ADULT-DRY-8.png 2561w, https:\/\/www.lanrel.pl\/wp-content\/uploads\/2025\/11\/SHN24-XSMALL-ADULT-DRY-8-300x235.png 300w, https:\/\/www.lanrel.pl\/wp-content\/uploads\/2025\/11\/SHN24-XSMALL-ADULT-DRY-8-1024x802.png 1024w, https:\/\/www.lanrel.pl\/wp-content\/uploads\/2025\/11\/SHN24-XSMALL-ADULT-DRY-8-768x602.png 768w, https:\/\/www.lanrel.pl\/wp-content\/uploads\/2025\/11\/SHN24-XSMALL-ADULT-DRY-8-1536x1203.png 1536w, https:\/\/www.lanrel.pl\/wp-content\/uploads\/2025\/11\/SHN24-XSMALL-ADULT-DRY-8-2048x1604.png 2048w, https:\/\/www.lanrel.pl\/wp-content\/uploads\/2025\/11\/SHN24-XSMALL-ADULT-DRY-8-15x12.png 15w, https:\/\/www.lanrel.pl\/wp-content\/uploads\/2025\/11\/SHN24-XSMALL-ADULT-DRY-8-600x470.png 600w\" sizes=\"(max-width: 2561px) 100vw, 2561px\" \/><\/p>\n<h4><strong>SK\u0141AD:<\/strong><\/h4>\n<p>m\u0105ka pszenna,\u00a0suszone bia\u0142ka drobiowe,\u00a0m\u0105ka kukurydziana,\u00a0t\u0142uszcze zwierz\u0119ce,\u00a0hydrolizowane bia\u0142ka zwierz\u0119ce,\u00a0suszone bia\u0142ko wo\u0142owe i wieprzowe,\u00a0j\u0119czmie\u0144,\u00a0kukurydza,\u00a0gluten kukurydziany,\u00a0pszenica,\u00a0minera\u0142y,\u00a0wys\u0142odki buraczane,\u00a0olej sojowy,\u00a0produkty dro\u017cd\u017cy,\u00a0fruktooligosacharydy,\u00a0olej z ryb,\u00a0olej z alg Schizochytrium sp.<\/p>\n<h4><strong>DODATKI\u00a0<\/strong>(na 1 kg karmy):<\/h4>\n<p>Dodatki dietetyczne:\u00a0Witamina A:\u00a015800\u00a0UI,\u00a0Witamina D3:\u00a01000\u00a0UI,\u00a0\u017belazo (3b103):\u00a036\u00a0mg,\u00a0Jod (3b201, 3b202):\u00a03,6\u00a0mg,\u00a0Mied\u017a (3b405, 3b406):\u00a011\u00a0mg,\u00a0Mangan (3b502, 3b504):\u00a047\u00a0mg,\u00a0Cynk (3b603, 3b605, 3b606):\u00a0131\u00a0mg,\u00a0Selen (3b801, 3b811, 3b812):\u00a00,09\u00a0mg\u00a0&#8211;\u00a0Konserwanty\u00a0&#8211;\u00a0Przeciwutleniacze.<\/p>\n<h4><strong>SK\u0141ADNIKI ANALITYCZNE:<\/strong><\/h4>\n<p>Bia\u0142ko surowe:\u00a027,0%\u00a0&#8211;\u00a0W\u0142\u00f3kno surowe:\u00a01,7%\u00a0&#8211;\u00a0Oleje i t\u0142uszcze surowe:\u00a016,0%\u00a0&#8211;\u00a0Popi\u00f3\u0142 surowy:\u00a06,8%\u00a0&#8211;\u00a0Energia metaboliczna:\u00a03890\u00a0kcal\/kg.<\/p>\n<h4><strong>SPOS\u00d3B U\u017bYCIA:<\/strong><\/h4>\n<p>patrz tabela.\u00a0Najlepiej wykorzysta\u0107 przed: patrz data wa\u017cno\u015bci. Data wa\u017cno\u015bci, numer partii i numer rejestracyjny zak\u0142adu znajduj\u0105 si\u0119 na opakowaniu.\u00a0Przechowywa\u0107 w suchym i ch\u0142odnym miejscu.<\/p>","protected":false},"excerpt":{"rendered":"<p>Dla doros\u0142ych ps\u00f3w ras ma\u0142ych (poni\u017cej 10 kg) &#8211; Powy\u017cej 10. miesi\u0105ca \u017cycia<\/p>\n<p>Marka: Royal Canin<\/p>\n<p>Dla jakiego pupila: Pies<\/p>\n<p><span class=\"ty-product-feature__label\">Wielko\u015b\u0107 pupila: Rasy miniaturowe<\/span><\/p>\n<p>Faza \u017cycia: Doros\u0142y<\/p>\n<p>&nbsp;<\/p>\n<p>&nbsp;<\/p>","protected":false},"featured_media":8389,"comment_status":"open","ping_status":"closed","template":"","meta":{"om_disable_all_campaigns":false,"inline_featured_image":false},"product_brand":[],"product_cat":[27,95,98],"product_tag":[],"class_list":{"0":"post-8366","1":"product","2":"type-product","3":"status-publish","4":"has-post-thumbnail","6":"product_cat-dog-food","7":"product_cat-royal-canin-dog-food","8":"product_cat-wielkosc-psa","10":"first","11":"outofstock","12":"taxable","13":"shipping-taxable","14":"product-type-variable","15":"has-default-attributes"},"_links":{"self":[{"href":"https:\/\/www.lanrel.pl\/pl\/wp-json\/wp\/v2\/product\/8366","targetHints":{"allow":["GET"]}}],"collection":[{"href":"https:\/\/www.lanrel.pl\/pl\/wp-json\/wp\/v2\/product"}],"about":[{"href":"https:\/\/www.lanrel.pl\/pl\/wp-json\/wp\/v2\/types\/product"}],"replies":[{"embeddable":true,"href":"https:\/\/www.lanrel.pl\/pl\/wp-json\/wp\/v2\/comments?post=8366"}],"wp:featuredmedia":[{"embeddable":true,"href":"https:\/\/www.lanrel.pl\/pl\/wp-json\/wp\/v2\/media\/8389"}],"wp:attachment":[{"href":"https:\/\/www.lanrel.pl\/pl\/wp-json\/wp\/v2\/media?parent=8366"}],"wp:term":[{"taxonomy":"product_brand","embeddable":true,"href":"https:\/\/www.lanrel.pl\/pl\/wp-json\/wp\/v2\/product_brand?post=8366"},{"taxonomy":"product_cat","embeddable":true,"href":"https:\/\/www.lanrel.pl\/pl\/wp-json\/wp\/v2\/product_cat?post=8366"},{"taxonomy":"product_tag","embeddable":true,"href":"https:\/\/www.lanrel.pl\/pl\/wp-json\/wp\/v2\/product_tag?post=8366"}],"curies":[{"name":"wp","href":"https:\/\/api.w.org\/{rel}","templated":true}]}}