{"id":8338,"date":"2025-11-01T19:42:18","date_gmt":"2025-11-01T18:42:18","guid":{"rendered":"https:\/\/lanrel.eu\/?post_type=product&#038;p=8338"},"modified":"2025-11-01T19:42:18","modified_gmt":"2025-11-01T18:42:18","slug":"royal-canin-medium-starter-motherbabydog-karma-sucha-dla-dla-suk-w-ciazy","status":"publish","type":"product","link":"https:\/\/www.lanrel.pl\/pl\/produkt\/royal-canin-medium-starter-motherbabydog-karma-sucha-dla-dla-suk-w-ciazy\/","title":{"rendered":"ROYAL CANIN\u00ae Medium Starter Mother&#038;Babydog  karma sucha dla dla suk w ci\u0105\u017cy"},"content":{"rendered":"<h4><strong>Zalety produktu<\/strong><\/h4>\n<ul>\n<li><strong>Wspomaganie organizmu suki i szczeni\u0105t.<\/strong> Pokrycie wysokich potrzeb energetycznych suk ras \u015brednich oraz ich szczeni\u0105t osesk\u00f3w<\/li>\n<li><strong>Silny uk\u0142ad odporno\u015bciowy.<\/strong> Udowodnione dzia\u0142anie kompleksu sk\u0142adnik\u00f3w, takich jak witaminy E i C, sprzyjaj\u0105cych zdrowemu rozwojowi uk\u0142adu odporno\u015bciowego<\/li>\n<li><strong>Wspieranie mikrobiomu.<\/strong> Prebiotyki i wysokostrawne bia\u0142ka sprzyjaj\u0105 zdrowej r\u00f3wnowadze flory jelitowej<\/li>\n<li><strong>Rozw\u00f3j m\u00f3zgu.<\/strong> Kwasy t\u0142uszczowe omega 3 wspomagaj\u0105 rozw\u00f3j m\u00f3zgu oraz proces uczenia.<\/li>\n<\/ul>\n<p>Karma sucha ROYAL CANIN\u00ae Medium Starter Mother &amp; Babydog zosta\u0142a specjalnie opracowana, aby pokrywa\u0107 w pe\u0142ni potrzeby pokarmowe ci\u0119\u017carnych i karmi\u0105cych suk oraz szczeni\u0105t. Karma jest przeznaczona dla doros\u0142ych suk ras \u015brednich, o masie cia\u0142a 11-25 kg oraz dla szczeni\u0105t w okresie odsadzania, do 2 miesi\u0105ca \u017cycia.<\/p>\n<p>Receptura karmy zosta\u0142a opracowana w celu pokrycia wysokich potrzeb energetycznych suk ras \u015brednich w drugim etapie ci\u0105\u017cy i podczas laktacji oraz wspomagania prawid\u0142owego rozwoju szczeni\u0105t w okresie odsadzania.<\/p>\n<p>Karma zawiera kompleks o potwierdzonej skuteczno\u015bci, obejmuj\u0105cy witaminy C i E, wspieraj\u0105cy zdrowy rozw\u00f3j uk\u0142adu odporno\u015bciowego<\/p>\n<p>Korzystnie dzia\u0142aj\u0105ce prebiotyki oraz wysokostrawne bia\u0142ka wspomagaj\u0105 zdrow\u0105 r\u00f3wnowag\u0119 mikrobioty jelitowej, co wp\u0142ywa r\u00f3wnie\u017c na prawid\u0142owe trawienie.<\/p>\n<p>Karma ROYAL CANIN\u00ae Medium Starter Mother &amp; Babydog zosta\u0142a wzbogacona w kwasy t\u0142uszczowe omega 3, kt\u00f3re wspomagaj\u0105 zdrowy rozwoju m\u00f3zgu u szczeni\u0105t.<\/p>\n<p>Krokiety ROYAL CANIN\u00ae Medium Starter Mother &amp; Babydog mo\u017cna w \u0142atwy spos\u00f3b namoczy\u0107 do konsystencji papki, idealnej dla szczeni\u0105t w okresie odsadzania.<\/p>\n<p>Po uko\u0144czeniu pierwszych 8 tygodni \u017cycia szczeni\u0119ta potrzebuj\u0105 diety, kt\u00f3ra jest odpowiednio dostosowana do ich potrzeb pokarmowych w kolejnym etapie wzrostu. W tym czasie nale\u017cy przej\u015b\u0107 na karm\u0119 ROYAL CANIN\u00ae Medium Puppy, kt\u00f3ra jest dost\u0119pna w formie karmy suchej lub mokrej (kawa\u0142ki w sosie).<img decoding=\"async\" src=\"https:\/\/fera.pl\/images\/companies\/1\/SHN%20Medium%20Starter-01.png?1655364795162\" alt=\"ROYAL CANIN Medium Starter Mother&amp;Babydog 15 kg\" \/><img decoding=\"async\" src=\"https:\/\/fera.pl\/images\/companies\/1\/SHN%20Medium%20Starter-02.png?1655364818267\" alt=\"ROYAL CANIN Medium Starter Mother&amp;Babydog 15 kg\" \/><img decoding=\"async\" src=\"https:\/\/fera.pl\/images\/companies\/1\/SHN%20Medium%20Starter-03.png?1655364907893\" alt=\"ROYAL CANIN Medium Starter Mother&amp;Babydog 15 kg\" \/><img decoding=\"async\" src=\"https:\/\/fera.pl\/images\/companies\/1\/SHN%20Medium%20Starter-04.png?1655364932823\" alt=\"ROYAL CANIN Medium Starter Mother&amp;Babydog 15 kg\" \/><img decoding=\"async\" src=\"https:\/\/fera.pl\/images\/companies\/1\/SHN%20Medium%20Starter-05.png?1655364952698\" alt=\"ROYAL CANIN Medium Starter Mother&amp;Babydog 15 kg\" \/><img decoding=\"async\" src=\"https:\/\/fera.pl\/images\/companies\/1\/SHN%20Medium%20Starter-07.png?1655364975815\" alt=\"ROYAL CANIN Medium Starter Mother&amp;Babydog 15 kg\" \/><\/p>\n<h4><strong>SK\u0141AD:<\/strong><\/h4>\n<p>Suszone bia\u0142ko drobiowe,\u00a0ry\u017c,\u00a0t\u0142uszcze zwierz\u0119ce,\u00a0gluten pszenny*,\u00a0kukurydza,\u00a0wys\u0142odki buraczane,\u00a0hydrolizowane bia\u0142ka zwierz\u0119ce,\u00a0minera\u0142y,\u00a0olej sojowy,\u00a0olej rybny,\u00a0fruktooligosacharydy,\u00a0hydrolizowane dro\u017cd\u017ce (\u017ar\u00f3d\u0142o mannooligosacharyd\u00f3w i beta-glukan\u00f3w) (0,30%),\u00a0olej z alg Schizochytrium sp. (\u017ar\u00f3d\u0142o kwas\u00f3w DHA),\u00a0s\u00f3l kwasu mas\u0142owego,\u00a0m\u0105czka z aksamitki.<br \/>\n*L.I.P.: bia\u0142ko wyselekcjonowane ze wzgl\u0119du na bardzo wysok\u0105 strawno\u015b\u0107.<\/p>\n<h4>Dodatki dietetyczne:<\/h4>\n<p>Witamina A: 18500 UI, Witamina D3: 1200 UI, \u017belazo (3b103): 40 mg, Jod (3b201, 3b202): 4 mg, Mied\u017a (3b405, 3b406): 12 mg, Mangan (3b502, 3b504): 52 mg, Cynk (3b603, 3b605, 3b606): 131 mg, Selen (3b801, 3b811, 3b812): 0,07 mg &#8211; Dodatki technologiczne: Klinoptylolit pochodzenia osadowego: 10 g &#8211; Konserwanty &#8211; Przeciwutleniacze.<\/p>\n<h4>SK\u0141ADNIKI ANALITYCZNE:<\/h4>\n<p>Witamina E:\u00a0500\u00a0mg\/kg\u00a0&#8211;\u00a0Witamina C:\u00a0400\u00a0mg\/kg.\u00a0Energia metaboliczna:\u00a04216\u00a0kcal\/kg.<\/p>\n<p>BIA\u0141KO SUROWE\u00a030,0%<br \/>\nOLEJE I T\u0141USZCZE SUROWE\u00a022,0%<br \/>\nPOPI\u00d3\u0141 SUROWY\u00a08,3%<br \/>\nW\u0141\u00d3KNO SUROWE\u00a01,3%<br \/>\nKWASY T\u0141USZCZOWE OMEGA-3 (DHA)\u00a00,20%<\/p>","protected":false},"excerpt":{"rendered":"<p class=\"ty-mainbox-title\">karma sucha dla suk w ci\u0105\u017cy, w okresie laktacji i szczeni\u0105t, od 4 do 8 tygodnia \u017cycia, ras \u015brednich<\/p>\n<p>Marka: Royal Canin<\/p>\n<p>Dla jakiego pupila: Pies<\/p>\n<p><span class=\"ty-product-feature__label\">Wielko\u015b\u0107 pupila: Rasy \u015brednie<\/span><\/p>\n<p>Faza \u017cycia: Junior<\/p>\n<p><span class=\"ty-product-feature__label\">Specjalne wymagania:<\/span>\u00a0Ci\u0105\u017ca, laktacja, oseski<\/p>","protected":false},"featured_media":8349,"comment_status":"open","ping_status":"closed","template":"","meta":{"om_disable_all_campaigns":false,"inline_featured_image":false},"product_brand":[],"product_cat":[27,95,98],"product_tag":[],"class_list":{"0":"post-8338","1":"product","2":"type-product","3":"status-publish","4":"has-post-thumbnail","6":"product_cat-dog-food","7":"product_cat-royal-canin-dog-food","8":"product_cat-wielkosc-psa","10":"first","11":"outofstock","12":"taxable","13":"shipping-taxable","14":"product-type-variable","15":"has-default-attributes"},"_links":{"self":[{"href":"https:\/\/www.lanrel.pl\/pl\/wp-json\/wp\/v2\/product\/8338","targetHints":{"allow":["GET"]}}],"collection":[{"href":"https:\/\/www.lanrel.pl\/pl\/wp-json\/wp\/v2\/product"}],"about":[{"href":"https:\/\/www.lanrel.pl\/pl\/wp-json\/wp\/v2\/types\/product"}],"replies":[{"embeddable":true,"href":"https:\/\/www.lanrel.pl\/pl\/wp-json\/wp\/v2\/comments?post=8338"}],"wp:featuredmedia":[{"embeddable":true,"href":"https:\/\/www.lanrel.pl\/pl\/wp-json\/wp\/v2\/media\/8349"}],"wp:attachment":[{"href":"https:\/\/www.lanrel.pl\/pl\/wp-json\/wp\/v2\/media?parent=8338"}],"wp:term":[{"taxonomy":"product_brand","embeddable":true,"href":"https:\/\/www.lanrel.pl\/pl\/wp-json\/wp\/v2\/product_brand?post=8338"},{"taxonomy":"product_cat","embeddable":true,"href":"https:\/\/www.lanrel.pl\/pl\/wp-json\/wp\/v2\/product_cat?post=8338"},{"taxonomy":"product_tag","embeddable":true,"href":"https:\/\/www.lanrel.pl\/pl\/wp-json\/wp\/v2\/product_tag?post=8338"}],"curies":[{"name":"wp","href":"https:\/\/api.w.org\/{rel}","templated":true}]}}