{"id":8323,"date":"2025-11-01T19:22:54","date_gmt":"2025-11-01T18:22:54","guid":{"rendered":"https:\/\/lanrel.eu\/?post_type=product&#038;p=8323"},"modified":"2025-11-01T19:22:54","modified_gmt":"2025-11-01T18:22:54","slug":"royal-canin-medium-puppy-karma-sucha-dla-szczeniat","status":"publish","type":"product","link":"https:\/\/www.lanrel.pl\/pl\/produkt\/royal-canin-medium-puppy-karma-sucha-dla-szczeniat\/","title":{"rendered":"ROYAL CANIN\u00ae Medium Puppy karma sucha dla szczeni\u0105t"},"content":{"rendered":"<p><strong>Zalety produkty<\/strong><\/p>\n<ul>\n<li><strong>Silny uk\u0142ad odporno\u015bciowy. <\/strong>Udowodnione dzia\u0142anie kompleksu sk\u0142adnik\u00f3w, takich jak witaminy E i C, wspieraj\u0105cych zdrowy rozw\u00f3j uk\u0142adu odporno\u015bciowego<\/li>\n<li><strong>Rozw\u00f3j m\u00f3zgu<\/strong>. Kwasy t\u0142uszczowe omega 3 wspomagaj\u0105 rozw\u00f3j m\u00f3zgu oraz proces uczenia<\/li>\n<li><strong>Wspieranie mikrobiomu.<\/strong> Prebiotyki i wysokostrawne bia\u0142ka sprzyjaj\u0105 zdrowej r\u00f3wnowadze flory jelitowej<\/li>\n<li><strong>Optymalny poziom energii<\/strong>. Pokrycie wysokich potrzeb energetycznych szczeni\u0105t ras \u015brednich<\/li>\n<\/ul>\n<p>Karma sucha ROYAL CANIN\u00ae Medium Puppy zosta\u0142a specjalnie opracowana, aby pokrywa\u0107 w pe\u0142ni potrzeby pokarmowe szczeni\u0105t ras \u015brednich. Karma jest przeznaczona dla szczeni\u0105t w wieku od 2 do 12 miesi\u0119cy, kt\u00f3re po zako\u0144czeniu wzrostu osi\u0105gn\u0105 mas\u0119 cia\u0142a 11-25 kg.<\/p>\n<p>Receptura karmy zawiera kompleks o potwierdzonej skuteczno\u015bci, obejmuj\u0105cy witaminy C i E, wspomagaj\u0105cy naturalne mechanizmy obronne szczeni\u0105t podczas gdy ich uk\u0142ad odporno\u015bciowy wci\u0105\u017c si\u0119 rozwija.<\/p>\n<p>Karma zosta\u0142a wzbogacona w kwasy t\u0142uszczowe omega 3 (w tym DHA), kt\u00f3re maj\u0105 korzystny, udowodniony naukowo, wp\u0142yw na wspomaganie zdrowego rozwoju m\u00f3zgu u szczeni\u0105t.<\/p>\n<p>Dzi\u0119ki kombinacji korzystnie dzia\u0142aj\u0105cych prebiotyk\u00f3w (takich jak FOS, MOS i pulpa buraczana) oraz wysokostrawnych bia\u0142ek karma ROYAL CANIN\u00ae Medium Puppy wspomaga zdrow\u0105 r\u00f3wnowag\u0119 mikrobioty jelitowej, co wp\u0142ywa r\u00f3wnie\u017c na prawid\u0142owe trawienie.<\/p>\n<p>Ponadto zawarto\u015b\u0107 energii w karmie jest optymalna do pokrycia zapotrzebowania energetycznego rosn\u0105cych ps\u00f3w ras \u015brednich.<\/p>\n<p>Krokiety ROYAL CANIN\u00ae Medium Puppy zosta\u0142y specjalnie dostosowane do rozmiaru szcz\u0119k szczeni\u0105t ras \u015brednich. Krokiety s\u0105 na tyle du\u017ce, aby zach\u0119ci\u0107 psa do rozgryzania karmy, co daje mechaniczny efekt czyszczenia z\u0119b\u00f3w, wspomagaj\u0105cy higien\u0119 jamy ustnej.<\/p>\n<p>Po uko\u0144czeniu 12 miesi\u0105ca \u017cycia psy ras \u015brednich potrzebuj\u0105 diety, kt\u00f3ra jest odpowiednio dostosowana do potrzeb pokarmowych doros\u0142ego psa. W tym czasie nale\u017cy przej\u015b\u0107 na karm\u0119 dla ps\u00f3w doros\u0142ych ras \u015brednich, np. ROYAL CANIN\u00ae Medium Adult, dost\u0119pn\u0105 w formie karmy suchej lub mokrej (kawa\u0142ki w sosie).<img decoding=\"async\" src=\"https:\/\/fera.pl\/images\/companies\/1\/SHN%20Medium%20Puppy-01.png?1655363169558\" alt=\"ROYAL CANIN Medium Puppy 1 kg \" \/><img decoding=\"async\" src=\"https:\/\/fera.pl\/images\/companies\/1\/SHN%20Medium%20Puppy-02.png?1655363217133\" alt=\"ROYAL CANIN Medium Puppy 1 kg \" \/><img decoding=\"async\" src=\"https:\/\/fera.pl\/images\/companies\/1\/SHN%20Medium%20Puppy-03.png?1655363285643\" alt=\"ROYAL CANIN Medium Puppy 1 kg \" \/><img decoding=\"async\" src=\"https:\/\/fera.pl\/images\/companies\/1\/SHN%20Medium%20Puppy-04.png?1655363314340\" alt=\"ROYAL CANIN Medium Puppy 1 kg \" \/><img decoding=\"async\" src=\"https:\/\/fera.pl\/images\/companies\/1\/SHN%20Medium%20Puppy-05.png?1655363335092\" alt=\"ROYAL CANIN Medium Puppy 1 kg \" \/><img decoding=\"async\" src=\"https:\/\/fera.pl\/images\/companies\/1\/SHN%20Medium%20Puppy-06.png?1655363356902\" alt=\"ROYAL CANIN Medium Puppy 1 kg \" \/><\/p>\n<p><iframe title=\"Start of life Royal Canin Medium puppy\" width=\"1170\" height=\"658\" src=\"https:\/\/www.youtube.com\/embed\/StvAq7bi2sw?feature=oembed\" frameborder=\"0\" allow=\"accelerometer; autoplay; clipboard-write; encrypted-media; gyroscope; picture-in-picture; web-share\" referrerpolicy=\"strict-origin-when-cross-origin\" allowfullscreen><\/iframe><\/p>\n<p>&nbsp;<\/p>\n<h4><strong>SK\u0141AD:<\/strong><\/h4>\n<p>suszone bia\u0142ko drobiowe, t\u0142uszcze zwierz\u0119ce, suszone bia\u0142ko wo\u0142owe i wieprzowe, kukurydza, m\u0105ka pszenna, wys\u0142odki buraczane, ry\u017c, hydrolizowane bia\u0142ka zwierz\u0119ce, m\u0105ka kukurydziana, pszenica, gluten kukurydziany, gluten pszenny*, minera\u0142y, olej sojowy, produkty z dro\u017cd\u017cy, olej rybny, fruktooligosacharydy, hydrolizowane dro\u017cd\u017ce (\u017ar\u00f3d\u0142o mannooligosacharyd\u00f3w i beta-glukan\u00f3w) (0,29%), olej z alg Schizochytrium sp. (\u017ar\u00f3d\u0142o kwas\u00f3w DHA), sok z juki schidigera, m\u0105czka z aksamitki.<\/p>\n<p>*L.I.P.: bia\u0142ko wyselekcjonowane ze wzgl\u0119du na bardzo wysok\u0105 strawno\u015b\u0107.<\/p>\n<h4><strong>DODATKI <\/strong>(na 1 kg karmy):<\/h4>\n<p>Dodatki dietetyczne: Witamina A: 15500 UI, Witamina D3: 1000 UI, \u017belazo (3b103): 37 mg, Jod (3b201, 3b202): 3,7 mg, Mied\u017a (3b405, 3b406): 11 mg, Mangan (3b502, 3b504): 48 mg, Cynk (3b603, 3b605, 3b606): 128 mg, Selen (3b801, 3b811, 3b812): 0,07 mg &#8211; Dodatki technologiczne: Klinoptylolit pochodzenia osadowego: 10 g &#8211; Konserwanty &#8211; Przeciwutleniacze.<\/p>\n<h4><strong>SK\u0141ADNIKI ANALITYCZNE:<\/strong><\/h4>\n<p>Bia\u0142ko surowe: 32,0% &#8211; Oleje i t\u0142uszcze surowe: 20,0% &#8211; Popi\u00f3\u0142 surowy: 8,2% &#8211; W\u0142\u00f3kno surowe: 1,7% &#8211; Kwasy t\u0142uszczowe omega-3 (DHA): 0,17% &#8211; Witamina E: 500 mg\/kg &#8211; Witamina C: 400 mg\/kg. Energia metaboliczna: 4102 kcal\/kg.<\/p>\n<h4><strong>SPOS\u00d3B U\u017bYCIA:<\/strong><\/h4>\n<p>patrz tabela. Najlepiej wykorzysta\u0107 przed: patrz data wa\u017cno\u015bci. Data wa\u017cno\u015bci, numer partii i numer rejestracyjny zak\u0142adu znajduj\u0105 si\u0119 na opakowaniu. Przechowywa\u0107 w suchym i ch\u0142odnym miejscu.<\/p>\n<p>&nbsp;<\/p>","protected":false},"excerpt":{"rendered":"<p>Dla szczeni\u0105t ras \u015brednich (masa cia\u0142a psa doros\u0142ego od 11 do 25 kg) &#8211; Do 12 miesi\u0105ca \u017cycia<\/p>\n<p>Marka: Royal Canin<\/p>\n<p>Dla jakiego pupila: Pies<\/p>\n<p><span class=\"ty-product-feature__label\">Wielko\u015b\u0107 pupila: Rasy \u015brednie<\/span><\/p>\n<p>Faza \u017cycia: Junior<\/p>","protected":false},"featured_media":8334,"comment_status":"open","ping_status":"closed","template":"","meta":{"om_disable_all_campaigns":false,"inline_featured_image":false},"product_brand":[],"product_cat":[27,95,98],"product_tag":[],"class_list":{"0":"post-8323","1":"product","2":"type-product","3":"status-publish","4":"has-post-thumbnail","6":"product_cat-dog-food","7":"product_cat-royal-canin-dog-food","8":"product_cat-wielkosc-psa","10":"first","11":"outofstock","12":"taxable","13":"shipping-taxable","14":"product-type-variable","15":"has-default-attributes"},"_links":{"self":[{"href":"https:\/\/www.lanrel.pl\/pl\/wp-json\/wp\/v2\/product\/8323","targetHints":{"allow":["GET"]}}],"collection":[{"href":"https:\/\/www.lanrel.pl\/pl\/wp-json\/wp\/v2\/product"}],"about":[{"href":"https:\/\/www.lanrel.pl\/pl\/wp-json\/wp\/v2\/types\/product"}],"replies":[{"embeddable":true,"href":"https:\/\/www.lanrel.pl\/pl\/wp-json\/wp\/v2\/comments?post=8323"}],"wp:featuredmedia":[{"embeddable":true,"href":"https:\/\/www.lanrel.pl\/pl\/wp-json\/wp\/v2\/media\/8334"}],"wp:attachment":[{"href":"https:\/\/www.lanrel.pl\/pl\/wp-json\/wp\/v2\/media?parent=8323"}],"wp:term":[{"taxonomy":"product_brand","embeddable":true,"href":"https:\/\/www.lanrel.pl\/pl\/wp-json\/wp\/v2\/product_brand?post=8323"},{"taxonomy":"product_cat","embeddable":true,"href":"https:\/\/www.lanrel.pl\/pl\/wp-json\/wp\/v2\/product_cat?post=8323"},{"taxonomy":"product_tag","embeddable":true,"href":"https:\/\/www.lanrel.pl\/pl\/wp-json\/wp\/v2\/product_tag?post=8323"}],"curies":[{"name":"wp","href":"https:\/\/api.w.org\/{rel}","templated":true}]}}