{"id":8279,"date":"2025-10-31T21:06:59","date_gmt":"2025-10-31T20:06:59","guid":{"rendered":"https:\/\/lanrel.eu\/?post_type=product&#038;p=8279"},"modified":"2025-10-31T21:06:59","modified_gmt":"2025-10-31T20:06:59","slug":"royal-canin-medium-adult-karma-sucha-dla-psow-doroslych-ras-srednich","status":"publish","type":"product","link":"https:\/\/www.lanrel.pl\/pl\/produkt\/royal-canin-medium-adult-karma-sucha-dla-psow-doroslych-ras-srednich\/","title":{"rendered":"ROYAL CANIN\u00ae Medium Adult karma sucha dla ps\u00f3w doros\u0142ych, ras \u015brednich"},"content":{"rendered":"<p>ROYAL CANIN\u00ae Medium Adult to pe\u0142noporcjowa i zbilansowana pod wzgl\u0119dem sk\u0142adnik\u00f3w pokarmowych karma, opracowana specjalnie z uwzgl\u0119dnieniem szczeg\u00f3lnych potrzeb i wspierania zdrowia doros\u0142ych ps\u00f3w ras \u015brednich. Karma przeznaczona dla doros\u0142ych ps\u00f3w ras \u015brednich (masa cia\u0142a 11-25 kg, w wieku powy\u017cej 12 miesi\u0119cy).<\/p>\n<p>Psy ras \u015brednich wielko\u015bci potrzebuj\u0105 regularnej aktywno\u015bci fizycznej dla utrzymania prawid\u0142owej muskulatury. Receptura karmy wspomaga utrzymanie masy mi\u0119\u015bniowej dzi\u0119ki optymalnej zawarto\u015bci wysokiej jako\u015bci bia\u0142ka.<\/p>\n<p>Aktywny tryb \u017cycia nara\u017ca psy ras \u015brednich na dzia\u0142anie czynnik\u00f3w \u015brodowiskowych, co mo\u017ce by\u0107 wyzwaniem dla uk\u0142adu odporno\u015bciowego. Receptura karma zawiera prebiotyki i kombinacj\u0119 witamin, w tym witamin C i E, co pomaga wzmacnia\u0107 naturalne mechanizmy obronne organizmu.<\/p>\n<p>Doros\u0142y pies dla utrzymania zdrowia potrzebuje specyficznych sk\u0142adnik\u00f3w pokarmowych. Zbilansowana receptura zawiera sk\u0142adniki pokarmowe o wysokiej strawno\u015bci, kt\u00f3re wspomagaj\u0105 prawid\u0142owe wch\u0142anianie oraz og\u00f3lny stan zdrowia i witalno\u015b\u0107 psa.<\/p>\n<p>Wielko\u015b\u0107 i kszta\u0142t krokiet\u00f3w zosta\u0142y specjalnie dostosowane do budowy szcz\u0119k oraz zachowa\u0144 pokarmowych ps\u00f3w ras \u015brednich, co zach\u0119ca je do dok\u0142adnego rozgryzania karmy.<\/p>\n<p>Karm\u0119 such\u0105 ROYAL CANIN\u00ae Medium Adult mo\u017cna stosowa\u0107 z odpowiednimi karmami mokrymi Royal Canin, w formie pasztetu lub kawa\u0142k\u00f3w w sosie (karmienie mieszane). Podawanie karmy mokrej i karmy suchej urozmaica posi\u0142ki, zwi\u0119kszaj\u0105c zainteresowanie psa jedzeniem.<\/p>\n<p><img fetchpriority=\"high\" decoding=\"async\" class=\"aligncenter size-full wp-image-8280\" src=\"http:\/\/lanrel.eu\/wp-content\/uploads\/2025\/10\/SHN24_MEDIUM_ADULT_DRY_1-scaled.png\" alt=\"\" width=\"2560\" height=\"2064\" srcset=\"https:\/\/www.lanrel.pl\/wp-content\/uploads\/2025\/10\/SHN24_MEDIUM_ADULT_DRY_1-scaled.png 2560w, https:\/\/www.lanrel.pl\/wp-content\/uploads\/2025\/10\/SHN24_MEDIUM_ADULT_DRY_1-300x242.png 300w, https:\/\/www.lanrel.pl\/wp-content\/uploads\/2025\/10\/SHN24_MEDIUM_ADULT_DRY_1-1024x826.png 1024w, https:\/\/www.lanrel.pl\/wp-content\/uploads\/2025\/10\/SHN24_MEDIUM_ADULT_DRY_1-768x619.png 768w, https:\/\/www.lanrel.pl\/wp-content\/uploads\/2025\/10\/SHN24_MEDIUM_ADULT_DRY_1-1536x1238.png 1536w, https:\/\/www.lanrel.pl\/wp-content\/uploads\/2025\/10\/SHN24_MEDIUM_ADULT_DRY_1-2048x1651.png 2048w, https:\/\/www.lanrel.pl\/wp-content\/uploads\/2025\/10\/SHN24_MEDIUM_ADULT_DRY_1-15x12.png 15w, https:\/\/www.lanrel.pl\/wp-content\/uploads\/2025\/10\/SHN24_MEDIUM_ADULT_DRY_1-600x484.png 600w\" sizes=\"(max-width: 2560px) 100vw, 2560px\" \/> <img decoding=\"async\" class=\"aligncenter size-full wp-image-8281\" src=\"http:\/\/lanrel.eu\/wp-content\/uploads\/2025\/10\/SHN24_MEDIUM_ADULT_DRY_2-scaled.png\" alt=\"\" width=\"2560\" height=\"1966\" srcset=\"https:\/\/www.lanrel.pl\/wp-content\/uploads\/2025\/10\/SHN24_MEDIUM_ADULT_DRY_2-scaled.png 2560w, https:\/\/www.lanrel.pl\/wp-content\/uploads\/2025\/10\/SHN24_MEDIUM_ADULT_DRY_2-300x230.png 300w, https:\/\/www.lanrel.pl\/wp-content\/uploads\/2025\/10\/SHN24_MEDIUM_ADULT_DRY_2-1024x786.png 1024w, https:\/\/www.lanrel.pl\/wp-content\/uploads\/2025\/10\/SHN24_MEDIUM_ADULT_DRY_2-768x590.png 768w, https:\/\/www.lanrel.pl\/wp-content\/uploads\/2025\/10\/SHN24_MEDIUM_ADULT_DRY_2-1536x1180.png 1536w, https:\/\/www.lanrel.pl\/wp-content\/uploads\/2025\/10\/SHN24_MEDIUM_ADULT_DRY_2-2048x1573.png 2048w, https:\/\/www.lanrel.pl\/wp-content\/uploads\/2025\/10\/SHN24_MEDIUM_ADULT_DRY_2-16x12.png 16w, https:\/\/www.lanrel.pl\/wp-content\/uploads\/2025\/10\/SHN24_MEDIUM_ADULT_DRY_2-600x461.png 600w\" sizes=\"(max-width: 2560px) 100vw, 2560px\" \/> <img decoding=\"async\" class=\"aligncenter size-full wp-image-8282\" src=\"http:\/\/lanrel.eu\/wp-content\/uploads\/2025\/10\/SHN24_MEDIUM_ADULT_DRY_3-scaled.png\" alt=\"\" width=\"2560\" height=\"884\" srcset=\"https:\/\/www.lanrel.pl\/wp-content\/uploads\/2025\/10\/SHN24_MEDIUM_ADULT_DRY_3-scaled.png 2560w, https:\/\/www.lanrel.pl\/wp-content\/uploads\/2025\/10\/SHN24_MEDIUM_ADULT_DRY_3-300x104.png 300w, https:\/\/www.lanrel.pl\/wp-content\/uploads\/2025\/10\/SHN24_MEDIUM_ADULT_DRY_3-1024x354.png 1024w, https:\/\/www.lanrel.pl\/wp-content\/uploads\/2025\/10\/SHN24_MEDIUM_ADULT_DRY_3-768x265.png 768w, https:\/\/www.lanrel.pl\/wp-content\/uploads\/2025\/10\/SHN24_MEDIUM_ADULT_DRY_3-1536x531.png 1536w, https:\/\/www.lanrel.pl\/wp-content\/uploads\/2025\/10\/SHN24_MEDIUM_ADULT_DRY_3-2048x707.png 2048w, https:\/\/www.lanrel.pl\/wp-content\/uploads\/2025\/10\/SHN24_MEDIUM_ADULT_DRY_3-18x6.png 18w, https:\/\/www.lanrel.pl\/wp-content\/uploads\/2025\/10\/SHN24_MEDIUM_ADULT_DRY_3-600x207.png 600w\" sizes=\"(max-width: 2560px) 100vw, 2560px\" \/> <img loading=\"lazy\" decoding=\"async\" class=\"aligncenter size-full wp-image-8283\" src=\"http:\/\/lanrel.eu\/wp-content\/uploads\/2025\/10\/SHN24_MEDIUM_ADULT_DRY_4-scaled.png\" alt=\"\" width=\"2560\" height=\"995\" srcset=\"https:\/\/www.lanrel.pl\/wp-content\/uploads\/2025\/10\/SHN24_MEDIUM_ADULT_DRY_4-scaled.png 2560w, https:\/\/www.lanrel.pl\/wp-content\/uploads\/2025\/10\/SHN24_MEDIUM_ADULT_DRY_4-300x117.png 300w, https:\/\/www.lanrel.pl\/wp-content\/uploads\/2025\/10\/SHN24_MEDIUM_ADULT_DRY_4-1024x398.png 1024w, https:\/\/www.lanrel.pl\/wp-content\/uploads\/2025\/10\/SHN24_MEDIUM_ADULT_DRY_4-768x299.png 768w, https:\/\/www.lanrel.pl\/wp-content\/uploads\/2025\/10\/SHN24_MEDIUM_ADULT_DRY_4-1536x597.png 1536w, https:\/\/www.lanrel.pl\/wp-content\/uploads\/2025\/10\/SHN24_MEDIUM_ADULT_DRY_4-2048x796.png 2048w, https:\/\/www.lanrel.pl\/wp-content\/uploads\/2025\/10\/SHN24_MEDIUM_ADULT_DRY_4-18x7.png 18w, https:\/\/www.lanrel.pl\/wp-content\/uploads\/2025\/10\/SHN24_MEDIUM_ADULT_DRY_4-600x233.png 600w\" sizes=\"(max-width: 2560px) 100vw, 2560px\" \/> <img loading=\"lazy\" decoding=\"async\" class=\"aligncenter size-full wp-image-8285\" src=\"http:\/\/lanrel.eu\/wp-content\/uploads\/2025\/10\/SHN24_MEDIUM_ADULT_DRY_6-scaled.png\" alt=\"\" width=\"2560\" height=\"2267\" srcset=\"https:\/\/www.lanrel.pl\/wp-content\/uploads\/2025\/10\/SHN24_MEDIUM_ADULT_DRY_6-scaled.png 2560w, https:\/\/www.lanrel.pl\/wp-content\/uploads\/2025\/10\/SHN24_MEDIUM_ADULT_DRY_6-300x266.png 300w, https:\/\/www.lanrel.pl\/wp-content\/uploads\/2025\/10\/SHN24_MEDIUM_ADULT_DRY_6-1024x907.png 1024w, https:\/\/www.lanrel.pl\/wp-content\/uploads\/2025\/10\/SHN24_MEDIUM_ADULT_DRY_6-768x680.png 768w, https:\/\/www.lanrel.pl\/wp-content\/uploads\/2025\/10\/SHN24_MEDIUM_ADULT_DRY_6-1536x1360.png 1536w, https:\/\/www.lanrel.pl\/wp-content\/uploads\/2025\/10\/SHN24_MEDIUM_ADULT_DRY_6-2048x1813.png 2048w, https:\/\/www.lanrel.pl\/wp-content\/uploads\/2025\/10\/SHN24_MEDIUM_ADULT_DRY_6-14x12.png 14w, https:\/\/www.lanrel.pl\/wp-content\/uploads\/2025\/10\/SHN24_MEDIUM_ADULT_DRY_6-600x531.png 600w\" sizes=\"(max-width: 2560px) 100vw, 2560px\" \/> <img loading=\"lazy\" decoding=\"async\" class=\"aligncenter size-full wp-image-8286\" src=\"http:\/\/lanrel.eu\/wp-content\/uploads\/2025\/10\/SHN24_MEDIUM_ADULT_DRY_7-scaled.png\" alt=\"\" width=\"2560\" height=\"1646\" srcset=\"https:\/\/www.lanrel.pl\/wp-content\/uploads\/2025\/10\/SHN24_MEDIUM_ADULT_DRY_7-scaled.png 2560w, https:\/\/www.lanrel.pl\/wp-content\/uploads\/2025\/10\/SHN24_MEDIUM_ADULT_DRY_7-300x193.png 300w, https:\/\/www.lanrel.pl\/wp-content\/uploads\/2025\/10\/SHN24_MEDIUM_ADULT_DRY_7-1024x658.png 1024w, https:\/\/www.lanrel.pl\/wp-content\/uploads\/2025\/10\/SHN24_MEDIUM_ADULT_DRY_7-768x494.png 768w, https:\/\/www.lanrel.pl\/wp-content\/uploads\/2025\/10\/SHN24_MEDIUM_ADULT_DRY_7-1536x987.png 1536w, https:\/\/www.lanrel.pl\/wp-content\/uploads\/2025\/10\/SHN24_MEDIUM_ADULT_DRY_7-2048x1316.png 2048w, https:\/\/www.lanrel.pl\/wp-content\/uploads\/2025\/10\/SHN24_MEDIUM_ADULT_DRY_7-18x12.png 18w, https:\/\/www.lanrel.pl\/wp-content\/uploads\/2025\/10\/SHN24_MEDIUM_ADULT_DRY_7-600x386.png 600w\" sizes=\"(max-width: 2560px) 100vw, 2560px\" \/> <img loading=\"lazy\" decoding=\"async\" class=\"aligncenter size-full wp-image-8287\" src=\"http:\/\/lanrel.eu\/wp-content\/uploads\/2025\/10\/SHN24_MEDIUM_ADULT_DRY_8-scaled.png\" alt=\"\" width=\"2560\" height=\"2004\" srcset=\"https:\/\/www.lanrel.pl\/wp-content\/uploads\/2025\/10\/SHN24_MEDIUM_ADULT_DRY_8-scaled.png 2560w, https:\/\/www.lanrel.pl\/wp-content\/uploads\/2025\/10\/SHN24_MEDIUM_ADULT_DRY_8-300x235.png 300w, https:\/\/www.lanrel.pl\/wp-content\/uploads\/2025\/10\/SHN24_MEDIUM_ADULT_DRY_8-1024x801.png 1024w, https:\/\/www.lanrel.pl\/wp-content\/uploads\/2025\/10\/SHN24_MEDIUM_ADULT_DRY_8-768x601.png 768w, https:\/\/www.lanrel.pl\/wp-content\/uploads\/2025\/10\/SHN24_MEDIUM_ADULT_DRY_8-1536x1202.png 1536w, https:\/\/www.lanrel.pl\/wp-content\/uploads\/2025\/10\/SHN24_MEDIUM_ADULT_DRY_8-2048x1603.png 2048w, https:\/\/www.lanrel.pl\/wp-content\/uploads\/2025\/10\/SHN24_MEDIUM_ADULT_DRY_8-15x12.png 15w, https:\/\/www.lanrel.pl\/wp-content\/uploads\/2025\/10\/SHN24_MEDIUM_ADULT_DRY_8-600x470.png 600w\" sizes=\"(max-width: 2560px) 100vw, 2560px\" \/><\/p>\n<p><iframe title=\"Royal Canin Medium\" width=\"1170\" height=\"658\" src=\"https:\/\/www.youtube.com\/embed\/AiA-lMBCzFw?feature=oembed\" frameborder=\"0\" allow=\"accelerometer; autoplay; clipboard-write; encrypted-media; gyroscope; picture-in-picture; web-share\" referrerpolicy=\"strict-origin-when-cross-origin\" allowfullscreen><\/iframe><\/p>\n<p>&nbsp;<\/p>\n<h4><strong>SK\u0141AD:<\/strong><\/h4>\n<p>suszone bia\u0142ka drobiowe,\u00a0pszenica,\u00a0m\u0105ka kukurydziana,\u00a0m\u0105ka pszenna,\u00a0kukurydza,\u00a0hydrolizowane bia\u0142ka zwierz\u0119ce,\u00a0t\u0142uszcze zwierz\u0119ce,\u00a0suszone bia\u0142ko wo\u0142owe i wieprzowe,\u00a0j\u0119czmie\u0144,\u00a0gluten kukurydziany,\u00a0wys\u0142odki buraczane,\u00a0minera\u0142y,\u00a0olej sojowy,\u00a0produkty dro\u017cd\u017cy,\u00a0olej z ryb,\u00a0dro\u017cd\u017ce (\u017ar\u00f3d\u0142o mannooligosacharyd\u00f3w),\u00a0olej z alg Schizochytrium sp.<\/p>\n<h4><strong>DODATKI\u00a0<\/strong>(na 1 kg karmy):<\/h4>\n<p>Dodatki dietetyczne:\u00a0Witamina A:\u00a016000\u00a0UI,\u00a0Witamina D3:\u00a01000\u00a0UI,\u00a0Witamina C:\u00a0120\u00a0mg,\u00a0Witamina E:\u00a0500\u00a0mg,\u00a0\u017belazo (3b103):\u00a035\u00a0mg,\u00a0Jod (3b201, 3b202):\u00a03,5\u00a0mg,\u00a0Mied\u017a (3b405, 3b406):\u00a011\u00a0mg,\u00a0Mangan (3b502, 3b504):\u00a046\u00a0mg,\u00a0Cynk (3b603, 3b605, 3b606):\u00a0129\u00a0mg,\u00a0Selen (3b801, 3b811, 3b812):\u00a00,09\u00a0mg\u00a0&#8211;\u00a0Konserwanty\u00a0&#8211;\u00a0Przeciwutleniacze.<\/p>\n<h4><strong>SK\u0141ADNIKI ANALITYCZNE:<\/strong><\/h4>\n<p>Bia\u0142ko surowe:\u00a025,0%\u00a0&#8211;\u00a0W\u0142\u00f3kno surowe:\u00a01,6%\u00a0&#8211;\u00a0Oleje i t\u0142uszcze surowe:\u00a014,0%\u00a0&#8211;\u00a0Popi\u00f3\u0142 surowy:\u00a06,2%.<\/p>\n<h4><strong>SPOS\u00d3B U\u017bYCIA:<\/strong><\/h4>\n<p>patrz tabela.\u00a0Najlepiej wykorzysta\u0107 przed: patrz data wa\u017cno\u015bci. Data wa\u017cno\u015bci, numer partii i numer rejestracyjny zak\u0142adu znajduj\u0105 si\u0119 na opakowaniu.\u00a0Przechowywa\u0107 w suchym i ch\u0142odnym miejscu.<\/p>","protected":false},"excerpt":{"rendered":"<p>Dla doros\u0142ych ps\u00f3w ras \u015brednich (od 11 do 25 kg) &#8211; Powy\u017cej 12. miesi\u0105ca \u017cycia<\/p>\n<p>Marka: Royal Canin<\/p>\n<p>Dla jakiego pupila: Pies<\/p>\n<p><span class=\"ty-product-feature__label\">Wielko\u015b\u0107 pupila: Rasy \u015brednie<\/span><\/p>\n<p>Faza \u017cycia: Doros\u0142y<\/p>","protected":false},"featured_media":8288,"comment_status":"open","ping_status":"closed","template":"","meta":{"om_disable_all_campaigns":false,"inline_featured_image":false},"product_brand":[],"product_cat":[27,95,98],"product_tag":[],"class_list":{"0":"post-8279","1":"product","2":"type-product","3":"status-publish","4":"has-post-thumbnail","6":"product_cat-dog-food","7":"product_cat-royal-canin-dog-food","8":"product_cat-wielkosc-psa","10":"first","11":"outofstock","12":"taxable","13":"shipping-taxable","14":"product-type-variable","15":"has-default-attributes"},"_links":{"self":[{"href":"https:\/\/www.lanrel.pl\/pl\/wp-json\/wp\/v2\/product\/8279","targetHints":{"allow":["GET"]}}],"collection":[{"href":"https:\/\/www.lanrel.pl\/pl\/wp-json\/wp\/v2\/product"}],"about":[{"href":"https:\/\/www.lanrel.pl\/pl\/wp-json\/wp\/v2\/types\/product"}],"replies":[{"embeddable":true,"href":"https:\/\/www.lanrel.pl\/pl\/wp-json\/wp\/v2\/comments?post=8279"}],"wp:featuredmedia":[{"embeddable":true,"href":"https:\/\/www.lanrel.pl\/pl\/wp-json\/wp\/v2\/media\/8288"}],"wp:attachment":[{"href":"https:\/\/www.lanrel.pl\/pl\/wp-json\/wp\/v2\/media?parent=8279"}],"wp:term":[{"taxonomy":"product_brand","embeddable":true,"href":"https:\/\/www.lanrel.pl\/pl\/wp-json\/wp\/v2\/product_brand?post=8279"},{"taxonomy":"product_cat","embeddable":true,"href":"https:\/\/www.lanrel.pl\/pl\/wp-json\/wp\/v2\/product_cat?post=8279"},{"taxonomy":"product_tag","embeddable":true,"href":"https:\/\/www.lanrel.pl\/pl\/wp-json\/wp\/v2\/product_tag?post=8279"}],"curies":[{"name":"wp","href":"https:\/\/api.w.org\/{rel}","templated":true}]}}