{"id":8258,"date":"2025-10-31T20:47:49","date_gmt":"2025-10-31T19:47:49","guid":{"rendered":"https:\/\/lanrel.eu\/?post_type=product&#038;p=8258"},"modified":"2025-10-31T20:47:49","modified_gmt":"2025-10-31T19:47:49","slug":"royal-canin-medium-adult-7-karma-sucha-dla-psow-15-kg","status":"publish","type":"product","link":"https:\/\/www.lanrel.pl\/pl\/produkt\/royal-canin-medium-adult-7-karma-sucha-dla-psow-15-kg\/","title":{"rendered":"ROYAL CANIN\u00ae Medium Adult 7+ karma sucha dla ps\u00f3w 15 kg"},"content":{"rendered":"<p>Dla ps\u00f3w ras \u015brednich powy\u017cej 7 roku \u017cycia zaleca si\u0119 karm\u0119 ROYAL CANIN\u00ae Maxi Adult 7+. To pe\u0142noporcjowa karma, o recepturze prawid\u0142owo zbilansowanej pod wzgl\u0119dem sk\u0142adnik\u00f3w pokarmowych i opracowanej specjalnie z uwzgl\u0119dnieniem szczeg\u00f3lnych potrzeb ps\u00f3w dojrza\u0142ych.<\/p>\n<p>Receptura opracowana dla ps\u00f3w ras \u015brednich o masie cia\u0142a 11-25 kg zawiera kombinacj\u0119 witamin, kt\u00f3re pomagaj\u0105 utrzyma\u0107 witalno\u015b\u0107 i zdrowie psa.<\/p>\n<p>Psy ras \u015brednich wielko\u015bci w ka\u017cdym wieku potrzebuj\u0105 regularnej aktywno\u015bci fizycznej dla utrzymania prawid\u0142owej muskulatury. Receptura karmy wspomaga utrzymanie masy mi\u0119\u015bniowej u ps\u00f3w doros\u0142ych dzi\u0119ki optymalnej zawarto\u015bci wysokiej jako\u015bci bia\u0142ka.<\/p>\n<p>Aktywny tryb \u017cycia nara\u017ca psy ras \u015brednich na dzia\u0142anie czynnik\u00f3w \u015brodowiskowych, co mo\u017ce by\u0107 wyzwaniem dla uk\u0142adu odporno\u015bciowego. Receptura karma zawiera prebiotyki i kombinacj\u0119 witamin, w tym witamin C i E, co pomaga wzmacnia\u0107 naturalne mechanizmy obronne organizmu.<\/p>\n<p>Wielko\u015b\u0107 i kszta\u0142t krokiet\u00f3w zosta\u0142y specjalnie dostosowane do budowy szcz\u0119k oraz zachowa\u0144 pokarmowych ps\u00f3w doros\u0142ych. Specjalnie opracowany krokiet zach\u0119ca psy doros\u0142e do dok\u0142adnego rozgryzania pokarmu.<\/p>\n<p>Karm\u0119 such\u0105 ROYAL CANIN\u00ae Medium Adult 7+ mo\u017cna stosowa\u0107 z odpowiednimi karmami mokrymi Royal Canin, w formie pasztetu lub kawa\u0142k\u00f3w w sosie (karmienie mieszane). Podawanie karmy mokrej i karmy suchej urozmaica posi\u0142ki i zwi\u0119ksza zainteresowanie psa jedzeniem.<\/p>\n<p><img fetchpriority=\"high\" decoding=\"async\" class=\"aligncenter size-full wp-image-8259\" src=\"http:\/\/lanrel.eu\/wp-content\/uploads\/2025\/10\/SHN24_MEDIUM_ADULT7_DRY_1.png\" alt=\"\" width=\"2560\" height=\"2092\" srcset=\"https:\/\/www.lanrel.pl\/wp-content\/uploads\/2025\/10\/SHN24_MEDIUM_ADULT7_DRY_1.png 2560w, https:\/\/www.lanrel.pl\/wp-content\/uploads\/2025\/10\/SHN24_MEDIUM_ADULT7_DRY_1-300x245.png 300w, https:\/\/www.lanrel.pl\/wp-content\/uploads\/2025\/10\/SHN24_MEDIUM_ADULT7_DRY_1-1024x837.png 1024w, https:\/\/www.lanrel.pl\/wp-content\/uploads\/2025\/10\/SHN24_MEDIUM_ADULT7_DRY_1-768x628.png 768w, https:\/\/www.lanrel.pl\/wp-content\/uploads\/2025\/10\/SHN24_MEDIUM_ADULT7_DRY_1-1536x1255.png 1536w, https:\/\/www.lanrel.pl\/wp-content\/uploads\/2025\/10\/SHN24_MEDIUM_ADULT7_DRY_1-2048x1674.png 2048w, https:\/\/www.lanrel.pl\/wp-content\/uploads\/2025\/10\/SHN24_MEDIUM_ADULT7_DRY_1-15x12.png 15w, https:\/\/www.lanrel.pl\/wp-content\/uploads\/2025\/10\/SHN24_MEDIUM_ADULT7_DRY_1-600x490.png 600w\" sizes=\"(max-width: 2560px) 100vw, 2560px\" \/> <img decoding=\"async\" class=\"aligncenter size-full wp-image-8260\" src=\"http:\/\/lanrel.eu\/wp-content\/uploads\/2025\/10\/SHN24_MEDIUM_ADULT7_DRY_2.png\" alt=\"\" width=\"2560\" height=\"1965\" srcset=\"https:\/\/www.lanrel.pl\/wp-content\/uploads\/2025\/10\/SHN24_MEDIUM_ADULT7_DRY_2.png 2560w, https:\/\/www.lanrel.pl\/wp-content\/uploads\/2025\/10\/SHN24_MEDIUM_ADULT7_DRY_2-300x230.png 300w, https:\/\/www.lanrel.pl\/wp-content\/uploads\/2025\/10\/SHN24_MEDIUM_ADULT7_DRY_2-1024x786.png 1024w, https:\/\/www.lanrel.pl\/wp-content\/uploads\/2025\/10\/SHN24_MEDIUM_ADULT7_DRY_2-768x590.png 768w, https:\/\/www.lanrel.pl\/wp-content\/uploads\/2025\/10\/SHN24_MEDIUM_ADULT7_DRY_2-1536x1179.png 1536w, https:\/\/www.lanrel.pl\/wp-content\/uploads\/2025\/10\/SHN24_MEDIUM_ADULT7_DRY_2-2048x1572.png 2048w, https:\/\/www.lanrel.pl\/wp-content\/uploads\/2025\/10\/SHN24_MEDIUM_ADULT7_DRY_2-16x12.png 16w, https:\/\/www.lanrel.pl\/wp-content\/uploads\/2025\/10\/SHN24_MEDIUM_ADULT7_DRY_2-600x461.png 600w\" sizes=\"(max-width: 2560px) 100vw, 2560px\" \/> <img decoding=\"async\" class=\"aligncenter size-full wp-image-8261\" src=\"http:\/\/lanrel.eu\/wp-content\/uploads\/2025\/10\/SHN24_MEDIUM_ADULT7_DRY_3.png\" alt=\"\" width=\"2560\" height=\"924\" srcset=\"https:\/\/www.lanrel.pl\/wp-content\/uploads\/2025\/10\/SHN24_MEDIUM_ADULT7_DRY_3.png 2560w, https:\/\/www.lanrel.pl\/wp-content\/uploads\/2025\/10\/SHN24_MEDIUM_ADULT7_DRY_3-300x108.png 300w, https:\/\/www.lanrel.pl\/wp-content\/uploads\/2025\/10\/SHN24_MEDIUM_ADULT7_DRY_3-1024x370.png 1024w, https:\/\/www.lanrel.pl\/wp-content\/uploads\/2025\/10\/SHN24_MEDIUM_ADULT7_DRY_3-768x277.png 768w, https:\/\/www.lanrel.pl\/wp-content\/uploads\/2025\/10\/SHN24_MEDIUM_ADULT7_DRY_3-1536x554.png 1536w, https:\/\/www.lanrel.pl\/wp-content\/uploads\/2025\/10\/SHN24_MEDIUM_ADULT7_DRY_3-2048x739.png 2048w, https:\/\/www.lanrel.pl\/wp-content\/uploads\/2025\/10\/SHN24_MEDIUM_ADULT7_DRY_3-18x6.png 18w, https:\/\/www.lanrel.pl\/wp-content\/uploads\/2025\/10\/SHN24_MEDIUM_ADULT7_DRY_3-600x217.png 600w\" sizes=\"(max-width: 2560px) 100vw, 2560px\" \/> <img loading=\"lazy\" decoding=\"async\" class=\"aligncenter size-full wp-image-8262\" src=\"http:\/\/lanrel.eu\/wp-content\/uploads\/2025\/10\/SHN24_MEDIUM_ADULT7_DRY_4.png\" alt=\"\" width=\"2560\" height=\"954\" srcset=\"https:\/\/www.lanrel.pl\/wp-content\/uploads\/2025\/10\/SHN24_MEDIUM_ADULT7_DRY_4.png 2560w, https:\/\/www.lanrel.pl\/wp-content\/uploads\/2025\/10\/SHN24_MEDIUM_ADULT7_DRY_4-300x112.png 300w, https:\/\/www.lanrel.pl\/wp-content\/uploads\/2025\/10\/SHN24_MEDIUM_ADULT7_DRY_4-1024x382.png 1024w, https:\/\/www.lanrel.pl\/wp-content\/uploads\/2025\/10\/SHN24_MEDIUM_ADULT7_DRY_4-768x286.png 768w, https:\/\/www.lanrel.pl\/wp-content\/uploads\/2025\/10\/SHN24_MEDIUM_ADULT7_DRY_4-1536x572.png 1536w, https:\/\/www.lanrel.pl\/wp-content\/uploads\/2025\/10\/SHN24_MEDIUM_ADULT7_DRY_4-2048x763.png 2048w, https:\/\/www.lanrel.pl\/wp-content\/uploads\/2025\/10\/SHN24_MEDIUM_ADULT7_DRY_4-18x7.png 18w, https:\/\/www.lanrel.pl\/wp-content\/uploads\/2025\/10\/SHN24_MEDIUM_ADULT7_DRY_4-600x224.png 600w\" sizes=\"(max-width: 2560px) 100vw, 2560px\" \/> <img loading=\"lazy\" decoding=\"async\" class=\"aligncenter size-full wp-image-8264\" src=\"http:\/\/lanrel.eu\/wp-content\/uploads\/2025\/10\/SHN24_MEDIUM_ADULT7_DRY_6.png\" alt=\"\" width=\"2560\" height=\"2268\" srcset=\"https:\/\/www.lanrel.pl\/wp-content\/uploads\/2025\/10\/SHN24_MEDIUM_ADULT7_DRY_6.png 2560w, https:\/\/www.lanrel.pl\/wp-content\/uploads\/2025\/10\/SHN24_MEDIUM_ADULT7_DRY_6-300x266.png 300w, https:\/\/www.lanrel.pl\/wp-content\/uploads\/2025\/10\/SHN24_MEDIUM_ADULT7_DRY_6-1024x907.png 1024w, https:\/\/www.lanrel.pl\/wp-content\/uploads\/2025\/10\/SHN24_MEDIUM_ADULT7_DRY_6-768x680.png 768w, https:\/\/www.lanrel.pl\/wp-content\/uploads\/2025\/10\/SHN24_MEDIUM_ADULT7_DRY_6-1536x1361.png 1536w, https:\/\/www.lanrel.pl\/wp-content\/uploads\/2025\/10\/SHN24_MEDIUM_ADULT7_DRY_6-2048x1814.png 2048w, https:\/\/www.lanrel.pl\/wp-content\/uploads\/2025\/10\/SHN24_MEDIUM_ADULT7_DRY_6-14x12.png 14w, https:\/\/www.lanrel.pl\/wp-content\/uploads\/2025\/10\/SHN24_MEDIUM_ADULT7_DRY_6-600x532.png 600w\" sizes=\"(max-width: 2560px) 100vw, 2560px\" \/> <img loading=\"lazy\" decoding=\"async\" class=\"aligncenter size-full wp-image-8265\" src=\"http:\/\/lanrel.eu\/wp-content\/uploads\/2025\/10\/SHN24_MEDIUM_ADULT7_DRY_7.png\" alt=\"\" width=\"2560\" height=\"1639\" srcset=\"https:\/\/www.lanrel.pl\/wp-content\/uploads\/2025\/10\/SHN24_MEDIUM_ADULT7_DRY_7.png 2560w, https:\/\/www.lanrel.pl\/wp-content\/uploads\/2025\/10\/SHN24_MEDIUM_ADULT7_DRY_7-300x192.png 300w, https:\/\/www.lanrel.pl\/wp-content\/uploads\/2025\/10\/SHN24_MEDIUM_ADULT7_DRY_7-1024x656.png 1024w, https:\/\/www.lanrel.pl\/wp-content\/uploads\/2025\/10\/SHN24_MEDIUM_ADULT7_DRY_7-768x492.png 768w, https:\/\/www.lanrel.pl\/wp-content\/uploads\/2025\/10\/SHN24_MEDIUM_ADULT7_DRY_7-1536x983.png 1536w, https:\/\/www.lanrel.pl\/wp-content\/uploads\/2025\/10\/SHN24_MEDIUM_ADULT7_DRY_7-2048x1311.png 2048w, https:\/\/www.lanrel.pl\/wp-content\/uploads\/2025\/10\/SHN24_MEDIUM_ADULT7_DRY_7-18x12.png 18w, https:\/\/www.lanrel.pl\/wp-content\/uploads\/2025\/10\/SHN24_MEDIUM_ADULT7_DRY_7-600x384.png 600w\" sizes=\"(max-width: 2560px) 100vw, 2560px\" \/> <img loading=\"lazy\" decoding=\"async\" class=\"aligncenter size-full wp-image-8266\" src=\"http:\/\/lanrel.eu\/wp-content\/uploads\/2025\/10\/SHN24_MEDIUM_ADULT7_DRY_8.png\" alt=\"\" width=\"2560\" height=\"2006\" srcset=\"https:\/\/www.lanrel.pl\/wp-content\/uploads\/2025\/10\/SHN24_MEDIUM_ADULT7_DRY_8.png 2560w, https:\/\/www.lanrel.pl\/wp-content\/uploads\/2025\/10\/SHN24_MEDIUM_ADULT7_DRY_8-300x235.png 300w, https:\/\/www.lanrel.pl\/wp-content\/uploads\/2025\/10\/SHN24_MEDIUM_ADULT7_DRY_8-1024x802.png 1024w, https:\/\/www.lanrel.pl\/wp-content\/uploads\/2025\/10\/SHN24_MEDIUM_ADULT7_DRY_8-768x602.png 768w, https:\/\/www.lanrel.pl\/wp-content\/uploads\/2025\/10\/SHN24_MEDIUM_ADULT7_DRY_8-1536x1204.png 1536w, https:\/\/www.lanrel.pl\/wp-content\/uploads\/2025\/10\/SHN24_MEDIUM_ADULT7_DRY_8-2048x1605.png 2048w, https:\/\/www.lanrel.pl\/wp-content\/uploads\/2025\/10\/SHN24_MEDIUM_ADULT7_DRY_8-15x12.png 15w, https:\/\/www.lanrel.pl\/wp-content\/uploads\/2025\/10\/SHN24_MEDIUM_ADULT7_DRY_8-600x470.png 600w\" sizes=\"(max-width: 2560px) 100vw, 2560px\" \/><\/p>\n<p><iframe title=\"Royal Canin Medium\" width=\"1170\" height=\"658\" src=\"https:\/\/www.youtube.com\/embed\/AiA-lMBCzFw?feature=oembed\" frameborder=\"0\" allow=\"accelerometer; autoplay; clipboard-write; encrypted-media; gyroscope; picture-in-picture; web-share\" referrerpolicy=\"strict-origin-when-cross-origin\" allowfullscreen><\/iframe><\/p>\n<h4><strong>SK\u0141AD:<\/strong><\/h4>\n<p>suszone bia\u0142ka drobiowe,\u00a0m\u0105ka pszenna,\u00a0m\u0105ka kukurydziana,\u00a0kukurydza,\u00a0ry\u017c,\u00a0t\u0142uszcze zwierz\u0119ce,\u00a0pszenica,\u00a0gluten pszenny,\u00a0wys\u0142odki buraczane,\u00a0hydrolizowane bia\u0142ka zwierz\u0119ce,\u00a0gluten kukurydziany,\u00a0minera\u0142y,\u00a0olej sojowy,\u00a0produkty dro\u017cd\u017cy,\u00a0olej z ryb,\u00a0\u0142uski i nasiona psyllium,\u00a0fruktooligosacharydy,\u00a0olej z alg Schizochytrium sp.,\u00a0dro\u017cd\u017ce (\u017ar\u00f3d\u0142o mannooligosacharyd\u00f3w).<\/p>\n<h4><strong>DODATKI\u00a0<\/strong>(na 1 kg karmy):<\/h4>\n<p>Dodatki dietetyczne:\u00a0Witamina A:\u00a021900\u00a0UI,\u00a0Witamina D3:\u00a01000\u00a0UI,\u00a0Witamina C:\u00a0200\u00a0mg,\u00a0Witamina E:\u00a0500\u00a0mg,\u00a0\u017belazo (3b103):\u00a037\u00a0mg,\u00a0Jod (3b201, 3b202):\u00a03,7\u00a0mg,\u00a0Mied\u017a (3b405, 3b406):\u00a012\u00a0mg,\u00a0Mangan (3b502, 3b504):\u00a049\u00a0mg,\u00a0Cynk (3b603, 3b605, 3b606):\u00a0132\u00a0mg,\u00a0Selen (3b801, 3b811, 3b812):\u00a00,09\u00a0mg\u00a0&#8211;\u00a0Konserwanty\u00a0&#8211;\u00a0Przeciwutleniacze.<\/p>\n<h4>\u00a0<strong>SK\u0141ADNIKI ANALITYCZNE:<\/strong><\/h4>\n<p>Bia\u0142ko surowe:\u00a025,0%\u00a0&#8211;\u00a0W\u0142\u00f3kno surowe:\u00a01,6%\u00a0&#8211;\u00a0Oleje i t\u0142uszcze surowe:\u00a014,0%\u00a0&#8211;\u00a0Popi\u00f3\u0142 surowy:\u00a05,6%.<\/p>\n<h4><strong>SPOS\u00d3B U\u017bYCIA:<\/strong><\/h4>\n<p>patrz tabela.\u00a0Najlepiej wykorzysta\u0107 przed: patrz data wa\u017cno\u015bci. Data wa\u017cno\u015bci, numer partii i numer rejestracyjny zak\u0142adu znajduj\u0105 si\u0119 na opakowaniu.\u00a0Przechowywa\u0107 w suchym i ch\u0142odnym miejscu.<\/p>","protected":false},"excerpt":{"rendered":"<p>Dla dojrza\u0142ych ps\u00f3w ras \u015brednich (od 11 do 25 kg) &#8211; Powy\u017cej 7. roku \u017cycia<\/p>\n<p>Marka: Royal Canin<\/p>\n<p>Dla jakiego pupila: Pies<\/p>\n<p><span class=\"ty-product-feature__label\">Wielko\u015b\u0107 pupila: Rasy \u015brednie<\/span><\/p>\n<p>Faza \u017cycia:Mature<\/p>","protected":false},"featured_media":8267,"comment_status":"open","ping_status":"closed","template":"","meta":{"om_disable_all_campaigns":false,"inline_featured_image":false},"product_brand":[],"product_cat":[27,95,98],"product_tag":[],"class_list":{"0":"post-8258","1":"product","2":"type-product","3":"status-publish","4":"has-post-thumbnail","6":"product_cat-dog-food","7":"product_cat-royal-canin-dog-food","8":"product_cat-wielkosc-psa","10":"first","11":"outofstock","12":"taxable","13":"shipping-taxable","14":"purchasable","15":"product-type-simple"},"_links":{"self":[{"href":"https:\/\/www.lanrel.pl\/pl\/wp-json\/wp\/v2\/product\/8258","targetHints":{"allow":["GET"]}}],"collection":[{"href":"https:\/\/www.lanrel.pl\/pl\/wp-json\/wp\/v2\/product"}],"about":[{"href":"https:\/\/www.lanrel.pl\/pl\/wp-json\/wp\/v2\/types\/product"}],"replies":[{"embeddable":true,"href":"https:\/\/www.lanrel.pl\/pl\/wp-json\/wp\/v2\/comments?post=8258"}],"wp:featuredmedia":[{"embeddable":true,"href":"https:\/\/www.lanrel.pl\/pl\/wp-json\/wp\/v2\/media\/8267"}],"wp:attachment":[{"href":"https:\/\/www.lanrel.pl\/pl\/wp-json\/wp\/v2\/media?parent=8258"}],"wp:term":[{"taxonomy":"product_brand","embeddable":true,"href":"https:\/\/www.lanrel.pl\/pl\/wp-json\/wp\/v2\/product_brand?post=8258"},{"taxonomy":"product_cat","embeddable":true,"href":"https:\/\/www.lanrel.pl\/pl\/wp-json\/wp\/v2\/product_cat?post=8258"},{"taxonomy":"product_tag","embeddable":true,"href":"https:\/\/www.lanrel.pl\/pl\/wp-json\/wp\/v2\/product_tag?post=8258"}],"curies":[{"name":"wp","href":"https:\/\/api.w.org\/{rel}","templated":true}]}}