{"id":8192,"date":"2025-10-30T21:20:38","date_gmt":"2025-10-30T20:20:38","guid":{"rendered":"https:\/\/lanrel.eu\/?post_type=product&#038;p=8192"},"modified":"2025-10-30T21:20:38","modified_gmt":"2025-10-30T20:20:38","slug":"royal-canin-mini-starter-mother-babydog-karma-sucha-dla-suk-w-ciazy-i-okresie-laktacji-oraz-szczeniat","status":"publish","type":"product","link":"https:\/\/www.lanrel.pl\/pl\/produkt\/royal-canin-mini-starter-mother-babydog-karma-sucha-dla-suk-w-ciazy-i-okresie-laktacji-oraz-szczeniat\/","title":{"rendered":"ROYAL CANIN\u00ae Mini Starter Mother &#038; Babydog karma sucha dla suk w ci\u0105\u017cy i okresie laktacji oraz szczeni\u0105t"},"content":{"rendered":"<p><strong>Zalety produktu<\/strong><\/p>\n<ul>\n<li><strong>Wspomaganie organizmu suki i szczeni\u0105t.<\/strong> Pokrycie wysokich potrzeb energetycznych suk ras ma\u0142ych oraz ich szczeni\u0105t osesk\u00f3w.<\/li>\n<li><strong>Silny uk\u0142ad odporno\u015bciowy.<\/strong> Udowodnione dzia\u0142anie kompleksu sk\u0142adnik\u00f3w, takich jak witaminy E i C, sprzyjaj\u0105cych zdrowemu rozwojowi uk\u0142adu odporno\u015bciowego<\/li>\n<li><strong>Wspieranie mikrobiomu.<\/strong> Prebiotyki i wysokostrawne bia\u0142ka sprzyjaj\u0105 zdrowej r\u00f3wnowadze flory jelitowej<\/li>\n<li><strong>Rozw\u00f3j m\u00f3zgu.<\/strong> Kwasy t\u0142uszczowe omega 3 wspomagaj\u0105 rozw\u00f3j m\u00f3zgu oraz proces uczenia.<\/li>\n<\/ul>\n<p>Najm\u0142odsze szczeni\u0119ta maj\u0105 specyficzne wymagania pokarmowe, konieczne mi\u0119dzy innymi do rozwoju narz\u0105d\u00f3w zmys\u0142\u00f3w i uk\u0142adu nerwowego. Ponadto dla suki karmienie osesk\u00f3w jest bardzo obci\u0105\u017caj\u0105ce dla organizmu i wp\u0142ywa na metabolizm. W okresie odsadzania, kiedy szczeni\u0119ta zaczynaj\u0105 je\u015b\u0107 pokarm sta\u0142y, zar\u00f3wno suka, jak i m\u0142ode potrzebuj\u0105 odpowiednio dobranej diety, kt\u00f3ra pokryje ich wyj\u0105tkowe potrzeby \u017cywieniowe.<\/p>\n<p>Karma sucha ROYAL CANIN\u00ae Mini Starter Mother &amp; Babydog zosta\u0142a specjalnie opracowana, aby pokrywa\u0107 w pe\u0142ni potrzeby pokarmowe ci\u0119\u017carnych i karmi\u0105cych suk oraz szczeni\u0105t w okresie odsadzania, do 2 miesi\u0105ca \u017cycia.<\/p>\n<p>Karma jest przeznaczona dla doros\u0142ych suk ras ma\u0142ych, o masie cia\u0142a do 10 kg oraz dla szczeni\u0105t w okresie odsadzania, do 2 miesi\u0105ca \u017cycia.<\/p>\n<p>Receptura karmy zosta\u0142a opracowana w celu pokrycia wysokich potrzeb energetycznych suk ras ma\u0142ych w drugim etapie ci\u0105\u017cy i podczas laktacji. Karma wspomaga r\u00f3wnie\u017c prawid\u0142owy rozw\u00f3j szczeni\u0105t w okresie odsadzania.<\/p>\n<p>Receptura zawiera kompleks o potwierdzonej skuteczno\u015bci, obejmuj\u0105cy witaminy C i E, wspieraj\u0105cy zdrowy rozw\u00f3j uk\u0142adu odporno\u015bciowego<\/p>\n<p>Dzi\u0119ki kombinacji korzystnie dzia\u0142aj\u0105cych prebiotyk\u00f3w (takich jak MOS) oraz wysokostrawnych bia\u0142ek karma ROYAL CANIN\u00ae Mini Starter Mother &amp; Babydog wspomaga zdrow\u0105 r\u00f3wnowag\u0119 mikrobioty jelitowej, co wp\u0142ywa r\u00f3wnie\u017c na prawid\u0142owe trawienie.<\/p>\n<p>Karma zosta\u0142a wzbogacona w kwasy t\u0142uszczowe omega 3 (w tym DHA), kt\u00f3re maj\u0105 korzystny, udowodniony naukowo, wp\u0142yw na wspomaganie zdrowego rozwoju m\u00f3zgu u szczeni\u0105t.<\/p>\n<p>Krokiety ROYAL CANIN\u00ae Mini Starter Mother &amp; Babydog mo\u017cna w \u0142atwy spos\u00f3b namoczy\u0107 do konsystencji papki, idealnej dla szczeni\u0105t w okresie odsadzania.<\/p>\n<p>Czy wiesz, \u017ce potrzeby \u017cywieniowe szczeni\u0105t zmieniaj\u0105 si\u0119 w okresie wzrostu? Po uko\u0144czeniu pierwszych 8 tygodni \u017cycia potrzebuj\u0105 diety, kt\u00f3ra jest odpowiednio dostosowana do ich potrzeb pokarmowych w kolejnym etapie wzrostu. W tym czasie nale\u017cy przej\u015b\u0107 na karm\u0119 ROYAL CANIN\u00ae Mini Puppy, kt\u00f3ra jest dost\u0119pna w formie karmy suchej lub mokrej (kawa\u0142ki w sosie).<\/p>\n<p>W firmie Royal Canin jeste\u015bmy silnie zaanga\u017cowani w tworzenie lepszego \u015bwiata dla kot\u00f3w i ps\u00f3w. Od ponad 50 lat \u015bci\u015ble wsp\u00f3\u0142pracujemy z hodowcami, lekarzami weterynarii i ekspertami zajmuj\u0105cymi si\u0119 zwierz\u0119tami towarzysz\u0105cymi. Dzielimy si\u0119 specjalistyczn\u0105 wiedz\u0105 i wynikami bada\u0144 naukowych, by tworzy\u0107 precyzyjne, zindywidualizowane rozwi\u0105zania \u017cywieniowe.<\/p>\n<p>Wszystkie nasze produkty poddawane s\u0105 procesowi surowej kontroli, aby zagwarantowa\u0107 najwy\u017csz\u0105 jako\u015b\u0107 karmy. Stosujemy sk\u0142adniki pokarmowe ze zr\u00f3wnowa\u017conych \u017ar\u00f3de\u0142, a nasze produkty s\u0105 naturalnie konserwowane, bez dodatku sztucznych konserwant\u00f3w, barwnik\u00f3w i aromat\u00f3w. Podaj\u0105c suce i szczeni\u0119tom ras ma\u0142ych karm\u0119 ROYAL CANIN\u00ae Mini Starter Mother &amp; Babydog zapewniasz im kompletn\u0105 i zbilansowan\u0105 diet\u0119.<\/p>\n<p><strong><img fetchpriority=\"high\" decoding=\"async\" class=\"aligncenter size-full wp-image-8194\" src=\"http:\/\/lanrel.eu\/wp-content\/uploads\/2025\/10\/SOL-MINI-STARTER-DRY-1.png\" alt=\"\" width=\"2560\" height=\"1372\" srcset=\"https:\/\/www.lanrel.pl\/wp-content\/uploads\/2025\/10\/SOL-MINI-STARTER-DRY-1.png 2560w, https:\/\/www.lanrel.pl\/wp-content\/uploads\/2025\/10\/SOL-MINI-STARTER-DRY-1-300x161.png 300w, https:\/\/www.lanrel.pl\/wp-content\/uploads\/2025\/10\/SOL-MINI-STARTER-DRY-1-1024x549.png 1024w, https:\/\/www.lanrel.pl\/wp-content\/uploads\/2025\/10\/SOL-MINI-STARTER-DRY-1-768x412.png 768w, https:\/\/www.lanrel.pl\/wp-content\/uploads\/2025\/10\/SOL-MINI-STARTER-DRY-1-1536x823.png 1536w, https:\/\/www.lanrel.pl\/wp-content\/uploads\/2025\/10\/SOL-MINI-STARTER-DRY-1-2048x1098.png 2048w, https:\/\/www.lanrel.pl\/wp-content\/uploads\/2025\/10\/SOL-MINI-STARTER-DRY-1-18x10.png 18w, https:\/\/www.lanrel.pl\/wp-content\/uploads\/2025\/10\/SOL-MINI-STARTER-DRY-1-600x322.png 600w\" sizes=\"(max-width: 2560px) 100vw, 2560px\" \/> <img decoding=\"async\" class=\"aligncenter size-full wp-image-8195\" src=\"http:\/\/lanrel.eu\/wp-content\/uploads\/2025\/10\/SOL-MINI-STARTER-DRY-2.png\" alt=\"\" width=\"2560\" height=\"1254\" srcset=\"https:\/\/www.lanrel.pl\/wp-content\/uploads\/2025\/10\/SOL-MINI-STARTER-DRY-2.png 2560w, https:\/\/www.lanrel.pl\/wp-content\/uploads\/2025\/10\/SOL-MINI-STARTER-DRY-2-300x147.png 300w, https:\/\/www.lanrel.pl\/wp-content\/uploads\/2025\/10\/SOL-MINI-STARTER-DRY-2-1024x502.png 1024w, https:\/\/www.lanrel.pl\/wp-content\/uploads\/2025\/10\/SOL-MINI-STARTER-DRY-2-768x376.png 768w, https:\/\/www.lanrel.pl\/wp-content\/uploads\/2025\/10\/SOL-MINI-STARTER-DRY-2-1536x752.png 1536w, https:\/\/www.lanrel.pl\/wp-content\/uploads\/2025\/10\/SOL-MINI-STARTER-DRY-2-2048x1003.png 2048w, https:\/\/www.lanrel.pl\/wp-content\/uploads\/2025\/10\/SOL-MINI-STARTER-DRY-2-18x9.png 18w, https:\/\/www.lanrel.pl\/wp-content\/uploads\/2025\/10\/SOL-MINI-STARTER-DRY-2-600x294.png 600w\" sizes=\"(max-width: 2560px) 100vw, 2560px\" \/> <img decoding=\"async\" class=\"aligncenter size-full wp-image-8196\" src=\"http:\/\/lanrel.eu\/wp-content\/uploads\/2025\/10\/SOL-MINI-STARTER-DRY-3.png\" alt=\"\" width=\"2560\" height=\"1480\" srcset=\"https:\/\/www.lanrel.pl\/wp-content\/uploads\/2025\/10\/SOL-MINI-STARTER-DRY-3.png 2560w, https:\/\/www.lanrel.pl\/wp-content\/uploads\/2025\/10\/SOL-MINI-STARTER-DRY-3-300x173.png 300w, https:\/\/www.lanrel.pl\/wp-content\/uploads\/2025\/10\/SOL-MINI-STARTER-DRY-3-1024x592.png 1024w, https:\/\/www.lanrel.pl\/wp-content\/uploads\/2025\/10\/SOL-MINI-STARTER-DRY-3-768x444.png 768w, https:\/\/www.lanrel.pl\/wp-content\/uploads\/2025\/10\/SOL-MINI-STARTER-DRY-3-1536x888.png 1536w, https:\/\/www.lanrel.pl\/wp-content\/uploads\/2025\/10\/SOL-MINI-STARTER-DRY-3-2048x1184.png 2048w, https:\/\/www.lanrel.pl\/wp-content\/uploads\/2025\/10\/SOL-MINI-STARTER-DRY-3-18x10.png 18w, https:\/\/www.lanrel.pl\/wp-content\/uploads\/2025\/10\/SOL-MINI-STARTER-DRY-3-600x347.png 600w\" sizes=\"(max-width: 2560px) 100vw, 2560px\" \/> <img loading=\"lazy\" decoding=\"async\" class=\"aligncenter size-full wp-image-8197\" src=\"http:\/\/lanrel.eu\/wp-content\/uploads\/2025\/10\/SOL-MINI-STARTER-DRY-4.png\" alt=\"\" width=\"2560\" height=\"1180\" srcset=\"https:\/\/www.lanrel.pl\/wp-content\/uploads\/2025\/10\/SOL-MINI-STARTER-DRY-4.png 2560w, https:\/\/www.lanrel.pl\/wp-content\/uploads\/2025\/10\/SOL-MINI-STARTER-DRY-4-300x138.png 300w, https:\/\/www.lanrel.pl\/wp-content\/uploads\/2025\/10\/SOL-MINI-STARTER-DRY-4-1024x472.png 1024w, https:\/\/www.lanrel.pl\/wp-content\/uploads\/2025\/10\/SOL-MINI-STARTER-DRY-4-768x354.png 768w, https:\/\/www.lanrel.pl\/wp-content\/uploads\/2025\/10\/SOL-MINI-STARTER-DRY-4-1536x708.png 1536w, https:\/\/www.lanrel.pl\/wp-content\/uploads\/2025\/10\/SOL-MINI-STARTER-DRY-4-2048x944.png 2048w, https:\/\/www.lanrel.pl\/wp-content\/uploads\/2025\/10\/SOL-MINI-STARTER-DRY-4-18x8.png 18w, https:\/\/www.lanrel.pl\/wp-content\/uploads\/2025\/10\/SOL-MINI-STARTER-DRY-4-600x277.png 600w\" sizes=\"(max-width: 2560px) 100vw, 2560px\" \/> <img loading=\"lazy\" decoding=\"async\" class=\"aligncenter size-full wp-image-8198\" src=\"http:\/\/lanrel.eu\/wp-content\/uploads\/2025\/10\/SOL-MINI-STARTER-DRY-5.png\" alt=\"\" width=\"2560\" height=\"1498\" srcset=\"https:\/\/www.lanrel.pl\/wp-content\/uploads\/2025\/10\/SOL-MINI-STARTER-DRY-5.png 2560w, https:\/\/www.lanrel.pl\/wp-content\/uploads\/2025\/10\/SOL-MINI-STARTER-DRY-5-300x176.png 300w, https:\/\/www.lanrel.pl\/wp-content\/uploads\/2025\/10\/SOL-MINI-STARTER-DRY-5-1024x599.png 1024w, https:\/\/www.lanrel.pl\/wp-content\/uploads\/2025\/10\/SOL-MINI-STARTER-DRY-5-768x449.png 768w, https:\/\/www.lanrel.pl\/wp-content\/uploads\/2025\/10\/SOL-MINI-STARTER-DRY-5-1536x899.png 1536w, https:\/\/www.lanrel.pl\/wp-content\/uploads\/2025\/10\/SOL-MINI-STARTER-DRY-5-2048x1198.png 2048w, https:\/\/www.lanrel.pl\/wp-content\/uploads\/2025\/10\/SOL-MINI-STARTER-DRY-5-18x12.png 18w, https:\/\/www.lanrel.pl\/wp-content\/uploads\/2025\/10\/SOL-MINI-STARTER-DRY-5-600x351.png 600w\" sizes=\"(max-width: 2560px) 100vw, 2560px\" \/> <img loading=\"lazy\" decoding=\"async\" class=\"aligncenter size-full wp-image-8200\" src=\"http:\/\/lanrel.eu\/wp-content\/uploads\/2025\/10\/SOL-MINI-STARTER-DRY-7.png\" alt=\"\" width=\"2560\" height=\"1174\" srcset=\"https:\/\/www.lanrel.pl\/wp-content\/uploads\/2025\/10\/SOL-MINI-STARTER-DRY-7.png 2560w, https:\/\/www.lanrel.pl\/wp-content\/uploads\/2025\/10\/SOL-MINI-STARTER-DRY-7-300x138.png 300w, https:\/\/www.lanrel.pl\/wp-content\/uploads\/2025\/10\/SOL-MINI-STARTER-DRY-7-1024x470.png 1024w, https:\/\/www.lanrel.pl\/wp-content\/uploads\/2025\/10\/SOL-MINI-STARTER-DRY-7-768x352.png 768w, https:\/\/www.lanrel.pl\/wp-content\/uploads\/2025\/10\/SOL-MINI-STARTER-DRY-7-1536x704.png 1536w, https:\/\/www.lanrel.pl\/wp-content\/uploads\/2025\/10\/SOL-MINI-STARTER-DRY-7-2048x939.png 2048w, https:\/\/www.lanrel.pl\/wp-content\/uploads\/2025\/10\/SOL-MINI-STARTER-DRY-7-18x8.png 18w, https:\/\/www.lanrel.pl\/wp-content\/uploads\/2025\/10\/SOL-MINI-STARTER-DRY-7-600x275.png 600w\" sizes=\"(max-width: 2560px) 100vw, 2560px\" \/><\/strong><\/p>\n<p><iframe title=\"Royal Canin Karma Starter Mother and Babydog dla szczeni\u0105t\" width=\"1170\" height=\"658\" src=\"https:\/\/www.youtube.com\/embed\/f-iqRhmcx14?feature=oembed\" frameborder=\"0\" allow=\"accelerometer; autoplay; clipboard-write; encrypted-media; gyroscope; picture-in-picture; web-share\" referrerpolicy=\"strict-origin-when-cross-origin\" allowfullscreen><\/iframe><\/p>\n<p><strong>SK\u0141AD:<\/strong><\/p>\n<p>Suszone bia\u0142ko drobiowe,\u00a0ry\u017c,\u00a0t\u0142uszcze zwierz\u0119ce,\u00a0gluten pszenny*,\u00a0kukurydza,\u00a0wys\u0142odki buraczane,\u00a0hydrolizowane bia\u0142ka zwierz\u0119ce,\u00a0minera\u0142y,\u00a0olej sojowy,\u00a0olej rybny,\u00a0fruktooligosacharydy,\u00a0hydrolizowane dro\u017cd\u017ce (\u017ar\u00f3d\u0142o mannooligosacharyd\u00f3w i beta-glukan\u00f3w) (0,30%),\u00a0olej z alg Schizochytrium sp. (\u017ar\u00f3d\u0142o kwas\u00f3w DHA),\u00a0s\u00f3l kwasu mas\u0142owego,\u00a0m\u0105czka z aksamitki.<br \/>\n*L.I.P.: bia\u0142ko wyselekcjonowane ze wzgl\u0119du na bardzo wysok\u0105 strawno\u015b\u0107.<\/p>\n<h4>Dodatki dietetyczne:<\/h4>\n<p>Witamina A: 18500 UI, Witamina D3: 1200 UI, \u017belazo (3b103): 40 mg, Jod (3b201, 3b202): 4 mg, Mied\u017a (3b405, 3b406): 12 mg, Mangan (3b502, 3b504): 52 mg, Cynk (3b603, 3b605, 3b606): 131 mg, Selen (3b801, 3b811, 3b812): 0,07 mg &#8211; Dodatki technologiczne: Klinoptylolit pochodzenia osadowego: 10 g &#8211; Konserwanty &#8211; Przeciwutleniacze.<\/p>\n<h4>SK\u0141ADNIKI ANALITYCZNE:<\/h4>\n<p>Witamina E:\u00a0500\u00a0mg\/kg\u00a0&#8211;\u00a0Witamina C:\u00a0400\u00a0mg\/kg.\u00a0Energia metaboliczna:\u00a04209\u00a0kcal\/kg.<\/p>\n<p>BIA\u0141KO SUROWE\u00a030,0%<br \/>\nOLEJE I T\u0141USZCZE SUROWE\u00a022,0%<br \/>\nPOPI\u00d3\u0141 SUROWY\u00a08,5%<br \/>\nW\u0141\u00d3KNO SUROWE\u00a01,3%<br \/>\nKWASY T\u0141USZCZOWE OMEGA-3 (DHA)\u00a00,20%<\/p>\n<p>&nbsp;<\/p>\n<p>&nbsp;<\/p>\n<p>&nbsp;<\/p>","protected":false},"excerpt":{"rendered":"<p>Karma sucha dla suk w ci\u0105\u017cy i laktacji oraz szczeni\u0119ta do 2. miesi\u0105ca \u017cycia &#8211; ma\u0142e rasy ps\u00f3w.<\/p>\n<p>Marka: Royal Canin<\/p>\n<p>Dla jakiego pupila: Pies<\/p>\n<p><span class=\"ty-product-feature__label\">Wielko\u015b\u0107 pupila: Rasy ma\u0142e<\/span><\/p>\n<p>Faza \u017cycia: Junior<\/p>\n<p>Specjalne wymagania: Ci\u0105\u017ca, laktacja, oseski<\/p>","protected":false},"featured_media":8211,"comment_status":"open","ping_status":"closed","template":"","meta":{"om_disable_all_campaigns":false,"inline_featured_image":false},"product_brand":[],"product_cat":[27,95,98],"product_tag":[],"class_list":{"0":"post-8192","1":"product","2":"type-product","3":"status-publish","4":"has-post-thumbnail","6":"product_cat-dog-food","7":"product_cat-royal-canin-dog-food","8":"product_cat-wielkosc-psa","10":"first","11":"outofstock","12":"taxable","13":"shipping-taxable","14":"product-type-variable","15":"has-default-attributes"},"_links":{"self":[{"href":"https:\/\/www.lanrel.pl\/pl\/wp-json\/wp\/v2\/product\/8192","targetHints":{"allow":["GET"]}}],"collection":[{"href":"https:\/\/www.lanrel.pl\/pl\/wp-json\/wp\/v2\/product"}],"about":[{"href":"https:\/\/www.lanrel.pl\/pl\/wp-json\/wp\/v2\/types\/product"}],"replies":[{"embeddable":true,"href":"https:\/\/www.lanrel.pl\/pl\/wp-json\/wp\/v2\/comments?post=8192"}],"wp:featuredmedia":[{"embeddable":true,"href":"https:\/\/www.lanrel.pl\/pl\/wp-json\/wp\/v2\/media\/8211"}],"wp:attachment":[{"href":"https:\/\/www.lanrel.pl\/pl\/wp-json\/wp\/v2\/media?parent=8192"}],"wp:term":[{"taxonomy":"product_brand","embeddable":true,"href":"https:\/\/www.lanrel.pl\/pl\/wp-json\/wp\/v2\/product_brand?post=8192"},{"taxonomy":"product_cat","embeddable":true,"href":"https:\/\/www.lanrel.pl\/pl\/wp-json\/wp\/v2\/product_cat?post=8192"},{"taxonomy":"product_tag","embeddable":true,"href":"https:\/\/www.lanrel.pl\/pl\/wp-json\/wp\/v2\/product_tag?post=8192"}],"curies":[{"name":"wp","href":"https:\/\/api.w.org\/{rel}","templated":true}]}}