{"id":8168,"date":"2025-10-30T21:01:56","date_gmt":"2025-10-30T20:01:56","guid":{"rendered":"https:\/\/lanrel.eu\/?post_type=product&#038;p=8168"},"modified":"2025-10-30T21:03:16","modified_gmt":"2025-10-30T20:03:16","slug":"royal-canin-mini-puppy-karma-sucha-dla-szczeniat","status":"publish","type":"product","link":"https:\/\/www.lanrel.pl\/pl\/produkt\/royal-canin-mini-puppy-karma-sucha-dla-szczeniat\/","title":{"rendered":"ROYAL CANIN\u00ae Mini Puppy karma sucha dla szczeni\u0105t"},"content":{"rendered":"<p><strong>Zalety produktu:<\/strong><\/p>\n<ul>\n<li><strong>Rozw\u00f3j m\u00f3zgu.<\/strong> Kwasy t\u0142uszczowe omega 3 wspomagaj\u0105 rozw\u00f3j m\u00f3zgu oraz proces uczenia<\/li>\n<li><strong>Optymalny poziom energii.<\/strong> Pokrycie wysokich potrzeb energetycznych szczeni\u0105t ras ma\u0142ych<\/li>\n<li><strong>Silny uk\u0142ad odporno\u015bciowy.<\/strong> Udowodnione dzia\u0142anie kompleksu sk\u0142adnik\u00f3w, takich jak witaminy E i C, wspieraj\u0105cych zdrowy rozw\u00f3j uk\u0142adu odporno\u015bciowego<\/li>\n<li><strong>Wspieranie mikrobiomu<\/strong>. Prebiotyki i wysokostrawne bia\u0142ka sprzyjaj\u0105 zdrowej r\u00f3wnowadze flory jelitowej<\/li>\n<\/ul>\n<p>Karma sucha ROYAL CANIN\u00ae Mini Puppy zosta\u0142a specjalnie opracowana, aby pokrywa\u0107 w pe\u0142ni potrzeby pokarmowe szczeni\u0105t ras ma\u0142ych. Karma jest przeznaczona dla szczeni\u0105t w wieku od 2 do 10 miesi\u0119cy, kt\u00f3rych masa cia\u0142a po zako\u0144czeniu wzrostu nie przekroczy 10 kg.<\/p>\n<p>Karma zosta\u0142a wzbogacona w kwasy t\u0142uszczowe omega 3 (w tym DHA), kt\u00f3re maj\u0105 korzystny, udowodniony naukowo, wp\u0142yw na wspomaganie zdrowego rozwoju m\u00f3zgu u szczeni\u0105t.<\/p>\n<p>Optymalna zawarto\u015b\u0107 energii pokrywa szczeg\u00f3lnie wysokie zapotrzebowanie energetyczne szybko rosn\u0105cych szczeni\u0105t ras ma\u0142ych.<\/p>\n<p>Receptura zawiera kompleks o potwierdzonej skuteczno\u015bci, obejmuj\u0105cy witaminy C i E, wspomagaj\u0105cy naturalne mechanizmy obronne szczeni\u0105t w czasie, gdy ich uk\u0142ad odporno\u015bciowy wci\u0105\u017c si\u0119 rozwija.<\/p>\n<p>Dzi\u0119ki kombinacji korzystnie dzia\u0142aj\u0105cych prebiotyk\u00f3w (takich jak FOS, MOS i pulpa buraczana) oraz wysokostrawnych bia\u0142ek karma ROYAL CANIN\u00ae Mini Puppy wspomaga zdrow\u0105 r\u00f3wnowag\u0119 mikrobioty jelitowej, co wp\u0142ywa r\u00f3wnie\u017c na prawid\u0142owe trawienie.<\/p>\n<p>Krokiety ROYAL CANIN\u00ae Mini Puppy zosta\u0142y specjalnie dostosowane do niewielkich szcz\u0119k szczeni\u0105t, co u\u0142atwia im chwytanie i rozgryzanie karmy. Mechaniczny efekt czyszczenia z\u0119b\u00f3w podczas rozgryzania krokiet\u00f3w wspomaga higien\u0119 jamy ustnej.<\/p>\n<p>Po uko\u0144czeniu 10 miesi\u0105ca \u017cycia potrzebuj\u0105 diety, kt\u00f3ra jest odpowiednio dostosowana do ich potrzeb pokarmowych doros\u0142ego psa. W tym czasie nale\u017cy przej\u015b\u0107 na karm\u0119 dla ps\u00f3w doros\u0142ych ras ma\u0142ych, tak\u0105 jak ROYAL CANIN\u00ae Mini Adult, kt\u00f3ra jest dost\u0119pna w formie karmy suchej lub mokrej (kawa\u0142ki w sosie).<\/p>\n<p><img fetchpriority=\"high\" decoding=\"async\" class=\"aligncenter size-full wp-image-8169\" src=\"http:\/\/lanrel.eu\/wp-content\/uploads\/2025\/10\/SOL-MINI-PUPPY-DRY-1.png\" alt=\"\" width=\"2560\" height=\"1351\" srcset=\"https:\/\/www.lanrel.pl\/wp-content\/uploads\/2025\/10\/SOL-MINI-PUPPY-DRY-1.png 2560w, https:\/\/www.lanrel.pl\/wp-content\/uploads\/2025\/10\/SOL-MINI-PUPPY-DRY-1-300x158.png 300w, https:\/\/www.lanrel.pl\/wp-content\/uploads\/2025\/10\/SOL-MINI-PUPPY-DRY-1-1024x540.png 1024w, https:\/\/www.lanrel.pl\/wp-content\/uploads\/2025\/10\/SOL-MINI-PUPPY-DRY-1-768x405.png 768w, https:\/\/www.lanrel.pl\/wp-content\/uploads\/2025\/10\/SOL-MINI-PUPPY-DRY-1-1536x811.png 1536w, https:\/\/www.lanrel.pl\/wp-content\/uploads\/2025\/10\/SOL-MINI-PUPPY-DRY-1-2048x1081.png 2048w, https:\/\/www.lanrel.pl\/wp-content\/uploads\/2025\/10\/SOL-MINI-PUPPY-DRY-1-18x9.png 18w, https:\/\/www.lanrel.pl\/wp-content\/uploads\/2025\/10\/SOL-MINI-PUPPY-DRY-1-600x317.png 600w\" sizes=\"(max-width: 2560px) 100vw, 2560px\" \/> <img decoding=\"async\" class=\"aligncenter size-full wp-image-8170\" src=\"http:\/\/lanrel.eu\/wp-content\/uploads\/2025\/10\/SOL-MINI-PUPPY-DRY-2.png\" alt=\"\" width=\"2552\" height=\"1245\" srcset=\"https:\/\/www.lanrel.pl\/wp-content\/uploads\/2025\/10\/SOL-MINI-PUPPY-DRY-2.png 2552w, https:\/\/www.lanrel.pl\/wp-content\/uploads\/2025\/10\/SOL-MINI-PUPPY-DRY-2-300x146.png 300w, https:\/\/www.lanrel.pl\/wp-content\/uploads\/2025\/10\/SOL-MINI-PUPPY-DRY-2-1024x500.png 1024w, https:\/\/www.lanrel.pl\/wp-content\/uploads\/2025\/10\/SOL-MINI-PUPPY-DRY-2-768x375.png 768w, https:\/\/www.lanrel.pl\/wp-content\/uploads\/2025\/10\/SOL-MINI-PUPPY-DRY-2-1536x749.png 1536w, https:\/\/www.lanrel.pl\/wp-content\/uploads\/2025\/10\/SOL-MINI-PUPPY-DRY-2-2048x999.png 2048w, https:\/\/www.lanrel.pl\/wp-content\/uploads\/2025\/10\/SOL-MINI-PUPPY-DRY-2-18x9.png 18w, https:\/\/www.lanrel.pl\/wp-content\/uploads\/2025\/10\/SOL-MINI-PUPPY-DRY-2-600x293.png 600w\" sizes=\"(max-width: 2552px) 100vw, 2552px\" \/> <img decoding=\"async\" class=\"aligncenter size-full wp-image-8171\" src=\"http:\/\/lanrel.eu\/wp-content\/uploads\/2025\/10\/SOL-MINI-PUPPY-DRY-3.png\" alt=\"\" width=\"2560\" height=\"1642\" srcset=\"https:\/\/www.lanrel.pl\/wp-content\/uploads\/2025\/10\/SOL-MINI-PUPPY-DRY-3.png 2560w, https:\/\/www.lanrel.pl\/wp-content\/uploads\/2025\/10\/SOL-MINI-PUPPY-DRY-3-300x192.png 300w, https:\/\/www.lanrel.pl\/wp-content\/uploads\/2025\/10\/SOL-MINI-PUPPY-DRY-3-1024x657.png 1024w, https:\/\/www.lanrel.pl\/wp-content\/uploads\/2025\/10\/SOL-MINI-PUPPY-DRY-3-768x493.png 768w, https:\/\/www.lanrel.pl\/wp-content\/uploads\/2025\/10\/SOL-MINI-PUPPY-DRY-3-1536x985.png 1536w, https:\/\/www.lanrel.pl\/wp-content\/uploads\/2025\/10\/SOL-MINI-PUPPY-DRY-3-2048x1314.png 2048w, https:\/\/www.lanrel.pl\/wp-content\/uploads\/2025\/10\/SOL-MINI-PUPPY-DRY-3-18x12.png 18w, https:\/\/www.lanrel.pl\/wp-content\/uploads\/2025\/10\/SOL-MINI-PUPPY-DRY-3-600x385.png 600w\" sizes=\"(max-width: 2560px) 100vw, 2560px\" \/> <img loading=\"lazy\" decoding=\"async\" class=\"aligncenter size-full wp-image-8172\" src=\"http:\/\/lanrel.eu\/wp-content\/uploads\/2025\/10\/SOL-MINI-PUPPY-DRY-4.png\" alt=\"\" width=\"2560\" height=\"1350\" srcset=\"https:\/\/www.lanrel.pl\/wp-content\/uploads\/2025\/10\/SOL-MINI-PUPPY-DRY-4.png 2560w, https:\/\/www.lanrel.pl\/wp-content\/uploads\/2025\/10\/SOL-MINI-PUPPY-DRY-4-300x158.png 300w, https:\/\/www.lanrel.pl\/wp-content\/uploads\/2025\/10\/SOL-MINI-PUPPY-DRY-4-1024x540.png 1024w, https:\/\/www.lanrel.pl\/wp-content\/uploads\/2025\/10\/SOL-MINI-PUPPY-DRY-4-768x405.png 768w, https:\/\/www.lanrel.pl\/wp-content\/uploads\/2025\/10\/SOL-MINI-PUPPY-DRY-4-1536x810.png 1536w, https:\/\/www.lanrel.pl\/wp-content\/uploads\/2025\/10\/SOL-MINI-PUPPY-DRY-4-2048x1080.png 2048w, https:\/\/www.lanrel.pl\/wp-content\/uploads\/2025\/10\/SOL-MINI-PUPPY-DRY-4-18x9.png 18w, https:\/\/www.lanrel.pl\/wp-content\/uploads\/2025\/10\/SOL-MINI-PUPPY-DRY-4-600x316.png 600w\" sizes=\"(max-width: 2560px) 100vw, 2560px\" \/> <img loading=\"lazy\" decoding=\"async\" class=\"aligncenter size-full wp-image-8173\" src=\"http:\/\/lanrel.eu\/wp-content\/uploads\/2025\/10\/SOL-MINI-PUPPY-DRY-5.png\" alt=\"\" width=\"2560\" height=\"1499\" srcset=\"https:\/\/www.lanrel.pl\/wp-content\/uploads\/2025\/10\/SOL-MINI-PUPPY-DRY-5.png 2560w, https:\/\/www.lanrel.pl\/wp-content\/uploads\/2025\/10\/SOL-MINI-PUPPY-DRY-5-300x176.png 300w, https:\/\/www.lanrel.pl\/wp-content\/uploads\/2025\/10\/SOL-MINI-PUPPY-DRY-5-1024x600.png 1024w, https:\/\/www.lanrel.pl\/wp-content\/uploads\/2025\/10\/SOL-MINI-PUPPY-DRY-5-768x450.png 768w, https:\/\/www.lanrel.pl\/wp-content\/uploads\/2025\/10\/SOL-MINI-PUPPY-DRY-5-1536x899.png 1536w, https:\/\/www.lanrel.pl\/wp-content\/uploads\/2025\/10\/SOL-MINI-PUPPY-DRY-5-2048x1199.png 2048w, https:\/\/www.lanrel.pl\/wp-content\/uploads\/2025\/10\/SOL-MINI-PUPPY-DRY-5-18x12.png 18w, https:\/\/www.lanrel.pl\/wp-content\/uploads\/2025\/10\/SOL-MINI-PUPPY-DRY-5-600x351.png 600w\" sizes=\"(max-width: 2560px) 100vw, 2560px\" \/><\/p>\n<p><img loading=\"lazy\" decoding=\"async\" class=\"aligncenter size-full wp-image-8175\" src=\"http:\/\/lanrel.eu\/wp-content\/uploads\/2025\/10\/SOL-MINI-PUPPY-DRY-7.png\" alt=\"\" width=\"2560\" height=\"584\" srcset=\"https:\/\/www.lanrel.pl\/wp-content\/uploads\/2025\/10\/SOL-MINI-PUPPY-DRY-7.png 2560w, https:\/\/www.lanrel.pl\/wp-content\/uploads\/2025\/10\/SOL-MINI-PUPPY-DRY-7-300x68.png 300w, https:\/\/www.lanrel.pl\/wp-content\/uploads\/2025\/10\/SOL-MINI-PUPPY-DRY-7-1024x234.png 1024w, https:\/\/www.lanrel.pl\/wp-content\/uploads\/2025\/10\/SOL-MINI-PUPPY-DRY-7-768x175.png 768w, https:\/\/www.lanrel.pl\/wp-content\/uploads\/2025\/10\/SOL-MINI-PUPPY-DRY-7-1536x350.png 1536w, https:\/\/www.lanrel.pl\/wp-content\/uploads\/2025\/10\/SOL-MINI-PUPPY-DRY-7-2048x467.png 2048w, https:\/\/www.lanrel.pl\/wp-content\/uploads\/2025\/10\/SOL-MINI-PUPPY-DRY-7-18x4.png 18w, https:\/\/www.lanrel.pl\/wp-content\/uploads\/2025\/10\/SOL-MINI-PUPPY-DRY-7-600x137.png 600w\" sizes=\"(max-width: 2560px) 100vw, 2560px\" \/> <img loading=\"lazy\" decoding=\"async\" class=\"aligncenter size-full wp-image-8176\" src=\"http:\/\/lanrel.eu\/wp-content\/uploads\/2025\/10\/SOL-MINI-PUPPY-DRY-8.png\" alt=\"\" width=\"2560\" height=\"1704\" srcset=\"https:\/\/www.lanrel.pl\/wp-content\/uploads\/2025\/10\/SOL-MINI-PUPPY-DRY-8.png 2560w, https:\/\/www.lanrel.pl\/wp-content\/uploads\/2025\/10\/SOL-MINI-PUPPY-DRY-8-300x200.png 300w, https:\/\/www.lanrel.pl\/wp-content\/uploads\/2025\/10\/SOL-MINI-PUPPY-DRY-8-1024x682.png 1024w, https:\/\/www.lanrel.pl\/wp-content\/uploads\/2025\/10\/SOL-MINI-PUPPY-DRY-8-768x511.png 768w, https:\/\/www.lanrel.pl\/wp-content\/uploads\/2025\/10\/SOL-MINI-PUPPY-DRY-8-1536x1022.png 1536w, https:\/\/www.lanrel.pl\/wp-content\/uploads\/2025\/10\/SOL-MINI-PUPPY-DRY-8-2048x1363.png 2048w, https:\/\/www.lanrel.pl\/wp-content\/uploads\/2025\/10\/SOL-MINI-PUPPY-DRY-8-18x12.png 18w, https:\/\/www.lanrel.pl\/wp-content\/uploads\/2025\/10\/SOL-MINI-PUPPY-DRY-8-600x399.png 600w\" sizes=\"(max-width: 2560px) 100vw, 2560px\" \/><\/p>\n<p><iframe title=\"Start of life Royal Canin Mini puppy\" width=\"1170\" height=\"658\" src=\"https:\/\/www.youtube.com\/embed\/wsZidwKfpl0?feature=oembed\" frameborder=\"0\" allow=\"accelerometer; autoplay; clipboard-write; encrypted-media; gyroscope; picture-in-picture; web-share\" referrerpolicy=\"strict-origin-when-cross-origin\" allowfullscreen><\/iframe><\/p>\n<h4><strong>SK\u0141AD:<\/strong><\/h4>\n<p>Suszone bia\u0142ko drobiowe,\u00a0ry\u017c,\u00a0t\u0142uszcze zwierz\u0119ce,\u00a0gluten pszenny*,\u00a0kukurydza,\u00a0wys\u0142odki buraczane,\u00a0m\u0105ka kukurydziana,\u00a0hydrolizowane bia\u0142ka zwierz\u0119ce,\u00a0gluten kukurydziany,\u00a0minera\u0142y,\u00a0olej sojowy,\u00a0olej rybny,\u00a0fruktooligosacharydy,\u00a0hydrolizowane dro\u017cd\u017ce (\u017ar\u00f3d\u0142o mannooligosacharyd\u00f3w i beta-glukan\u00f3w) (0,30%),\u00a0olej z alg Schizochytrium sp. (\u017ar\u00f3d\u0142o kwas\u00f3w DHA),\u00a0sok z juki schidigera,\u00a0m\u0105czka z aksamitki.<br \/>\n*L.I.P.: bia\u0142ko wyselekcjonowane ze wzgl\u0119du na bardzo wysok\u0105 strawno\u015b\u0107.<\/p>\n<h4>Dodatki dietetyczne:<\/h4>\n<p>Witamina A: 21500 UI, Witamina D3: 1000 UI, \u017belazo (3b103): 38 mg, Jod (3b201, 3b202): 3,8 mg, Mied\u017a (3b405, 3b406): 12 mg, Mangan (3b502, 3b504): 50 mg, Cynk (3b603, 3b605, 3b606): 128 mg, Selen (3b801, 3b811, 3b812): 0,06 mg &#8211; Dodatki technologiczne: Klinoptylolit pochodzenia osadowego: 10 g &#8211; Konserwanty &#8211; Przeciwutleniacze.<\/p>\n<h4>SK\u0141ADNIKI ANALITYCZNE:<\/h4>\n<p>Witamina E:\u00a0500\u00a0mg\/kg\u00a0&#8211;\u00a0Witamina C:\u00a0400\u00a0mg\/kg.\u00a0Energia metaboliczna:\u00a04072\u00a0kcal\/kg.<\/p>\n<p>BIA\u0141KO SUROWE\u00a031,0%<br \/>\nOLEJE I T\u0141USZCZE SUROWE\u00a020,0%<br \/>\nPOPI\u00d3\u0141 SUROWY\u00a08,0%<br \/>\nW\u0141\u00d3KNO SUROWE\u00a01,4%<br \/>\nKWASY T\u0141USZCZOWE OMEGA-3 (DHA)\u00a00,17%<\/p>\n<p>&nbsp;<\/p>","protected":false},"excerpt":{"rendered":"<p>od 2 do 10 miesi\u0105ca \u017cycia, ras ma\u0142ych<\/p>\n<p>Marka: Royal Canin<\/p>\n<p>Dla jakiego pupila: Pies<\/p>\n<p><span class=\"ty-product-feature__label\">Wielko\u015b\u0107 pupila: Rasy ma\u0142e<\/span><\/p>\n<p>Faza \u017cycia: Junior<\/p>","protected":false},"featured_media":8187,"comment_status":"open","ping_status":"closed","template":"","meta":{"om_disable_all_campaigns":false,"inline_featured_image":false},"product_brand":[],"product_cat":[27,95,98],"product_tag":[],"class_list":{"0":"post-8168","1":"product","2":"type-product","3":"status-publish","4":"has-post-thumbnail","6":"product_cat-dog-food","7":"product_cat-royal-canin-dog-food","8":"product_cat-wielkosc-psa","10":"first","11":"outofstock","12":"taxable","13":"shipping-taxable","14":"product-type-variable","15":"has-default-attributes"},"_links":{"self":[{"href":"https:\/\/www.lanrel.pl\/pl\/wp-json\/wp\/v2\/product\/8168","targetHints":{"allow":["GET"]}}],"collection":[{"href":"https:\/\/www.lanrel.pl\/pl\/wp-json\/wp\/v2\/product"}],"about":[{"href":"https:\/\/www.lanrel.pl\/pl\/wp-json\/wp\/v2\/types\/product"}],"replies":[{"embeddable":true,"href":"https:\/\/www.lanrel.pl\/pl\/wp-json\/wp\/v2\/comments?post=8168"}],"wp:featuredmedia":[{"embeddable":true,"href":"https:\/\/www.lanrel.pl\/pl\/wp-json\/wp\/v2\/media\/8187"}],"wp:attachment":[{"href":"https:\/\/www.lanrel.pl\/pl\/wp-json\/wp\/v2\/media?parent=8168"}],"wp:term":[{"taxonomy":"product_brand","embeddable":true,"href":"https:\/\/www.lanrel.pl\/pl\/wp-json\/wp\/v2\/product_brand?post=8168"},{"taxonomy":"product_cat","embeddable":true,"href":"https:\/\/www.lanrel.pl\/pl\/wp-json\/wp\/v2\/product_cat?post=8168"},{"taxonomy":"product_tag","embeddable":true,"href":"https:\/\/www.lanrel.pl\/pl\/wp-json\/wp\/v2\/product_tag?post=8168"}],"curies":[{"name":"wp","href":"https:\/\/api.w.org\/{rel}","templated":true}]}}