{"id":8144,"date":"2025-10-30T20:36:26","date_gmt":"2025-10-30T19:36:26","guid":{"rendered":"https:\/\/lanrel.eu\/?post_type=product&#038;p=8144"},"modified":"2025-10-30T20:36:26","modified_gmt":"2025-10-30T19:36:26","slug":"royal-canin-mini-adult-ageing-12-karma-sucha-dla-psow-dojrzalych-po-12-roku-zycia-ras-malych","status":"publish","type":"product","link":"https:\/\/www.lanrel.pl\/pl\/produkt\/royal-canin-mini-adult-ageing-12-karma-sucha-dla-psow-dojrzalych-po-12-roku-zycia-ras-malych\/","title":{"rendered":"ROYAL CANIN\u00ae Mini Adult Ageing 12+ karma sucha dla ps\u00f3w dojrza\u0142ych po 12 roku \u017cycia, ras ma\u0142ych"},"content":{"rendered":"<p>ROYAL CANIN\u00ae Mini Adult 12+ to pe\u0142noporcjowa karma, o recepturze prawid\u0142owo zbilansowanej pod wzgl\u0119dem sk\u0142adnik\u00f3w pokarmowych i opracowanej specjalnie z uwzgl\u0119dnieniem szczeg\u00f3lnych potrzeb starszych ps\u00f3w ras ma\u0142ych. Karma przeznaczona dla starszych ps\u00f3w ras ma\u0142ych (masa cia\u0142a do 10 kg, w wieku powy\u017cej 12 lat).<\/p>\n<p>Optymalna warto\u015b\u0107 kaloryczna karmy pokrywa wysokie potrzeby energetyczne starszego psa, a jednocze\u015bnie sprzyja utrzymaniu prawid\u0142owej masy cia\u0142a. Receptura zawiera r\u00f3wnie\u017c kombinacj\u0119 sk\u0142adnik\u00f3w pokarmowych, kt\u00f3re sprzyjaj\u0105 utrzymaniu mocnych i zdrowych ko\u015bci.<\/p>\n<p>Karma bogata w niezb\u0119dne sk\u0142adniki pokarmowe, w tym EPA, DHA i witaminy, kt\u00f3re wspomagaj\u0105 witalno\u015b\u0107 ps\u00f3w starszych.<\/p>\n<p>Karma nie tylko jest wzbogacona w wyj\u0105tkowe aromaty, kt\u00f3re pobudzaj\u0105 apetyt, ale r\u00f3wnie\u017c krokiet zosta\u0142 dostosowany do delikatnych szcz\u0119k ps\u00f3w ras ma\u0142ych. Dzi\u0119ki nawet najbardziej wybredne psy otrzymuj\u0105 wszystkie niezb\u0119dne sk\u0142adniki pokarmowe.<\/p>\n<p>Karm\u0119 such\u0105 ROYAL CANIN\u00ae Mini Adult 12+ mo\u017cna stosowa\u0107 z odpowiednimi karmami mokrymi Royal Canin, w formie pasztetu lub kawa\u0142k\u00f3w w sosie (karmienie mieszane). W przypadku starszych ps\u00f3w mieszanie suchej karmy z mokr\u0105 karm\u0105 o silniejszym zapachu mo\u017ce pom\u00f3c zwi\u0119kszy\u0107 smakowito\u015b\u0107 posi\u0142ku, poniewa\u017c starzenie si\u0119 mo\u017ce powodowa\u0107 pogorszenie zmys\u0142u w\u0119chu.<\/p>\n<p><img fetchpriority=\"high\" decoding=\"async\" class=\"aligncenter size-full wp-image-8145\" src=\"http:\/\/lanrel.eu\/wp-content\/uploads\/2025\/10\/SHN24-MINI-AGEING12-DRY-1.png\" alt=\"\" width=\"2560\" height=\"2088\" srcset=\"https:\/\/www.lanrel.pl\/wp-content\/uploads\/2025\/10\/SHN24-MINI-AGEING12-DRY-1.png 2560w, https:\/\/www.lanrel.pl\/wp-content\/uploads\/2025\/10\/SHN24-MINI-AGEING12-DRY-1-300x245.png 300w, https:\/\/www.lanrel.pl\/wp-content\/uploads\/2025\/10\/SHN24-MINI-AGEING12-DRY-1-1024x835.png 1024w, https:\/\/www.lanrel.pl\/wp-content\/uploads\/2025\/10\/SHN24-MINI-AGEING12-DRY-1-768x626.png 768w, https:\/\/www.lanrel.pl\/wp-content\/uploads\/2025\/10\/SHN24-MINI-AGEING12-DRY-1-1536x1253.png 1536w, https:\/\/www.lanrel.pl\/wp-content\/uploads\/2025\/10\/SHN24-MINI-AGEING12-DRY-1-2048x1670.png 2048w, https:\/\/www.lanrel.pl\/wp-content\/uploads\/2025\/10\/SHN24-MINI-AGEING12-DRY-1-15x12.png 15w, https:\/\/www.lanrel.pl\/wp-content\/uploads\/2025\/10\/SHN24-MINI-AGEING12-DRY-1-600x489.png 600w\" sizes=\"(max-width: 2560px) 100vw, 2560px\" \/> <img decoding=\"async\" class=\"aligncenter size-full wp-image-8146\" src=\"http:\/\/lanrel.eu\/wp-content\/uploads\/2025\/10\/SHN24-MINI-AGEING12-DRY-2.png\" alt=\"\" width=\"2561\" height=\"1908\" srcset=\"https:\/\/www.lanrel.pl\/wp-content\/uploads\/2025\/10\/SHN24-MINI-AGEING12-DRY-2.png 2561w, https:\/\/www.lanrel.pl\/wp-content\/uploads\/2025\/10\/SHN24-MINI-AGEING12-DRY-2-300x224.png 300w, https:\/\/www.lanrel.pl\/wp-content\/uploads\/2025\/10\/SHN24-MINI-AGEING12-DRY-2-1024x763.png 1024w, https:\/\/www.lanrel.pl\/wp-content\/uploads\/2025\/10\/SHN24-MINI-AGEING12-DRY-2-768x572.png 768w, https:\/\/www.lanrel.pl\/wp-content\/uploads\/2025\/10\/SHN24-MINI-AGEING12-DRY-2-1536x1144.png 1536w, https:\/\/www.lanrel.pl\/wp-content\/uploads\/2025\/10\/SHN24-MINI-AGEING12-DRY-2-2048x1526.png 2048w, https:\/\/www.lanrel.pl\/wp-content\/uploads\/2025\/10\/SHN24-MINI-AGEING12-DRY-2-16x12.png 16w, https:\/\/www.lanrel.pl\/wp-content\/uploads\/2025\/10\/SHN24-MINI-AGEING12-DRY-2-600x447.png 600w\" sizes=\"(max-width: 2561px) 100vw, 2561px\" \/> <img decoding=\"async\" class=\"aligncenter size-full wp-image-8147\" src=\"http:\/\/lanrel.eu\/wp-content\/uploads\/2025\/10\/SHN24-MINI-AGEING12-DRY-3.png\" alt=\"\" width=\"2560\" height=\"951\" srcset=\"https:\/\/www.lanrel.pl\/wp-content\/uploads\/2025\/10\/SHN24-MINI-AGEING12-DRY-3.png 2560w, https:\/\/www.lanrel.pl\/wp-content\/uploads\/2025\/10\/SHN24-MINI-AGEING12-DRY-3-300x111.png 300w, https:\/\/www.lanrel.pl\/wp-content\/uploads\/2025\/10\/SHN24-MINI-AGEING12-DRY-3-1024x380.png 1024w, https:\/\/www.lanrel.pl\/wp-content\/uploads\/2025\/10\/SHN24-MINI-AGEING12-DRY-3-768x285.png 768w, https:\/\/www.lanrel.pl\/wp-content\/uploads\/2025\/10\/SHN24-MINI-AGEING12-DRY-3-1536x571.png 1536w, https:\/\/www.lanrel.pl\/wp-content\/uploads\/2025\/10\/SHN24-MINI-AGEING12-DRY-3-2048x761.png 2048w, https:\/\/www.lanrel.pl\/wp-content\/uploads\/2025\/10\/SHN24-MINI-AGEING12-DRY-3-18x7.png 18w, https:\/\/www.lanrel.pl\/wp-content\/uploads\/2025\/10\/SHN24-MINI-AGEING12-DRY-3-600x223.png 600w\" sizes=\"(max-width: 2560px) 100vw, 2560px\" \/> <img loading=\"lazy\" decoding=\"async\" class=\"aligncenter size-full wp-image-8148\" src=\"http:\/\/lanrel.eu\/wp-content\/uploads\/2025\/10\/SHN24-MINI-AGEING12-DRY-4.png\" alt=\"\" width=\"2560\" height=\"1018\" srcset=\"https:\/\/www.lanrel.pl\/wp-content\/uploads\/2025\/10\/SHN24-MINI-AGEING12-DRY-4.png 2560w, https:\/\/www.lanrel.pl\/wp-content\/uploads\/2025\/10\/SHN24-MINI-AGEING12-DRY-4-300x119.png 300w, https:\/\/www.lanrel.pl\/wp-content\/uploads\/2025\/10\/SHN24-MINI-AGEING12-DRY-4-1024x407.png 1024w, https:\/\/www.lanrel.pl\/wp-content\/uploads\/2025\/10\/SHN24-MINI-AGEING12-DRY-4-768x305.png 768w, https:\/\/www.lanrel.pl\/wp-content\/uploads\/2025\/10\/SHN24-MINI-AGEING12-DRY-4-1536x611.png 1536w, https:\/\/www.lanrel.pl\/wp-content\/uploads\/2025\/10\/SHN24-MINI-AGEING12-DRY-4-2048x814.png 2048w, https:\/\/www.lanrel.pl\/wp-content\/uploads\/2025\/10\/SHN24-MINI-AGEING12-DRY-4-18x7.png 18w, https:\/\/www.lanrel.pl\/wp-content\/uploads\/2025\/10\/SHN24-MINI-AGEING12-DRY-4-600x239.png 600w\" sizes=\"(max-width: 2560px) 100vw, 2560px\" \/> <img loading=\"lazy\" decoding=\"async\" class=\"aligncenter size-full wp-image-8150\" src=\"http:\/\/lanrel.eu\/wp-content\/uploads\/2025\/10\/SHN24-MINI-AGEING12-DRY-6.png\" alt=\"\" width=\"2561\" height=\"2269\" srcset=\"https:\/\/www.lanrel.pl\/wp-content\/uploads\/2025\/10\/SHN24-MINI-AGEING12-DRY-6.png 2561w, https:\/\/www.lanrel.pl\/wp-content\/uploads\/2025\/10\/SHN24-MINI-AGEING12-DRY-6-300x266.png 300w, https:\/\/www.lanrel.pl\/wp-content\/uploads\/2025\/10\/SHN24-MINI-AGEING12-DRY-6-1024x907.png 1024w, https:\/\/www.lanrel.pl\/wp-content\/uploads\/2025\/10\/SHN24-MINI-AGEING12-DRY-6-768x680.png 768w, https:\/\/www.lanrel.pl\/wp-content\/uploads\/2025\/10\/SHN24-MINI-AGEING12-DRY-6-1536x1361.png 1536w, https:\/\/www.lanrel.pl\/wp-content\/uploads\/2025\/10\/SHN24-MINI-AGEING12-DRY-6-2048x1814.png 2048w, https:\/\/www.lanrel.pl\/wp-content\/uploads\/2025\/10\/SHN24-MINI-AGEING12-DRY-6-14x12.png 14w, https:\/\/www.lanrel.pl\/wp-content\/uploads\/2025\/10\/SHN24-MINI-AGEING12-DRY-6-600x532.png 600w\" sizes=\"(max-width: 2561px) 100vw, 2561px\" \/> <img loading=\"lazy\" decoding=\"async\" class=\"aligncenter size-full wp-image-8151\" src=\"http:\/\/lanrel.eu\/wp-content\/uploads\/2025\/10\/SHN24-MINI-AGEING12-DRY-7.png\" alt=\"\" width=\"2561\" height=\"1646\" srcset=\"https:\/\/www.lanrel.pl\/wp-content\/uploads\/2025\/10\/SHN24-MINI-AGEING12-DRY-7.png 2561w, https:\/\/www.lanrel.pl\/wp-content\/uploads\/2025\/10\/SHN24-MINI-AGEING12-DRY-7-300x193.png 300w, https:\/\/www.lanrel.pl\/wp-content\/uploads\/2025\/10\/SHN24-MINI-AGEING12-DRY-7-1024x658.png 1024w, https:\/\/www.lanrel.pl\/wp-content\/uploads\/2025\/10\/SHN24-MINI-AGEING12-DRY-7-768x494.png 768w, https:\/\/www.lanrel.pl\/wp-content\/uploads\/2025\/10\/SHN24-MINI-AGEING12-DRY-7-1536x987.png 1536w, https:\/\/www.lanrel.pl\/wp-content\/uploads\/2025\/10\/SHN24-MINI-AGEING12-DRY-7-2048x1316.png 2048w, https:\/\/www.lanrel.pl\/wp-content\/uploads\/2025\/10\/SHN24-MINI-AGEING12-DRY-7-18x12.png 18w, https:\/\/www.lanrel.pl\/wp-content\/uploads\/2025\/10\/SHN24-MINI-AGEING12-DRY-7-600x386.png 600w\" sizes=\"(max-width: 2561px) 100vw, 2561px\" \/> <img loading=\"lazy\" decoding=\"async\" class=\"aligncenter size-full wp-image-8152\" src=\"http:\/\/lanrel.eu\/wp-content\/uploads\/2025\/10\/SHN24-MINI-AGEING12-DRY-8.png\" alt=\"\" width=\"2561\" height=\"2006\" srcset=\"https:\/\/www.lanrel.pl\/wp-content\/uploads\/2025\/10\/SHN24-MINI-AGEING12-DRY-8.png 2561w, https:\/\/www.lanrel.pl\/wp-content\/uploads\/2025\/10\/SHN24-MINI-AGEING12-DRY-8-300x235.png 300w, https:\/\/www.lanrel.pl\/wp-content\/uploads\/2025\/10\/SHN24-MINI-AGEING12-DRY-8-1024x802.png 1024w, https:\/\/www.lanrel.pl\/wp-content\/uploads\/2025\/10\/SHN24-MINI-AGEING12-DRY-8-768x602.png 768w, https:\/\/www.lanrel.pl\/wp-content\/uploads\/2025\/10\/SHN24-MINI-AGEING12-DRY-8-1536x1203.png 1536w, https:\/\/www.lanrel.pl\/wp-content\/uploads\/2025\/10\/SHN24-MINI-AGEING12-DRY-8-2048x1604.png 2048w, https:\/\/www.lanrel.pl\/wp-content\/uploads\/2025\/10\/SHN24-MINI-AGEING12-DRY-8-15x12.png 15w, https:\/\/www.lanrel.pl\/wp-content\/uploads\/2025\/10\/SHN24-MINI-AGEING12-DRY-8-600x470.png 600w\" sizes=\"(max-width: 2561px) 100vw, 2561px\" \/><\/p>\n<h4><strong>SK\u0141AD:<\/strong><\/h4>\n<p>kukurydza,\u00a0suszone bia\u0142ka drobiowe,\u00a0ry\u017c,\u00a0m\u0105ka pszenna,\u00a0t\u0142uszcze zwierz\u0119ce,\u00a0gluten pszenny,\u00a0gluten kukurydziany,\u00a0hydrolizowane bia\u0142ka zwierz\u0119ce,\u00a0pszenica,\u00a0j\u0119czmie\u0144,\u00a0wys\u0142odki buraczane,\u00a0minera\u0142y,\u00a0olej z ryb,\u00a0olej sojowy,\u00a0produkty dro\u017cd\u017cy,\u00a0fruktooligosacharydy,\u00a0olej z alg Schizochytrium sp. (\u017ar\u00f3d\u0142o kwas\u00f3w EPA i DHA),\u00a0dro\u017cd\u017ce (\u017ar\u00f3d\u0142o mannooligosacharyd\u00f3w),\u00a0m\u0105czka z aksamitki.<\/p>\n<h4><strong>DODATKI\u00a0<\/strong>(na 1 kg karmy):<\/h4>\n<p>Dodatki dietetyczne:\u00a0Witamina A:\u00a021900\u00a0UI,\u00a0Witamina D3:\u00a01000\u00a0UI,\u00a0\u017belazo (3b103):\u00a037\u00a0mg,\u00a0Jod (3b201, 3b202):\u00a03,7\u00a0mg,\u00a0Mied\u017a (3b405, 3b406):\u00a011\u00a0mg,\u00a0Mangan (3b502, 3b504):\u00a048\u00a0mg,\u00a0Cynk (3b603, 3b605, 3b606):\u00a0136\u00a0mg,\u00a0Selen (3b801, 3b811, 3b812):\u00a00,09\u00a0mg\u00a0&#8211;\u00a0Konserwanty\u00a0&#8211;\u00a0Przeciwutleniacze.<\/p>\n<h4><strong>SK\u0141ADNIKI ANALITYCZNE:<\/strong><\/h4>\n<p>Bia\u0142ko surowe:\u00a026,0%\u00a0&#8211;\u00a0W\u0142\u00f3kno surowe:\u00a01,5%\u00a0&#8211;\u00a0Oleje i t\u0142uszcze surowe:\u00a014,0%\u00a0&#8211;\u00a0Popi\u00f3\u0142 surowy:\u00a05,5%\u00a0&#8211;\u00a0EPA\/DHA:\u00a00,43%\u00a0&#8211;\u00a0Energia metaboliczna:\u00a03854\u00a0kcal\/kg.<\/p>\n<h4><strong>SPOS\u00d3B U\u017bYCIA:<\/strong><\/h4>\n<p>patrz tabela.\u00a0Najlepiej wykorzysta\u0107 przed: patrz data wa\u017cno\u015bci. Data wa\u017cno\u015bci, numer partii i numer rejestracyjny zak\u0142adu znajduj\u0105 si\u0119 na opakowaniu.\u00a0Przechowywa\u0107 w suchym i ch\u0142odnym miejscu.<\/p>\n<p>&nbsp;<\/p>","protected":false},"excerpt":{"rendered":"<p>Karma sucha dla ps\u00f3w ma\u0142ych (do 10 kg), doros\u0142ych powy\u017cej 12 roku \u017cycia<\/p>\n<p>Marka: Royal Canin<\/p>\n<p>Dla jakiego pupila: Pies<\/p>\n<p><span class=\"ty-product-feature__label\">Wielko\u015b\u0107 pupila: Rasy ma\u0142e<\/span><\/p>\n<p>Faza \u017cycia: Senior<\/p>","protected":false},"featured_media":8153,"comment_status":"open","ping_status":"closed","template":"","meta":{"om_disable_all_campaigns":false,"inline_featured_image":false},"product_brand":[],"product_cat":[27,95,98],"product_tag":[],"class_list":{"0":"post-8144","1":"product","2":"type-product","3":"status-publish","4":"has-post-thumbnail","6":"product_cat-dog-food","7":"product_cat-royal-canin-dog-food","8":"product_cat-wielkosc-psa","10":"first","11":"outofstock","12":"taxable","13":"shipping-taxable","14":"product-type-variable","15":"has-default-attributes"},"_links":{"self":[{"href":"https:\/\/www.lanrel.pl\/pl\/wp-json\/wp\/v2\/product\/8144","targetHints":{"allow":["GET"]}}],"collection":[{"href":"https:\/\/www.lanrel.pl\/pl\/wp-json\/wp\/v2\/product"}],"about":[{"href":"https:\/\/www.lanrel.pl\/pl\/wp-json\/wp\/v2\/types\/product"}],"replies":[{"embeddable":true,"href":"https:\/\/www.lanrel.pl\/pl\/wp-json\/wp\/v2\/comments?post=8144"}],"wp:featuredmedia":[{"embeddable":true,"href":"https:\/\/www.lanrel.pl\/pl\/wp-json\/wp\/v2\/media\/8153"}],"wp:attachment":[{"href":"https:\/\/www.lanrel.pl\/pl\/wp-json\/wp\/v2\/media?parent=8144"}],"wp:term":[{"taxonomy":"product_brand","embeddable":true,"href":"https:\/\/www.lanrel.pl\/pl\/wp-json\/wp\/v2\/product_brand?post=8144"},{"taxonomy":"product_cat","embeddable":true,"href":"https:\/\/www.lanrel.pl\/pl\/wp-json\/wp\/v2\/product_cat?post=8144"},{"taxonomy":"product_tag","embeddable":true,"href":"https:\/\/www.lanrel.pl\/pl\/wp-json\/wp\/v2\/product_tag?post=8144"}],"curies":[{"name":"wp","href":"https:\/\/api.w.org\/{rel}","templated":true}]}}