{"id":8069,"date":"2025-10-28T19:52:40","date_gmt":"2025-10-28T18:52:40","guid":{"rendered":"https:\/\/lanrel.eu\/?post_type=product&#038;p=8069"},"modified":"2025-10-28T19:52:40","modified_gmt":"2025-10-28T18:52:40","slug":"royal-canin-maxi-starter-motherbabydog-karma-sucha-dla-suk-w-ciazy-i-okresie-laktacji-oraz-szczeniat","status":"publish","type":"product","link":"https:\/\/www.lanrel.pl\/pl\/produkt\/royal-canin-maxi-starter-motherbabydog-karma-sucha-dla-suk-w-ciazy-i-okresie-laktacji-oraz-szczeniat\/","title":{"rendered":"ROYAL CANIN\u00ae Maxi Starter Mother&#038;Babydog karma sucha dla suk w ci\u0105\u017cy i okresie laktacji oraz szczeni\u0105t"},"content":{"rendered":"<p><strong>Zalety karmy:<\/strong><\/p>\n<ul>\n<li><strong>Wspomaganie organizmu suki i szczeni\u0105t. <\/strong>Pokrycie wysokich potrzeb energetycznych suk ras du\u017cych oraz ich szczeni\u0105t osesk\u00f3w.<\/li>\n<li><strong>Silny uk\u0142ad odporno\u015bciowy. <\/strong>Udowodnione dzia\u0142anie kompleksu sk\u0142adnik\u00f3w, takich jak witaminy E i C, sprzyjaj\u0105cych zdrowemu rozwojowi uk\u0142adu odporno\u015bciowego.<\/li>\n<li><strong>Wspieranie mikrobiomu. <\/strong>Prebiotyki i wysokostrawne bia\u0142ka sprzyjaj\u0105 zdrowej r\u00f3wnowadze flory jelitowej<\/li>\n<li><strong>Rozw\u00f3j m\u00f3zgu. <\/strong>Kwasy t\u0142uszczowe omega 3 wspomagaj\u0105 rozw\u00f3j m\u00f3zgu oraz proces uczenia.<\/li>\n<\/ul>\n<p><img fetchpriority=\"high\" decoding=\"async\" class=\"aligncenter size-full wp-image-8070\" src=\"http:\/\/lanrel.eu\/wp-content\/uploads\/2025\/10\/SOL-MAXI-STARTER-DRY-1.png\" alt=\"\" width=\"2560\" height=\"1372\" srcset=\"https:\/\/www.lanrel.pl\/wp-content\/uploads\/2025\/10\/SOL-MAXI-STARTER-DRY-1.png 2560w, https:\/\/www.lanrel.pl\/wp-content\/uploads\/2025\/10\/SOL-MAXI-STARTER-DRY-1-300x161.png 300w, https:\/\/www.lanrel.pl\/wp-content\/uploads\/2025\/10\/SOL-MAXI-STARTER-DRY-1-1024x549.png 1024w, https:\/\/www.lanrel.pl\/wp-content\/uploads\/2025\/10\/SOL-MAXI-STARTER-DRY-1-768x412.png 768w, https:\/\/www.lanrel.pl\/wp-content\/uploads\/2025\/10\/SOL-MAXI-STARTER-DRY-1-1536x823.png 1536w, https:\/\/www.lanrel.pl\/wp-content\/uploads\/2025\/10\/SOL-MAXI-STARTER-DRY-1-2048x1098.png 2048w, https:\/\/www.lanrel.pl\/wp-content\/uploads\/2025\/10\/SOL-MAXI-STARTER-DRY-1-18x10.png 18w, https:\/\/www.lanrel.pl\/wp-content\/uploads\/2025\/10\/SOL-MAXI-STARTER-DRY-1-600x322.png 600w\" sizes=\"(max-width: 2560px) 100vw, 2560px\" \/> <img decoding=\"async\" class=\"aligncenter size-full wp-image-8071\" src=\"http:\/\/lanrel.eu\/wp-content\/uploads\/2025\/10\/SOL-MAXI-STARTER-DRY-2.png\" alt=\"\" width=\"2560\" height=\"1250\" srcset=\"https:\/\/www.lanrel.pl\/wp-content\/uploads\/2025\/10\/SOL-MAXI-STARTER-DRY-2.png 2560w, https:\/\/www.lanrel.pl\/wp-content\/uploads\/2025\/10\/SOL-MAXI-STARTER-DRY-2-300x146.png 300w, https:\/\/www.lanrel.pl\/wp-content\/uploads\/2025\/10\/SOL-MAXI-STARTER-DRY-2-1024x500.png 1024w, https:\/\/www.lanrel.pl\/wp-content\/uploads\/2025\/10\/SOL-MAXI-STARTER-DRY-2-768x375.png 768w, https:\/\/www.lanrel.pl\/wp-content\/uploads\/2025\/10\/SOL-MAXI-STARTER-DRY-2-1536x750.png 1536w, https:\/\/www.lanrel.pl\/wp-content\/uploads\/2025\/10\/SOL-MAXI-STARTER-DRY-2-2048x1000.png 2048w, https:\/\/www.lanrel.pl\/wp-content\/uploads\/2025\/10\/SOL-MAXI-STARTER-DRY-2-18x9.png 18w, https:\/\/www.lanrel.pl\/wp-content\/uploads\/2025\/10\/SOL-MAXI-STARTER-DRY-2-600x293.png 600w\" sizes=\"(max-width: 2560px) 100vw, 2560px\" \/> <img decoding=\"async\" class=\"aligncenter size-full wp-image-8072\" src=\"http:\/\/lanrel.eu\/wp-content\/uploads\/2025\/10\/SOL-MAXI-STARTER-DRY-3.png\" alt=\"\" width=\"2560\" height=\"1500\" srcset=\"https:\/\/www.lanrel.pl\/wp-content\/uploads\/2025\/10\/SOL-MAXI-STARTER-DRY-3.png 2560w, https:\/\/www.lanrel.pl\/wp-content\/uploads\/2025\/10\/SOL-MAXI-STARTER-DRY-3-300x176.png 300w, https:\/\/www.lanrel.pl\/wp-content\/uploads\/2025\/10\/SOL-MAXI-STARTER-DRY-3-1024x600.png 1024w, https:\/\/www.lanrel.pl\/wp-content\/uploads\/2025\/10\/SOL-MAXI-STARTER-DRY-3-768x450.png 768w, https:\/\/www.lanrel.pl\/wp-content\/uploads\/2025\/10\/SOL-MAXI-STARTER-DRY-3-1536x900.png 1536w, https:\/\/www.lanrel.pl\/wp-content\/uploads\/2025\/10\/SOL-MAXI-STARTER-DRY-3-2048x1200.png 2048w, https:\/\/www.lanrel.pl\/wp-content\/uploads\/2025\/10\/SOL-MAXI-STARTER-DRY-3-18x12.png 18w, https:\/\/www.lanrel.pl\/wp-content\/uploads\/2025\/10\/SOL-MAXI-STARTER-DRY-3-600x352.png 600w\" sizes=\"(max-width: 2560px) 100vw, 2560px\" \/> <img loading=\"lazy\" decoding=\"async\" class=\"aligncenter size-full wp-image-8073\" src=\"http:\/\/lanrel.eu\/wp-content\/uploads\/2025\/10\/SOL-MAXI-STARTER-DRY-4.png\" alt=\"\" width=\"2560\" height=\"1183\" srcset=\"https:\/\/www.lanrel.pl\/wp-content\/uploads\/2025\/10\/SOL-MAXI-STARTER-DRY-4.png 2560w, https:\/\/www.lanrel.pl\/wp-content\/uploads\/2025\/10\/SOL-MAXI-STARTER-DRY-4-300x139.png 300w, https:\/\/www.lanrel.pl\/wp-content\/uploads\/2025\/10\/SOL-MAXI-STARTER-DRY-4-1024x473.png 1024w, https:\/\/www.lanrel.pl\/wp-content\/uploads\/2025\/10\/SOL-MAXI-STARTER-DRY-4-768x355.png 768w, https:\/\/www.lanrel.pl\/wp-content\/uploads\/2025\/10\/SOL-MAXI-STARTER-DRY-4-1536x710.png 1536w, https:\/\/www.lanrel.pl\/wp-content\/uploads\/2025\/10\/SOL-MAXI-STARTER-DRY-4-2048x946.png 2048w, https:\/\/www.lanrel.pl\/wp-content\/uploads\/2025\/10\/SOL-MAXI-STARTER-DRY-4-18x8.png 18w, https:\/\/www.lanrel.pl\/wp-content\/uploads\/2025\/10\/SOL-MAXI-STARTER-DRY-4-600x277.png 600w\" sizes=\"(max-width: 2560px) 100vw, 2560px\" \/> <img loading=\"lazy\" decoding=\"async\" class=\"aligncenter size-full wp-image-8074\" src=\"http:\/\/lanrel.eu\/wp-content\/uploads\/2025\/10\/SOL-MAXI-STARTER-DRY-5.png\" alt=\"\" width=\"2560\" height=\"1499\" srcset=\"https:\/\/www.lanrel.pl\/wp-content\/uploads\/2025\/10\/SOL-MAXI-STARTER-DRY-5.png 2560w, https:\/\/www.lanrel.pl\/wp-content\/uploads\/2025\/10\/SOL-MAXI-STARTER-DRY-5-300x176.png 300w, https:\/\/www.lanrel.pl\/wp-content\/uploads\/2025\/10\/SOL-MAXI-STARTER-DRY-5-1024x600.png 1024w, https:\/\/www.lanrel.pl\/wp-content\/uploads\/2025\/10\/SOL-MAXI-STARTER-DRY-5-768x450.png 768w, https:\/\/www.lanrel.pl\/wp-content\/uploads\/2025\/10\/SOL-MAXI-STARTER-DRY-5-1536x899.png 1536w, https:\/\/www.lanrel.pl\/wp-content\/uploads\/2025\/10\/SOL-MAXI-STARTER-DRY-5-2048x1199.png 2048w, https:\/\/www.lanrel.pl\/wp-content\/uploads\/2025\/10\/SOL-MAXI-STARTER-DRY-5-18x12.png 18w, https:\/\/www.lanrel.pl\/wp-content\/uploads\/2025\/10\/SOL-MAXI-STARTER-DRY-5-600x351.png 600w\" sizes=\"(max-width: 2560px) 100vw, 2560px\" \/> <img loading=\"lazy\" decoding=\"async\" class=\"aligncenter size-full wp-image-8076\" src=\"http:\/\/lanrel.eu\/wp-content\/uploads\/2025\/10\/SOL-MAXI-STARTER-DRY-7.png\" alt=\"\" width=\"2560\" height=\"1174\" srcset=\"https:\/\/www.lanrel.pl\/wp-content\/uploads\/2025\/10\/SOL-MAXI-STARTER-DRY-7.png 2560w, https:\/\/www.lanrel.pl\/wp-content\/uploads\/2025\/10\/SOL-MAXI-STARTER-DRY-7-300x138.png 300w, https:\/\/www.lanrel.pl\/wp-content\/uploads\/2025\/10\/SOL-MAXI-STARTER-DRY-7-1024x470.png 1024w, https:\/\/www.lanrel.pl\/wp-content\/uploads\/2025\/10\/SOL-MAXI-STARTER-DRY-7-768x352.png 768w, https:\/\/www.lanrel.pl\/wp-content\/uploads\/2025\/10\/SOL-MAXI-STARTER-DRY-7-1536x704.png 1536w, https:\/\/www.lanrel.pl\/wp-content\/uploads\/2025\/10\/SOL-MAXI-STARTER-DRY-7-2048x939.png 2048w, https:\/\/www.lanrel.pl\/wp-content\/uploads\/2025\/10\/SOL-MAXI-STARTER-DRY-7-18x8.png 18w, https:\/\/www.lanrel.pl\/wp-content\/uploads\/2025\/10\/SOL-MAXI-STARTER-DRY-7-600x275.png 600w\" sizes=\"(max-width: 2560px) 100vw, 2560px\" \/><\/p>\n<p>Karma sucha ROYAL CANIN\u00ae Maxi Starter Mother &amp; Babydog zosta\u0142a specjalnie opracowana, aby pokrywa\u0107 w pe\u0142ni potrzeby pokarmowe ci\u0119\u017carnych i karmi\u0105cych suk oraz szczeni\u0105t. Karma jest przeznaczona dla doros\u0142ych suk ras du\u017cych, o masie cia\u0142a 26-44 kg oraz dla szczeni\u0105t w okresie odsadzania, do 2 miesi\u0105ca \u017cycia.<\/p>\n<p>Receptura karmy zosta\u0142a opracowana w celu pokrycia wysokich potrzeb energetycznych suk ras du\u017cych w drugim etapie ci\u0105\u017cy i podczas laktacji oraz wspomagania prawid\u0142owego rozwoju szczeni\u0105t w okresie odsadzania.<\/p>\n<p>Karma zawiera kompleks o potwierdzonej skuteczno\u015bci, obejmuj\u0105cy witaminy C i E, wspieraj\u0105cy zdrowy rozw\u00f3j uk\u0142adu odporno\u015bciowego<\/p>\n<p>Korzystnie dzia\u0142aj\u0105ce prebiotyki oraz wysokostrawne bia\u0142ka wspomagaj\u0105 zdrow\u0105 r\u00f3wnowag\u0119 mikrobioty jelitowej, co wp\u0142ywa r\u00f3wnie\u017c na prawid\u0142owe trawienie.<\/p>\n<p>Karma ROYAL CANIN\u00ae Maxi Starter Mother &amp; Babydog zosta\u0142a wzbogacona w kwasy t\u0142uszczowe omega 3, kt\u00f3re wspomagaj\u0105 zdrowy rozwoju m\u00f3zgu u szczeni\u0105t.<\/p>\n<p>Krokiety ROYAL CANIN\u00ae Maxi Starter Mother &amp; Babydog mo\u017cna w \u0142atwy spos\u00f3b namoczy\u0107 do konsystencji papki, idealnej dla szczeni\u0105t w okresie odsadzania.<\/p>\n<p>Po uko\u0144czeniu pierwszych 8 tygodni \u017cycia szczeni\u0119ta potrzebuj\u0105 diety, kt\u00f3ra jest odpowiednio dostosowana do ich potrzeb pokarmowych w kolejnym etapie wzrostu. W tym czasie nale\u017cy przej\u015b\u0107 na karm\u0119 ROYAL CANIN\u00ae Maxi Puppy, kt\u00f3ra jest dost\u0119pna w formie karmy suchej lub mokrej (kawa\u0142ki w sosie).<\/p>\n<h4><strong>SK\u0141AD:<\/strong><\/h4>\n<p>Ry\u017c,\u00a0suszone bia\u0142ko drobiowe,\u00a0t\u0142uszcze zwierz\u0119ce,\u00a0gluten pszenny*,\u00a0kukurydza,\u00a0hydrolizowane bia\u0142ka zwierz\u0119ce,\u00a0minera\u0142y,\u00a0wys\u0142odki buraczane,\u00a0olej sojowy,\u00a0w\u0142\u00f3kno ro\u015blinne,\u00a0olej rybny,\u00a0\u0142uski i nasiona psyllium,\u00a0fruktooligosacharydy,\u00a0hydrolizowane dro\u017cd\u017ce (\u017ar\u00f3d\u0142o mannooligosacharyd\u00f3w i beta-glukan\u00f3w) (0,30%),\u00a0olej z alg Schizochytrium sp. (\u017ar\u00f3d\u0142o kwas\u00f3w DHA),\u00a0s\u00f3l kwasu mas\u0142owego,\u00a0m\u0105czka z aksamitki.<br \/>\n*L.I.P.: bia\u0142ko wyselekcjonowane ze wzgl\u0119du na bardzo wysok\u0105 strawno\u015b\u0107.<\/p>\n<h4>Dodatki dietetyczne:<\/h4>\n<p>Witamina A: 18500 UI, Witamina D3: 1200 UI, \u017belazo (3b103): 42 mg, Jod (3b201, 3b202): 4,2 mg, Mied\u017a (3b405, 3b406): 13 mg, Mangan (3b502, 3b504): 55 mg, Cynk (3b603, 3b605, 3b606): 136 mg, Selen (3b801, 3b811, 3b812): 0,06 mg &#8211; Dodatki technologiczne: Klinoptylolit pochodzenia osadowego: 10 g &#8211; Konserwanty &#8211; Przeciwutleniacze.<\/p>\n<h4>SK\u0141ADNIKI ANALITYCZNE:<\/h4>\n<p>Witamina E:\u00a0500\u00a0mg\/kg\u00a0&#8211;\u00a0Witamina C:\u00a0400\u00a0mg\/kg.\u00a0Energia metaboliczna:\u00a04173\u00a0kcal\/kg.<\/p>\n<p>BIA\u0141KO SUROWE\u00a030,0%<br \/>\nOLEJE I T\u0141USZCZE SUROWE\u00a022,0%<br \/>\nPOPI\u00d3\u0141 SUROWY\u00a08,4%<br \/>\nW\u0141\u00d3KNO SUROWE\u00a01,8%<br \/>\nKWASY T\u0141USZCZOWE OMEGA-3 (DHA)\u00a00,19%<\/p>\n<p>&nbsp;<\/p>","protected":false},"excerpt":{"rendered":"<p>karma dla suk ci\u0119\u017carnych i karmi\u0105cych oraz szczeni\u0105t od 4 do 8 tygodnia \u017cycia<\/p>\n<p>Marka: Royal Canin<\/p>\n<p>Dla jakiego pupila: Pies<\/p>\n<p><span class=\"ty-product-feature__label\">Wielko\u015b\u0107 pupila: Rasy du\u017ce<\/span><\/p>\n<p>Faza \u017cycia: Junior<\/p>\n<p>Specjalne wymagania: Ci\u0105\u017ca, laktacja, oseski<\/p>","protected":false},"featured_media":8087,"comment_status":"open","ping_status":"closed","template":"","meta":{"om_disable_all_campaigns":false,"inline_featured_image":false},"product_brand":[],"product_cat":[27,95,98],"product_tag":[],"class_list":{"0":"post-8069","1":"product","2":"type-product","3":"status-publish","4":"has-post-thumbnail","6":"product_cat-dog-food","7":"product_cat-royal-canin-dog-food","8":"product_cat-wielkosc-psa","10":"first","11":"outofstock","12":"taxable","13":"shipping-taxable","14":"product-type-variable","15":"has-default-attributes"},"_links":{"self":[{"href":"https:\/\/www.lanrel.pl\/pl\/wp-json\/wp\/v2\/product\/8069","targetHints":{"allow":["GET"]}}],"collection":[{"href":"https:\/\/www.lanrel.pl\/pl\/wp-json\/wp\/v2\/product"}],"about":[{"href":"https:\/\/www.lanrel.pl\/pl\/wp-json\/wp\/v2\/types\/product"}],"replies":[{"embeddable":true,"href":"https:\/\/www.lanrel.pl\/pl\/wp-json\/wp\/v2\/comments?post=8069"}],"wp:featuredmedia":[{"embeddable":true,"href":"https:\/\/www.lanrel.pl\/pl\/wp-json\/wp\/v2\/media\/8087"}],"wp:attachment":[{"href":"https:\/\/www.lanrel.pl\/pl\/wp-json\/wp\/v2\/media?parent=8069"}],"wp:term":[{"taxonomy":"product_brand","embeddable":true,"href":"https:\/\/www.lanrel.pl\/pl\/wp-json\/wp\/v2\/product_brand?post=8069"},{"taxonomy":"product_cat","embeddable":true,"href":"https:\/\/www.lanrel.pl\/pl\/wp-json\/wp\/v2\/product_cat?post=8069"},{"taxonomy":"product_tag","embeddable":true,"href":"https:\/\/www.lanrel.pl\/pl\/wp-json\/wp\/v2\/product_tag?post=8069"}],"curies":[{"name":"wp","href":"https:\/\/api.w.org\/{rel}","templated":true}]}}