{"id":8046,"date":"2025-10-28T18:54:12","date_gmt":"2025-10-28T17:54:12","guid":{"rendered":"https:\/\/lanrel.eu\/?post_type=product&#038;p=8046"},"modified":"2025-10-28T18:54:12","modified_gmt":"2025-10-28T17:54:12","slug":"royal-canin-maxi-puppy-karma-sucha-dla-szczeniat-od-2-do-15-miesiaca-zycia-ras-duzych","status":"publish","type":"product","link":"https:\/\/www.lanrel.pl\/pl\/produkt\/royal-canin-maxi-puppy-karma-sucha-dla-szczeniat-od-2-do-15-miesiaca-zycia-ras-duzych\/","title":{"rendered":"ROYAL CANIN\u00ae Maxi Puppy karma sucha dla szczeni\u0105t, od 2 do 15 miesi\u0105ca \u017cycia, ras du\u017cych"},"content":{"rendered":"<p><strong>Zalety produktu<\/strong><\/p>\n<ul>\n<li><strong>Silny uk\u0142ad odporno\u015bciowy<\/strong>. Udowodnione dzia\u0142anie kompleksu sk\u0142adnik\u00f3w, takich jak witaminy E i C, wspieraj\u0105cych zdrowy rozw\u00f3j uk\u0142adu odporno\u015bciowego<\/li>\n<li><strong>Rozw\u00f3j m\u00f3zgu<\/strong>. Kwasy t\u0142uszczowe omega 3 wspomagaj\u0105 rozw\u00f3j m\u00f3zgu oraz proces uczenia<\/li>\n<li><strong>Wspieranie mikrobiomu<\/strong>. Prebiotyki i wysokostrawne bia\u0142ka sprzyjaj\u0105 zdrowej r\u00f3wnowadze flory jelitowej.<\/li>\n<li><strong>Optymalny poziom energii.<\/strong> Pokrycie wysokich potrzeb energetycznych szczeni\u0105t ras du\u017cych<\/li>\n<\/ul>\n<p><img fetchpriority=\"high\" decoding=\"async\" class=\"aligncenter size-full wp-image-8047\" src=\"http:\/\/lanrel.eu\/wp-content\/uploads\/2025\/10\/SOL-MAXI-PUPPY-DRY-1.png\" alt=\"\" width=\"2560\" height=\"1372\" srcset=\"https:\/\/www.lanrel.pl\/wp-content\/uploads\/2025\/10\/SOL-MAXI-PUPPY-DRY-1.png 2560w, https:\/\/www.lanrel.pl\/wp-content\/uploads\/2025\/10\/SOL-MAXI-PUPPY-DRY-1-300x161.png 300w, https:\/\/www.lanrel.pl\/wp-content\/uploads\/2025\/10\/SOL-MAXI-PUPPY-DRY-1-1024x549.png 1024w, https:\/\/www.lanrel.pl\/wp-content\/uploads\/2025\/10\/SOL-MAXI-PUPPY-DRY-1-768x412.png 768w, https:\/\/www.lanrel.pl\/wp-content\/uploads\/2025\/10\/SOL-MAXI-PUPPY-DRY-1-1536x823.png 1536w, https:\/\/www.lanrel.pl\/wp-content\/uploads\/2025\/10\/SOL-MAXI-PUPPY-DRY-1-2048x1098.png 2048w, https:\/\/www.lanrel.pl\/wp-content\/uploads\/2025\/10\/SOL-MAXI-PUPPY-DRY-1-18x10.png 18w, https:\/\/www.lanrel.pl\/wp-content\/uploads\/2025\/10\/SOL-MAXI-PUPPY-DRY-1-600x322.png 600w\" sizes=\"(max-width: 2560px) 100vw, 2560px\" \/> <img decoding=\"async\" class=\"aligncenter size-full wp-image-8048\" src=\"http:\/\/lanrel.eu\/wp-content\/uploads\/2025\/10\/SOL-MAXI-PUPPY-DRY-2.png\" alt=\"\" width=\"2560\" height=\"1255\" srcset=\"https:\/\/www.lanrel.pl\/wp-content\/uploads\/2025\/10\/SOL-MAXI-PUPPY-DRY-2.png 2560w, https:\/\/www.lanrel.pl\/wp-content\/uploads\/2025\/10\/SOL-MAXI-PUPPY-DRY-2-300x147.png 300w, https:\/\/www.lanrel.pl\/wp-content\/uploads\/2025\/10\/SOL-MAXI-PUPPY-DRY-2-1024x502.png 1024w, https:\/\/www.lanrel.pl\/wp-content\/uploads\/2025\/10\/SOL-MAXI-PUPPY-DRY-2-768x377.png 768w, https:\/\/www.lanrel.pl\/wp-content\/uploads\/2025\/10\/SOL-MAXI-PUPPY-DRY-2-1536x753.png 1536w, https:\/\/www.lanrel.pl\/wp-content\/uploads\/2025\/10\/SOL-MAXI-PUPPY-DRY-2-2048x1004.png 2048w, https:\/\/www.lanrel.pl\/wp-content\/uploads\/2025\/10\/SOL-MAXI-PUPPY-DRY-2-18x9.png 18w, https:\/\/www.lanrel.pl\/wp-content\/uploads\/2025\/10\/SOL-MAXI-PUPPY-DRY-2-600x294.png 600w\" sizes=\"(max-width: 2560px) 100vw, 2560px\" \/> <img decoding=\"async\" class=\"aligncenter size-full wp-image-8049\" src=\"http:\/\/lanrel.eu\/wp-content\/uploads\/2025\/10\/SOL-MAXI-PUPPY-DRY-3.png\" alt=\"\" width=\"2560\" height=\"1921\" srcset=\"https:\/\/www.lanrel.pl\/wp-content\/uploads\/2025\/10\/SOL-MAXI-PUPPY-DRY-3.png 2560w, https:\/\/www.lanrel.pl\/wp-content\/uploads\/2025\/10\/SOL-MAXI-PUPPY-DRY-3-300x225.png 300w, https:\/\/www.lanrel.pl\/wp-content\/uploads\/2025\/10\/SOL-MAXI-PUPPY-DRY-3-1024x768.png 1024w, https:\/\/www.lanrel.pl\/wp-content\/uploads\/2025\/10\/SOL-MAXI-PUPPY-DRY-3-768x576.png 768w, https:\/\/www.lanrel.pl\/wp-content\/uploads\/2025\/10\/SOL-MAXI-PUPPY-DRY-3-1536x1153.png 1536w, https:\/\/www.lanrel.pl\/wp-content\/uploads\/2025\/10\/SOL-MAXI-PUPPY-DRY-3-2048x1537.png 2048w, https:\/\/www.lanrel.pl\/wp-content\/uploads\/2025\/10\/SOL-MAXI-PUPPY-DRY-3-16x12.png 16w, https:\/\/www.lanrel.pl\/wp-content\/uploads\/2025\/10\/SOL-MAXI-PUPPY-DRY-3-600x450.png 600w\" sizes=\"(max-width: 2560px) 100vw, 2560px\" \/> <img loading=\"lazy\" decoding=\"async\" class=\"aligncenter size-full wp-image-8050\" src=\"http:\/\/lanrel.eu\/wp-content\/uploads\/2025\/10\/SOL-MAXI-PUPPY-DRY-4.png\" alt=\"\" width=\"2560\" height=\"1352\" srcset=\"https:\/\/www.lanrel.pl\/wp-content\/uploads\/2025\/10\/SOL-MAXI-PUPPY-DRY-4.png 2560w, https:\/\/www.lanrel.pl\/wp-content\/uploads\/2025\/10\/SOL-MAXI-PUPPY-DRY-4-300x158.png 300w, https:\/\/www.lanrel.pl\/wp-content\/uploads\/2025\/10\/SOL-MAXI-PUPPY-DRY-4-1024x541.png 1024w, https:\/\/www.lanrel.pl\/wp-content\/uploads\/2025\/10\/SOL-MAXI-PUPPY-DRY-4-768x406.png 768w, https:\/\/www.lanrel.pl\/wp-content\/uploads\/2025\/10\/SOL-MAXI-PUPPY-DRY-4-1536x811.png 1536w, https:\/\/www.lanrel.pl\/wp-content\/uploads\/2025\/10\/SOL-MAXI-PUPPY-DRY-4-2048x1082.png 2048w, https:\/\/www.lanrel.pl\/wp-content\/uploads\/2025\/10\/SOL-MAXI-PUPPY-DRY-4-18x10.png 18w, https:\/\/www.lanrel.pl\/wp-content\/uploads\/2025\/10\/SOL-MAXI-PUPPY-DRY-4-600x317.png 600w\" sizes=\"(max-width: 2560px) 100vw, 2560px\" \/> <img loading=\"lazy\" decoding=\"async\" class=\"aligncenter size-full wp-image-8051\" src=\"http:\/\/lanrel.eu\/wp-content\/uploads\/2025\/10\/SOL-MAXI-PUPPY-DRY-5.png\" alt=\"\" width=\"2560\" height=\"1465\" srcset=\"https:\/\/www.lanrel.pl\/wp-content\/uploads\/2025\/10\/SOL-MAXI-PUPPY-DRY-5.png 2560w, https:\/\/www.lanrel.pl\/wp-content\/uploads\/2025\/10\/SOL-MAXI-PUPPY-DRY-5-300x172.png 300w, https:\/\/www.lanrel.pl\/wp-content\/uploads\/2025\/10\/SOL-MAXI-PUPPY-DRY-5-1024x586.png 1024w, https:\/\/www.lanrel.pl\/wp-content\/uploads\/2025\/10\/SOL-MAXI-PUPPY-DRY-5-768x440.png 768w, https:\/\/www.lanrel.pl\/wp-content\/uploads\/2025\/10\/SOL-MAXI-PUPPY-DRY-5-1536x879.png 1536w, https:\/\/www.lanrel.pl\/wp-content\/uploads\/2025\/10\/SOL-MAXI-PUPPY-DRY-5-2048x1172.png 2048w, https:\/\/www.lanrel.pl\/wp-content\/uploads\/2025\/10\/SOL-MAXI-PUPPY-DRY-5-18x10.png 18w, https:\/\/www.lanrel.pl\/wp-content\/uploads\/2025\/10\/SOL-MAXI-PUPPY-DRY-5-600x343.png 600w\" sizes=\"(max-width: 2560px) 100vw, 2560px\" \/> <img loading=\"lazy\" decoding=\"async\" class=\"aligncenter size-full wp-image-8053\" src=\"http:\/\/lanrel.eu\/wp-content\/uploads\/2025\/10\/SOL-MAXI-PUPPY-DRY-7.png\" alt=\"\" width=\"2560\" height=\"1174\" srcset=\"https:\/\/www.lanrel.pl\/wp-content\/uploads\/2025\/10\/SOL-MAXI-PUPPY-DRY-7.png 2560w, https:\/\/www.lanrel.pl\/wp-content\/uploads\/2025\/10\/SOL-MAXI-PUPPY-DRY-7-300x138.png 300w, https:\/\/www.lanrel.pl\/wp-content\/uploads\/2025\/10\/SOL-MAXI-PUPPY-DRY-7-1024x470.png 1024w, https:\/\/www.lanrel.pl\/wp-content\/uploads\/2025\/10\/SOL-MAXI-PUPPY-DRY-7-768x352.png 768w, https:\/\/www.lanrel.pl\/wp-content\/uploads\/2025\/10\/SOL-MAXI-PUPPY-DRY-7-1536x704.png 1536w, https:\/\/www.lanrel.pl\/wp-content\/uploads\/2025\/10\/SOL-MAXI-PUPPY-DRY-7-2048x939.png 2048w, https:\/\/www.lanrel.pl\/wp-content\/uploads\/2025\/10\/SOL-MAXI-PUPPY-DRY-7-18x8.png 18w, https:\/\/www.lanrel.pl\/wp-content\/uploads\/2025\/10\/SOL-MAXI-PUPPY-DRY-7-600x275.png 600w\" sizes=\"(max-width: 2560px) 100vw, 2560px\" \/><\/p>\n<p>Karma sucha ROYAL CANIN\u00ae Maxi Puppy zosta\u0142a specjalnie opracowana, aby pokrywa\u0107 w pe\u0142ni potrzeby pokarmowe szczeni\u0105t ras du\u017cych. Karma jest przeznaczona dla szczeni\u0105t ras du\u017cych w wieku od 2 do 15 miesi\u0119cy, kt\u00f3re po zako\u0144czeniu wzrostu osi\u0105gn\u0105 mas\u0119 cia\u0142a 26-44 kg.<\/p>\n<p>Receptura karmy zawiera kompleks o potwierdzonej skuteczno\u015bci, obejmuj\u0105cy witaminy C i E, wspomagaj\u0105cy naturalne mechanizmy obronne szczeni\u0105t podczas gdy ich uk\u0142ad odporno\u015bciowy wci\u0105\u017c si\u0119 rozwija.<\/p>\n<p>Karma zosta\u0142a wzbogacona w kwasy t\u0142uszczowe omega 3 (w tym DHA), kt\u00f3re maj\u0105 korzystny, udowodniony naukowo, wp\u0142yw na wspomaganie zdrowego rozwoju m\u00f3zgu u szczeni\u0105t.<\/p>\n<p>Dzi\u0119ki kombinacji korzystnie dzia\u0142aj\u0105cych prebiotyk\u00f3w (takich jak FOS, MOS i pulpa buraczana) oraz wysokostrawnych bia\u0142ek karma ROYAL CANIN\u00ae Maxi Puppy wspomaga zdrow\u0105 r\u00f3wnowag\u0119 mikrobioty jelitowej, co wp\u0142ywa r\u00f3wnie\u017c na prawid\u0142owe trawienie.<\/p>\n<p>Zawarto\u015b\u0107 energii w karmie jest optymalna do pokrycia zapotrzebowania energetycznego rosn\u0105cych ps\u00f3w ras du\u017cych.<\/p>\n<p>Krokiety ROYAL CANIN\u00ae Maxi Puppy zosta\u0142y specjalnie dostosowane do rozmiaru szcz\u0119k szczeni\u0105t ras du\u017cych. Kszta\u0142t i wielko\u015b\u0107 krokiet\u00f3w odpowiednio reguluj\u0105 tempo jedzenia i sprzyjaj uczuciu syto\u015bci. Mechaniczny efekt czyszczenia z\u0119b\u00f3w podczas rozgryzania krokiet\u00f3w wspomaga higien\u0119 jamy ustnej.<\/p>\n<p>Po uko\u0144czeniu 15 miesi\u0105ca \u017cycia psy ras du\u017cych potrzebuj\u0105 diety, kt\u00f3ra jest odpowiednio dostosowana do potrzeb pokarmowych doros\u0142ego psa. W tym czasie nale\u017cy przej\u015b\u0107 na karm\u0119 dla ps\u00f3w doros\u0142ych ras du\u017cych, np. ROYAL CANIN\u00ae Maxi Adult, dost\u0119pn\u0105 w formie karmy suchej lub mokrej (kawa\u0142ki w sosie).<\/p>\n<p><iframe title=\"Start of life Royal Canin Maxi Puppy\" width=\"1170\" height=\"658\" src=\"https:\/\/www.youtube.com\/embed\/26Arr8jsOew?feature=oembed\" frameborder=\"0\" allow=\"accelerometer; autoplay; clipboard-write; encrypted-media; gyroscope; picture-in-picture; web-share\" referrerpolicy=\"strict-origin-when-cross-origin\" allowfullscreen><\/iframe><\/p>\n<p><strong>SK\u0141AD:<\/strong><\/p>\n<p>Suszone bia\u0142ko drobiowe,\u00a0ry\u017c,\u00a0m\u0105ka kukurydziana,\u00a0gluten pszenny*,\u00a0t\u0142uszcze zwierz\u0119ce,\u00a0kukurydza,\u00a0m\u0105ka pszenna,\u00a0hydrolizowane bia\u0142ka zwierz\u0119ce,\u00a0wys\u0142odki buraczane,\u00a0gluten kukurydziany,\u00a0w\u0142\u00f3kno ro\u015blinne,\u00a0minera\u0142y,\u00a0olej sojowy,\u00a0olej rybny,\u00a0fruktooligosacharydy,\u00a0\u0142uski i nasiona psyllium,\u00a0hydrolizowane dro\u017cd\u017ce (\u017ar\u00f3d\u0142o mannooligosacharyd\u00f3w i beta-glukan\u00f3w) (0,29%),\u00a0olej z alg Schizochytrium sp. (\u017ar\u00f3d\u0142o kwas\u00f3w DHA),\u00a0sok z juki schidigera,\u00a0m\u0105czka z aksamitki,\u00a0glukozamina uzyskana z fermentacji,\u00a0hydrolizowana chrz\u0105stka (\u017ar\u00f3d\u0142o chondroityny).<br \/>\n*L.I.P.: bia\u0142ko wyselekcjonowane ze wzgl\u0119du na bardzo wysok\u0105 strawno\u015b\u0107.<\/p>\n<h4>Dodatki dietetyczne:<\/h4>\n<p>Witamina A: 15500 UI, Witamina D3: 1000 UI, \u017belazo (3b103): 39 mg, Jod (3b201, 3b202): 3,9 mg, Mied\u017a (3b405, 3b406): 12 mg, Mangan (3b502, 3b504): 51 mg, Cynk (3b603, 3b605, 3b606): 132 mg, Selen (3b801, 3b811, 3b812): 0,06 mg &#8211; Dodatki technologiczne: Klinoptylolit pochodzenia osadowego: 10 g &#8211; Konserwanty &#8211; Przeciwutleniacze.<\/p>\n<h4>SK\u0141ADNIKI ANALITYCZNE:<\/h4>\n<p>Witamina E:\u00a0500\u00a0mg\/kg\u00a0&#8211;\u00a0Witamina C:\u00a0400\u00a0mg\/kg.\u00a0Energia metaboliczna:\u00a03812\u00a0kcal\/kg.<\/p>\n<p>BIA\u0141KO SUROWE\u00a030,0%<br \/>\nOLEJE I T\u0141USZCZE SUROWE\u00a016,0%<br \/>\nPOPI\u00d3\u0141 SUROWY\u00a07,6%<br \/>\nW\u0141\u00d3KNO SUROWE\u00a02,5%<br \/>\nKWASY T\u0141USZCZOWE OMEGA-3 (DHA)\u00a00,17%<\/p>\n<p>&nbsp;<\/p>\n<p>&nbsp;<\/p>\n<p>&nbsp;<\/p>","protected":false},"excerpt":{"rendered":"<p>karma sucha dla szczeni\u0105t, od 2 do 15 miesi\u0105ca \u017cycia, ras du\u017cych<\/p>\n<p>Marka: Royal Canin<\/p>\n<p>Dla jakiego pupila: Pies<\/p>\n<p><span class=\"ty-product-feature__label\">Wielko\u015b\u0107 pupila: Rasy du\u017ce<\/span><\/p>\n<p>Faza \u017cycia: Junior<\/p>\n<p>&nbsp;<\/p>","protected":false},"featured_media":8064,"comment_status":"open","ping_status":"closed","template":"","meta":{"om_disable_all_campaigns":false,"inline_featured_image":false},"product_brand":[],"product_cat":[27,95,98],"product_tag":[],"class_list":{"0":"post-8046","1":"product","2":"type-product","3":"status-publish","4":"has-post-thumbnail","6":"product_cat-dog-food","7":"product_cat-royal-canin-dog-food","8":"product_cat-wielkosc-psa","10":"first","11":"outofstock","12":"taxable","13":"shipping-taxable","14":"product-type-variable","15":"has-default-attributes"},"_links":{"self":[{"href":"https:\/\/www.lanrel.pl\/pl\/wp-json\/wp\/v2\/product\/8046","targetHints":{"allow":["GET"]}}],"collection":[{"href":"https:\/\/www.lanrel.pl\/pl\/wp-json\/wp\/v2\/product"}],"about":[{"href":"https:\/\/www.lanrel.pl\/pl\/wp-json\/wp\/v2\/types\/product"}],"replies":[{"embeddable":true,"href":"https:\/\/www.lanrel.pl\/pl\/wp-json\/wp\/v2\/comments?post=8046"}],"wp:featuredmedia":[{"embeddable":true,"href":"https:\/\/www.lanrel.pl\/pl\/wp-json\/wp\/v2\/media\/8064"}],"wp:attachment":[{"href":"https:\/\/www.lanrel.pl\/pl\/wp-json\/wp\/v2\/media?parent=8046"}],"wp:term":[{"taxonomy":"product_brand","embeddable":true,"href":"https:\/\/www.lanrel.pl\/pl\/wp-json\/wp\/v2\/product_brand?post=8046"},{"taxonomy":"product_cat","embeddable":true,"href":"https:\/\/www.lanrel.pl\/pl\/wp-json\/wp\/v2\/product_cat?post=8046"},{"taxonomy":"product_tag","embeddable":true,"href":"https:\/\/www.lanrel.pl\/pl\/wp-json\/wp\/v2\/product_tag?post=8046"}],"curies":[{"name":"wp","href":"https:\/\/api.w.org\/{rel}","templated":true}]}}