{"id":8025,"date":"2025-10-28T16:51:44","date_gmt":"2025-10-28T15:51:44","guid":{"rendered":"https:\/\/lanrel.eu\/?post_type=product&#038;p=8025"},"modified":"2025-10-28T16:51:44","modified_gmt":"2025-10-28T15:51:44","slug":"royal-canin-maxi-adult-5-karma-sucha-dla-psow-starszych-ras-duzych-15-kg","status":"publish","type":"product","link":"https:\/\/www.lanrel.pl\/pl\/produkt\/royal-canin-maxi-adult-5-karma-sucha-dla-psow-starszych-ras-duzych-15-kg\/","title":{"rendered":"ROYAL CANIN\u00ae Maxi Adult 5+ karma sucha dla ps\u00f3w starszych ras du\u017cych 15 kg"},"content":{"rendered":"<h4>Zalety:<\/h4>\n<ul>\n<li>SPRZYJA WSPOMAGANIU ZDROWIA UK\u0141ADU POKARMOWEGO. Bia\u0142ka o wysokiej strawno\u015bci i optymalna kombinacja w\u0142\u00f3kna pokarmowego sprzyjaj\u0105 wspomaganiu zdrowego przebiegu trawienia.<\/li>\n<li>WSPARCIE DLA KO\u015aCI I STAW\u00d3W. Niezb\u0119dne sk\u0142adniki pokarmowe, w tym sk\u0142adniki mineralne, sprzyjaj\u0105 zdrowiu ko\u015bci i staw\u00f3w.<\/li>\n<li>WSPOMAGANIE WITALNO\u015aCI. Kombinacja witamin dla wspomagania witalno\u015bci .<\/li>\n<li>DOSTOSOWANA WIELKO\u015a\u0106 KROKIET\u00d3W. Wielko\u015b\u0107 kszta\u0142t krokiet\u00f3w zosta\u0142y dostosowane do budowy szcz\u0119ki i zach\u0119caj\u0105 psa do rozgryzania karmy<\/li>\n<\/ul>\n<p><img fetchpriority=\"high\" decoding=\"async\" class=\"aligncenter size-full wp-image-8026\" src=\"http:\/\/lanrel.eu\/wp-content\/uploads\/2025\/10\/SHN24_MAXI_ADULT5_DRY_1.png\" alt=\"\" width=\"2560\" height=\"2088\" srcset=\"https:\/\/www.lanrel.pl\/wp-content\/uploads\/2025\/10\/SHN24_MAXI_ADULT5_DRY_1.png 2560w, https:\/\/www.lanrel.pl\/wp-content\/uploads\/2025\/10\/SHN24_MAXI_ADULT5_DRY_1-300x245.png 300w, https:\/\/www.lanrel.pl\/wp-content\/uploads\/2025\/10\/SHN24_MAXI_ADULT5_DRY_1-1024x835.png 1024w, https:\/\/www.lanrel.pl\/wp-content\/uploads\/2025\/10\/SHN24_MAXI_ADULT5_DRY_1-768x626.png 768w, https:\/\/www.lanrel.pl\/wp-content\/uploads\/2025\/10\/SHN24_MAXI_ADULT5_DRY_1-1536x1253.png 1536w, https:\/\/www.lanrel.pl\/wp-content\/uploads\/2025\/10\/SHN24_MAXI_ADULT5_DRY_1-2048x1670.png 2048w, https:\/\/www.lanrel.pl\/wp-content\/uploads\/2025\/10\/SHN24_MAXI_ADULT5_DRY_1-15x12.png 15w, https:\/\/www.lanrel.pl\/wp-content\/uploads\/2025\/10\/SHN24_MAXI_ADULT5_DRY_1-600x489.png 600w\" sizes=\"(max-width: 2560px) 100vw, 2560px\" \/> <img decoding=\"async\" class=\"aligncenter size-full wp-image-8027\" src=\"http:\/\/lanrel.eu\/wp-content\/uploads\/2025\/10\/SHN24_MAXI_ADULT5_DRY_2.png\" alt=\"\" width=\"2560\" height=\"1926\" srcset=\"https:\/\/www.lanrel.pl\/wp-content\/uploads\/2025\/10\/SHN24_MAXI_ADULT5_DRY_2.png 2560w, https:\/\/www.lanrel.pl\/wp-content\/uploads\/2025\/10\/SHN24_MAXI_ADULT5_DRY_2-300x226.png 300w, https:\/\/www.lanrel.pl\/wp-content\/uploads\/2025\/10\/SHN24_MAXI_ADULT5_DRY_2-1024x770.png 1024w, https:\/\/www.lanrel.pl\/wp-content\/uploads\/2025\/10\/SHN24_MAXI_ADULT5_DRY_2-768x578.png 768w, https:\/\/www.lanrel.pl\/wp-content\/uploads\/2025\/10\/SHN24_MAXI_ADULT5_DRY_2-1536x1156.png 1536w, https:\/\/www.lanrel.pl\/wp-content\/uploads\/2025\/10\/SHN24_MAXI_ADULT5_DRY_2-2048x1541.png 2048w, https:\/\/www.lanrel.pl\/wp-content\/uploads\/2025\/10\/SHN24_MAXI_ADULT5_DRY_2-16x12.png 16w, https:\/\/www.lanrel.pl\/wp-content\/uploads\/2025\/10\/SHN24_MAXI_ADULT5_DRY_2-600x451.png 600w\" sizes=\"(max-width: 2560px) 100vw, 2560px\" \/> <img decoding=\"async\" class=\"aligncenter size-full wp-image-8028\" src=\"http:\/\/lanrel.eu\/wp-content\/uploads\/2025\/10\/SHN24_MAXI_ADULT5_DRY_3.png\" alt=\"\" width=\"2560\" height=\"958\" srcset=\"https:\/\/www.lanrel.pl\/wp-content\/uploads\/2025\/10\/SHN24_MAXI_ADULT5_DRY_3.png 2560w, https:\/\/www.lanrel.pl\/wp-content\/uploads\/2025\/10\/SHN24_MAXI_ADULT5_DRY_3-300x112.png 300w, https:\/\/www.lanrel.pl\/wp-content\/uploads\/2025\/10\/SHN24_MAXI_ADULT5_DRY_3-1024x383.png 1024w, https:\/\/www.lanrel.pl\/wp-content\/uploads\/2025\/10\/SHN24_MAXI_ADULT5_DRY_3-768x287.png 768w, https:\/\/www.lanrel.pl\/wp-content\/uploads\/2025\/10\/SHN24_MAXI_ADULT5_DRY_3-1536x575.png 1536w, https:\/\/www.lanrel.pl\/wp-content\/uploads\/2025\/10\/SHN24_MAXI_ADULT5_DRY_3-2048x766.png 2048w, https:\/\/www.lanrel.pl\/wp-content\/uploads\/2025\/10\/SHN24_MAXI_ADULT5_DRY_3-18x7.png 18w, https:\/\/www.lanrel.pl\/wp-content\/uploads\/2025\/10\/SHN24_MAXI_ADULT5_DRY_3-600x225.png 600w\" sizes=\"(max-width: 2560px) 100vw, 2560px\" \/> <img loading=\"lazy\" decoding=\"async\" class=\"aligncenter size-full wp-image-8029\" src=\"http:\/\/lanrel.eu\/wp-content\/uploads\/2025\/10\/SHN24_MAXI_ADULT5_DRY_4.png\" alt=\"\" width=\"2560\" height=\"937\" srcset=\"https:\/\/www.lanrel.pl\/wp-content\/uploads\/2025\/10\/SHN24_MAXI_ADULT5_DRY_4.png 2560w, https:\/\/www.lanrel.pl\/wp-content\/uploads\/2025\/10\/SHN24_MAXI_ADULT5_DRY_4-300x110.png 300w, https:\/\/www.lanrel.pl\/wp-content\/uploads\/2025\/10\/SHN24_MAXI_ADULT5_DRY_4-1024x375.png 1024w, https:\/\/www.lanrel.pl\/wp-content\/uploads\/2025\/10\/SHN24_MAXI_ADULT5_DRY_4-768x281.png 768w, https:\/\/www.lanrel.pl\/wp-content\/uploads\/2025\/10\/SHN24_MAXI_ADULT5_DRY_4-1536x562.png 1536w, https:\/\/www.lanrel.pl\/wp-content\/uploads\/2025\/10\/SHN24_MAXI_ADULT5_DRY_4-2048x750.png 2048w, https:\/\/www.lanrel.pl\/wp-content\/uploads\/2025\/10\/SHN24_MAXI_ADULT5_DRY_4-18x7.png 18w, https:\/\/www.lanrel.pl\/wp-content\/uploads\/2025\/10\/SHN24_MAXI_ADULT5_DRY_4-600x220.png 600w\" sizes=\"(max-width: 2560px) 100vw, 2560px\" \/> <img loading=\"lazy\" decoding=\"async\" class=\"aligncenter size-full wp-image-8030\" src=\"http:\/\/lanrel.eu\/wp-content\/uploads\/2025\/10\/SHN24_MAXI_ADULT5_DRY_5.png\" alt=\"\" width=\"2561\" height=\"1446\" srcset=\"https:\/\/www.lanrel.pl\/wp-content\/uploads\/2025\/10\/SHN24_MAXI_ADULT5_DRY_5.png 2561w, https:\/\/www.lanrel.pl\/wp-content\/uploads\/2025\/10\/SHN24_MAXI_ADULT5_DRY_5-300x169.png 300w, https:\/\/www.lanrel.pl\/wp-content\/uploads\/2025\/10\/SHN24_MAXI_ADULT5_DRY_5-1024x578.png 1024w, https:\/\/www.lanrel.pl\/wp-content\/uploads\/2025\/10\/SHN24_MAXI_ADULT5_DRY_5-768x434.png 768w, https:\/\/www.lanrel.pl\/wp-content\/uploads\/2025\/10\/SHN24_MAXI_ADULT5_DRY_5-1536x867.png 1536w, https:\/\/www.lanrel.pl\/wp-content\/uploads\/2025\/10\/SHN24_MAXI_ADULT5_DRY_5-2048x1156.png 2048w, https:\/\/www.lanrel.pl\/wp-content\/uploads\/2025\/10\/SHN24_MAXI_ADULT5_DRY_5-18x10.png 18w, https:\/\/www.lanrel.pl\/wp-content\/uploads\/2025\/10\/SHN24_MAXI_ADULT5_DRY_5-600x339.png 600w\" sizes=\"(max-width: 2561px) 100vw, 2561px\" \/> <img loading=\"lazy\" decoding=\"async\" class=\"aligncenter size-full wp-image-8031\" src=\"http:\/\/lanrel.eu\/wp-content\/uploads\/2025\/10\/SHN24_MAXI_ADULT5_DRY_6.png\" alt=\"\" width=\"2561\" height=\"2269\" srcset=\"https:\/\/www.lanrel.pl\/wp-content\/uploads\/2025\/10\/SHN24_MAXI_ADULT5_DRY_6.png 2561w, https:\/\/www.lanrel.pl\/wp-content\/uploads\/2025\/10\/SHN24_MAXI_ADULT5_DRY_6-300x266.png 300w, https:\/\/www.lanrel.pl\/wp-content\/uploads\/2025\/10\/SHN24_MAXI_ADULT5_DRY_6-1024x907.png 1024w, https:\/\/www.lanrel.pl\/wp-content\/uploads\/2025\/10\/SHN24_MAXI_ADULT5_DRY_6-768x680.png 768w, https:\/\/www.lanrel.pl\/wp-content\/uploads\/2025\/10\/SHN24_MAXI_ADULT5_DRY_6-1536x1361.png 1536w, https:\/\/www.lanrel.pl\/wp-content\/uploads\/2025\/10\/SHN24_MAXI_ADULT5_DRY_6-2048x1814.png 2048w, https:\/\/www.lanrel.pl\/wp-content\/uploads\/2025\/10\/SHN24_MAXI_ADULT5_DRY_6-14x12.png 14w, https:\/\/www.lanrel.pl\/wp-content\/uploads\/2025\/10\/SHN24_MAXI_ADULT5_DRY_6-600x532.png 600w\" sizes=\"(max-width: 2561px) 100vw, 2561px\" \/> <img loading=\"lazy\" decoding=\"async\" class=\"aligncenter size-full wp-image-8032\" src=\"http:\/\/lanrel.eu\/wp-content\/uploads\/2025\/10\/SHN24_MAXI_ADULT5_DRY_7.png\" alt=\"\" width=\"2561\" height=\"1646\" srcset=\"https:\/\/www.lanrel.pl\/wp-content\/uploads\/2025\/10\/SHN24_MAXI_ADULT5_DRY_7.png 2561w, https:\/\/www.lanrel.pl\/wp-content\/uploads\/2025\/10\/SHN24_MAXI_ADULT5_DRY_7-300x193.png 300w, https:\/\/www.lanrel.pl\/wp-content\/uploads\/2025\/10\/SHN24_MAXI_ADULT5_DRY_7-1024x658.png 1024w, https:\/\/www.lanrel.pl\/wp-content\/uploads\/2025\/10\/SHN24_MAXI_ADULT5_DRY_7-768x494.png 768w, https:\/\/www.lanrel.pl\/wp-content\/uploads\/2025\/10\/SHN24_MAXI_ADULT5_DRY_7-1536x987.png 1536w, https:\/\/www.lanrel.pl\/wp-content\/uploads\/2025\/10\/SHN24_MAXI_ADULT5_DRY_7-2048x1316.png 2048w, https:\/\/www.lanrel.pl\/wp-content\/uploads\/2025\/10\/SHN24_MAXI_ADULT5_DRY_7-18x12.png 18w, https:\/\/www.lanrel.pl\/wp-content\/uploads\/2025\/10\/SHN24_MAXI_ADULT5_DRY_7-600x386.png 600w\" sizes=\"(max-width: 2561px) 100vw, 2561px\" \/> <img loading=\"lazy\" decoding=\"async\" class=\"aligncenter size-full wp-image-8033\" src=\"http:\/\/lanrel.eu\/wp-content\/uploads\/2025\/10\/SHN24_MAXI_ADULT5_DRY_8.png\" alt=\"\" width=\"2561\" height=\"2006\" srcset=\"https:\/\/www.lanrel.pl\/wp-content\/uploads\/2025\/10\/SHN24_MAXI_ADULT5_DRY_8.png 2561w, https:\/\/www.lanrel.pl\/wp-content\/uploads\/2025\/10\/SHN24_MAXI_ADULT5_DRY_8-300x235.png 300w, https:\/\/www.lanrel.pl\/wp-content\/uploads\/2025\/10\/SHN24_MAXI_ADULT5_DRY_8-1024x802.png 1024w, https:\/\/www.lanrel.pl\/wp-content\/uploads\/2025\/10\/SHN24_MAXI_ADULT5_DRY_8-768x602.png 768w, https:\/\/www.lanrel.pl\/wp-content\/uploads\/2025\/10\/SHN24_MAXI_ADULT5_DRY_8-1536x1203.png 1536w, https:\/\/www.lanrel.pl\/wp-content\/uploads\/2025\/10\/SHN24_MAXI_ADULT5_DRY_8-2048x1604.png 2048w, https:\/\/www.lanrel.pl\/wp-content\/uploads\/2025\/10\/SHN24_MAXI_ADULT5_DRY_8-15x12.png 15w, https:\/\/www.lanrel.pl\/wp-content\/uploads\/2025\/10\/SHN24_MAXI_ADULT5_DRY_8-600x470.png 600w\" sizes=\"(max-width: 2561px) 100vw, 2561px\" \/><\/p>\n<p>Niezale\u017cnie od wieku potrzeby ps\u00f3w ras du\u017cych znacznie r\u00f3\u017cni\u0105 si\u0119 od potrzeb ps\u00f3w ras ma\u0142ych. To oznacza \u017ce potrzebuj\u0105 karmy \u015bci\u015ble dostosowanej do ich wielko\u015bci, kt\u00f3ra b\u0119dzie wspomaga\u0107 psa na dalszych etapach \u017cycia.<\/p>\n<p>Dla ps\u00f3w ras du\u017cych powy\u017cej 5 roku \u017cycia zaleca si\u0119 karm\u0119 ROYAL CANIN\u00ae Maxi Adult 5+ . To pe\u0142noporcjowa karma, o recepturze prawid\u0142owo zbilansowanej pod wzgl\u0119dem sk\u0142adnik\u00f3w pokarmowych i opracowanej specjalnie z uwzgl\u0119dnieniem szczeg\u00f3lnych potrzeb ps\u00f3w dojrza\u0142ych.<\/p>\n<p>Psy ras du\u017cych ze wzgl\u0119du na wyd\u0142u\u017cony tranzyt tre\u015bci pokarmowej maj\u0105 bardziej wra\u017cliwy przew\u00f3d pokarmowy ni\u017c psy mniejszych ras. Receptura karmy zawiera bia\u0142ka o wysokiej strawno\u015bci i optymaln\u0105 kombinacj\u0119 w\u0142\u00f3kna pokarmowego, co sprzyja wspomaganiu zdrowego przebiegu trawienia.<\/p>\n<p>Masa cia\u0142a ps\u00f3w ras du\u017cych od 26 do 44 kg, powoduje znacznie obci\u0105\u017cenie staw\u00f3w. Receptura karmy zawiera specjalnie opracowan\u0105 kombinacj\u0119 sk\u0142adnik\u00f3w pokarmowych, w tym mineralnych, kt\u00f3ra wspomaga utrzymanie zdrowia ko\u015bci i staw\u00f3w.<\/p>\n<p>Doros\u0142y pies dla utrzymania zdrowia potrzebuje specyficznych sk\u0142adnik\u00f3w pokarmowych. Receptura zawiera kombinacj\u0119 niezb\u0119dnych witamin, kt\u00f3re pomagaj\u0105 utrzyma\u0107 witalno\u015b\u0107 u psa doros\u0142ego.<\/p>\n<p>Uwzgl\u0119dnienie specyficznej budowy ps\u00f3w ras du\u017cych przy opracowaniu parametr\u00f3w krokieta, oznacza doskona\u0142e dostosowanie do z\u0119b\u00f3w i szcz\u0119ki psa doros\u0142ego oraz zach\u0119ca do dok\u0142adnego rozgryzania karmy.<\/p>\n<p>Karm\u0119 such\u0105 ROYAL CANIN\u00ae Maxi Adult 5+ mo\u017cna stosowa\u0107 z odpowiednimi karmami mokrymi Royal Canin, w formie pasztetu lub kawa\u0142k\u00f3w w sosie (karmienie mieszane). Podawanie karmy mokrej i karmy suchej urozmaica posi\u0142ki i zwi\u0119ksza zainteresowanie psa jedzeniem. Karma sucha zapewnia efekt mechanicznego czyszczenia, co pomaga zachowa\u0107 zdrowie z\u0119b\u00f3w, a wysoka zawarto\u015b\u0107 wody w karmie mokrej karmie sprzyja nawodnieniu organizmu i zdrowiu uk\u0142adu moczowego psa doros\u0142ego.<\/p>\n<p>Wszystkie produkty ROYAL CANIN\u00ae przechodz\u0105 surowe kontrole, co gwarantuje najwy\u017csz\u0105 jako\u015b\u0107 karmy.<\/p>\n<p>Nasz zesp\u00f3\u0142 naukowc\u00f3w opracowuje receptury dostosowane do specyficznych potrzeb \u017cywieniowych doros\u0142ych ps\u00f3w, wykorzystuj\u0105c wysokiej jako\u015bci sk\u0142adniki pokarmowe oraz i uwzgl\u0119dniaj\u0105c zasady zr\u00f3wnowa\u017conego rozwoju.<\/p>\n<h4><strong>SK\u0141AD:<\/strong><\/h4>\n<p>suszone bia\u0142ka drobiowe,\u00a0t\u0142uszcze zwierz\u0119ce,\u00a0kukurydza,\u00a0pszenica,\u00a0m\u0105ka pszenna,\u00a0m\u0105ka kukurydziana,\u00a0j\u0119czmie\u0144,\u00a0gluten kukurydziany,\u00a0gluten pszenny,\u00a0hydrolizowane bia\u0142ka zwierz\u0119ce,\u00a0wys\u0142odki buraczane,\u00a0minera\u0142y,\u00a0olej z ryb,\u00a0olej sojowy,\u00a0produkty dro\u017cd\u017cy,\u00a0\u0142uski i nasiona psyllium,\u00a0fruktooligosacharydy,\u00a0olej z alg Schizochytrium sp.,\u00a0glukozamina uzyskana z fermentacji,\u00a0hydrolizowana chrz\u0105stka (\u017ar\u00f3d\u0142o chondroityny).<\/p>\n<h4><strong>DODATKI\u00a0<\/strong>(na 1 kg karmy):<\/h4>\n<p>Witamina A: 21800 UI, Witamina D3: 1000 UI, \u017belazo (3b103): 36 mg, Jod (3b201, 3b202): 3,6 mg, Mied\u017a (3b405, 3b406): 11 mg, Mangan (3b502, 3b504): 47 mg, Cynk (3b603, 3b605, 3b606): 131 mg, Selen (3b801, 3b811, 3b812): 0,06 mg &#8211; Dodatki technologiczne: Klinoptylolit pochodzenia osadowego: 10 g &#8211; Konserwanty &#8211; Przeciwutleniacze.<\/p>\n<h4><strong>SK\u0141ADNIKI ANALITYCZNE:<\/strong><\/h4>\n<p>Bia\u0142ko surowe:\u00a026,0%\u00a0&#8211;\u00a0W\u0142\u00f3kno surowe:\u00a01,6%\u00a0&#8211;\u00a0Oleje i t\u0142uszcze surowe:\u00a017,0%\u00a0&#8211;\u00a0Popi\u00f3\u0142 surowy:\u00a06,4%.<\/p>\n<h4><strong>SPOS\u00d3B U\u017bYCIA:<\/strong><\/h4>\n<p>patrz tabela.<\/p>\n<p>Najlepiej wykorzysta\u0107 przed: patrz data wa\u017cno\u015bci. Data wa\u017cno\u015bci, numer partii i numer rejestracyjny zak\u0142adu znajduj\u0105 si\u0119 na opakowaniu.\u00a0Przechowywa\u0107 w suchym i ch\u0142odnym miejscu.<\/p>","protected":false},"excerpt":{"rendered":"<p>Karma dla ps\u00f3w du\u017cych (26-44 kg), doros\u0142ych, powy\u017cej 5 roku \u017cycia<\/p>\n<p>Marka: Royal Canin<\/p>\n<p>Dla jakiego pupila: Pies<\/p>\n<p><span class=\"ty-product-feature__label\">Wielko\u015b\u0107 pupila: Rasy du\u017ce<\/span><\/p>\n<p>Faza \u017cycia: Doros\u0142y<\/p>\n<p>&nbsp;<\/p>","protected":false},"featured_media":8034,"comment_status":"open","ping_status":"closed","template":"","meta":{"om_disable_all_campaigns":false,"inline_featured_image":false},"product_brand":[],"product_cat":[27,95,98],"product_tag":[],"class_list":{"0":"post-8025","1":"product","2":"type-product","3":"status-publish","4":"has-post-thumbnail","6":"product_cat-dog-food","7":"product_cat-royal-canin-dog-food","8":"product_cat-wielkosc-psa","10":"first","11":"outofstock","12":"taxable","13":"shipping-taxable","14":"purchasable","15":"product-type-simple"},"_links":{"self":[{"href":"https:\/\/www.lanrel.pl\/pl\/wp-json\/wp\/v2\/product\/8025","targetHints":{"allow":["GET"]}}],"collection":[{"href":"https:\/\/www.lanrel.pl\/pl\/wp-json\/wp\/v2\/product"}],"about":[{"href":"https:\/\/www.lanrel.pl\/pl\/wp-json\/wp\/v2\/types\/product"}],"replies":[{"embeddable":true,"href":"https:\/\/www.lanrel.pl\/pl\/wp-json\/wp\/v2\/comments?post=8025"}],"wp:featuredmedia":[{"embeddable":true,"href":"https:\/\/www.lanrel.pl\/pl\/wp-json\/wp\/v2\/media\/8034"}],"wp:attachment":[{"href":"https:\/\/www.lanrel.pl\/pl\/wp-json\/wp\/v2\/media?parent=8025"}],"wp:term":[{"taxonomy":"product_brand","embeddable":true,"href":"https:\/\/www.lanrel.pl\/pl\/wp-json\/wp\/v2\/product_brand?post=8025"},{"taxonomy":"product_cat","embeddable":true,"href":"https:\/\/www.lanrel.pl\/pl\/wp-json\/wp\/v2\/product_cat?post=8025"},{"taxonomy":"product_tag","embeddable":true,"href":"https:\/\/www.lanrel.pl\/pl\/wp-json\/wp\/v2\/product_tag?post=8025"}],"curies":[{"name":"wp","href":"https:\/\/api.w.org\/{rel}","templated":true}]}}