{"id":8003,"date":"2025-10-28T14:04:21","date_gmt":"2025-10-28T13:04:21","guid":{"rendered":"https:\/\/lanrel.eu\/?post_type=product&#038;p=8003"},"modified":"2025-10-28T14:04:21","modified_gmt":"2025-10-28T13:04:21","slug":"royal-canin-maxi-ageing-8-karma-sucha-dla-psow-starszych-15-kg","status":"publish","type":"product","link":"https:\/\/www.lanrel.pl\/pl\/produkt\/royal-canin-maxi-ageing-8-karma-sucha-dla-psow-starszych-15-kg\/","title":{"rendered":"ROYAL CANIN\u00ae Maxi Ageing 8+  karma sucha dla ps\u00f3w starszych 15 kg"},"content":{"rendered":"<h4>Zalety:<\/h4>\n<ul>\n<li>SPRZYJA WSPOMAGANIU ZDROWIA UK\u0141ADU POKARMOWEGO. Bia\u0142ka o wysokiej strawno\u015bci i optymalna kombinacja w\u0142\u00f3kna pokarmowego sprzyjaj\u0105 wspomaganiu zdrowego przebiegu trawienia.<\/li>\n<li>WSPARCIE DLA KO\u015aCI I STAW\u00d3W. Niezb\u0119dne sk\u0142adniki pokarmowe, w tym sk\u0142adniki mineralne, sprzyjaj\u0105 zdrowiu ko\u015bci i staw\u00f3w.<\/li>\n<li>WSPOMAGANIE WITALNO\u015aCI. Receptura wzbogacona w sk\u0142adniki pokarmowe kluczowe dla utrzymania witalno\u015bci psa przez ca\u0142e \u017cycie.<\/li>\n<\/ul>\n<p><img fetchpriority=\"high\" decoding=\"async\" class=\"aligncenter size-full wp-image-8018\" src=\"http:\/\/lanrel.eu\/wp-content\/uploads\/2025\/10\/SHN24_MAXI_AGEING8_DRY_1.png\" alt=\"\" width=\"2560\" height=\"2088\" srcset=\"https:\/\/www.lanrel.pl\/wp-content\/uploads\/2025\/10\/SHN24_MAXI_AGEING8_DRY_1.png 2560w, https:\/\/www.lanrel.pl\/wp-content\/uploads\/2025\/10\/SHN24_MAXI_AGEING8_DRY_1-300x245.png 300w, https:\/\/www.lanrel.pl\/wp-content\/uploads\/2025\/10\/SHN24_MAXI_AGEING8_DRY_1-1024x835.png 1024w, https:\/\/www.lanrel.pl\/wp-content\/uploads\/2025\/10\/SHN24_MAXI_AGEING8_DRY_1-768x626.png 768w, https:\/\/www.lanrel.pl\/wp-content\/uploads\/2025\/10\/SHN24_MAXI_AGEING8_DRY_1-1536x1253.png 1536w, https:\/\/www.lanrel.pl\/wp-content\/uploads\/2025\/10\/SHN24_MAXI_AGEING8_DRY_1-2048x1670.png 2048w, https:\/\/www.lanrel.pl\/wp-content\/uploads\/2025\/10\/SHN24_MAXI_AGEING8_DRY_1-15x12.png 15w, https:\/\/www.lanrel.pl\/wp-content\/uploads\/2025\/10\/SHN24_MAXI_AGEING8_DRY_1-600x489.png 600w\" sizes=\"(max-width: 2560px) 100vw, 2560px\" \/> <img decoding=\"async\" class=\"aligncenter size-full wp-image-8019\" src=\"http:\/\/lanrel.eu\/wp-content\/uploads\/2025\/10\/SHN24_MAXI_AGEING8_DRY_2.png\" alt=\"\" width=\"2560\" height=\"1923\" srcset=\"https:\/\/www.lanrel.pl\/wp-content\/uploads\/2025\/10\/SHN24_MAXI_AGEING8_DRY_2.png 2560w, https:\/\/www.lanrel.pl\/wp-content\/uploads\/2025\/10\/SHN24_MAXI_AGEING8_DRY_2-300x225.png 300w, https:\/\/www.lanrel.pl\/wp-content\/uploads\/2025\/10\/SHN24_MAXI_AGEING8_DRY_2-1024x769.png 1024w, https:\/\/www.lanrel.pl\/wp-content\/uploads\/2025\/10\/SHN24_MAXI_AGEING8_DRY_2-768x577.png 768w, https:\/\/www.lanrel.pl\/wp-content\/uploads\/2025\/10\/SHN24_MAXI_AGEING8_DRY_2-1536x1154.png 1536w, https:\/\/www.lanrel.pl\/wp-content\/uploads\/2025\/10\/SHN24_MAXI_AGEING8_DRY_2-2048x1538.png 2048w, https:\/\/www.lanrel.pl\/wp-content\/uploads\/2025\/10\/SHN24_MAXI_AGEING8_DRY_2-16x12.png 16w, https:\/\/www.lanrel.pl\/wp-content\/uploads\/2025\/10\/SHN24_MAXI_AGEING8_DRY_2-600x451.png 600w\" sizes=\"(max-width: 2560px) 100vw, 2560px\" \/> <img decoding=\"async\" class=\"aligncenter size-full wp-image-8020\" src=\"http:\/\/lanrel.eu\/wp-content\/uploads\/2025\/10\/SHN24_MAXI_AGEING8_DRY_3.png\" alt=\"\" width=\"2560\" height=\"976\" srcset=\"https:\/\/www.lanrel.pl\/wp-content\/uploads\/2025\/10\/SHN24_MAXI_AGEING8_DRY_3.png 2560w, https:\/\/www.lanrel.pl\/wp-content\/uploads\/2025\/10\/SHN24_MAXI_AGEING8_DRY_3-300x114.png 300w, https:\/\/www.lanrel.pl\/wp-content\/uploads\/2025\/10\/SHN24_MAXI_AGEING8_DRY_3-1024x390.png 1024w, https:\/\/www.lanrel.pl\/wp-content\/uploads\/2025\/10\/SHN24_MAXI_AGEING8_DRY_3-768x293.png 768w, https:\/\/www.lanrel.pl\/wp-content\/uploads\/2025\/10\/SHN24_MAXI_AGEING8_DRY_3-1536x586.png 1536w, https:\/\/www.lanrel.pl\/wp-content\/uploads\/2025\/10\/SHN24_MAXI_AGEING8_DRY_3-2048x781.png 2048w, https:\/\/www.lanrel.pl\/wp-content\/uploads\/2025\/10\/SHN24_MAXI_AGEING8_DRY_3-18x7.png 18w, https:\/\/www.lanrel.pl\/wp-content\/uploads\/2025\/10\/SHN24_MAXI_AGEING8_DRY_3-600x229.png 600w\" sizes=\"(max-width: 2560px) 100vw, 2560px\" \/> <img loading=\"lazy\" decoding=\"async\" class=\"aligncenter size-full wp-image-8021\" src=\"http:\/\/lanrel.eu\/wp-content\/uploads\/2025\/10\/SHN24_MAXI_AGEING8_DRY_4.png\" alt=\"\" width=\"2560\" height=\"996\" srcset=\"https:\/\/www.lanrel.pl\/wp-content\/uploads\/2025\/10\/SHN24_MAXI_AGEING8_DRY_4.png 2560w, https:\/\/www.lanrel.pl\/wp-content\/uploads\/2025\/10\/SHN24_MAXI_AGEING8_DRY_4-300x117.png 300w, https:\/\/www.lanrel.pl\/wp-content\/uploads\/2025\/10\/SHN24_MAXI_AGEING8_DRY_4-1024x398.png 1024w, https:\/\/www.lanrel.pl\/wp-content\/uploads\/2025\/10\/SHN24_MAXI_AGEING8_DRY_4-768x299.png 768w, https:\/\/www.lanrel.pl\/wp-content\/uploads\/2025\/10\/SHN24_MAXI_AGEING8_DRY_4-1536x598.png 1536w, https:\/\/www.lanrel.pl\/wp-content\/uploads\/2025\/10\/SHN24_MAXI_AGEING8_DRY_4-2048x797.png 2048w, https:\/\/www.lanrel.pl\/wp-content\/uploads\/2025\/10\/SHN24_MAXI_AGEING8_DRY_4-18x7.png 18w, https:\/\/www.lanrel.pl\/wp-content\/uploads\/2025\/10\/SHN24_MAXI_AGEING8_DRY_4-600x233.png 600w\" sizes=\"(max-width: 2560px) 100vw, 2560px\" \/> <img loading=\"lazy\" decoding=\"async\" class=\"aligncenter size-full wp-image-8022\" src=\"http:\/\/lanrel.eu\/wp-content\/uploads\/2025\/10\/SHN24_MAXI_AGEING8_DRY_5.png\" alt=\"\" width=\"2560\" height=\"1379\" srcset=\"https:\/\/www.lanrel.pl\/wp-content\/uploads\/2025\/10\/SHN24_MAXI_AGEING8_DRY_5.png 2560w, https:\/\/www.lanrel.pl\/wp-content\/uploads\/2025\/10\/SHN24_MAXI_AGEING8_DRY_5-300x162.png 300w, https:\/\/www.lanrel.pl\/wp-content\/uploads\/2025\/10\/SHN24_MAXI_AGEING8_DRY_5-1024x552.png 1024w, https:\/\/www.lanrel.pl\/wp-content\/uploads\/2025\/10\/SHN24_MAXI_AGEING8_DRY_5-768x414.png 768w, https:\/\/www.lanrel.pl\/wp-content\/uploads\/2025\/10\/SHN24_MAXI_AGEING8_DRY_5-1536x827.png 1536w, https:\/\/www.lanrel.pl\/wp-content\/uploads\/2025\/10\/SHN24_MAXI_AGEING8_DRY_5-2048x1103.png 2048w, https:\/\/www.lanrel.pl\/wp-content\/uploads\/2025\/10\/SHN24_MAXI_AGEING8_DRY_5-18x10.png 18w, https:\/\/www.lanrel.pl\/wp-content\/uploads\/2025\/10\/SHN24_MAXI_AGEING8_DRY_5-600x323.png 600w\" sizes=\"(max-width: 2560px) 100vw, 2560px\" \/> <img loading=\"lazy\" decoding=\"async\" class=\"aligncenter size-full wp-image-8023\" src=\"http:\/\/lanrel.eu\/wp-content\/uploads\/2025\/10\/SHN24_MAXI_AGEING8_DRY_6.png\" alt=\"\" width=\"2560\" height=\"1660\" srcset=\"https:\/\/www.lanrel.pl\/wp-content\/uploads\/2025\/10\/SHN24_MAXI_AGEING8_DRY_6.png 2560w, https:\/\/www.lanrel.pl\/wp-content\/uploads\/2025\/10\/SHN24_MAXI_AGEING8_DRY_6-300x195.png 300w, https:\/\/www.lanrel.pl\/wp-content\/uploads\/2025\/10\/SHN24_MAXI_AGEING8_DRY_6-1024x664.png 1024w, https:\/\/www.lanrel.pl\/wp-content\/uploads\/2025\/10\/SHN24_MAXI_AGEING8_DRY_6-768x498.png 768w, https:\/\/www.lanrel.pl\/wp-content\/uploads\/2025\/10\/SHN24_MAXI_AGEING8_DRY_6-1536x996.png 1536w, https:\/\/www.lanrel.pl\/wp-content\/uploads\/2025\/10\/SHN24_MAXI_AGEING8_DRY_6-2048x1328.png 2048w, https:\/\/www.lanrel.pl\/wp-content\/uploads\/2025\/10\/SHN24_MAXI_AGEING8_DRY_6-18x12.png 18w, https:\/\/www.lanrel.pl\/wp-content\/uploads\/2025\/10\/SHN24_MAXI_AGEING8_DRY_6-600x389.png 600w\" sizes=\"(max-width: 2560px) 100vw, 2560px\" \/> <img loading=\"lazy\" decoding=\"async\" class=\"aligncenter size-full wp-image-8024\" src=\"http:\/\/lanrel.eu\/wp-content\/uploads\/2025\/10\/SHN24_MAXI_AGEING8_DRY_7.png\" alt=\"\" width=\"2560\" height=\"2006\" srcset=\"https:\/\/www.lanrel.pl\/wp-content\/uploads\/2025\/10\/SHN24_MAXI_AGEING8_DRY_7.png 2560w, https:\/\/www.lanrel.pl\/wp-content\/uploads\/2025\/10\/SHN24_MAXI_AGEING8_DRY_7-300x235.png 300w, https:\/\/www.lanrel.pl\/wp-content\/uploads\/2025\/10\/SHN24_MAXI_AGEING8_DRY_7-1024x802.png 1024w, https:\/\/www.lanrel.pl\/wp-content\/uploads\/2025\/10\/SHN24_MAXI_AGEING8_DRY_7-768x602.png 768w, https:\/\/www.lanrel.pl\/wp-content\/uploads\/2025\/10\/SHN24_MAXI_AGEING8_DRY_7-1536x1204.png 1536w, https:\/\/www.lanrel.pl\/wp-content\/uploads\/2025\/10\/SHN24_MAXI_AGEING8_DRY_7-2048x1605.png 2048w, https:\/\/www.lanrel.pl\/wp-content\/uploads\/2025\/10\/SHN24_MAXI_AGEING8_DRY_7-15x12.png 15w, https:\/\/www.lanrel.pl\/wp-content\/uploads\/2025\/10\/SHN24_MAXI_AGEING8_DRY_7-600x470.png 600w\" sizes=\"(max-width: 2560px) 100vw, 2560px\" \/><\/p>\n<p>DOSTOSOWANA WIELKO\u015a\u0106 KROKIET\u00d3W. Wielko\u015b\u0107 kszta\u0142t krokiet\u00f3w zosta\u0142y dostosowane do budowy szcz\u0119ki i zach\u0119caj\u0105 psa do rozgryzania karmy.<\/p>\n<p>Potrzeby ps\u00f3w ras du\u017cych r\u00f3\u017cni\u0105 si\u0119 od potrzeb ps\u00f3w ras ma\u0142ych. Wraz z up\u0142ywem lat psy potrzebuj\u0105 karmy dostosowanej do wielko\u015bci i specyficznych potrzeb, kt\u00f3re zmieniaj\u0105 si\u0119 wraz z wiekiem, a ponadto mog\u0105 te\u017c pojawi\u0107 si\u0119 pewne wra\u017cliwo\u015bci zdrowotne.<\/p>\n<p>Dla ps\u00f3w ras du\u017cych powy\u017cej 8 roku \u017cycia zaleca si\u0119 karm\u0119 ROYAL CANIN\u00ae Maxi Adult 8+. To pe\u0142noporcjowa karma, o recepturze prawid\u0142owo zbilansowanej pod wzgl\u0119dem sk\u0142adnik\u00f3w pokarmowych i opracowanej specjalnie z uwzgl\u0119dnieniem szczeg\u00f3lnych potrzeb ps\u00f3w dojrza\u0142ych.<\/p>\n<p>Psy ras du\u017cych ze wzgl\u0119du na wyd\u0142u\u017cony tranzyt tre\u015bci pokarmowej maj\u0105 bardziej wra\u017cliwy przew\u00f3d pokarmowy ni\u017c psy mniejszych ras. Receptura karmy zawiera bia\u0142ka o wysokiej strawno\u015bci i optymaln\u0105 kombinacj\u0119 w\u0142\u00f3kna pokarmowego, co sprzyja wspomaganiu zdrowego przebiegu trawienia.<\/p>\n<p>Masa cia\u0142a ps\u00f3w ras du\u017cych od 26 do 44 kg, powoduje znacznie obci\u0105\u017cenie staw\u00f3w. Receptura karmy zawiera specjalnie opracowan\u0105 kombinacj\u0119 sk\u0142adnik\u00f3w pokarmowych, w tym mineralnych, kt\u00f3ra wspomaga utrzymanie zdrowia ko\u015bci i staw\u00f3w u ps\u00f3w starszych.<\/p>\n<p>Pies starszy wymaga dla utrzymania zdrowia specyficznych sk\u0142adnik\u00f3w pokarmowych, wspomagaj\u0105cych utrzymanie zdrowia. Receptura zawiera zestaw niezb\u0119dnych witamin i sk\u0142adnik\u00f3w pokarmowych, takich jak kwasy t\u0142uszczowe EPA i DHA, co pomaga wspiera\u0107 witalno\u015b\u0107 psa przez ca\u0142e \u017cycie.<\/p>\n<p>Uwzgl\u0119dnienie zmian anatomicznych pojawiaj\u0105cych si\u0119 u starszych ps\u00f3w, pozwoli\u0142o na opracowanie krokieta doskonale dostosowanego do z\u0119b\u00f3w i szcz\u0119ki psa, co zach\u0119ca do dok\u0142adnego rozgryzania karmy.<\/p>\n<p>Karm\u0119 such\u0105 ROYAL CANIN\u00ae Maxi Adult 8+ mo\u017cna stosowa\u0107 z odpowiednimi karmami mokrymi Royal Canin, w formie pasztetu lub kawa\u0142k\u00f3w w sosie (karmienie mieszane). Zdolno\u015bci kognitywne u starszych ps\u00f3w stopniow\u0105 s\u0142abn\u0105 wiekiem, dlatego stosowanie karmienia mieszanego (karma mokra i sucha) sprzyja zwi\u0119kszeniu smakowito\u015bci. Karma sucha zapewnia efekt mechanicznego czyszczenia, co pomaga zachowa\u0107 zdrowie z\u0119b\u00f3w, a wysoka zawarto\u015b\u0107 wody w karmie mokrej karmie sprzyja nawodnieniu organizmu i zdrowiu uk\u0142adu moczowego psa starszego.<\/p>\n<p>Wszystkie produkty ROYAL CANIN\u00ae przechodz\u0105 surowe kontrole, co gwarantuje najwy\u017csz\u0105 jako\u015b\u0107 karmy.<\/p>\n<p>Nasz zesp\u00f3\u0142 naukowc\u00f3w opracowuje receptury dostosowane do specyficznych potrzeb \u017cywieniowych ps\u00f3w starszych, wykorzystuj\u0105c wysokiej jako\u015bci sk\u0142adniki pokarmowe oraz i uwzgl\u0119dniaj\u0105c zasady zr\u00f3wnowa\u017conego rozwoju.<\/p>\n<h4><strong>SK\u0141AD:<\/strong><\/h4>\n<p>suszone bia\u0142ka drobiowe,\u00a0t\u0142uszcze zwierz\u0119ce,\u00a0kukurydza,\u00a0pszenica,\u00a0m\u0105ka kukurydziana,\u00a0j\u0119czmie\u0144,\u00a0gluten kukurydziany,\u00a0m\u0105ka pszenna,\u00a0gluten pszenny,\u00a0hydrolizowane bia\u0142ka zwierz\u0119ce,\u00a0wys\u0142odki buraczane,\u00a0minera\u0142y,\u00a0olej z ryb,\u00a0olej sojowy,\u00a0produkty dro\u017cd\u017cy,\u00a0\u0142uski i nasiona psyllium,\u00a0fruktooligosacharydy,\u00a0olej z alg Schizochytrium sp. (\u017ar\u00f3d\u0142o kwas\u00f3w EPA i DHA),\u00a0glukozamina uzyskana z fermentacji,\u00a0m\u0105czka z aksamitki,\u00a0hydrolizowana chrz\u0105stka (\u017ar\u00f3d\u0142o chondroityny).<\/p>\n<h4><strong>DODATKI\u00a0<\/strong>(na 1 kg karmy):<\/h4>\n<p>Witamina A: 21800 UI, Witamina D3: 1000 UI, \u017belazo (3b103): 34 mg, Jod (3b201, 3b202): 3,4 mg, Mied\u017a (3b405, 3b406): 10 mg, Mangan (3b502, 3b504): 44 mg, Cynk (3b603, 3b605, 3b606): 127 mg, Selen (3b801, 3b811, 3b812): 0,06 mg &#8211; Dodatki technologiczne: Klinoptylolit pochodzenia osadowego: 10 g &#8211; Konserwanty &#8211; Przeciwutleniacze.<\/p>\n<h4><strong>SK\u0141ADNIKI ANALITYCZNE:<\/strong><\/h4>\n<p>Bia\u0142ko surowe:\u00a027,0%\u00a0&#8211;\u00a0W\u0142\u00f3kno surowe:\u00a01,8%\u00a0&#8211;\u00a0Oleje i t\u0142uszcze surowe:\u00a017,0%\u00a0&#8211;\u00a0Popi\u00f3\u0142 surowy:\u00a06,2%\u00a0&#8211;\u00a0EPA\/DHA:\u00a00,44%.<\/p>\n<h4><strong>SPOS\u00d3B U\u017bYCIA:<\/strong><\/h4>\n<p>patrz tabela.<\/p>\n<p>Najlepiej wykorzysta\u0107 przed: patrz data wa\u017cno\u015bci. Data wa\u017cno\u015bci, numer partii i numer rejestracyjny zak\u0142adu znajduj\u0105 si\u0119 na opakowaniu.\u00a0Przechowywa\u0107 w suchym i ch\u0142odnym miejscu.<\/p>","protected":false},"excerpt":{"rendered":"<p>Karma dla ps\u00f3w du\u017cych (26-44 kg), doros\u0142ych, powy\u017cej 8 roku \u017cycia<\/p>\n<p>Marka: Royal Canin<\/p>\n<p>Dla jakiego pupila: Pies<\/p>\n<p><span class=\"ty-product-feature__label\">Wielko\u015b\u0107 pupila: Rasy du\u017ce<\/span><\/p>\n<p>Faza \u017cycia: Senior<\/p>\n<p>&nbsp;<\/p>","protected":false},"featured_media":8017,"comment_status":"open","ping_status":"closed","template":"","meta":{"om_disable_all_campaigns":false,"inline_featured_image":false},"product_brand":[],"product_cat":[27,95,98],"product_tag":[],"class_list":{"0":"post-8003","1":"product","2":"type-product","3":"status-publish","4":"has-post-thumbnail","6":"product_cat-dog-food","7":"product_cat-royal-canin-dog-food","8":"product_cat-wielkosc-psa","10":"first","11":"outofstock","12":"taxable","13":"shipping-taxable","14":"purchasable","15":"product-type-simple"},"_links":{"self":[{"href":"https:\/\/www.lanrel.pl\/pl\/wp-json\/wp\/v2\/product\/8003","targetHints":{"allow":["GET"]}}],"collection":[{"href":"https:\/\/www.lanrel.pl\/pl\/wp-json\/wp\/v2\/product"}],"about":[{"href":"https:\/\/www.lanrel.pl\/pl\/wp-json\/wp\/v2\/types\/product"}],"replies":[{"embeddable":true,"href":"https:\/\/www.lanrel.pl\/pl\/wp-json\/wp\/v2\/comments?post=8003"}],"wp:featuredmedia":[{"embeddable":true,"href":"https:\/\/www.lanrel.pl\/pl\/wp-json\/wp\/v2\/media\/8017"}],"wp:attachment":[{"href":"https:\/\/www.lanrel.pl\/pl\/wp-json\/wp\/v2\/media?parent=8003"}],"wp:term":[{"taxonomy":"product_brand","embeddable":true,"href":"https:\/\/www.lanrel.pl\/pl\/wp-json\/wp\/v2\/product_brand?post=8003"},{"taxonomy":"product_cat","embeddable":true,"href":"https:\/\/www.lanrel.pl\/pl\/wp-json\/wp\/v2\/product_cat?post=8003"},{"taxonomy":"product_tag","embeddable":true,"href":"https:\/\/www.lanrel.pl\/pl\/wp-json\/wp\/v2\/product_tag?post=8003"}],"curies":[{"name":"wp","href":"https:\/\/api.w.org\/{rel}","templated":true}]}}