{"id":7979,"date":"2025-10-27T19:02:55","date_gmt":"2025-10-27T18:02:55","guid":{"rendered":"https:\/\/lanrel.eu\/?post_type=product&#038;p=7979"},"modified":"2025-10-27T19:02:55","modified_gmt":"2025-10-27T18:02:55","slug":"royal-canin-maxi-adult-karma-sucha-dla-psow-doroslych-2","status":"publish","type":"product","link":"https:\/\/www.lanrel.pl\/pl\/produkt\/royal-canin-maxi-adult-karma-sucha-dla-psow-doroslych-2\/","title":{"rendered":"ROYAL CANIN\u00ae Maxi Adult karma sucha dla ps\u00f3w doros\u0142ych"},"content":{"rendered":"<h4>Zalety:<\/h4>\n<ul>\n<li>Wysoka strawno\u015b\u0107<\/li>\n<li>Wspomaganie ko\u015bci i staw\u00f3w<\/li>\n<li>Kwasy t\u0142uszczowe omega 3 (EPA-DHA)<\/li>\n<\/ul>\n<p>&nbsp;<\/p>\n<p><img fetchpriority=\"high\" decoding=\"async\" class=\"aligncenter size-full wp-image-7980\" src=\"http:\/\/lanrel.eu\/wp-content\/uploads\/2025\/10\/SHN24_MAXI_ADULT_DRY_1.png\" alt=\"\" width=\"2560\" height=\"2088\" srcset=\"https:\/\/www.lanrel.pl\/wp-content\/uploads\/2025\/10\/SHN24_MAXI_ADULT_DRY_1.png 2560w, https:\/\/www.lanrel.pl\/wp-content\/uploads\/2025\/10\/SHN24_MAXI_ADULT_DRY_1-300x245.png 300w, https:\/\/www.lanrel.pl\/wp-content\/uploads\/2025\/10\/SHN24_MAXI_ADULT_DRY_1-1024x835.png 1024w, https:\/\/www.lanrel.pl\/wp-content\/uploads\/2025\/10\/SHN24_MAXI_ADULT_DRY_1-768x626.png 768w, https:\/\/www.lanrel.pl\/wp-content\/uploads\/2025\/10\/SHN24_MAXI_ADULT_DRY_1-1536x1253.png 1536w, https:\/\/www.lanrel.pl\/wp-content\/uploads\/2025\/10\/SHN24_MAXI_ADULT_DRY_1-2048x1670.png 2048w, https:\/\/www.lanrel.pl\/wp-content\/uploads\/2025\/10\/SHN24_MAXI_ADULT_DRY_1-15x12.png 15w, https:\/\/www.lanrel.pl\/wp-content\/uploads\/2025\/10\/SHN24_MAXI_ADULT_DRY_1-600x489.png 600w\" sizes=\"(max-width: 2560px) 100vw, 2560px\" \/> <img decoding=\"async\" class=\"aligncenter size-full wp-image-7981\" src=\"http:\/\/lanrel.eu\/wp-content\/uploads\/2025\/10\/SHN24_MAXI_ADULT_DRY_2.png\" alt=\"\" width=\"2560\" height=\"1926\" srcset=\"https:\/\/www.lanrel.pl\/wp-content\/uploads\/2025\/10\/SHN24_MAXI_ADULT_DRY_2.png 2560w, https:\/\/www.lanrel.pl\/wp-content\/uploads\/2025\/10\/SHN24_MAXI_ADULT_DRY_2-300x226.png 300w, https:\/\/www.lanrel.pl\/wp-content\/uploads\/2025\/10\/SHN24_MAXI_ADULT_DRY_2-1024x770.png 1024w, https:\/\/www.lanrel.pl\/wp-content\/uploads\/2025\/10\/SHN24_MAXI_ADULT_DRY_2-768x578.png 768w, https:\/\/www.lanrel.pl\/wp-content\/uploads\/2025\/10\/SHN24_MAXI_ADULT_DRY_2-1536x1156.png 1536w, https:\/\/www.lanrel.pl\/wp-content\/uploads\/2025\/10\/SHN24_MAXI_ADULT_DRY_2-2048x1541.png 2048w, https:\/\/www.lanrel.pl\/wp-content\/uploads\/2025\/10\/SHN24_MAXI_ADULT_DRY_2-16x12.png 16w, https:\/\/www.lanrel.pl\/wp-content\/uploads\/2025\/10\/SHN24_MAXI_ADULT_DRY_2-600x451.png 600w\" sizes=\"(max-width: 2560px) 100vw, 2560px\" \/> <img decoding=\"async\" class=\"aligncenter size-full wp-image-7982\" src=\"http:\/\/lanrel.eu\/wp-content\/uploads\/2025\/10\/SHN24_MAXI_ADULT_DRY_3.png\" alt=\"\" width=\"2560\" height=\"958\" srcset=\"https:\/\/www.lanrel.pl\/wp-content\/uploads\/2025\/10\/SHN24_MAXI_ADULT_DRY_3.png 2560w, https:\/\/www.lanrel.pl\/wp-content\/uploads\/2025\/10\/SHN24_MAXI_ADULT_DRY_3-300x112.png 300w, https:\/\/www.lanrel.pl\/wp-content\/uploads\/2025\/10\/SHN24_MAXI_ADULT_DRY_3-1024x383.png 1024w, https:\/\/www.lanrel.pl\/wp-content\/uploads\/2025\/10\/SHN24_MAXI_ADULT_DRY_3-768x287.png 768w, https:\/\/www.lanrel.pl\/wp-content\/uploads\/2025\/10\/SHN24_MAXI_ADULT_DRY_3-1536x575.png 1536w, https:\/\/www.lanrel.pl\/wp-content\/uploads\/2025\/10\/SHN24_MAXI_ADULT_DRY_3-2048x766.png 2048w, https:\/\/www.lanrel.pl\/wp-content\/uploads\/2025\/10\/SHN24_MAXI_ADULT_DRY_3-18x7.png 18w, https:\/\/www.lanrel.pl\/wp-content\/uploads\/2025\/10\/SHN24_MAXI_ADULT_DRY_3-600x225.png 600w\" sizes=\"(max-width: 2560px) 100vw, 2560px\" \/> <img loading=\"lazy\" decoding=\"async\" class=\"aligncenter size-full wp-image-7983\" src=\"http:\/\/lanrel.eu\/wp-content\/uploads\/2025\/10\/SHN24_MAXI_ADULT_DRY_4.png\" alt=\"\" width=\"2560\" height=\"937\" srcset=\"https:\/\/www.lanrel.pl\/wp-content\/uploads\/2025\/10\/SHN24_MAXI_ADULT_DRY_4.png 2560w, https:\/\/www.lanrel.pl\/wp-content\/uploads\/2025\/10\/SHN24_MAXI_ADULT_DRY_4-300x110.png 300w, https:\/\/www.lanrel.pl\/wp-content\/uploads\/2025\/10\/SHN24_MAXI_ADULT_DRY_4-1024x375.png 1024w, https:\/\/www.lanrel.pl\/wp-content\/uploads\/2025\/10\/SHN24_MAXI_ADULT_DRY_4-768x281.png 768w, https:\/\/www.lanrel.pl\/wp-content\/uploads\/2025\/10\/SHN24_MAXI_ADULT_DRY_4-1536x562.png 1536w, https:\/\/www.lanrel.pl\/wp-content\/uploads\/2025\/10\/SHN24_MAXI_ADULT_DRY_4-2048x750.png 2048w, https:\/\/www.lanrel.pl\/wp-content\/uploads\/2025\/10\/SHN24_MAXI_ADULT_DRY_4-18x7.png 18w, https:\/\/www.lanrel.pl\/wp-content\/uploads\/2025\/10\/SHN24_MAXI_ADULT_DRY_4-600x220.png 600w\" sizes=\"(max-width: 2560px) 100vw, 2560px\" \/> <img loading=\"lazy\" decoding=\"async\" class=\"aligncenter size-full wp-image-7985\" src=\"http:\/\/lanrel.eu\/wp-content\/uploads\/2025\/10\/SHN24_MAXI_ADULT_DRY_6.png\" alt=\"\" width=\"2561\" height=\"2269\" srcset=\"https:\/\/www.lanrel.pl\/wp-content\/uploads\/2025\/10\/SHN24_MAXI_ADULT_DRY_6.png 2561w, https:\/\/www.lanrel.pl\/wp-content\/uploads\/2025\/10\/SHN24_MAXI_ADULT_DRY_6-300x266.png 300w, https:\/\/www.lanrel.pl\/wp-content\/uploads\/2025\/10\/SHN24_MAXI_ADULT_DRY_6-1024x907.png 1024w, https:\/\/www.lanrel.pl\/wp-content\/uploads\/2025\/10\/SHN24_MAXI_ADULT_DRY_6-768x680.png 768w, https:\/\/www.lanrel.pl\/wp-content\/uploads\/2025\/10\/SHN24_MAXI_ADULT_DRY_6-1536x1361.png 1536w, https:\/\/www.lanrel.pl\/wp-content\/uploads\/2025\/10\/SHN24_MAXI_ADULT_DRY_6-2048x1814.png 2048w, https:\/\/www.lanrel.pl\/wp-content\/uploads\/2025\/10\/SHN24_MAXI_ADULT_DRY_6-14x12.png 14w, https:\/\/www.lanrel.pl\/wp-content\/uploads\/2025\/10\/SHN24_MAXI_ADULT_DRY_6-600x532.png 600w\" sizes=\"(max-width: 2561px) 100vw, 2561px\" \/> <img loading=\"lazy\" decoding=\"async\" class=\"aligncenter size-full wp-image-7986\" src=\"http:\/\/lanrel.eu\/wp-content\/uploads\/2025\/10\/SHN24_MAXI_ADULT_DRY_7.png\" alt=\"\" width=\"2561\" height=\"1646\" srcset=\"https:\/\/www.lanrel.pl\/wp-content\/uploads\/2025\/10\/SHN24_MAXI_ADULT_DRY_7.png 2561w, https:\/\/www.lanrel.pl\/wp-content\/uploads\/2025\/10\/SHN24_MAXI_ADULT_DRY_7-300x193.png 300w, https:\/\/www.lanrel.pl\/wp-content\/uploads\/2025\/10\/SHN24_MAXI_ADULT_DRY_7-1024x658.png 1024w, https:\/\/www.lanrel.pl\/wp-content\/uploads\/2025\/10\/SHN24_MAXI_ADULT_DRY_7-768x494.png 768w, https:\/\/www.lanrel.pl\/wp-content\/uploads\/2025\/10\/SHN24_MAXI_ADULT_DRY_7-1536x987.png 1536w, https:\/\/www.lanrel.pl\/wp-content\/uploads\/2025\/10\/SHN24_MAXI_ADULT_DRY_7-2048x1316.png 2048w, https:\/\/www.lanrel.pl\/wp-content\/uploads\/2025\/10\/SHN24_MAXI_ADULT_DRY_7-18x12.png 18w, https:\/\/www.lanrel.pl\/wp-content\/uploads\/2025\/10\/SHN24_MAXI_ADULT_DRY_7-600x386.png 600w\" sizes=\"(max-width: 2561px) 100vw, 2561px\" \/> <img loading=\"lazy\" decoding=\"async\" class=\"aligncenter size-full wp-image-7987\" src=\"http:\/\/lanrel.eu\/wp-content\/uploads\/2025\/10\/SHN24_MAXI_ADULT_DRY_8.png\" alt=\"\" width=\"2561\" height=\"2006\" srcset=\"https:\/\/www.lanrel.pl\/wp-content\/uploads\/2025\/10\/SHN24_MAXI_ADULT_DRY_8.png 2561w, https:\/\/www.lanrel.pl\/wp-content\/uploads\/2025\/10\/SHN24_MAXI_ADULT_DRY_8-300x235.png 300w, https:\/\/www.lanrel.pl\/wp-content\/uploads\/2025\/10\/SHN24_MAXI_ADULT_DRY_8-1024x802.png 1024w, https:\/\/www.lanrel.pl\/wp-content\/uploads\/2025\/10\/SHN24_MAXI_ADULT_DRY_8-768x602.png 768w, https:\/\/www.lanrel.pl\/wp-content\/uploads\/2025\/10\/SHN24_MAXI_ADULT_DRY_8-1536x1203.png 1536w, https:\/\/www.lanrel.pl\/wp-content\/uploads\/2025\/10\/SHN24_MAXI_ADULT_DRY_8-2048x1604.png 2048w, https:\/\/www.lanrel.pl\/wp-content\/uploads\/2025\/10\/SHN24_MAXI_ADULT_DRY_8-15x12.png 15w, https:\/\/www.lanrel.pl\/wp-content\/uploads\/2025\/10\/SHN24_MAXI_ADULT_DRY_8-600x470.png 600w\" sizes=\"(max-width: 2561px) 100vw, 2561px\" \/><\/p>\n<p>Potrzeby \u017cywieniowe ps\u00f3w ras du\u017cych r\u00f3\u017cni\u0105 si\u0119 od potrzeb ps\u00f3w ras ma\u0142ych, dlatego wa\u017cne jest, aby podawa\u0107 psu odpowiedni\u0105 karm\u0119 dostosowan\u0105 do wielko\u015bci i szczeg\u00f3lnych potrzeb zwierz\u0119cia.<\/p>\n<p>Karma ROYAL CANIN\u00ae Maxi Adult zosta\u0142a opracowana z my\u015bl\u0105 o potrzebach twojego psa. Jest odpowiednia dla doros\u0142ych ps\u00f3w, powy\u017cej 15 miesi\u0105ca \u017cycia, ras du\u017cych, o masie cia\u0142a 26-44 kg.<\/p>\n<p>Receptura karmy wspiera ochron\u0119 przewodu pokarmowego. Bia\u0142ka wysokiej jako\u015bci oraz odpowiednia proporcja w\u0142\u00f3kna pokarmowego wspiera prawid\u0142owy proces trawienia.<\/p>\n<p>Wi\u0119kszo\u015b\u0107 ps\u00f3w ras du\u017cych osi\u0105ga mas\u0119 cia\u0142a psa doros\u0142ego w wieku 2 lat, to jest najlepszy czas, aby pies przywyk\u0142 do regularnych p\u00f3r karmienia, co b\u0119dzie sprzyja\u0107 utrzymaniu prawid\u0142owej masy cia\u0142a. W przypadku ps\u00f3w ras du\u017cych, ko\u015bci i stawy mog\u0105 by\u0107 szczeg\u00f3lnie nara\u017cone na przeci\u0105\u017cenia, dlatego utrzymanie tych struktur w zdrowiu ma kluczowe znacznie. Karma ROYAL CANIN\u00ae Maxi Adult sprzyja r\u00f3wnie\u017c utrzymaniu idealnej masy cia\u0142a.<\/p>\n<p>Doskonale zbilansowana, kompletna karma ROYAL CANIN\u00ae Maxi Adult zapewni Twojemu psu najlepsze wsparcie na tym etapie \u017cycia. Dodatek kwas\u00f3w t\u0142uszczowych omega 3 (EPA-DHA) wp\u0142ywa korzystnie na utrzymanie zdrowej sk\u00f3ry i l\u015bni\u0105cej sier\u015bci.<\/p>\n<p>Maj\u0105c na uwadze preferencje \u017cywieniowe ps\u00f3w, karma ROYAL CANIN\u00ae Maxi Adult jest dost\u0119pna tak\u017ce w formie mokrej, w postaci smakowitych kawa\u0142k\u00f3w w sosie.<\/p>\n<p>W przypadku \u017cywienia karm\u0105 mokr\u0105 i such\u0105 nale\u017cy zapozna\u0107 si\u0119 z tabel\u0105 dawkowania, aby dobra\u0107 odpowiedni\u0105 porcj\u0119 poszczeg\u00f3lnych karm.<\/p>\n<p>Misj\u0105 ROYAL CANIN\u00ae jest zapewnianie rozwi\u0105za\u0144 \u017cywieniowych dostosowanych do potrzeb zwierz\u0105t. Wszystkie nasze produkty przechodz\u0105 liczne kontrole jako\u015bci, aby sprosta\u0107 najwy\u017cszym standardom marki i dostarczy\u0107 psu pokarm dostosowany do jego potrzeb \u017cywieniowych i trybu \u017cycia. ROYAL CANIN\u00ae Maxi Adult jest karm\u0105 pe\u0142noporcjow\u0105.<\/p>\n<p><iframe title=\"Royal Canin Maxi\" width=\"1170\" height=\"658\" src=\"https:\/\/www.youtube.com\/embed\/room_kE_URw?feature=oembed\" frameborder=\"0\" allow=\"accelerometer; autoplay; clipboard-write; encrypted-media; gyroscope; picture-in-picture; web-share\" referrerpolicy=\"strict-origin-when-cross-origin\" allowfullscreen><\/iframe><\/p>\n<p><strong>\u00a0<\/strong><\/p>\n<h4>Sk\u0142ad:<\/h4>\n<p>kukurydza, suszone bia\u0142ko drobiowe, m\u0105ka kukurydziana, t\u0142uszcze zwierz\u0119ce, suszone bia\u0142ko wo\u0142owe i wieprzowe*, hydrolizat bia\u0142ka zwierz\u0119cego, gluten kukurydziany, pszenica, pulpa buraczana, ry\u017c, olej rybny, olej sojowy, sole mineralne, dro\u017cd\u017ce i ich cz\u0119\u015bci, hydrolizat skorupiak\u00f3w (\u017ar\u00f3d\u0142o glukozaminy), hydrolizat chrz\u0105stki (\u017ar\u00f3d\u0142o chondroityny).<\/p>\n<p>*L.I.P.: bia\u0142ko wyselekcjonowane ze wzgl\u0119du na bardzo wysok\u0105 strawno\u015b\u0107.<\/p>\n<h4>Dodatki (na 1 kg karmy):<\/h4>\n<p>Witamina A: 16000 UI, Witamina D3: 1000 UI, E1 (\u017belazo): 43 mg, E2 (Jod): 4,3 mg, E4 (Mied\u017a): 13 mg, E5 (Mangan): 56 mg, E6 (Cynk): 137 mg, E8 (Selen): 0,08 mg &#8211; Dodatki technologiczne: Klinoptylolit pochodzenia osadowego: 5 g &#8211; Konserwanty &#8211; Przeciwutleniacze.<\/p>\n<h4>Sk\u0142adniki analityczne:<\/h4>\n<p>Bia\u0142ko surowe: 26,0% &#8211; Oleje i t\u0142uszcze surowe: 17,0% &#8211; Popi\u00f3\u0142 surowy: 6,4% &#8211; W\u0142\u00f3kno surowe: 1,4% &#8211; Na 1 kg karmy: Kwasy t\u0142uszczowe Omega 3: 7,5 g w tym kwasy EPA\/DHA: 4 g.<\/p>\n<h4>Spos\u00f3b u\u017cycia:<\/h4>\n<p>patrz tabela.<\/p>\n<p>Najlepiej wykorzysta\u0107 przed: patrz data wa\u017cno\u015bci. Data wa\u017cno\u015bci, numer partii i numer rejestracyjny zak\u0142adu znajduj\u0105 si\u0119 z ty\u0142u opakowania. Przechowywa\u0107 w suchym i ch\u0142odnym miejscu.<\/p>\n<table style=\"height: 580px;\" width=\"1069\">\n<thead>\n<tr>\n<td>\n<p style=\"text-align: center;\"><strong>Masa cia\u0142a<\/strong><\/p>\n<\/td>\n<td style=\"text-align: center;\"><strong>Niska aktywno\u015b\u0107<\/strong><\/td>\n<td style=\"text-align: center;\"><strong>Umiarkowana aktywno\u015b\u0107<\/strong><\/td>\n<td style=\"text-align: center;\"><strong>Wysoka aktywno\u015b\u0107<\/strong><\/td>\n<\/tr>\n<\/thead>\n<tbody>\n<tr>\n<td style=\"text-align: center;\">26 kg<\/td>\n<td style=\"text-align: center;\">274 g<\/td>\n<td style=\"text-align: center;\">318 g<\/td>\n<td>\n<p style=\"text-align: center;\">361 g<\/p>\n<\/td>\n<\/tr>\n<tr>\n<td>\n<p style=\"text-align: center;\">28 kg<\/p>\n<\/td>\n<td style=\"text-align: center;\">290 g<\/td>\n<td style=\"text-align: center;\">336 g<\/td>\n<td style=\"text-align: center;\">381 g<\/td>\n<\/tr>\n<tr>\n<td style=\"text-align: center;\">30 kg<\/td>\n<td style=\"text-align: center;\">305 g<\/td>\n<td style=\"text-align: center;\">353 g<\/td>\n<td>\n<p style=\"text-align: center;\">402 g<\/p>\n<\/td>\n<\/tr>\n<tr>\n<td>\n<p style=\"text-align: center;\">32 kg<\/p>\n<\/td>\n<td style=\"text-align: center;\">320 g<\/td>\n<td style=\"text-align: center;\">371 g<\/td>\n<td style=\"text-align: center;\">422 g<\/td>\n<\/tr>\n<tr>\n<td style=\"text-align: center;\">34 kg<\/td>\n<td style=\"text-align: center;\">335 g<\/td>\n<td style=\"text-align: center;\">388 g<\/td>\n<td>\n<p style=\"text-align: center;\">441 g<\/p>\n<\/td>\n<\/tr>\n<tr>\n<td>\n<p style=\"text-align: center;\">36 kg<\/p>\n<\/td>\n<td style=\"text-align: center;\">350 g<\/td>\n<td style=\"text-align: center;\">405 g<\/td>\n<td style=\"text-align: center;\">461 g<\/td>\n<\/tr>\n<tr>\n<td style=\"text-align: center;\">38 kg<\/td>\n<td style=\"text-align: center;\">364 g<\/td>\n<td style=\"text-align: center;\">422 g<\/td>\n<td>\n<p style=\"text-align: center;\">480 g<\/p>\n<\/td>\n<\/tr>\n<tr>\n<td>\n<p style=\"text-align: center;\">40 kg<\/p>\n<\/td>\n<td style=\"text-align: center;\">379 g<\/td>\n<td style=\"text-align: center;\">439 g<\/td>\n<td style=\"text-align: center;\">498 g<\/td>\n<\/tr>\n<tr>\n<td style=\"text-align: center;\">42 kg<\/td>\n<td style=\"text-align: center;\">393 g<\/td>\n<td style=\"text-align: center;\">455 g<\/td>\n<td>\n<p style=\"text-align: center;\">517 g<\/p>\n<\/td>\n<\/tr>\n<tr>\n<td>\n<p style=\"text-align: center;\">44 kg<\/p>\n<\/td>\n<td style=\"text-align: center;\">407 g<\/td>\n<td style=\"text-align: center;\">471 g<\/td>\n<td>\n<p style=\"text-align: center;\">535 g<\/p>\n<\/td>\n<\/tr>\n<\/tbody>\n<\/table>","protected":false},"excerpt":{"rendered":"<p>Karma dla ps\u00f3w ras du\u017cych masa cia\u0142a psa doros\u0142ego 26 &#8211; 45 kg &#8211; powy\u017cej 15 miesi\u0105ca do 5 roku \u017cycia.<\/p>\n<p>Marka: Royal Canin<\/p>\n<p>Dla jakiego pupila: Pies<\/p>\n<p><span class=\"ty-product-feature__label\">Wielko\u015b\u0107 pupila: Rasy du\u017ce<\/span><\/p>\n<p>Faza \u017cycia: Doros\u0142y<\/p>","protected":false},"featured_media":7989,"comment_status":"open","ping_status":"closed","template":"","meta":{"om_disable_all_campaigns":false,"inline_featured_image":false},"product_brand":[],"product_cat":[27,98],"product_tag":[],"class_list":{"0":"post-7979","1":"product","2":"type-product","3":"status-publish","4":"has-post-thumbnail","6":"product_cat-dog-food","7":"product_cat-wielkosc-psa","9":"first","10":"outofstock","11":"taxable","12":"shipping-taxable","13":"product-type-variable","14":"has-default-attributes"},"_links":{"self":[{"href":"https:\/\/www.lanrel.pl\/pl\/wp-json\/wp\/v2\/product\/7979","targetHints":{"allow":["GET"]}}],"collection":[{"href":"https:\/\/www.lanrel.pl\/pl\/wp-json\/wp\/v2\/product"}],"about":[{"href":"https:\/\/www.lanrel.pl\/pl\/wp-json\/wp\/v2\/types\/product"}],"replies":[{"embeddable":true,"href":"https:\/\/www.lanrel.pl\/pl\/wp-json\/wp\/v2\/comments?post=7979"}],"wp:featuredmedia":[{"embeddable":true,"href":"https:\/\/www.lanrel.pl\/pl\/wp-json\/wp\/v2\/media\/7989"}],"wp:attachment":[{"href":"https:\/\/www.lanrel.pl\/pl\/wp-json\/wp\/v2\/media?parent=7979"}],"wp:term":[{"taxonomy":"product_brand","embeddable":true,"href":"https:\/\/www.lanrel.pl\/pl\/wp-json\/wp\/v2\/product_brand?post=7979"},{"taxonomy":"product_cat","embeddable":true,"href":"https:\/\/www.lanrel.pl\/pl\/wp-json\/wp\/v2\/product_cat?post=7979"},{"taxonomy":"product_tag","embeddable":true,"href":"https:\/\/www.lanrel.pl\/pl\/wp-json\/wp\/v2\/product_tag?post=7979"}],"curies":[{"name":"wp","href":"https:\/\/api.w.org\/{rel}","templated":true}]}}