{"id":7958,"date":"2025-10-27T18:42:56","date_gmt":"2025-10-27T17:42:56","guid":{"rendered":"https:\/\/lanrel.eu\/?post_type=product&#038;p=7958"},"modified":"2025-10-27T18:42:56","modified_gmt":"2025-10-27T17:42:56","slug":"royal-canin-giant-starter-motherbabydog-15-kg-karma-sucha","status":"publish","type":"product","link":"https:\/\/www.lanrel.pl\/pl\/produkt\/royal-canin-giant-starter-motherbabydog-15-kg-karma-sucha\/","title":{"rendered":"ROYAL CANIN\u00ae Giant Starter Mother&#038;Babydog 15 kg karma sucha"},"content":{"rendered":"<h4><strong>\u00a0<\/strong><strong>Zalety karmy<\/strong><\/h4>\n<ul>\n<li><strong>Wspomaganie organizmu suki i szczeni\u0105t. <\/strong>Pokrycie wysokich potrzeb energetycznych suk ras olbrzymich oraz ich szczeni\u0105t osesk\u00f3w<\/li>\n<li><strong>Silny uk\u0142ad odporno\u015bciowy. <\/strong>Udowodnione dzia\u0142anie kompleksu sk\u0142adnik\u00f3w, takich jak witaminy E i C, sprzyjaj\u0105cych zdrowemu rozwojowi uk\u0142adu odporno\u015bciowego<\/li>\n<li><strong>Wspieranie mikrobiomu. <\/strong>Prebiotyki i wysokostrawne bia\u0142ka sprzyjaj\u0105 zdrowej r\u00f3wnowadze flory jelitowej<\/li>\n<li><strong>Rozw\u00f3j m\u00f3zgu.<\/strong> Kwasy t\u0142uszczowe omega 3 wspomagaj\u0105 rozw\u00f3j m\u00f3zgu oraz proces uczenia.<\/li>\n<\/ul>\n<p><img fetchpriority=\"high\" decoding=\"async\" class=\"aligncenter size-full wp-image-7959\" src=\"http:\/\/lanrel.eu\/wp-content\/uploads\/2025\/10\/SHN-Giant-Starter-Dry-1.png\" alt=\"\" width=\"2560\" height=\"1372\" srcset=\"https:\/\/www.lanrel.pl\/wp-content\/uploads\/2025\/10\/SHN-Giant-Starter-Dry-1.png 2560w, https:\/\/www.lanrel.pl\/wp-content\/uploads\/2025\/10\/SHN-Giant-Starter-Dry-1-300x161.png 300w, https:\/\/www.lanrel.pl\/wp-content\/uploads\/2025\/10\/SHN-Giant-Starter-Dry-1-1024x549.png 1024w, https:\/\/www.lanrel.pl\/wp-content\/uploads\/2025\/10\/SHN-Giant-Starter-Dry-1-768x412.png 768w, https:\/\/www.lanrel.pl\/wp-content\/uploads\/2025\/10\/SHN-Giant-Starter-Dry-1-1536x823.png 1536w, https:\/\/www.lanrel.pl\/wp-content\/uploads\/2025\/10\/SHN-Giant-Starter-Dry-1-2048x1098.png 2048w, https:\/\/www.lanrel.pl\/wp-content\/uploads\/2025\/10\/SHN-Giant-Starter-Dry-1-18x10.png 18w, https:\/\/www.lanrel.pl\/wp-content\/uploads\/2025\/10\/SHN-Giant-Starter-Dry-1-600x322.png 600w\" sizes=\"(max-width: 2560px) 100vw, 2560px\" \/> <img decoding=\"async\" class=\"aligncenter size-full wp-image-7960\" src=\"http:\/\/lanrel.eu\/wp-content\/uploads\/2025\/10\/SHN-Giant-Starter-Dry-2.png\" alt=\"\" width=\"2560\" height=\"1250\" srcset=\"https:\/\/www.lanrel.pl\/wp-content\/uploads\/2025\/10\/SHN-Giant-Starter-Dry-2.png 2560w, https:\/\/www.lanrel.pl\/wp-content\/uploads\/2025\/10\/SHN-Giant-Starter-Dry-2-300x146.png 300w, https:\/\/www.lanrel.pl\/wp-content\/uploads\/2025\/10\/SHN-Giant-Starter-Dry-2-1024x500.png 1024w, https:\/\/www.lanrel.pl\/wp-content\/uploads\/2025\/10\/SHN-Giant-Starter-Dry-2-768x375.png 768w, https:\/\/www.lanrel.pl\/wp-content\/uploads\/2025\/10\/SHN-Giant-Starter-Dry-2-1536x750.png 1536w, https:\/\/www.lanrel.pl\/wp-content\/uploads\/2025\/10\/SHN-Giant-Starter-Dry-2-2048x1000.png 2048w, https:\/\/www.lanrel.pl\/wp-content\/uploads\/2025\/10\/SHN-Giant-Starter-Dry-2-18x9.png 18w, https:\/\/www.lanrel.pl\/wp-content\/uploads\/2025\/10\/SHN-Giant-Starter-Dry-2-600x293.png 600w\" sizes=\"(max-width: 2560px) 100vw, 2560px\" \/> <img decoding=\"async\" class=\"aligncenter size-full wp-image-7961\" src=\"http:\/\/lanrel.eu\/wp-content\/uploads\/2025\/10\/SHN-Giant-Starter-Dry-3.png\" alt=\"\" width=\"2560\" height=\"1501\" srcset=\"https:\/\/www.lanrel.pl\/wp-content\/uploads\/2025\/10\/SHN-Giant-Starter-Dry-3.png 2560w, https:\/\/www.lanrel.pl\/wp-content\/uploads\/2025\/10\/SHN-Giant-Starter-Dry-3-300x176.png 300w, https:\/\/www.lanrel.pl\/wp-content\/uploads\/2025\/10\/SHN-Giant-Starter-Dry-3-1024x600.png 1024w, https:\/\/www.lanrel.pl\/wp-content\/uploads\/2025\/10\/SHN-Giant-Starter-Dry-3-768x450.png 768w, https:\/\/www.lanrel.pl\/wp-content\/uploads\/2025\/10\/SHN-Giant-Starter-Dry-3-1536x901.png 1536w, https:\/\/www.lanrel.pl\/wp-content\/uploads\/2025\/10\/SHN-Giant-Starter-Dry-3-2048x1201.png 2048w, https:\/\/www.lanrel.pl\/wp-content\/uploads\/2025\/10\/SHN-Giant-Starter-Dry-3-18x12.png 18w, https:\/\/www.lanrel.pl\/wp-content\/uploads\/2025\/10\/SHN-Giant-Starter-Dry-3-600x352.png 600w\" sizes=\"(max-width: 2560px) 100vw, 2560px\" \/> <img loading=\"lazy\" decoding=\"async\" class=\"aligncenter size-full wp-image-7962\" src=\"http:\/\/lanrel.eu\/wp-content\/uploads\/2025\/10\/SHN-Giant-Starter-Dry-4.png\" alt=\"\" width=\"2560\" height=\"1182\" srcset=\"https:\/\/www.lanrel.pl\/wp-content\/uploads\/2025\/10\/SHN-Giant-Starter-Dry-4.png 2560w, https:\/\/www.lanrel.pl\/wp-content\/uploads\/2025\/10\/SHN-Giant-Starter-Dry-4-300x139.png 300w, https:\/\/www.lanrel.pl\/wp-content\/uploads\/2025\/10\/SHN-Giant-Starter-Dry-4-1024x473.png 1024w, https:\/\/www.lanrel.pl\/wp-content\/uploads\/2025\/10\/SHN-Giant-Starter-Dry-4-768x355.png 768w, https:\/\/www.lanrel.pl\/wp-content\/uploads\/2025\/10\/SHN-Giant-Starter-Dry-4-1536x709.png 1536w, https:\/\/www.lanrel.pl\/wp-content\/uploads\/2025\/10\/SHN-Giant-Starter-Dry-4-2048x946.png 2048w, https:\/\/www.lanrel.pl\/wp-content\/uploads\/2025\/10\/SHN-Giant-Starter-Dry-4-18x8.png 18w, https:\/\/www.lanrel.pl\/wp-content\/uploads\/2025\/10\/SHN-Giant-Starter-Dry-4-600x277.png 600w\" sizes=\"(max-width: 2560px) 100vw, 2560px\" \/> <img loading=\"lazy\" decoding=\"async\" class=\"aligncenter size-full wp-image-7963\" src=\"http:\/\/lanrel.eu\/wp-content\/uploads\/2025\/10\/SHN-Giant-Starter-Dry-5.png\" alt=\"\" width=\"2560\" height=\"1497\" srcset=\"https:\/\/www.lanrel.pl\/wp-content\/uploads\/2025\/10\/SHN-Giant-Starter-Dry-5.png 2560w, https:\/\/www.lanrel.pl\/wp-content\/uploads\/2025\/10\/SHN-Giant-Starter-Dry-5-300x175.png 300w, https:\/\/www.lanrel.pl\/wp-content\/uploads\/2025\/10\/SHN-Giant-Starter-Dry-5-1024x599.png 1024w, https:\/\/www.lanrel.pl\/wp-content\/uploads\/2025\/10\/SHN-Giant-Starter-Dry-5-768x449.png 768w, https:\/\/www.lanrel.pl\/wp-content\/uploads\/2025\/10\/SHN-Giant-Starter-Dry-5-1536x898.png 1536w, https:\/\/www.lanrel.pl\/wp-content\/uploads\/2025\/10\/SHN-Giant-Starter-Dry-5-2048x1198.png 2048w, https:\/\/www.lanrel.pl\/wp-content\/uploads\/2025\/10\/SHN-Giant-Starter-Dry-5-18x12.png 18w, https:\/\/www.lanrel.pl\/wp-content\/uploads\/2025\/10\/SHN-Giant-Starter-Dry-5-600x351.png 600w\" sizes=\"(max-width: 2560px) 100vw, 2560px\" \/> <img loading=\"lazy\" decoding=\"async\" class=\"aligncenter size-full wp-image-7965\" src=\"http:\/\/lanrel.eu\/wp-content\/uploads\/2025\/10\/SHN-Giant-Starter-Dry-7.png\" alt=\"\" width=\"2560\" height=\"1174\" srcset=\"https:\/\/www.lanrel.pl\/wp-content\/uploads\/2025\/10\/SHN-Giant-Starter-Dry-7.png 2560w, https:\/\/www.lanrel.pl\/wp-content\/uploads\/2025\/10\/SHN-Giant-Starter-Dry-7-300x138.png 300w, https:\/\/www.lanrel.pl\/wp-content\/uploads\/2025\/10\/SHN-Giant-Starter-Dry-7-1024x470.png 1024w, https:\/\/www.lanrel.pl\/wp-content\/uploads\/2025\/10\/SHN-Giant-Starter-Dry-7-768x352.png 768w, https:\/\/www.lanrel.pl\/wp-content\/uploads\/2025\/10\/SHN-Giant-Starter-Dry-7-1536x704.png 1536w, https:\/\/www.lanrel.pl\/wp-content\/uploads\/2025\/10\/SHN-Giant-Starter-Dry-7-2048x939.png 2048w, https:\/\/www.lanrel.pl\/wp-content\/uploads\/2025\/10\/SHN-Giant-Starter-Dry-7-18x8.png 18w, https:\/\/www.lanrel.pl\/wp-content\/uploads\/2025\/10\/SHN-Giant-Starter-Dry-7-600x275.png 600w\" sizes=\"(max-width: 2560px) 100vw, 2560px\" \/><\/p>\n<p><strong>Opis wersja d\u0142uga<\/strong><\/p>\n<p>Najm\u0142odsze szczeni\u0119ta maj\u0105 specyficzne wymagania pokarmowe, konieczne mi\u0119dzy innymi do rozwoju narz\u0105d\u00f3w zmys\u0142\u00f3w i uk\u0142adu nerwowego. Ponadto dla suki karmienie osesk\u00f3w jest bardzo obci\u0105\u017caj\u0105ce dla organizmu i wp\u0142ywa na metabolizm. W okresie odsadzania, kiedy szczeni\u0119ta zaczynaj\u0105 je\u015b\u0107 pokarm sta\u0142y, zar\u00f3wno suka, jak i m\u0142ode potrzebuj\u0105 odpowiednio dobranej diety, kt\u00f3ra pokryje ich wyj\u0105tkowe potrzeby \u017cywieniowe.<\/p>\n<p>Karma sucha ROYAL CANIN\u00ae Giant Starter Mother &amp; Babydog zosta\u0142a specjalnie opracowana, aby pokrywa\u0107 w pe\u0142ni potrzeby pokarmowe ci\u0119\u017carnych i karmi\u0105cych suk oraz szczeni\u0105t. Karma jest przeznaczona dla doros\u0142ych suk ras olbrzymich, o masie cia\u0142a powy\u017cej 45 kg, oraz dla szczeni\u0105t w okresie odsadzania, do 2 miesi\u0105ca \u017cycia.<\/p>\n<p>U ps\u00f3w ras olbrzymich mioty s\u0105 cz\u0119sto bardzo liczne, nawet ponad 10 szczeni\u0105t, co jest du\u017cym wyzwaniem dla organizmu suki. Receptura karmy zosta\u0142a opracowana w celu pokrycia wysokich potrzeb energetycznych suk ras olbrzymich w drugim etapie ci\u0105\u017cy i podczas laktacji. Karma wspomaga r\u00f3wnie\u017c prawid\u0142owy rozw\u00f3j szczeni\u0105t w okresie odsadzania.<\/p>\n<p>Receptura zawiera kompleks o potwierdzonej skuteczno\u015bci, obejmuj\u0105cy witaminy C i E, wspieraj\u0105cy zdrowy rozw\u00f3j uk\u0142adu odporno\u015bciowego<\/p>\n<p>Dzi\u0119ki kombinacji korzystnie dzia\u0142aj\u0105cych prebiotyk\u00f3w (takich jak MOS) oraz wysokostrawnych bia\u0142ek karma ROYAL CANIN\u00ae Giant Starter Mother &amp; Babydog wspomaga zdrow\u0105 r\u00f3wnowag\u0119 mikrobioty jelitowej, co wp\u0142ywa r\u00f3wnie\u017c na prawid\u0142owe trawienie.<\/p>\n<p>Karma zosta\u0142a wzbogacona w kwasy t\u0142uszczowe omega 3 (w tym DHA), kt\u00f3re maj\u0105 korzystny, udowodniony naukowo, wp\u0142yw na wspomaganie zdrowego rozwoju m\u00f3zgu u szczeni\u0105t.<\/p>\n<p>Krokiety ROYAL CANIN\u00ae Giant Starter Mother &amp; Babydog mo\u017cna w \u0142atwy spos\u00f3b namoczy\u0107 do konsystencji papki, idealnej dla szczeni\u0105t w okresie odsadzania.<\/p>\n<p>Czy wiesz, \u017ce potrzeby \u017cywieniowe szczeni\u0105t zmieniaj\u0105 si\u0119 w okresie wzrostu? Po uko\u0144czeniu pierwszych 8 tygodni \u017cycia potrzebuj\u0105 diety, kt\u00f3ra jest odpowiednio dostosowana do ich potrzeb pokarmowych w kolejnym etapie wzrostu. W tym czasie nale\u017cy przej\u015b\u0107 na wspomagaj\u0105c\u0105 intensywny wzrost karm\u0119 ROYAL CANIN\u00ae Giant Puppy, kt\u00f3ra jest dost\u0119pna w formie karmy suchej lub mokrej (kawa\u0142ki w sosie).<\/p>\n<p>W firmie Royal Canin jeste\u015bmy silnie zaanga\u017cowani w tworzenie lepszego \u015bwiata dla kot\u00f3w i ps\u00f3w. Od ponad 50 lat \u015bci\u015ble wsp\u00f3\u0142pracujemy z hodowcami, lekarzami weterynarii i ekspertami zajmuj\u0105cymi si\u0119 zwierz\u0119tami towarzysz\u0105cymi. Dzielimy si\u0119 specjalistyczn\u0105 wiedz\u0105 i wynikami bada\u0144 naukowych, by tworzy\u0107 precyzyjne, zindywidualizowane rozwi\u0105zania \u017cywieniowe.<\/p>\n<p>Wszystkie nasze produkty poddawane s\u0105 procesowi surowej kontroli, aby zagwarantowa\u0107 najwy\u017csz\u0105 jako\u015b\u0107 karmy. Stosujemy sk\u0142adniki pokarmowe ze zr\u00f3wnowa\u017conych \u017ar\u00f3de\u0142, a nasze produkty s\u0105 naturalnie konserwowane, bez dodatku sztucznych konserwant\u00f3w, barwnik\u00f3w i aromat\u00f3w. Podaj\u0105c suce i szczeni\u0119tom ras olbrzymich karm\u0119 ROYAL CANIN\u00ae Giant Starter Mother &amp; Babydog zapewniasz im kompletn\u0105 i zbilansowan\u0105 diet\u0119.<\/p>\n<h4>Sk\u0142ad:<\/h4>\n<p>y\u017c,\u00a0suszone bia\u0142ko drobiowe,\u00a0t\u0142uszcze zwierz\u0119ce,\u00a0gluten pszenny*,\u00a0hydrolizowane bia\u0142ka zwierz\u0119ce,\u00a0kukurydza,\u00a0wys\u0142odki buraczane,\u00a0minera\u0142y,\u00a0olej sojowy,\u00a0w\u0142\u00f3kno ro\u015blinne,\u00a0olej rybny,\u00a0\u0142uski i nasiona psyllium,\u00a0fruktooligosacharydy,\u00a0hydrolizowane dro\u017cd\u017ce (\u017ar\u00f3d\u0142o mannooligosacharyd\u00f3w i beta-glukan\u00f3w) (0,30%),\u00a0olej z alg Schizochytrium sp. (\u017ar\u00f3d\u0142o kwas\u00f3w DHA),\u00a0s\u00f3l kwasu mas\u0142owego,\u00a0m\u0105czka z aksamitki.<br \/>\n*L.I.P.: bia\u0142ko wyselekcjonowane ze wzgl\u0119du na bardzo wysok\u0105 strawno\u015b\u0107.<\/p>\n<h4>Dodatki dietetyczne:<\/h4>\n<p>Witamina A: 18500 UI, Witamina D3: 1200 UI, \u017belazo (3b103): 42 mg, Jod (3b201, 3b202): 4,2 mg, Mied\u017a (3b405, 3b406): 13 mg, Mangan (3b502, 3b504): 54 mg, Cynk (3b603, 3b605, 3b606): 135 mg, Selen (3b801, 3b811, 3b812): 0,06 mg &#8211; Dodatki technologiczne: Klinoptylolit pochodzenia osadowego: 10 g &#8211; Konserwanty &#8211; Przeciwutleniacze.<\/p>\n<h4>SK\u0141ADNIKI ANALITYCZNE:<\/h4>\n<p>Witamina E:\u00a0500\u00a0mg\/kg\u00a0&#8211;\u00a0Witamina C:\u00a0400\u00a0mg\/kg.\u00a0Energia metaboliczna:\u00a04173\u00a0kcal\/kg.<\/p>\n<p>BIA\u0141KO SUROWE\u00a030,0%<br \/>\nOLEJE I T\u0141USZCZE SUROWE\u00a022,0%<br \/>\nPOPI\u00d3\u0141 SUROWY\u00a08,2%<br \/>\nW\u0141\u00d3KNO SUROWE\u00a01,9%<br \/>\nKWASY T\u0141USZCZOWE OMEGA-3 (DHA)\u00a00,19%<\/p>","protected":false},"excerpt":{"rendered":"<p class=\"ty-mainbox-title\">karma sucha dla suk w ci\u0105\u017cy i laktacji oraz szczeni\u0105t, od 4 do 8 tygodnia \u017cycia, ras olbrzymich<\/p>\n<p>Marka: Royal Canin<\/p>\n<p>Dla jakiego pupila: Pies<\/p>\n<p><span class=\"ty-product-feature__label\">Wielko\u015b\u0107 pupila: Rasy du\u017ce<\/span><\/p>\n<p>Faza \u017cycia: Junior<\/p>\n<p>Specjalne wymagania: Ci\u0105\u017ca, laktacja, oseski<\/p>","protected":false},"featured_media":7978,"comment_status":"open","ping_status":"closed","template":"","meta":{"om_disable_all_campaigns":false,"inline_featured_image":false},"product_brand":[],"product_cat":[27,95,98],"product_tag":[],"class_list":{"0":"post-7958","1":"product","2":"type-product","3":"status-publish","4":"has-post-thumbnail","6":"product_cat-dog-food","7":"product_cat-royal-canin-dog-food","8":"product_cat-wielkosc-psa","10":"first","11":"outofstock","12":"taxable","13":"shipping-taxable","14":"purchasable","15":"product-type-simple"},"_links":{"self":[{"href":"https:\/\/www.lanrel.pl\/pl\/wp-json\/wp\/v2\/product\/7958","targetHints":{"allow":["GET"]}}],"collection":[{"href":"https:\/\/www.lanrel.pl\/pl\/wp-json\/wp\/v2\/product"}],"about":[{"href":"https:\/\/www.lanrel.pl\/pl\/wp-json\/wp\/v2\/types\/product"}],"replies":[{"embeddable":true,"href":"https:\/\/www.lanrel.pl\/pl\/wp-json\/wp\/v2\/comments?post=7958"}],"wp:featuredmedia":[{"embeddable":true,"href":"https:\/\/www.lanrel.pl\/pl\/wp-json\/wp\/v2\/media\/7978"}],"wp:attachment":[{"href":"https:\/\/www.lanrel.pl\/pl\/wp-json\/wp\/v2\/media?parent=7958"}],"wp:term":[{"taxonomy":"product_brand","embeddable":true,"href":"https:\/\/www.lanrel.pl\/pl\/wp-json\/wp\/v2\/product_brand?post=7958"},{"taxonomy":"product_cat","embeddable":true,"href":"https:\/\/www.lanrel.pl\/pl\/wp-json\/wp\/v2\/product_cat?post=7958"},{"taxonomy":"product_tag","embeddable":true,"href":"https:\/\/www.lanrel.pl\/pl\/wp-json\/wp\/v2\/product_tag?post=7958"}],"curies":[{"name":"wp","href":"https:\/\/api.w.org\/{rel}","templated":true}]}}