{"id":7920,"date":"2025-10-27T18:09:22","date_gmt":"2025-10-27T17:09:22","guid":{"rendered":"https:\/\/lanrel.eu\/?post_type=product&#038;p=7920"},"modified":"2025-10-27T18:36:20","modified_gmt":"2025-10-27T17:36:20","slug":"royal-canin-giant-junior-15-kg-karma-sucha-dla-szczeniat","status":"publish","type":"product","link":"https:\/\/www.lanrel.pl\/pl\/produkt\/royal-canin-giant-junior-15-kg-karma-sucha-dla-szczeniat\/","title":{"rendered":"ROYAL CANIN\u00ae Giant Junior 15 kg karma sucha dla szczeni\u0105t"},"content":{"rendered":"<p><strong>Zalety karmy<\/strong><\/p>\n<ul>\n<li><strong>Rozw\u00f3j muskulatury. <\/strong>Optymalny poziom bia\u0142ka wspomaga rozw\u00f3j masy mi\u0119\u015bniowej<\/li>\n<li><strong>Silny uk\u0142ad odporno\u015bciowy. <\/strong>Udowodnione dzia\u0142anie kompleksu sk\u0142adnik\u00f3w, takich jak witaminy E i C, wspieraj\u0105cych zdrowy rozw\u00f3j uk\u0142adu odporno\u015bciowego<\/li>\n<li><strong>Wspieranie mikrobiomu. <\/strong>Prebiotyki i wysokostrawne bia\u0142ka sprzyjaj\u0105 zdrowej r\u00f3wnowadze flory jelitowej<\/li>\n<li><strong>Wspomaganie ko\u015bci i staw\u00f3w. <\/strong>Precyzyjny poziom sk\u0142adnik\u00f3w mineralnych dla rozwoju zdrowych i silnych ko\u015bci<\/li>\n<\/ul>\n<p><img fetchpriority=\"high\" decoding=\"async\" class=\"aligncenter size-full wp-image-7921\" src=\"http:\/\/lanrel.eu\/wp-content\/uploads\/2025\/10\/SOL-GIANT-JUNIOR-DRY-1.png\" alt=\"\" width=\"2560\" height=\"1372\" srcset=\"https:\/\/www.lanrel.pl\/wp-content\/uploads\/2025\/10\/SOL-GIANT-JUNIOR-DRY-1.png 2560w, https:\/\/www.lanrel.pl\/wp-content\/uploads\/2025\/10\/SOL-GIANT-JUNIOR-DRY-1-300x161.png 300w, https:\/\/www.lanrel.pl\/wp-content\/uploads\/2025\/10\/SOL-GIANT-JUNIOR-DRY-1-1024x549.png 1024w, https:\/\/www.lanrel.pl\/wp-content\/uploads\/2025\/10\/SOL-GIANT-JUNIOR-DRY-1-768x412.png 768w, https:\/\/www.lanrel.pl\/wp-content\/uploads\/2025\/10\/SOL-GIANT-JUNIOR-DRY-1-1536x823.png 1536w, https:\/\/www.lanrel.pl\/wp-content\/uploads\/2025\/10\/SOL-GIANT-JUNIOR-DRY-1-2048x1098.png 2048w, https:\/\/www.lanrel.pl\/wp-content\/uploads\/2025\/10\/SOL-GIANT-JUNIOR-DRY-1-18x10.png 18w, https:\/\/www.lanrel.pl\/wp-content\/uploads\/2025\/10\/SOL-GIANT-JUNIOR-DRY-1-600x322.png 600w\" sizes=\"(max-width: 2560px) 100vw, 2560px\" \/> <img decoding=\"async\" class=\"aligncenter size-full wp-image-7922\" src=\"http:\/\/lanrel.eu\/wp-content\/uploads\/2025\/10\/SOL-GIANT-JUNIOR-DRY-2.png\" alt=\"\" width=\"2560\" height=\"1247\" srcset=\"https:\/\/www.lanrel.pl\/wp-content\/uploads\/2025\/10\/SOL-GIANT-JUNIOR-DRY-2.png 2560w, https:\/\/www.lanrel.pl\/wp-content\/uploads\/2025\/10\/SOL-GIANT-JUNIOR-DRY-2-300x146.png 300w, https:\/\/www.lanrel.pl\/wp-content\/uploads\/2025\/10\/SOL-GIANT-JUNIOR-DRY-2-1024x499.png 1024w, https:\/\/www.lanrel.pl\/wp-content\/uploads\/2025\/10\/SOL-GIANT-JUNIOR-DRY-2-768x374.png 768w, https:\/\/www.lanrel.pl\/wp-content\/uploads\/2025\/10\/SOL-GIANT-JUNIOR-DRY-2-1536x748.png 1536w, https:\/\/www.lanrel.pl\/wp-content\/uploads\/2025\/10\/SOL-GIANT-JUNIOR-DRY-2-2048x998.png 2048w, https:\/\/www.lanrel.pl\/wp-content\/uploads\/2025\/10\/SOL-GIANT-JUNIOR-DRY-2-18x9.png 18w, https:\/\/www.lanrel.pl\/wp-content\/uploads\/2025\/10\/SOL-GIANT-JUNIOR-DRY-2-600x292.png 600w\" sizes=\"(max-width: 2560px) 100vw, 2560px\" \/> <img decoding=\"async\" class=\"aligncenter size-full wp-image-7923\" src=\"http:\/\/lanrel.eu\/wp-content\/uploads\/2025\/10\/SOL-GIANT-JUNIOR-DRY-3.png\" alt=\"\" width=\"2560\" height=\"1983\" srcset=\"https:\/\/www.lanrel.pl\/wp-content\/uploads\/2025\/10\/SOL-GIANT-JUNIOR-DRY-3.png 2560w, https:\/\/www.lanrel.pl\/wp-content\/uploads\/2025\/10\/SOL-GIANT-JUNIOR-DRY-3-300x232.png 300w, https:\/\/www.lanrel.pl\/wp-content\/uploads\/2025\/10\/SOL-GIANT-JUNIOR-DRY-3-1024x793.png 1024w, https:\/\/www.lanrel.pl\/wp-content\/uploads\/2025\/10\/SOL-GIANT-JUNIOR-DRY-3-768x595.png 768w, https:\/\/www.lanrel.pl\/wp-content\/uploads\/2025\/10\/SOL-GIANT-JUNIOR-DRY-3-1536x1190.png 1536w, https:\/\/www.lanrel.pl\/wp-content\/uploads\/2025\/10\/SOL-GIANT-JUNIOR-DRY-3-2048x1586.png 2048w, https:\/\/www.lanrel.pl\/wp-content\/uploads\/2025\/10\/SOL-GIANT-JUNIOR-DRY-3-15x12.png 15w, https:\/\/www.lanrel.pl\/wp-content\/uploads\/2025\/10\/SOL-GIANT-JUNIOR-DRY-3-600x465.png 600w\" sizes=\"(max-width: 2560px) 100vw, 2560px\" \/> <img loading=\"lazy\" decoding=\"async\" class=\"aligncenter size-full wp-image-7924\" src=\"http:\/\/lanrel.eu\/wp-content\/uploads\/2025\/10\/SOL-GIANT-JUNIOR-DRY-4.png\" alt=\"\" width=\"2560\" height=\"1351\" srcset=\"https:\/\/www.lanrel.pl\/wp-content\/uploads\/2025\/10\/SOL-GIANT-JUNIOR-DRY-4.png 2560w, https:\/\/www.lanrel.pl\/wp-content\/uploads\/2025\/10\/SOL-GIANT-JUNIOR-DRY-4-300x158.png 300w, https:\/\/www.lanrel.pl\/wp-content\/uploads\/2025\/10\/SOL-GIANT-JUNIOR-DRY-4-1024x540.png 1024w, https:\/\/www.lanrel.pl\/wp-content\/uploads\/2025\/10\/SOL-GIANT-JUNIOR-DRY-4-768x405.png 768w, https:\/\/www.lanrel.pl\/wp-content\/uploads\/2025\/10\/SOL-GIANT-JUNIOR-DRY-4-1536x811.png 1536w, https:\/\/www.lanrel.pl\/wp-content\/uploads\/2025\/10\/SOL-GIANT-JUNIOR-DRY-4-2048x1081.png 2048w, https:\/\/www.lanrel.pl\/wp-content\/uploads\/2025\/10\/SOL-GIANT-JUNIOR-DRY-4-18x9.png 18w, https:\/\/www.lanrel.pl\/wp-content\/uploads\/2025\/10\/SOL-GIANT-JUNIOR-DRY-4-600x317.png 600w\" sizes=\"(max-width: 2560px) 100vw, 2560px\" \/> <img loading=\"lazy\" decoding=\"async\" class=\"aligncenter size-full wp-image-7925\" src=\"http:\/\/lanrel.eu\/wp-content\/uploads\/2025\/10\/SOL-GIANT-JUNIOR-DRY-5.png\" alt=\"\" width=\"2560\" height=\"1458\" srcset=\"https:\/\/www.lanrel.pl\/wp-content\/uploads\/2025\/10\/SOL-GIANT-JUNIOR-DRY-5.png 2560w, https:\/\/www.lanrel.pl\/wp-content\/uploads\/2025\/10\/SOL-GIANT-JUNIOR-DRY-5-300x171.png 300w, https:\/\/www.lanrel.pl\/wp-content\/uploads\/2025\/10\/SOL-GIANT-JUNIOR-DRY-5-1024x583.png 1024w, https:\/\/www.lanrel.pl\/wp-content\/uploads\/2025\/10\/SOL-GIANT-JUNIOR-DRY-5-768x437.png 768w, https:\/\/www.lanrel.pl\/wp-content\/uploads\/2025\/10\/SOL-GIANT-JUNIOR-DRY-5-1536x875.png 1536w, https:\/\/www.lanrel.pl\/wp-content\/uploads\/2025\/10\/SOL-GIANT-JUNIOR-DRY-5-2048x1166.png 2048w, https:\/\/www.lanrel.pl\/wp-content\/uploads\/2025\/10\/SOL-GIANT-JUNIOR-DRY-5-18x10.png 18w, https:\/\/www.lanrel.pl\/wp-content\/uploads\/2025\/10\/SOL-GIANT-JUNIOR-DRY-5-600x342.png 600w\" sizes=\"(max-width: 2560px) 100vw, 2560px\" \/> <img loading=\"lazy\" decoding=\"async\" class=\"aligncenter size-full wp-image-7927\" src=\"http:\/\/lanrel.eu\/wp-content\/uploads\/2025\/10\/SOL-GIANT-JUNIOR-DRY-7.png\" alt=\"\" width=\"2560\" height=\"1174\" srcset=\"https:\/\/www.lanrel.pl\/wp-content\/uploads\/2025\/10\/SOL-GIANT-JUNIOR-DRY-7.png 2560w, https:\/\/www.lanrel.pl\/wp-content\/uploads\/2025\/10\/SOL-GIANT-JUNIOR-DRY-7-300x138.png 300w, https:\/\/www.lanrel.pl\/wp-content\/uploads\/2025\/10\/SOL-GIANT-JUNIOR-DRY-7-1024x470.png 1024w, https:\/\/www.lanrel.pl\/wp-content\/uploads\/2025\/10\/SOL-GIANT-JUNIOR-DRY-7-768x352.png 768w, https:\/\/www.lanrel.pl\/wp-content\/uploads\/2025\/10\/SOL-GIANT-JUNIOR-DRY-7-1536x704.png 1536w, https:\/\/www.lanrel.pl\/wp-content\/uploads\/2025\/10\/SOL-GIANT-JUNIOR-DRY-7-2048x939.png 2048w, https:\/\/www.lanrel.pl\/wp-content\/uploads\/2025\/10\/SOL-GIANT-JUNIOR-DRY-7-18x8.png 18w, https:\/\/www.lanrel.pl\/wp-content\/uploads\/2025\/10\/SOL-GIANT-JUNIOR-DRY-7-600x275.png 600w\" sizes=\"(max-width: 2560px) 100vw, 2560px\" \/><\/p>\n<p>Karma sucha ROYAL CANIN\u00ae Giant Junior zosta\u0142a opracowana specjalnie, by pokrywa\u0107 w pe\u0142ni potrzeby pokarmowe rosn\u0105cych ps\u00f3w ras olbrzymich. Receptura jest przeznaczona dla szczeni\u0105t ras olbrzymich w wieku od 8 do 18-24 miesi\u0105ca \u017cycia. Karma zawiera sk\u0142adniki pokarmowe wspomagaj\u0105ce rozw\u00f3j ps\u00f3w ras olbrzymich w drugim etapie wzrostu.<\/p>\n<p>Karma ROYAL CANIN\u00ae Giant Junior zawiera optymalny poziom bia\u0142ka, co wspomaga rozw\u00f3j masy mi\u0119\u015bniowej psa w wieku od 8 do 18\/24 miesi\u0105ca \u017cycia.<\/p>\n<p>Receptura zawiera kompleks o potwierdzonej skuteczno\u015bci, obejmuj\u0105cy witaminy C i E, wspomagaj\u0105cy naturalne mechanizmy obronne szczeni\u0105t podczas gdy ich uk\u0142ad odporno\u015bciowy wci\u0105\u017c si\u0119 rozwija.<\/p>\n<p>Psy ras olbrzymich maj\u0105 wra\u017cliwy uk\u0142ad pokarmowy. Kombinacja korzystnie dzia\u0142aj\u0105cych prebiotyk\u00f3w (takich jak FOS, MOS i pulpa buraczana) oraz wysokostrawnych bia\u0142ek wspomaga zdrow\u0105 r\u00f3wnowag\u0119 mikrobioty jelitowej, co wp\u0142ywa r\u00f3wnie\u017c na prawid\u0142owe trawienie.<\/p>\n<p>Ponadto precyzyjny poziom sk\u0142adnik\u00f3w mineralnych, w tym wapnia i fosforu, sprzyja intensywnemu rozwojowi silnych ko\u015bci.<\/p>\n<p>&nbsp;<\/p>\n<p>Krokiety ROYAL CANIN\u00ae Giant Junior zosta\u0142y specjalnie zaprojektowane, by zach\u0119ca\u0107 psa do zmniejszania tempa jedzenia. To szczeg\u00f3lnie wa\u017cne u ps\u00f3w ras olbrzymich, ze wzgl\u0119du na tendencj\u0119 do rozszerzenia i skr\u0119tu \u017co\u0142\u0105dka.<\/p>\n<p>Po uko\u0144czeniu 18-24 miesi\u0105ca \u017cycia psy ras olbrzymich potrzebuj\u0105 diety, kt\u00f3ra jest odpowiednio dostosowana do potrzeb psa doros\u0142ego. W tym czasie nale\u017cy przej\u015b\u0107 na karm\u0119 ROYAL CANIN\u00ae Giant Adult.<\/p>\n<p><iframe title=\"Royal Canin Szczeni\u0119ta ras olbrzymich\" width=\"1170\" height=\"658\" src=\"https:\/\/www.youtube.com\/embed\/Gal31UoimWQ?feature=oembed\" frameborder=\"0\" allow=\"accelerometer; autoplay; clipboard-write; encrypted-media; gyroscope; picture-in-picture; web-share\" referrerpolicy=\"strict-origin-when-cross-origin\" allowfullscreen><\/iframe><\/p>\n<h4>Sk\u0142ad:<\/h4>\n<p>Suszone bia\u0142ko drobiowe,\u00a0kukurydza,\u00a0m\u0105ka kukurydziana,\u00a0ry\u017c,\u00a0t\u0142uszcze zwierz\u0119ce,\u00a0gluten pszenny*,\u00a0m\u0105ka pszenna,\u00a0wys\u0142odki buraczane,\u00a0hydrolizowane bia\u0142ka zwierz\u0119ce,\u00a0minera\u0142y,\u00a0olej sojowy,\u00a0produkty z dro\u017cd\u017cy,\u00a0olej rybny,\u00a0fruktooligosacharydy,\u00a0\u0142uski i nasiona psyllium,\u00a0hydrolizowane dro\u017cd\u017ce (\u017ar\u00f3d\u0142o mannooligosacharyd\u00f3w i beta-glukan\u00f3w) (0,30%),\u00a0olej z alg Schizochytrium sp. (\u017ar\u00f3d\u0142o kwas\u00f3w DHA),\u00a0sok z juki schidigera,\u00a0m\u0105czka z aksamitki,\u00a0glukozamina uzyskana z fermentacji,\u00a0hydrolizowana chrz\u0105stka (\u017ar\u00f3d\u0142o chondroityny).<br \/>\n*L.I.P.: bia\u0142ko wyselekcjonowane ze wzgl\u0119du na bardzo wysok\u0105 strawno\u015b\u0107.<\/p>\n<h4>Dodatki (na 1 kg karmy):<\/h4>\n<p>Witamina A:\u00a016500\u00a0UI,\u00a0Witamina D3:\u00a01100\u00a0UI,\u00a0\u017belazo (3b103):\u00a035\u00a0mg,\u00a0Jod (3b201, 3b202):\u00a03,6\u00a0mg,\u00a0Mied\u017a (3b405, 3b406):\u00a011\u00a0mg,\u00a0Mangan (3b502, 3b504):\u00a046\u00a0mg,\u00a0Cynk (3b603, 3b605, 3b606):\u00a0129\u00a0mg,\u00a0Selen (3b801, 3b811, 3b812):\u00a00,06\u00a0mg\u00a0&#8211;\u00a0Dodatki technologiczne:\u00a0Klinoptylolit pochodzenia osadowego:\u00a010\u00a0g\u00a0&#8211;\u00a0Konserwanty\u00a0&#8211;\u00a0Przeciwutleniacze.<\/p>\n<p>Witamina E:\u00a0480\u00a0mg\/kg\u00a0&#8211;\u00a0Witamina C:\u00a0380\u00a0mg\/kg\u00a0&#8211;\u00a0L-karnityna:\u00a0305\u00a0mg\/kg.\u00a0Energia metaboliczna:\u00a03906\u00a0kcal\/kg.<\/p>\n<h4>Sk\u0142adniki analityczne:<\/h4>\n<p>BIA\u0141KO SUROWE 31,0%<br \/>\nOLEJE I T\u0141USZCZE SUROWE\u00a016,0%<br \/>\nPOPI\u00d3\u0141 SUROWY\u00a07,6%<br \/>\nW\u0141\u00d3KNO SUROWE\u00a01,3%<br \/>\nWAP\u0143\u00a01,30%<br \/>\nFOSFOR\u00a00,99%<\/p>","protected":false},"excerpt":{"rendered":"<p>Karma dla ps\u00f3w ras olbrzymich (waga psa doros\u0142ego powy\u017cej 45kg), od 8. do 18\/24. miesi\u0105ca \u017cycia.<\/p>\n<p>Marka: Royal Canin<\/p>\n<p>Dla jakiego pupila: Pies<\/p>\n<p><span class=\"ty-product-feature__label\">Wielko\u015b\u0107 pupila: Rasy du\u017ce<\/span><\/p>\n<p>Faza \u017cycia: Junior<\/p>\n<p>&nbsp;<\/p>","protected":false},"featured_media":7938,"comment_status":"open","ping_status":"closed","template":"","meta":{"om_disable_all_campaigns":false,"inline_featured_image":false},"product_brand":[],"product_cat":[27,95,98],"product_tag":[],"class_list":{"0":"post-7920","1":"product","2":"type-product","3":"status-publish","4":"has-post-thumbnail","6":"product_cat-dog-food","7":"product_cat-royal-canin-dog-food","8":"product_cat-wielkosc-psa","10":"first","11":"outofstock","12":"taxable","13":"shipping-taxable","14":"purchasable","15":"product-type-simple"},"_links":{"self":[{"href":"https:\/\/www.lanrel.pl\/pl\/wp-json\/wp\/v2\/product\/7920","targetHints":{"allow":["GET"]}}],"collection":[{"href":"https:\/\/www.lanrel.pl\/pl\/wp-json\/wp\/v2\/product"}],"about":[{"href":"https:\/\/www.lanrel.pl\/pl\/wp-json\/wp\/v2\/types\/product"}],"replies":[{"embeddable":true,"href":"https:\/\/www.lanrel.pl\/pl\/wp-json\/wp\/v2\/comments?post=7920"}],"wp:featuredmedia":[{"embeddable":true,"href":"https:\/\/www.lanrel.pl\/pl\/wp-json\/wp\/v2\/media\/7938"}],"wp:attachment":[{"href":"https:\/\/www.lanrel.pl\/pl\/wp-json\/wp\/v2\/media?parent=7920"}],"wp:term":[{"taxonomy":"product_brand","embeddable":true,"href":"https:\/\/www.lanrel.pl\/pl\/wp-json\/wp\/v2\/product_brand?post=7920"},{"taxonomy":"product_cat","embeddable":true,"href":"https:\/\/www.lanrel.pl\/pl\/wp-json\/wp\/v2\/product_cat?post=7920"},{"taxonomy":"product_tag","embeddable":true,"href":"https:\/\/www.lanrel.pl\/pl\/wp-json\/wp\/v2\/product_tag?post=7920"}],"curies":[{"name":"wp","href":"https:\/\/api.w.org\/{rel}","templated":true}]}}