{"id":7893,"date":"2025-10-27T17:49:22","date_gmt":"2025-10-27T16:49:22","guid":{"rendered":"https:\/\/lanrel.eu\/?post_type=product&#038;p=7893"},"modified":"2025-10-27T18:36:36","modified_gmt":"2025-10-27T17:36:36","slug":"royal-canin-giant-adult-15kg-karma-sucha-dla-psow-doroslych-15-kg","status":"publish","type":"product","link":"https:\/\/www.lanrel.pl\/pl\/produkt\/royal-canin-giant-adult-15kg-karma-sucha-dla-psow-doroslych-15-kg\/","title":{"rendered":"ROYAL CANIN\u00ae Giant Adult 15kg karma sucha dla ps\u00f3w doros\u0142ych 15 kg"},"content":{"rendered":"<h4>Zalety:<\/h4>\n<ul>\n<li>Zdrowe ko\u015bci i stawy<\/li>\n<li>Wspomaganie witalno\u015bci<\/li>\n<li>Ochrona serca<\/li>\n<\/ul>\n<p><img fetchpriority=\"high\" decoding=\"async\" class=\"aligncenter size-full wp-image-7914\" src=\"http:\/\/lanrel.eu\/wp-content\/uploads\/2025\/10\/SHN24_Giant_Adult_Dry_1.png\" alt=\"\" width=\"2560\" height=\"2088\" srcset=\"https:\/\/www.lanrel.pl\/wp-content\/uploads\/2025\/10\/SHN24_Giant_Adult_Dry_1.png 2560w, https:\/\/www.lanrel.pl\/wp-content\/uploads\/2025\/10\/SHN24_Giant_Adult_Dry_1-300x245.png 300w, https:\/\/www.lanrel.pl\/wp-content\/uploads\/2025\/10\/SHN24_Giant_Adult_Dry_1-1024x835.png 1024w, https:\/\/www.lanrel.pl\/wp-content\/uploads\/2025\/10\/SHN24_Giant_Adult_Dry_1-768x626.png 768w, https:\/\/www.lanrel.pl\/wp-content\/uploads\/2025\/10\/SHN24_Giant_Adult_Dry_1-1536x1253.png 1536w, https:\/\/www.lanrel.pl\/wp-content\/uploads\/2025\/10\/SHN24_Giant_Adult_Dry_1-2048x1670.png 2048w, https:\/\/www.lanrel.pl\/wp-content\/uploads\/2025\/10\/SHN24_Giant_Adult_Dry_1-15x12.png 15w, https:\/\/www.lanrel.pl\/wp-content\/uploads\/2025\/10\/SHN24_Giant_Adult_Dry_1-600x489.png 600w\" sizes=\"(max-width: 2560px) 100vw, 2560px\" \/><\/p>\n<p><img decoding=\"async\" class=\"aligncenter size-full wp-image-7915\" src=\"http:\/\/lanrel.eu\/wp-content\/uploads\/2025\/10\/SHN24_Giant_Adult_Dry_2.png\" alt=\"\" width=\"2561\" height=\"1908\" srcset=\"https:\/\/www.lanrel.pl\/wp-content\/uploads\/2025\/10\/SHN24_Giant_Adult_Dry_2.png 2561w, https:\/\/www.lanrel.pl\/wp-content\/uploads\/2025\/10\/SHN24_Giant_Adult_Dry_2-300x224.png 300w, https:\/\/www.lanrel.pl\/wp-content\/uploads\/2025\/10\/SHN24_Giant_Adult_Dry_2-1024x763.png 1024w, https:\/\/www.lanrel.pl\/wp-content\/uploads\/2025\/10\/SHN24_Giant_Adult_Dry_2-768x572.png 768w, https:\/\/www.lanrel.pl\/wp-content\/uploads\/2025\/10\/SHN24_Giant_Adult_Dry_2-1536x1144.png 1536w, https:\/\/www.lanrel.pl\/wp-content\/uploads\/2025\/10\/SHN24_Giant_Adult_Dry_2-2048x1526.png 2048w, https:\/\/www.lanrel.pl\/wp-content\/uploads\/2025\/10\/SHN24_Giant_Adult_Dry_2-16x12.png 16w, https:\/\/www.lanrel.pl\/wp-content\/uploads\/2025\/10\/SHN24_Giant_Adult_Dry_2-600x447.png 600w\" sizes=\"(max-width: 2561px) 100vw, 2561px\" \/><\/p>\n<p><img decoding=\"async\" class=\"aligncenter size-full wp-image-7916\" src=\"http:\/\/lanrel.eu\/wp-content\/uploads\/2025\/10\/SHN24_Giant_Adult_Dry_3.png\" alt=\"\" width=\"2561\" height=\"918\" srcset=\"https:\/\/www.lanrel.pl\/wp-content\/uploads\/2025\/10\/SHN24_Giant_Adult_Dry_3.png 2561w, https:\/\/www.lanrel.pl\/wp-content\/uploads\/2025\/10\/SHN24_Giant_Adult_Dry_3-300x108.png 300w, https:\/\/www.lanrel.pl\/wp-content\/uploads\/2025\/10\/SHN24_Giant_Adult_Dry_3-1024x367.png 1024w, https:\/\/www.lanrel.pl\/wp-content\/uploads\/2025\/10\/SHN24_Giant_Adult_Dry_3-768x275.png 768w, https:\/\/www.lanrel.pl\/wp-content\/uploads\/2025\/10\/SHN24_Giant_Adult_Dry_3-1536x551.png 1536w, https:\/\/www.lanrel.pl\/wp-content\/uploads\/2025\/10\/SHN24_Giant_Adult_Dry_3-2048x734.png 2048w, https:\/\/www.lanrel.pl\/wp-content\/uploads\/2025\/10\/SHN24_Giant_Adult_Dry_3-18x6.png 18w, https:\/\/www.lanrel.pl\/wp-content\/uploads\/2025\/10\/SHN24_Giant_Adult_Dry_3-600x215.png 600w\" sizes=\"(max-width: 2561px) 100vw, 2561px\" \/><\/p>\n<p><img loading=\"lazy\" decoding=\"async\" class=\"aligncenter size-full wp-image-7917\" src=\"http:\/\/lanrel.eu\/wp-content\/uploads\/2025\/10\/SHN24_Giant_Adult_Dry_4.png\" alt=\"\" width=\"2560\" height=\"1123\" srcset=\"https:\/\/www.lanrel.pl\/wp-content\/uploads\/2025\/10\/SHN24_Giant_Adult_Dry_4.png 2560w, https:\/\/www.lanrel.pl\/wp-content\/uploads\/2025\/10\/SHN24_Giant_Adult_Dry_4-300x132.png 300w, https:\/\/www.lanrel.pl\/wp-content\/uploads\/2025\/10\/SHN24_Giant_Adult_Dry_4-1024x449.png 1024w, https:\/\/www.lanrel.pl\/wp-content\/uploads\/2025\/10\/SHN24_Giant_Adult_Dry_4-768x337.png 768w, https:\/\/www.lanrel.pl\/wp-content\/uploads\/2025\/10\/SHN24_Giant_Adult_Dry_4-1536x674.png 1536w, https:\/\/www.lanrel.pl\/wp-content\/uploads\/2025\/10\/SHN24_Giant_Adult_Dry_4-2048x898.png 2048w, https:\/\/www.lanrel.pl\/wp-content\/uploads\/2025\/10\/SHN24_Giant_Adult_Dry_4-18x8.png 18w, https:\/\/www.lanrel.pl\/wp-content\/uploads\/2025\/10\/SHN24_Giant_Adult_Dry_4-600x263.png 600w\" sizes=\"(max-width: 2560px) 100vw, 2560px\" \/><\/p>\n<p><img loading=\"lazy\" decoding=\"async\" class=\"aligncenter size-full wp-image-7918\" src=\"http:\/\/lanrel.eu\/wp-content\/uploads\/2025\/10\/SHN24_Giant_Adult_Dry_5.png\" alt=\"\" width=\"2560\" height=\"1749\" srcset=\"https:\/\/www.lanrel.pl\/wp-content\/uploads\/2025\/10\/SHN24_Giant_Adult_Dry_5.png 2560w, https:\/\/www.lanrel.pl\/wp-content\/uploads\/2025\/10\/SHN24_Giant_Adult_Dry_5-300x205.png 300w, https:\/\/www.lanrel.pl\/wp-content\/uploads\/2025\/10\/SHN24_Giant_Adult_Dry_5-1024x700.png 1024w, https:\/\/www.lanrel.pl\/wp-content\/uploads\/2025\/10\/SHN24_Giant_Adult_Dry_5-768x525.png 768w, https:\/\/www.lanrel.pl\/wp-content\/uploads\/2025\/10\/SHN24_Giant_Adult_Dry_5-1536x1049.png 1536w, https:\/\/www.lanrel.pl\/wp-content\/uploads\/2025\/10\/SHN24_Giant_Adult_Dry_5-2048x1399.png 2048w, https:\/\/www.lanrel.pl\/wp-content\/uploads\/2025\/10\/SHN24_Giant_Adult_Dry_5-18x12.png 18w, https:\/\/www.lanrel.pl\/wp-content\/uploads\/2025\/10\/SHN24_Giant_Adult_Dry_5-600x410.png 600w\" sizes=\"(max-width: 2560px) 100vw, 2560px\" \/><\/p>\n<p>Psy zaliczane do ras olbrzymich mog\u0105 wa\u017cy\u0107 w okresie doros\u0142o\u015bci nawet 100 kg, dlatego tak wazne jest wsparcie ich uk\u0142adu kostno szkieletowego i mi\u0119\u015bni. \u00a0Tylko odpowiednio zbilansowana karma jest w stanie zabezpieczy\u0107 wszytskie potrzeby tych wielkich ps\u00f3w.<\/p>\n<p>Mj\u0105c to na uwadze Royal canin stworzy\u0142 karm\u0119 ROYAL CANIN\u00ae Giant Adult, kt\u00f3rej sk\u0142ad sosta\u0142 opracowany z my\u015bl\u0105 o doros\u0142ych psach ras olbrzymich, powy\u017cej 18\/24 miesi\u0105ca, kt\u00f3rych waga docelowa b\u0119dzie przekracza\u0107 45kg.<\/p>\n<p>Dlatego w\u0142a\u015bnie przy tworzeniu karmy ROYAL CANIN\u00ae Giant Adut g\u0142\u00f3wny nacisk po\u0142o\u017cono na konieczno\u015b\u0107 ochrony mocnych ko\u015bci i zdrowych staw\u00f3w. Dzi\u0119ki zawarto\u015bci unikalnych substancji zapobiegaj\u0105cych zwyrodnieniom szkieletu i degeneracji chrz\u0105stki stawowej, karma ta spe\u0142nia wymogi ps\u00f3w ras olbrzymich. ROYAL CANIN\u00ae Giant Adult zawiera specjalnie opracowane zestawienie antyoksydant\u00f3w (takich jak witaminy A, E, C), kt\u00f3ry wp\u0142ywa spowalniaj\u0105co na process starzenia si\u0119 kom\u00f3rek. Natomiast zawarte w karmie aminokwasy, takie jak tauryna i L-karnityna, pomagaj\u0105 wspiera\u0107 funkcjonowanie uk\u0142adu kr\u0105\u017cenia i zdrowie serca.<\/p>\n<p>Dodatkowo dzi\u0119ki zawarto\u015bci wysokiej jako\u015bci bia\u0142ka oraz odpowiedniej proporcji w\u0142\u00f3kna pokarmowego karma wspiera prawid\u0142owe funkcjonowanie uk\u0142adu pokarmowego.<\/p>\n<p>Kszta\u0142t i rozmiar krokieta ROYAL CANIN\u00ae Giant Adult zosta\u0142 zaprojektowany tak, aby zach\u0119ci\u0107 psa do rozgryzania \u00a0i \u017cucia, co pozytywnie wp\u0142ynie na stan zdrowia i higien\u0119 jamy ustnej psa.<\/p>\n<p>Misj\u0105 ROYAL CANIN\u00ae jest zapewnianie rozwi\u0105za\u0144 \u017cywieniowych dostosowanych do potrzeb zwierz\u0105t. Wszystkie nasze produkty przechodz\u0105 liczne kontrole jako\u015bci, aby sprosta\u0107 najwy\u017cszym standardom marki i dostarczy\u0107 psu pokarm dostosowany do jego potrzeb \u017cywieniowych i trybu \u017cycia. ROYAL CANIN\u00ae Giant Adult jest karm\u0105 pe\u0142noporcjow\u0105.<\/p>\n<h4>Sk\u0142ad:<\/h4>\n<p>suszone bia\u0142ko drobiowe, kukurydza, m\u0105ka kukurydziana, t\u0142uszcze zwierz\u0119ce, pszenica, ry\u017c, hydrolizat bia\u0142ka zwierz\u0119cego, gluten kukurydziany, pulpa buraczana, izolat bia\u0142ka ro\u015blinnego*, olej rybny, sole mineralne, w\u0142\u00f3kno ro\u015blinne, olej sojowy, dro\u017cd\u017ce i ich cz\u0119\u015bci, olej z og\u00f3recznika, hydrolizat skorupiak\u00f3w (\u017ar\u00f3d\u0142o glukozaminy), wyci\u0105g z aksamitki wzniesionej (\u017ar\u00f3d\u0142o luteiny), hydrolizat chrz\u0105stki (\u017ar\u00f3d\u0142o chondroityny).<\/p>\n<p>*L.I.P.: bia\u0142ko wyselekcjonowane ze wzgl\u0119du na bardzo wysok\u0105 strawno\u015b\u0107.<\/p>\n<h4>Dodatki (na 1 kg karmy):<\/h4>\n<p>Witamina A: 21500 UI, Witamina D3: 1000 UI, E1 (\u017belazo): 42 mg, E2 (Jod): 4,2 mg, E4 (Mied\u017a): 13 mg, E5 (Mangan): 55 mg, E6 (Cynk): 133 mg, E8 (Selen): 0,09 mg &#8211; Tauryna: 2,0 g &#8211; Konserwanty &#8211; Przeciwutleniacze.<\/p>\n<h4>Sk\u0142adniki analityczne:<\/h4>\n<p>Bia\u0142ko surowe: 28,0% &#8211; Oleje i t\u0142uszcze surowe 20,0% &#8211; Popi\u00f3\u0142 surowy: 5,3% &#8211; W\u0142\u00f3kno surowe: 1,8%.<\/p>\n<h4>Spos\u00f3b u\u017cycia:<\/h4>\n<p>patrz tabela. Najlepiej wykorzysta\u0107 przed: patrz data wa\u017cno\u015bci. Data wa\u017cno\u015bci, numer partii i numer rejestracyjny zak\u0142adu znajduj\u0105 si\u0119 z ty\u0142u opakowania. Przechowywa\u0107 w suchym i ch\u0142odnym miejscu.<\/p>\n<table style=\"height: 492px;\" width=\"1074\">\n<thead>\n<tr>\n<td>\n<p style=\"text-align: center;\"><strong>Waga psa<\/strong><\/p>\n<\/td>\n<td style=\"text-align: center;\"><strong>Niska aktywno\u015b\u0107<\/strong><\/td>\n<td style=\"text-align: center;\"><strong>Normalna aktywno\u015b\u0107<\/strong><\/td>\n<td style=\"text-align: center;\"><strong>Wysoka aktywno\u015b\u0107<\/strong><\/td>\n<\/tr>\n<\/thead>\n<tbody>\n<tr>\n<td style=\"text-align: center;\">&#8211;<\/td>\n<td style=\"text-align: center;\">Gramy<\/td>\n<td style=\"text-align: center;\">Gramy<\/td>\n<td>\n<p style=\"text-align: center;\">Gramy<\/p>\n<\/td>\n<\/tr>\n<tr>\n<td>\n<p style=\"text-align: center;\">45 kg<\/p>\n<\/td>\n<td style=\"text-align: center;\">394 g<\/td>\n<td style=\"text-align: center;\">457 g<\/td>\n<td style=\"text-align: center;\">519 g<\/td>\n<\/tr>\n<tr>\n<td style=\"text-align: center;\">55 kg<\/td>\n<td style=\"text-align: center;\">459 g<\/td>\n<td style=\"text-align: center;\">531 g<\/td>\n<td>\n<p style=\"text-align: center;\">603 g<\/p>\n<\/td>\n<\/tr>\n<tr>\n<td>\n<p style=\"text-align: center;\">65 kg<\/p>\n<\/td>\n<td style=\"text-align: center;\">520 g<\/td>\n<td style=\"text-align: center;\">602 g<\/td>\n<td style=\"text-align: center;\">684 g<\/td>\n<\/tr>\n<tr>\n<td style=\"text-align: center;\">75 kg<\/td>\n<td style=\"text-align: center;\">579 g<\/td>\n<td style=\"text-align: center;\">670 g<\/td>\n<td>\n<p style=\"text-align: center;\">761 g<\/p>\n<\/td>\n<\/tr>\n<tr>\n<td>\n<p style=\"text-align: center;\">85 kg<\/p>\n<\/td>\n<td style=\"text-align: center;\">636 g<\/td>\n<td style=\"text-align: center;\">736 g<\/td>\n<td style=\"text-align: center;\">836 g<\/td>\n<\/tr>\n<tr>\n<td style=\"text-align: center;\">100 kg<\/td>\n<td style=\"text-align: center;\">718 g<\/td>\n<td style=\"text-align: center;\">831 g<\/td>\n<td>\n<p style=\"text-align: center;\">945 g<\/p>\n<\/td>\n<\/tr>\n<\/tbody>\n<\/table>\n<p>&nbsp;<\/p>\n<p>&nbsp;<\/p>\n<p>&nbsp;<\/p>\n<p>&nbsp;<\/p>\n<p>&nbsp;<\/p>","protected":false},"excerpt":{"rendered":"<p>Karma dla ps\u00f3w doros\u0142ych powy\u017cej 18 lub 24 miesi\u0105ca \u017cycia bardzo du\u017cych ras.<\/p>\n<p>Marka: Royal Canin<\/p>\n<p>Dla jakiego pupila: Pies<\/p>\n<p><span class=\"ty-product-feature__label\">Wielko\u015b\u0107 pupila: Rasy du\u017ce<\/span><\/p>\n<p>Faza \u017cycia: Doros\u0142y<\/p>\n<p>&nbsp;<\/p>","protected":false},"featured_media":7902,"comment_status":"open","ping_status":"closed","template":"","meta":{"om_disable_all_campaigns":false,"inline_featured_image":false},"product_brand":[],"product_cat":[27,95,98],"product_tag":[],"class_list":{"0":"post-7893","1":"product","2":"type-product","3":"status-publish","4":"has-post-thumbnail","6":"product_cat-dog-food","7":"product_cat-royal-canin-dog-food","8":"product_cat-wielkosc-psa","10":"first","11":"outofstock","12":"taxable","13":"shipping-taxable","14":"purchasable","15":"product-type-simple"},"_links":{"self":[{"href":"https:\/\/www.lanrel.pl\/pl\/wp-json\/wp\/v2\/product\/7893","targetHints":{"allow":["GET"]}}],"collection":[{"href":"https:\/\/www.lanrel.pl\/pl\/wp-json\/wp\/v2\/product"}],"about":[{"href":"https:\/\/www.lanrel.pl\/pl\/wp-json\/wp\/v2\/types\/product"}],"replies":[{"embeddable":true,"href":"https:\/\/www.lanrel.pl\/pl\/wp-json\/wp\/v2\/comments?post=7893"}],"wp:featuredmedia":[{"embeddable":true,"href":"https:\/\/www.lanrel.pl\/pl\/wp-json\/wp\/v2\/media\/7902"}],"wp:attachment":[{"href":"https:\/\/www.lanrel.pl\/pl\/wp-json\/wp\/v2\/media?parent=7893"}],"wp:term":[{"taxonomy":"product_brand","embeddable":true,"href":"https:\/\/www.lanrel.pl\/pl\/wp-json\/wp\/v2\/product_brand?post=7893"},{"taxonomy":"product_cat","embeddable":true,"href":"https:\/\/www.lanrel.pl\/pl\/wp-json\/wp\/v2\/product_cat?post=7893"},{"taxonomy":"product_tag","embeddable":true,"href":"https:\/\/www.lanrel.pl\/pl\/wp-json\/wp\/v2\/product_tag?post=7893"}],"curies":[{"name":"wp","href":"https:\/\/api.w.org\/{rel}","templated":true}]}}