{"id":7865,"date":"2025-10-25T21:03:58","date_gmt":"2025-10-25T19:03:58","guid":{"rendered":"https:\/\/lanrel.eu\/?post_type=product&#038;p=7865"},"modified":"2025-10-25T21:03:58","modified_gmt":"2025-10-25T19:03:58","slug":"royal-canin-ccn-medium-light-care-karma-sucha-dla-psow-doroslych","status":"publish","type":"product","link":"https:\/\/www.lanrel.pl\/pl\/produkt\/royal-canin-ccn-medium-light-care-karma-sucha-dla-psow-doroslych\/","title":{"rendered":"ROYAL CANIN\u00ae CCN Medium Light Care karma sucha dla ps\u00f3w doros\u0142ych"},"content":{"rendered":"<p><img fetchpriority=\"high\" decoding=\"async\" class=\"aligncenter size-full wp-image-7866\" src=\"http:\/\/lanrel.eu\/wp-content\/uploads\/2025\/10\/RoyalCanin_LightWeightCareMedium-1.jpg\" alt=\"\" width=\"700\" height=\"300\" srcset=\"https:\/\/www.lanrel.pl\/wp-content\/uploads\/2025\/10\/RoyalCanin_LightWeightCareMedium-1.jpg 700w, https:\/\/www.lanrel.pl\/wp-content\/uploads\/2025\/10\/RoyalCanin_LightWeightCareMedium-1-300x129.jpg 300w, https:\/\/www.lanrel.pl\/wp-content\/uploads\/2025\/10\/RoyalCanin_LightWeightCareMedium-1-18x8.jpg 18w, https:\/\/www.lanrel.pl\/wp-content\/uploads\/2025\/10\/RoyalCanin_LightWeightCareMedium-1-600x257.jpg 600w\" sizes=\"(max-width: 700px) 100vw, 700px\" \/><\/p>\n<p><img decoding=\"async\" class=\"aligncenter size-full wp-image-7867\" src=\"http:\/\/lanrel.eu\/wp-content\/uploads\/2025\/10\/RoyalCanin_LightWeightCareMedium-2.jpg\" alt=\"\" width=\"700\" height=\"420\" srcset=\"https:\/\/www.lanrel.pl\/wp-content\/uploads\/2025\/10\/RoyalCanin_LightWeightCareMedium-2.jpg 700w, https:\/\/www.lanrel.pl\/wp-content\/uploads\/2025\/10\/RoyalCanin_LightWeightCareMedium-2-300x180.jpg 300w, https:\/\/www.lanrel.pl\/wp-content\/uploads\/2025\/10\/RoyalCanin_LightWeightCareMedium-2-18x12.jpg 18w, https:\/\/www.lanrel.pl\/wp-content\/uploads\/2025\/10\/RoyalCanin_LightWeightCareMedium-2-600x360.jpg 600w\" sizes=\"(max-width: 700px) 100vw, 700px\" \/><\/p>\n<p><strong>Zalety karmy:<\/strong><\/p>\n<ul>\n<li>Udowodniona skuteczno\u015b\u0107:\u00a080 % zwierz\u0105t osi\u0105gn\u0119\u0142o lepsz\u0105 kondycj\u0119 cia\u0142a<\/li>\n<li>Widoczne rezultaty: \u00a080% ps\u00f3w z lekk\u0105 nadwag\u0105 ju\u017c po 8 tygodniach karmienia wy\u0142\u0105cznie karm\u0105 Royal Canin Medium Light Weight Care osi\u0105gn\u0119\u0142o lepsz\u0105 kondycj\u0119 cia\u0142a.<\/li>\n<li>Dla ps\u00f3w z tendencj\u0105 do nadwagi: odpowiedni poziom bia\u0142ka sprzyja utrzymaniu masy mi\u0119\u015bniowej i prawid\u0142owej kondycji cia\u0142a. Receptura karmy zosta\u0142a wzbogacona w L-karnityn\u0119.<\/li>\n<li>Dostosowana receptura: karma o wysokiej smakowito\u015bci, sprzyjaj\u0105ca uczuciu syto\u015bci, opracowana by wspomaga\u0107 prawid\u0142ow\u0105 kondycj\u0119 cia\u0142a psa.<\/li>\n<\/ul>\n<p>*badania w\u0142asne Royal Canin<\/p>\n<p>Wiele ps\u00f3w ma nadwag\u0119, przez co cierpi z powodu dodatkowe obci\u0105\u017cenia staw\u00f3w. Pom\u00f3\u017c swojemu psu zachowa\u0107 szczup\u0142\u0105 i wysportowan\u0105 sylwetk\u0119 dzi\u0119ki wysokiej jako\u015bci sk\u0142adnikom pokarmowym skomponowanym tak by utrzyma\u0107 prawid\u0142ow\u0105 mas\u0119 cia\u0142a psa.<\/p>\n<p>Karma ROYAL CANIN\u00ae Light Weight Care Medium, odpowiednia dla ps\u00f3w doros\u0142ych o masie cia\u0142a od 11 do 25 kg, pomaga zapobiega\u0107 nadwadze.<\/p>\n<p>Program \u017cywienia Light Weight Care obejmuje dwa produkty. Zar\u00f3wno chrupi\u0105ce krokiety, jak i delikatny pasztet s\u0105 optymalnie zbilansowane i kompletne, stanowi\u0105c wspania\u0142e zestawienie. Podaj psu delikatny pasztet w po\u0142\u0105czeniu ze smakowitymi krokietami!<\/p>\n<p>W jaki spos\u00f3b zapewni\u0107 psu dobr\u0105 kondycj\u0119?<\/p>\n<p>Program kontroli masy cia\u0142a:<\/p>\n<ol>\n<li>Stosowanie kompletnych i prawid\u0142owo zbilansowanych karm, zar\u00f3wno w formie suchej, jak i mokrej, zale\u017cnie od preferencji Twojego psa.<\/li>\n<li>Zapewnienie psu regularnych spacer\u00f3w, ruchu oraz zabaw w domu i na zewn\u0105trz.<\/li>\n<li>Nagradzanie psa cz\u0119\u015bci\u0105 dziennej porcji karmy, zamiast dodatkowych przek\u0105sek.<\/li>\n<li>Kontakt z lekarzem weterynarii w razie pyta\u0144 lub w\u0105tpliwo\u015bci odno\u015bnie zdrowia psa.<\/li>\n<\/ol>\n<p><img decoding=\"async\" class=\"aligncenter wp-image-7868\" src=\"http:\/\/lanrel.eu\/wp-content\/uploads\/2025\/10\/RoyalCanin_LightWeightCareMedium-3.jpg\" alt=\"\" width=\"551\" height=\"441\" srcset=\"https:\/\/www.lanrel.pl\/wp-content\/uploads\/2025\/10\/RoyalCanin_LightWeightCareMedium-3.jpg 700w, https:\/\/www.lanrel.pl\/wp-content\/uploads\/2025\/10\/RoyalCanin_LightWeightCareMedium-3-300x240.jpg 300w, https:\/\/www.lanrel.pl\/wp-content\/uploads\/2025\/10\/RoyalCanin_LightWeightCareMedium-3-15x12.jpg 15w, https:\/\/www.lanrel.pl\/wp-content\/uploads\/2025\/10\/RoyalCanin_LightWeightCareMedium-3-600x480.jpg 600w\" sizes=\"(max-width: 551px) 100vw, 551px\" \/><\/p>\n<p><iframe title=\"Lightweight Care\" width=\"1170\" height=\"658\" src=\"https:\/\/www.youtube.com\/embed\/C1gpfCVaLj0?feature=oembed\" frameborder=\"0\" allow=\"accelerometer; autoplay; clipboard-write; encrypted-media; gyroscope; picture-in-picture; web-share\" referrerpolicy=\"strict-origin-when-cross-origin\" allowfullscreen><\/iframe><\/p>\n<p>&nbsp;<\/p>\n<h4>SK\u0141AD:<\/h4>\n<p>suszone bia\u0142ko drobiowe, w\u0142\u00f3kno ro\u015blinne, kukurydza, pszenica, j\u0119czmie\u0144, gluten kukurydziany, hydrolizat bia\u0142ka zwierz\u0119cego, m\u0105ka kukurydziana, t\u0142uszcze zwierz\u0119ce, ry\u017c, pulpa buraczana, proszek celulozowy, izolat bia\u0142ka ro\u015blinnego*, dro\u017cd\u017ce i ich cz\u0119\u015bci, olej rybny, sole mineralne, fruktooligosacharydy, \u0142uski i nasiona psyllium, olej sojowy, wyci\u0105g z dro\u017cd\u017cy (\u017ar\u00f3d\u0142o mannooligosacharyd\u00f3w), hydrolizat skorupiak\u00f3w (\u017ar\u00f3d\u0142o glukozaminy), wyci\u0105g z aksamitki wzniesionej (\u017ar\u00f3d\u0142o luteiny), hydrolizat chrz\u0105stki (\u017ar\u00f3d\u0142o chondroityny).<\/p>\n<p>*L.I.P.: bia\u0142ko wyselekcjonowane ze wzgl\u0119du na bardzo wysok\u0105 strawno\u015b\u0107.<\/p>\n<h4>DODATKI (na 1 kg karmy):<\/h4>\n<p>Witamina A: 22000 UI, Witamina D3: 1000 UI, \u017belazo (3b103): 34 mg, Jod (3b201, 3b202): 3,4 mg, Mied\u017a (3b405, 3b406): 10 mg, Mangan (3b502, 3b504): 44 mg, Cynk (3b603, 3b605, 3b606): 133 mg, Selen (3b801, 3b811, 3b812): 0,05 mg, L-karnityna: 200 mg &#8211; Konserwanty &#8211; Przeciwutleniacze.<\/p>\n<h4>SK\u0141ADNIKI ANALITYCZNE:<\/h4>\n<p>Bia\u0142ko surowe: 27% &#8211; Oleje i t\u0142uszcze surowe: 11% &#8211; Popi\u00f3\u0142 surowy: 4,8% &#8211; W\u0142\u00f3kno surowe: 11,8%.<\/p>\n<h4>Spos\u00f3b u\u017cycia:<\/h4>\n<p>patrz tabela.<\/p>\n<p>Najlepiej wykorzysta\u0107 przed: patrz data wa\u017cno\u015bci. Data wa\u017cno\u015bci, numer partii i numer rejestracyjny zak\u0142adu znajduj\u0105 si\u0119 z ty\u0142u opakowania. Przechowywa\u0107 w suchym i ch\u0142odnym miejscu.<\/p>\n<table style=\"height: 306px;\" width=\"1087\">\n<thead>\n<tr>\n<td>\n<p style=\"text-align: center;\"><strong>Waga psa<\/strong><\/p>\n<\/td>\n<td style=\"text-align: center;\"><strong>Niska aktywno\u015b\u0107<\/strong><\/td>\n<td style=\"text-align: center;\"><strong>Normalna aktywno\u015b\u0107<\/strong><\/td>\n<td style=\"text-align: center;\"><strong>Wysoka aktywno\u015b\u0107<\/strong><\/td>\n<\/tr>\n<\/thead>\n<tbody>\n<tr>\n<td style=\"text-align: center;\">11 kg<\/td>\n<td style=\"text-align: center;\">150 g<\/td>\n<td style=\"text-align: center;\">173 g<\/td>\n<td>\n<p style=\"text-align: center;\">197 g<\/p>\n<\/td>\n<\/tr>\n<tr>\n<td>\n<p style=\"text-align: center;\">15 kg<\/p>\n<\/td>\n<td style=\"text-align: center;\">189 g<\/td>\n<td style=\"text-align: center;\">219 g<\/td>\n<td style=\"text-align: center;\">248 g<\/td>\n<\/tr>\n<tr>\n<td style=\"text-align: center;\">20 kg<\/td>\n<td style=\"text-align: center;\">234 g<\/td>\n<td style=\"text-align: center;\">271 g<\/td>\n<td>\n<p style=\"text-align: center;\">308 g<\/p>\n<\/td>\n<\/tr>\n<tr>\n<td>\n<p style=\"text-align: center;\">25 kg<\/p>\n<\/td>\n<td style=\"text-align: center;\">277 g<\/td>\n<td style=\"text-align: center;\">321 g<\/td>\n<td>\n<p style=\"text-align: center;\">364 g<\/p>\n<\/td>\n<\/tr>\n<\/tbody>\n<\/table>\n<p>&nbsp;<\/p>\n<p>&nbsp;<\/p>","protected":false},"excerpt":{"rendered":"<p>karma sucha dla ps\u00f3w doros\u0142ych, ras \u015brednich tendencj\u0105 do nadwagi<\/p>\n<p>Marka: Royal Canin<\/p>\n<p>Dla jakiego pupila: Pies<\/p>\n<p><span class=\"ty-product-feature__label\">Wielko\u015b\u0107 pupila: Rasy \u015brednie<\/span><\/p>\n<p>Faza \u017cycia: Doros\u0142y<\/p>\n<p>Specjalne wymagania: Nadwaga<\/p>","protected":false},"featured_media":7875,"comment_status":"open","ping_status":"closed","template":"","meta":{"om_disable_all_campaigns":false,"inline_featured_image":false},"product_brand":[],"product_cat":[27,95,99],"product_tag":[],"class_list":{"0":"post-7865","1":"product","2":"type-product","3":"status-publish","4":"has-post-thumbnail","6":"product_cat-dog-food","7":"product_cat-royal-canin-dog-food","8":"product_cat-szczegolne-potrzeby-psow","10":"first","11":"outofstock","12":"taxable","13":"shipping-taxable","14":"product-type-variable","15":"has-default-attributes"},"_links":{"self":[{"href":"https:\/\/www.lanrel.pl\/pl\/wp-json\/wp\/v2\/product\/7865","targetHints":{"allow":["GET"]}}],"collection":[{"href":"https:\/\/www.lanrel.pl\/pl\/wp-json\/wp\/v2\/product"}],"about":[{"href":"https:\/\/www.lanrel.pl\/pl\/wp-json\/wp\/v2\/types\/product"}],"replies":[{"embeddable":true,"href":"https:\/\/www.lanrel.pl\/pl\/wp-json\/wp\/v2\/comments?post=7865"}],"wp:featuredmedia":[{"embeddable":true,"href":"https:\/\/www.lanrel.pl\/pl\/wp-json\/wp\/v2\/media\/7875"}],"wp:attachment":[{"href":"https:\/\/www.lanrel.pl\/pl\/wp-json\/wp\/v2\/media?parent=7865"}],"wp:term":[{"taxonomy":"product_brand","embeddable":true,"href":"https:\/\/www.lanrel.pl\/pl\/wp-json\/wp\/v2\/product_brand?post=7865"},{"taxonomy":"product_cat","embeddable":true,"href":"https:\/\/www.lanrel.pl\/pl\/wp-json\/wp\/v2\/product_cat?post=7865"},{"taxonomy":"product_tag","embeddable":true,"href":"https:\/\/www.lanrel.pl\/pl\/wp-json\/wp\/v2\/product_tag?post=7865"}],"curies":[{"name":"wp","href":"https:\/\/api.w.org\/{rel}","templated":true}]}}