{"id":7851,"date":"2025-10-25T20:48:22","date_gmt":"2025-10-25T18:48:22","guid":{"rendered":"https:\/\/lanrel.eu\/?post_type=product&#038;p=7851"},"modified":"2025-11-17T10:15:35","modified_gmt":"2025-11-17T09:15:35","slug":"royal-canin-ccn-maxi-light-care-karma-sucha-dla-psow-doroslych","status":"publish","type":"product","link":"https:\/\/www.lanrel.pl\/pl\/produkt\/royal-canin-ccn-maxi-light-care-karma-sucha-dla-psow-doroslych\/","title":{"rendered":"ROYAL CANIN\u00ae CCN Maxi Light Care karma sucha dla ps\u00f3w doros\u0142ych"},"content":{"rendered":"<p><img fetchpriority=\"high\" decoding=\"async\" class=\"aligncenter size-full wp-image-7860\" src=\"http:\/\/lanrel.eu\/wp-content\/uploads\/2025\/10\/RoyalCanin_LightWeightCareMaxi-1.jpg\" alt=\"\" width=\"700\" height=\"300\" srcset=\"https:\/\/www.lanrel.pl\/wp-content\/uploads\/2025\/10\/RoyalCanin_LightWeightCareMaxi-1.jpg 700w, https:\/\/www.lanrel.pl\/wp-content\/uploads\/2025\/10\/RoyalCanin_LightWeightCareMaxi-1-300x129.jpg 300w, https:\/\/www.lanrel.pl\/wp-content\/uploads\/2025\/10\/RoyalCanin_LightWeightCareMaxi-1-18x8.jpg 18w, https:\/\/www.lanrel.pl\/wp-content\/uploads\/2025\/10\/RoyalCanin_LightWeightCareMaxi-1-600x257.jpg 600w\" sizes=\"(max-width: 700px) 100vw, 700px\" \/> <img decoding=\"async\" class=\"aligncenter size-full wp-image-7861\" src=\"http:\/\/lanrel.eu\/wp-content\/uploads\/2025\/10\/RoyalCanin_LightWeightCareMaxi-2.jpg\" alt=\"\" width=\"700\" height=\"420\" srcset=\"https:\/\/www.lanrel.pl\/wp-content\/uploads\/2025\/10\/RoyalCanin_LightWeightCareMaxi-2.jpg 700w, https:\/\/www.lanrel.pl\/wp-content\/uploads\/2025\/10\/RoyalCanin_LightWeightCareMaxi-2-300x180.jpg 300w, https:\/\/www.lanrel.pl\/wp-content\/uploads\/2025\/10\/RoyalCanin_LightWeightCareMaxi-2-18x12.jpg 18w, https:\/\/www.lanrel.pl\/wp-content\/uploads\/2025\/10\/RoyalCanin_LightWeightCareMaxi-2-600x360.jpg 600w\" sizes=\"(max-width: 700px) 100vw, 700px\" \/><\/p>\n<p>Wiele ps\u00f3w ma nadwag\u0119, przez co cierpi z powodu dodatkowe obci\u0105\u017cenia staw\u00f3w. Pom\u00f3\u017c swojemu psu zachowa\u0107 szczup\u0142\u0105 i wysportowan\u0105 sylwetk\u0119 dzi\u0119ki wysokiej jako\u015bci sk\u0142adnikom pokarmowym skomponowanym tak by utrzyma\u0107 prawid\u0142ow\u0105 mas\u0119 cia\u0142a psa<\/p>\n<p><strong>Korzy\u015bci:<\/strong><\/p>\n<p><strong>Udowodniona skuteczno\u015b\u0107:\u00a0<\/strong>90% zwierz\u0105t osi\u0105gn\u0119\u0142o lepsz\u0105 kondycj\u0119 cia\u0142a<\/p>\n<p>*badania w\u0142asne Royal Canin<\/p>\n<p><strong>Widoczne rezultaty:\u00a0<\/strong>90% ps\u00f3w z lekk\u0105 nadwag\u0105 ju\u017c po 8 tygodniach karmienia wy\u0142\u0105cznie karm\u0105 Royal Canin Maxi Light Weight Care osi\u0105gn\u0119\u0142o lepsz\u0105 kondycj\u0119 cia\u0142a.<\/p>\n<p>*Badania w\u0142asne Royal Canin<\/p>\n<p><strong>Dla ps\u00f3w z tendencj\u0105 do nadwagi: <\/strong>odpowiedni poziom bia\u0142ka sprzyja utrzymaniu masy mi\u0119\u015bniowej i prawid\u0142owej kondycji cia\u0142a. Receptura karmy zosta\u0142a wzbogacona w L-karnityn\u0119.<\/p>\n<p><strong>Dostosowana receptura<\/strong>: karma o wysokiej smakowito\u015bci, sprzyjaj\u0105ca uczuciu syto\u015bci, opracowana by wspomaga\u0107 prawid\u0142ow\u0105 kondycj\u0119 cia\u0142a psa.<\/p>\n<p>Firma Royal Canin od ponad 50 lat wspomaga zdrowie ps\u00f3w dostarczaj\u0105c precyzyjne rozwi\u0105zania \u017cywieniowe oparte na prawdziwym zrozumieniu specyficznych potrzeb pokarmowych psa, dzi\u0119ki wiedzy naukowej i obserwacji.<\/p>\n<p>Program \u017cywienia Light Weight Care obejmuje dwa produkty. Zar\u00f3wno chrupi\u0105ce krokiety, jak i delikatny pasztet s\u0105 optymalnie zbilansowane i kompletne, stanowi\u0105c wspania\u0142e zestawienie. Podaj psu delikatny pasztet w po\u0142\u0105czeniu ze smakowitymi krokietami!<\/p>\n<p><strong>W jaki spos\u00f3b zapewni\u0107 psu dobr\u0105 kondycj\u0119?<\/strong><strong>\u00a0<\/strong><\/p>\n<p><strong>Program kontroli masy cia\u0142a: <\/strong><\/p>\n<ol>\n<li>Stosowanie kompletnych i prawid\u0142owo zbilansowanych karm, zar\u00f3wno w formie suchej, jak i mokrej, zale\u017cnie od preferencji Twojego psa.<\/li>\n<li>Zapewnienie psu regularnych spacer\u00f3w, ruchu oraz zabaw w domu i na zewn\u0105trz.<\/li>\n<li>Nagradzanie psa cz\u0119\u015bci\u0105 dziennej porcji karmy, zamiast dodatkowych przek\u0105sek.<\/li>\n<li>Kontakt z lekarzem weterynarii w razie pyta\u0144 lub w\u0105tpliwo\u015bci odno\u015bnie zdrowia psa.<\/li>\n<\/ol>\n<p><img decoding=\"async\" class=\"aligncenter wp-image-7862\" src=\"http:\/\/lanrel.eu\/wp-content\/uploads\/2025\/10\/RoyalCanin_LightWeightCareMaxi-3.jpg\" alt=\"\" width=\"501\" height=\"401\" srcset=\"https:\/\/www.lanrel.pl\/wp-content\/uploads\/2025\/10\/RoyalCanin_LightWeightCareMaxi-3.jpg 700w, https:\/\/www.lanrel.pl\/wp-content\/uploads\/2025\/10\/RoyalCanin_LightWeightCareMaxi-3-300x240.jpg 300w, https:\/\/www.lanrel.pl\/wp-content\/uploads\/2025\/10\/RoyalCanin_LightWeightCareMaxi-3-15x12.jpg 15w, https:\/\/www.lanrel.pl\/wp-content\/uploads\/2025\/10\/RoyalCanin_LightWeightCareMaxi-3-600x480.jpg 600w\" sizes=\"(max-width: 501px) 100vw, 501px\" \/><\/p>\n<p><iframe title=\"Lightweight Care\" width=\"1170\" height=\"658\" src=\"https:\/\/www.youtube.com\/embed\/C1gpfCVaLj0?feature=oembed\" frameborder=\"0\" allow=\"accelerometer; autoplay; clipboard-write; encrypted-media; gyroscope; picture-in-picture; web-share\" referrerpolicy=\"strict-origin-when-cross-origin\" allowfullscreen><\/iframe><\/p>\n<p>&nbsp;<\/p>\n<h4>SK\u0141AD:<\/h4>\n<p>suszone bia\u0142ko drobiowe, w\u0142\u00f3kno ro\u015blinne, kukurydza, j\u0119czmie\u0144, m\u0105ka kukurydziana, gluten kukurydziany, izolat bia\u0142ka ro\u015blinnego*, hydrolizat bia\u0142ka zwierz\u0119cego, pszenica, t\u0142uszcze zwierz\u0119ce, pulpa buraczana, proszek celulozowy, olej rybny, sole mineralne, dro\u017cd\u017ce i ich cz\u0119\u015bci, fruktooligosacharydy, \u0142uski i nasiona psyllium, olej sojowy, hydrolizat skorupiak\u00f3w (\u017ar\u00f3d\u0142o glukozaminy), wyci\u0105g z aksamitki wzniesionej (\u017ar\u00f3d\u0142o luteiny), hydrolizat chrz\u0105stki (\u017ar\u00f3d\u0142o chondroityny).<\/p>\n<p>*L.I.P.: bia\u0142ko wyselekcjonowane ze wzgl\u0119du na bardzo wysok\u0105 strawno\u015b\u0107.<\/p>\n<h4>DODATKI (na 1 kg karmy):<\/h4>\n<p>Witamina A: 21000 UI, Witamina D3: 900 UI, \u017belazo (3b103): 46 mg, Jod (3b201, 3b202): 3,9 mg, Mied\u017a (3b405, 3b406): 10 mg, Mangan (3b502, 3b504): 49 mg, Cynk (3b603, 3b605, 3b606): 133 mg, Selen (3b801, 3b811, 3b812): 0,09 mg, L-karnityna: 200 mg &#8211; Dodatki technologiczne: Klinoptylolit pochodzenia osadowego: 5 g &#8211; Konserwanty &#8211; Przeciwutleniacze.<\/p>\n<h4>SK\u0141ADNIKI ANALITYCZNE:<\/h4>\n<p>Bia\u0142ko surowe: 27% &#8211; Oleje i t\u0142uszcze surowe: 11% &#8211; Popi\u00f3\u0142 surowy: 5,5% &#8211; W\u0142\u00f3kno surowe: 11,4%.<\/p>\n<h4>Spos\u00f3b u\u017cycia:<\/h4>\n<p>patrz tabela.<\/p>\n<p>Najlepiej wykorzysta\u0107 przed: patrz data wa\u017cno\u015bci. Data wa\u017cno\u015bci, numer partii i numer rejestracyjny zak\u0142adu znajduj\u0105 si\u0119 z ty\u0142u opakowania. Przechowywa\u0107 w suchym i ch\u0142odnym miejscu.<\/p>\n<p><img loading=\"lazy\" decoding=\"async\" class=\"wp-image-7857 aligncenter\" src=\"http:\/\/lanrel.eu\/wp-content\/uploads\/2025\/10\/RC-CCN-MaxiLight-CV-6-pl_PL.jpg\" alt=\"\" width=\"433\" height=\"433\" srcset=\"https:\/\/www.lanrel.pl\/wp-content\/uploads\/2025\/10\/RC-CCN-MaxiLight-CV-6-pl_PL.jpg 1000w, https:\/\/www.lanrel.pl\/wp-content\/uploads\/2025\/10\/RC-CCN-MaxiLight-CV-6-pl_PL-300x300.jpg 300w, https:\/\/www.lanrel.pl\/wp-content\/uploads\/2025\/10\/RC-CCN-MaxiLight-CV-6-pl_PL-150x150.jpg 150w, https:\/\/www.lanrel.pl\/wp-content\/uploads\/2025\/10\/RC-CCN-MaxiLight-CV-6-pl_PL-768x768.jpg 768w, https:\/\/www.lanrel.pl\/wp-content\/uploads\/2025\/10\/RC-CCN-MaxiLight-CV-6-pl_PL-12x12.jpg 12w, https:\/\/www.lanrel.pl\/wp-content\/uploads\/2025\/10\/RC-CCN-MaxiLight-CV-6-pl_PL-370x370.jpg 370w, https:\/\/www.lanrel.pl\/wp-content\/uploads\/2025\/10\/RC-CCN-MaxiLight-CV-6-pl_PL-60x60.jpg 60w, https:\/\/www.lanrel.pl\/wp-content\/uploads\/2025\/10\/RC-CCN-MaxiLight-CV-6-pl_PL-600x600.jpg 600w, https:\/\/www.lanrel.pl\/wp-content\/uploads\/2025\/10\/RC-CCN-MaxiLight-CV-6-pl_PL-100x100.jpg 100w\" sizes=\"(max-width: 433px) 100vw, 433px\" \/><\/p>\n<p>&nbsp;<\/p>\n<p>&nbsp;<\/p>\n<p>&nbsp;<\/p>","protected":false},"excerpt":{"rendered":"<p>Pe\u0142noporcjowa karma dla ps\u00f3w doros\u0142ych i starszych, ras du\u017cych (masa cia\u0142a 26-44 kg), powy\u017cej 15 miesi\u0105ca \u017cycia, z tendencj\u0105 do nadwagi.<\/p>\n<p>Marka: Royal Canin<\/p>\n<p>Dla jakiego pupila: Pies<\/p>\n<p><span class=\"ty-product-feature__label\">Wielko\u015b\u0107 pupila: Rasy du\u017ce<\/span><\/p>\n<p>Faza \u017cycia: Doros\u0142y<\/p>\n<p>Specjalne wymagania: Nadwaga<\/p>","protected":false},"featured_media":7858,"comment_status":"open","ping_status":"closed","template":"","meta":{"om_disable_all_campaigns":false,"inline_featured_image":false},"product_brand":[],"product_cat":[95,98],"product_tag":[],"class_list":{"0":"post-7851","1":"product","2":"type-product","3":"status-publish","4":"has-post-thumbnail","6":"product_cat-royal-canin-dog-food","7":"product_cat-wielkosc-psa","9":"first","10":"outofstock","11":"taxable","12":"shipping-taxable","13":"product-type-variable","14":"has-default-attributes"},"_links":{"self":[{"href":"https:\/\/www.lanrel.pl\/pl\/wp-json\/wp\/v2\/product\/7851","targetHints":{"allow":["GET"]}}],"collection":[{"href":"https:\/\/www.lanrel.pl\/pl\/wp-json\/wp\/v2\/product"}],"about":[{"href":"https:\/\/www.lanrel.pl\/pl\/wp-json\/wp\/v2\/types\/product"}],"replies":[{"embeddable":true,"href":"https:\/\/www.lanrel.pl\/pl\/wp-json\/wp\/v2\/comments?post=7851"}],"wp:featuredmedia":[{"embeddable":true,"href":"https:\/\/www.lanrel.pl\/pl\/wp-json\/wp\/v2\/media\/7858"}],"wp:attachment":[{"href":"https:\/\/www.lanrel.pl\/pl\/wp-json\/wp\/v2\/media?parent=7851"}],"wp:term":[{"taxonomy":"product_brand","embeddable":true,"href":"https:\/\/www.lanrel.pl\/pl\/wp-json\/wp\/v2\/product_brand?post=7851"},{"taxonomy":"product_cat","embeddable":true,"href":"https:\/\/www.lanrel.pl\/pl\/wp-json\/wp\/v2\/product_cat?post=7851"},{"taxonomy":"product_tag","embeddable":true,"href":"https:\/\/www.lanrel.pl\/pl\/wp-json\/wp\/v2\/product_tag?post=7851"}],"curies":[{"name":"wp","href":"https:\/\/api.w.org\/{rel}","templated":true}]}}