{"id":7837,"date":"2025-10-25T20:31:35","date_gmt":"2025-10-25T18:31:35","guid":{"rendered":"https:\/\/lanrel.eu\/?post_type=product&#038;p=7837"},"modified":"2025-10-25T20:31:35","modified_gmt":"2025-10-25T18:31:35","slug":"royal-canin-ccn-mini-sterilised-karma-sucha-dla-psow-doroslych","status":"publish","type":"product","link":"https:\/\/www.lanrel.pl\/pl\/produkt\/royal-canin-ccn-mini-sterilised-karma-sucha-dla-psow-doroslych\/","title":{"rendered":"ROYAL CANIN\u00ae CCN Mini Sterilised karma sucha dla ps\u00f3w doros\u0142ych"},"content":{"rendered":"<h4><img decoding=\"async\" class=\"aligncenter\" src=\"https:\/\/fera.pl\/images\/companies\/1\/RoyalCanin_SterilisedCareMini%20(1).jpg?1596724311346\" alt=\"ROYAL CANIN CCN Mini Sterilised karma sucha dla ps\u00f3w doros\u0142ych, ras ma\u0142ych, sterylizowanych 8 kg\" \/><img decoding=\"async\" class=\"aligncenter\" src=\"https:\/\/fera.pl\/images\/companies\/1\/RoyalCanin_SterilisedCareMedium%20(2).jpg?1596724017320\" alt=\"ROYAL CANIN CCN Medium Sterilised 3 kg karma sucha dla ps\u00f3w doros\u0142ych, ras \u015brednich, sterylizowanych\" \/><\/h4>\n<p>&nbsp;<\/p>\n<h4>Zalety<\/h4>\n<ul>\n<li>Udowodnione rezultaty<\/li>\n<li>Utrzymanie prawid\u0142owej masy cia\u0142a<\/li>\n<li>Program kontroli masy cia\u0142a<\/li>\n<\/ul>\n<p>Po zabiegu sterylizacji metabolizm Twojego psa spowalnia, i mo\u017ce si\u0119 wydawa\u0107, \u017ce pies ch\u0119tniej wybiera wylegiwanie si\u0119 na kanapie ni\u017c aktywne zabawy, a pomimo tego nadal odczuwa napady g\u0142odu pomi\u0119dzy posi\u0142kami.<\/p>\n<p>ROYAL CANIN\u00ae Sterilised Mini to karma odpowiednia dla ps\u00f3w po sterylizacji, o masie cia\u0142a do 10 kg, kt\u00f3ra zawiera sk\u0142adniki o wysokiej jako\u015bci oraz wspomaga uczucie syto\u015bci Twojego psa, by pozosta\u0142 szczup\u0142y i aktywny.<\/p>\n<p>Karma ROYAL CANIN\u00ae Sterilised Mini zawiera optymaln\u0105 kombinacj\u0119 w\u0142\u00f3kna pokarmowego wspomagaj\u0105c\u0105 prawid\u0142owy pasa\u017c jelitowy. Ponadto, sprzyja uczuciu syto\u015bci, co pomaga ograniczy\u0107 domaganie si\u0119 przek\u0105sek przez psa.<\/p>\n<p>W recepturze zmniejszono poziom t\u0142uszczu, aby wspom\u00f3c utrzymanie prawid\u0142owej masy cia\u0142a psa i unikn\u0105\u0107 problem\u00f3w zdrowotnych zwi\u0105zanych z nadwag\u0105.<\/p>\n<p>Ponadto, karma ROYAL CANIN\u00ae Sterilised Mini jest bogata w wysokostrawne bia\u0142ka, zapewniaj\u0105ce twojemu psu utrzymanie masy mi\u0119\u015bniowej, natomiast zawarto\u015b\u0107 kalorii (energii) zosta\u0142a odpowiednio zmniejszona.<\/p>\n<p>Nie musisz nam wierzy\u0107 na s\u0142owo, karma ROYAL CANIN\u00ae Sterilised Mini zosta\u0142a przetestowana i udowodniono naukowo, \u017ce jej zawarto\u015b\u0107 kalorii jest o 14% ni\u017csza ni\u017c w karmie bytowej dla ps\u00f3w doros\u0142ych. Oznacza to, \u017ce potwierdzono skuteczno\u015b\u0107 karmy ROYAL CANIN\u00ae Sterilised Mini.<\/p>\n<p>Program \u017cywienia Sterilised obejmuje dwa produkty. Zar\u00f3wno chrupi\u0105ce krokiety, jak i delikatny pasztet s\u0105 optymalnie zbilansowane i kompletne, stanowi\u0105c wspania\u0142e zestawienie. Podaj psu delikatny pasztet w po\u0142\u0105czeniu ze smakowitymi krokietami!<img fetchpriority=\"high\" decoding=\"async\" class=\"aligncenter\" src=\"https:\/\/fera.pl\/images\/companies\/1\/RoyalCanin_SterilisedCareMini%20(2).jpg?1596724327133\" alt=\"ROYAL CANIN CCN Mini Sterilised karma sucha dla ps\u00f3w doros\u0142ych, ras ma\u0142ych, sterylizowanych 8 kg\" width=\"524\" height=\"419\" \/><\/p>\n<p><iframe title=\"Sterilised\" width=\"1170\" height=\"658\" src=\"https:\/\/www.youtube.com\/embed\/GIf_JvePJ_0?feature=oembed\" frameborder=\"0\" allow=\"accelerometer; autoplay; clipboard-write; encrypted-media; gyroscope; picture-in-picture; web-share\" referrerpolicy=\"strict-origin-when-cross-origin\" allowfullscreen><\/iframe><\/p>\n<h4>Sk\u0142ad:<\/h4>\n<p>kukurydza, suszone bia\u0142ko drobiowe, pszenica, hydrolizat bia\u0142ka zwierz\u0119cego, gluten kukurydziany, w\u0142\u00f3kno ro\u015blinne, izolat bia\u0142ka ro\u015blinnego*, t\u0142uszcze zwierz\u0119ce, pulpa buraczana, dro\u017cd\u017ce i ich cz\u0119\u015bci, olej rybny, olej sojowy, \u0142uski i nasiona psyllium, fruktooligosacharydy, sole mineralne, olej z og\u00f3recznika, wyci\u0105g z aksamitki wzniesionej (\u017ar\u00f3d\u0142o luteiny).<\/p>\n<p>*L.I.P.: bia\u0142ko wyselekcjonowane ze wzgl\u0119du na bardzo wysok\u0105 strawno\u015b\u0107.<\/p>\n<h4>Dodatki (na 1 kg karmy):<\/h4>\n<p>Witamina A: 22000 UI, Witamina D3: 1000 UI, E1 (\u017belazo): 40 mg, E2 (Jod): 4 mg, E4 (Mied\u017a): 12 mg, E5 (Mangan): 52 mg, E6 (Cynk): 156 mg, E8 (Selen): 0,07 mg, L-karnityna: 200 mg &#8211; Dodatki technologiczne: Klinoptylolit pochodzenia osadowego: 5 g &#8211; Konserwanty &#8211; Przeciwutleniacze.<\/p>\n<h4>Sk\u0142adniki analityczne:<\/h4>\n<p>Bia\u0142ko surowe: 30,0% &#8211; Oleje i t\u0142uszcze surowe: 13,0% &#8211; Popi\u00f3\u0142 surowy: 5,4% &#8211; W\u0142\u00f3kno surowe: 6,6%.<\/p>\n<h4>Spos\u00f3b u\u017cycia:<\/h4>\n<p>patrz tabela.<\/p>\n<p>Najlepiej wykorzysta\u0107 przed: patrz data wa\u017cno\u015bci. Data wa\u017cno\u015bci, numer partii i numer rejestracyjny zak\u0142adu znajduj\u0105 si\u0119 z ty\u0142u opakowania. Przechowywa\u0107 w suchym i ch\u0142odnym miejscu.<\/p>\n<p>&nbsp;<\/p>\n<table style=\"height: 263px;\" width=\"1099\">\n<thead>\n<tr>\n<td>\n<p style=\"text-align: center;\"><strong>Waga psa<\/strong><\/p>\n<\/td>\n<td style=\"text-align: center;\"><strong>1 kg <\/strong><\/td>\n<td style=\"text-align: center;\"><strong>3 kg <\/strong><\/td>\n<td style=\"text-align: center;\"><strong>6 kg <\/strong><\/td>\n<td style=\"text-align: center;\"><strong>10 kg <\/strong><\/td>\n<\/tr>\n<\/thead>\n<tbody>\n<tr>\n<td style=\"text-align: center;\">&#8211;<\/td>\n<td style=\"text-align: center;\">Gramy<\/td>\n<td style=\"text-align: center;\">Gramy<\/td>\n<td style=\"text-align: center;\">Gramy<\/td>\n<td>\n<p style=\"text-align: center;\">Gramy<\/p>\n<\/td>\n<\/tr>\n<tr>\n<td>\n<p style=\"text-align: center;\">Niska aktywno\u015b\u0107<\/p>\n<\/td>\n<td style=\"text-align: center;\">23 g<\/td>\n<td style=\"text-align: center;\">53 g<\/td>\n<td style=\"text-align: center;\">89 g<\/td>\n<td style=\"text-align: center;\">131 g<\/td>\n<\/tr>\n<tr>\n<td style=\"text-align: center;\">Normalna aktywno\u015b\u0107<\/td>\n<td style=\"text-align: center;\">28 g<\/td>\n<td style=\"text-align: center;\">63 g<\/td>\n<td style=\"text-align: center;\">106 g<\/td>\n<td>\n<p style=\"text-align: center;\">155 g<\/p>\n<\/td>\n<\/tr>\n<tr>\n<td>\n<p style=\"text-align: center;\">Wysoka aktywno\u015b\u0107<\/p>\n<\/td>\n<td style=\"text-align: center;\">32 g<\/td>\n<td style=\"text-align: center;\">73 g<\/td>\n<td style=\"text-align: center;\">123 g<\/td>\n<td>\n<p style=\"text-align: center;\">180 g<\/p>\n<\/td>\n<\/tr>\n<\/tbody>\n<\/table>","protected":false},"excerpt":{"rendered":"<p>karma sucha dla ps\u00f3w doros\u0142ych, ras ma\u0142ych, sterylizowanych<\/p>\n<p>Marka: Royal Canin<\/p>\n<p>Dla jakiego pupila: Pies<\/p>\n<p><span class=\"ty-product-feature__label\">Wielko\u015b\u0107 pupila: Rasy ma\u0142e<\/span><\/p>\n<p>Faza \u017cycia: Doros\u0142y<\/p>\n<p>Specjalne wymagania: Sterylizacja<\/p>","protected":false},"featured_media":7849,"comment_status":"open","ping_status":"closed","template":"","meta":{"om_disable_all_campaigns":false,"inline_featured_image":false},"product_brand":[],"product_cat":[27,95,99],"product_tag":[],"class_list":{"0":"post-7837","1":"product","2":"type-product","3":"status-publish","4":"has-post-thumbnail","6":"product_cat-dog-food","7":"product_cat-royal-canin-dog-food","8":"product_cat-szczegolne-potrzeby-psow","10":"first","11":"outofstock","12":"taxable","13":"shipping-taxable","14":"product-type-variable","15":"has-default-attributes"},"_links":{"self":[{"href":"https:\/\/www.lanrel.pl\/pl\/wp-json\/wp\/v2\/product\/7837","targetHints":{"allow":["GET"]}}],"collection":[{"href":"https:\/\/www.lanrel.pl\/pl\/wp-json\/wp\/v2\/product"}],"about":[{"href":"https:\/\/www.lanrel.pl\/pl\/wp-json\/wp\/v2\/types\/product"}],"replies":[{"embeddable":true,"href":"https:\/\/www.lanrel.pl\/pl\/wp-json\/wp\/v2\/comments?post=7837"}],"wp:featuredmedia":[{"embeddable":true,"href":"https:\/\/www.lanrel.pl\/pl\/wp-json\/wp\/v2\/media\/7849"}],"wp:attachment":[{"href":"https:\/\/www.lanrel.pl\/pl\/wp-json\/wp\/v2\/media?parent=7837"}],"wp:term":[{"taxonomy":"product_brand","embeddable":true,"href":"https:\/\/www.lanrel.pl\/pl\/wp-json\/wp\/v2\/product_brand?post=7837"},{"taxonomy":"product_cat","embeddable":true,"href":"https:\/\/www.lanrel.pl\/pl\/wp-json\/wp\/v2\/product_cat?post=7837"},{"taxonomy":"product_tag","embeddable":true,"href":"https:\/\/www.lanrel.pl\/pl\/wp-json\/wp\/v2\/product_tag?post=7837"}],"curies":[{"name":"wp","href":"https:\/\/api.w.org\/{rel}","templated":true}]}}