{"id":7825,"date":"2025-10-25T20:12:17","date_gmt":"2025-10-25T18:12:17","guid":{"rendered":"https:\/\/lanrel.eu\/?post_type=product&#038;p=7825"},"modified":"2025-10-25T20:12:17","modified_gmt":"2025-10-25T18:12:17","slug":"royal-canin-ccn-medium-sterilised-karma-sucha-dla-psow-doroslych","status":"publish","type":"product","link":"https:\/\/www.lanrel.pl\/pl\/produkt\/royal-canin-ccn-medium-sterilised-karma-sucha-dla-psow-doroslych\/","title":{"rendered":"ROYAL CANIN\u00ae CCN Medium Sterilised karma sucha dla ps\u00f3w doros\u0142ych"},"content":{"rendered":"<h4><img decoding=\"async\" class=\"aligncenter\" src=\"https:\/\/fera.pl\/images\/companies\/1\/RoyalCanin_SterilisedCareMedium%20(1).jpg?1596723997248\" alt=\"ROYAL CANIN CCN Medium Sterilised 3 kg karma sucha dla ps\u00f3w doros\u0142ych, ras \u015brednich, sterylizowanych\" \/><img decoding=\"async\" class=\"aligncenter\" src=\"https:\/\/fera.pl\/images\/companies\/1\/RoyalCanin_SterilisedCareMedium%20(2).jpg?1596724017320\" alt=\"ROYAL CANIN CCN Medium Sterilised 3 kg karma sucha dla ps\u00f3w doros\u0142ych, ras \u015brednich, sterylizowanych\" \/><\/h4>\n<h4>Zalety<\/h4>\n<ul>\n<li>Udowodnione rezultaty<\/li>\n<li>Utrzymanie prawid\u0142owej masy cia\u0142a<\/li>\n<\/ul>\n<p>&nbsp;<\/p>\n<p>Metabolizm Twojego psa spowalnia po zabiegu sterylizacji i pies mo\u017ce ch\u0119tniej wybiera\u0107 wylegiwanie si\u0119 na kanapie ni\u017c aktywne zabawy, a pomimo tego nadal odczuwa\u0107 napady g\u0142odu pomi\u0119dzy posi\u0142kami.<\/p>\n<p>ROYAL CANIN\u00ae Sterilised Medium to karma odpowiednia dla ps\u00f3w po sterylizacji, o masie cia\u0142a mi\u0119dzy 11 a 25 kg. Receptura o wysokiej smakowito\u015bci zaspokaja apetyt swojego psa dzi\u0119ki sk\u0142adnikom pokarmowym wysokiej jako\u015bci, precyzyjnie dobranym tak, by utrzyma\u0107 szczup\u0142\u0105 sylwetk\u0119 oraz aktywno\u015b\u0107 Twojego psa.<\/p>\n<p>Umiarkowana zawarto\u015b\u0107 t\u0142uszczu w karmie ROYAL CANIN\u00ae Sterilised Medium pomaga psu utrzyma\u0107 prawid\u0142ow\u0105 mas\u0119 cia\u0142a i unikn\u0105\u0107 problem\u00f3w zdrowotnych zwi\u0105zanych z nadwag\u0105.<\/p>\n<p>Optymalna kombinacja w\u0142\u00f3kna pokarmowego w karmie ROYAL CANIN\u00ae Sterilised Medium zapewnia uczucie syto\u015bc, wspomaga prawid\u0142owy pasa\u017c jelitowy i poprawia przebieg trawienia.<\/p>\n<p>Ponadto, karma ROYAL CANIN\u00ae Sterilised Medium jest bogata w wysokostrawne bia\u0142ka, zapewniaj\u0105ce twojemu psu utrzymanie masy mi\u0119\u015bniowej, natomiast zawarto\u015b\u0107 t\u0142uszczu i kalorii (energia) zosta\u0142a odpowiednio zmniejszona.<\/p>\n<p>Nie musisz nam wierzy\u0107 na s\u0142owo, karma ROYAL CANIN\u00ae Sterilised Medium zosta\u0142a przetestowana i udowodniono naukowo, \u017ce jej zawarto\u015b\u0107 kalorii jest o 10% ni\u017csza ni\u017c w karmie bytowej dla ps\u00f3w doros\u0142ych. Oznacza to, \u017ce potwierdzono skuteczno\u015b\u0107 karmy ROYAL CANIN\u00ae Sterilised Mini.<\/p>\n<p style=\"text-align: center;\">Program \u017cywienia Sterilised obejmuje dwa produkty. Zar\u00f3wno chrupi\u0105ce krokiety, jak i delikatny pasztet s\u0105 optymalnie zbilansowane i kompletne, stanowi\u0105c wspania\u0142e zestawienie. Podaj psu delikatny pasztet w po\u0142\u0105czeniu ze smakowitymi krokietami!<img fetchpriority=\"high\" decoding=\"async\" class=\"\" src=\"https:\/\/fera.pl\/images\/companies\/1\/RoyalCanin_SterilisedCareMedium%20(3).jpg?1596724039454\" alt=\"ROYAL CANIN CCN Medium Sterilised 3 kg karma sucha dla ps\u00f3w doros\u0142ych, ras \u015brednich, sterylizowanych\" width=\"510\" height=\"408\" \/><\/p>\n<p><iframe title=\"Sterilised\" width=\"1170\" height=\"658\" src=\"https:\/\/www.youtube.com\/embed\/GIf_JvePJ_0?feature=oembed\" frameborder=\"0\" allow=\"accelerometer; autoplay; clipboard-write; encrypted-media; gyroscope; picture-in-picture; web-share\" referrerpolicy=\"strict-origin-when-cross-origin\" allowfullscreen><\/iframe><\/p>\n<h4>Sk\u0142ad:<\/h4>\n<p>kukurydza, suszone bia\u0142ko drobiowe, pszenica, w\u0142\u00f3kno ro\u015blinne, hydrolizat bia\u0142ka zwierz\u0119cego, t\u0142uszcze zwierz\u0119ce, gluten kukurydziany, izolat bia\u0142ka ro\u015blinnego*, pulpa buraczana, dro\u017cd\u017ce i ich cz\u0119\u015bci, olej rybny, olej sojowy, sole mineralne, \u0142uski i nasiona psyllium, fruktooligosacharydy, wyci\u0105g z dro\u017cd\u017cy (\u017ar\u00f3d\u0142o mannooligosacharyd\u00f3w), olej z og\u00f3recznika, wyci\u0105g z aksamitki wzniesionej (\u017ar\u00f3d\u0142o luteiny).<\/p>\n<p>*L.I.P.: bia\u0142ko wyselekcjonowane ze wzgl\u0119du na bardzo wysok\u0105 strawno\u015b\u0107.<\/p>\n<h4>Dodatki (na 1 kg karmy):<\/h4>\n<p>Witamina A: 21000 UI, Witamina D3: 1000 UI, E1 (\u017belazo): 37 mg, E2 (Jod): 3,7 mg, E4 (Mied\u017a): 11 mg, E5 (Mangan): 48 mg, E6 (Cynk): 135 mg, E8 (Selen): 0,06 mg, L-karnityna: 200 mg &#8211; Dodatki technologiczne: Klinoptylolit pochodzenia osadowego: 5 g &#8211; Konserwanty &#8211; Przeciwutleniacze.<\/p>\n<h4>Sk\u0142adniki analityczne:<\/h4>\n<p>Bia\u0142ko surowe: 28,0% &#8211; Oleje i t\u0142uszcze surowe: 13,0% &#8211; Popi\u00f3\u0142 surowy: 4,9% &#8211; W\u0142\u00f3kno surowe: 6,4%.<\/p>\n<h4>Spos\u00f3b u\u017cycia:<\/h4>\n<p>patrz tabela.<\/p>\n<p>Najlepiej wykorzysta\u0107 przed: patrz data wa\u017cno\u015bci. Data wa\u017cno\u015bci, numer partii i numer rejestracyjny zak\u0142adu znajduj\u0105 si\u0119 z ty\u0142u opakowania. Przechowywa\u0107 w suchym i ch\u0142odnym miejscu.<\/p>\n<table style=\"height: 302px;\" width=\"1067\">\n<thead>\n<tr>\n<td>\n<p style=\"text-align: center;\"><strong>Waga psa<\/strong><\/p>\n<\/td>\n<td style=\"text-align: center;\"><strong>11 kg <\/strong><\/td>\n<td style=\"text-align: center;\"><strong>15 kg <\/strong><\/td>\n<td style=\"text-align: center;\"><strong>20 kg <\/strong><\/td>\n<td style=\"text-align: center;\"><strong>25 kg <\/strong><\/td>\n<\/tr>\n<\/thead>\n<tbody>\n<tr>\n<td>\n<p style=\"text-align: center;\">&#8211;<\/p>\n<\/td>\n<td style=\"text-align: center;\">(g)<\/td>\n<td style=\"text-align: center;\">(g)<\/td>\n<td style=\"text-align: center;\">(g)<\/td>\n<td style=\"text-align: center;\">(g)<\/td>\n<\/tr>\n<tr>\n<td style=\"text-align: center;\">Niska aktywno\u015b\u0107<\/td>\n<td style=\"text-align: center;\">140 g<\/td>\n<td style=\"text-align: center;\">177 g<\/td>\n<td style=\"text-align: center;\">219 g<\/td>\n<td>\n<p style=\"text-align: center;\">259 g<\/p>\n<\/td>\n<\/tr>\n<tr>\n<td>\n<p style=\"text-align: center;\">Normalna aktywno\u015b\u0107<\/p>\n<\/td>\n<td style=\"text-align: center;\">166 g<\/td>\n<td style=\"text-align: center;\">210 g<\/td>\n<td style=\"text-align: center;\">260 g<\/td>\n<td style=\"text-align: center;\">308 g<\/td>\n<\/tr>\n<tr>\n<td style=\"text-align: center;\">Wysoka aktywno\u015b\u0107<\/td>\n<td style=\"text-align: center;\">193 g<\/td>\n<td style=\"text-align: center;\">243 g<\/td>\n<td style=\"text-align: center;\">301 g<\/td>\n<td>\n<p style=\"text-align: center;\">356 g<\/p>\n<\/td>\n<\/tr>\n<\/tbody>\n<\/table>\n<p>&nbsp;<\/p>","protected":false},"excerpt":{"rendered":"<p>karma sucha dla ps\u00f3w doros\u0142ych, ras \u015brednich, sterylizowanych<\/p>\n<p>Marka: Royal Canin<\/p>\n<p>Dla jakiego pupila: Pies<\/p>\n<p><span class=\"ty-product-feature__label\">Wielko\u015b\u0107 pupila: Rasy \u015brednie<\/span><\/p>\n<p>Faza \u017cycia: Doros\u0142y<\/p>\n<p>Specjalne wymagania: Sterylizacja<\/p>","protected":false},"featured_media":7836,"comment_status":"open","ping_status":"closed","template":"","meta":{"om_disable_all_campaigns":false,"inline_featured_image":false},"product_brand":[],"product_cat":[27,95,99],"product_tag":[],"class_list":{"0":"post-7825","1":"product","2":"type-product","3":"status-publish","4":"has-post-thumbnail","6":"product_cat-dog-food","7":"product_cat-royal-canin-dog-food","8":"product_cat-szczegolne-potrzeby-psow","10":"first","11":"outofstock","12":"taxable","13":"shipping-taxable","14":"product-type-variable","15":"has-default-attributes"},"_links":{"self":[{"href":"https:\/\/www.lanrel.pl\/pl\/wp-json\/wp\/v2\/product\/7825","targetHints":{"allow":["GET"]}}],"collection":[{"href":"https:\/\/www.lanrel.pl\/pl\/wp-json\/wp\/v2\/product"}],"about":[{"href":"https:\/\/www.lanrel.pl\/pl\/wp-json\/wp\/v2\/types\/product"}],"replies":[{"embeddable":true,"href":"https:\/\/www.lanrel.pl\/pl\/wp-json\/wp\/v2\/comments?post=7825"}],"wp:featuredmedia":[{"embeddable":true,"href":"https:\/\/www.lanrel.pl\/pl\/wp-json\/wp\/v2\/media\/7836"}],"wp:attachment":[{"href":"https:\/\/www.lanrel.pl\/pl\/wp-json\/wp\/v2\/media?parent=7825"}],"wp:term":[{"taxonomy":"product_brand","embeddable":true,"href":"https:\/\/www.lanrel.pl\/pl\/wp-json\/wp\/v2\/product_brand?post=7825"},{"taxonomy":"product_cat","embeddable":true,"href":"https:\/\/www.lanrel.pl\/pl\/wp-json\/wp\/v2\/product_cat?post=7825"},{"taxonomy":"product_tag","embeddable":true,"href":"https:\/\/www.lanrel.pl\/pl\/wp-json\/wp\/v2\/product_tag?post=7825"}],"curies":[{"name":"wp","href":"https:\/\/api.w.org\/{rel}","templated":true}]}}