{"id":7813,"date":"2025-10-25T19:57:22","date_gmt":"2025-10-25T17:57:22","guid":{"rendered":"https:\/\/lanrel.eu\/?post_type=product&#038;p=7813"},"modified":"2025-10-25T19:57:22","modified_gmt":"2025-10-25T17:57:22","slug":"royal-canin-ccn-maxi-sterilised-karma-sucha-dla-psow-doroslych","status":"publish","type":"product","link":"https:\/\/www.lanrel.pl\/pl\/produkt\/royal-canin-ccn-maxi-sterilised-karma-sucha-dla-psow-doroslych\/","title":{"rendered":"ROYAL CANIN\u00ae CCN Maxi Sterilised karma sucha dla ps\u00f3w doros\u0142ych"},"content":{"rendered":"<h4><img decoding=\"async\" class=\"aligncenter\" src=\"https:\/\/zooart.com.pl\/data\/include\/cms\/Royal2020\/CCN\/RoyalCanin_SterilisedCareMaxi.jpg\" \/><img decoding=\"async\" class=\"aligncenter\" src=\"https:\/\/fera.pl\/images\/companies\/1\/RoyalCanin_SterilisedCareMaxi%20(1).jpg?1596723645894\" alt=\"ROYAL CANIN CCN Maxi Sterilised\" \/><\/h4>\n<h4>Zalety<\/h4>\n<ul>\n<li>Udowodnione rezultaty<\/li>\n<li>Utrzymanie prawid\u0142owej masy cia\u0142a<\/li>\n<\/ul>\n<p>Po zabiegu sterylizacji metabolizm twojego psa spowalnia, podczas gdy jego apetyt mo\u017ce pozosta\u0107 bez zmian. Wtedy utrzymanie optymalnej masy cia\u0142a twojego psa mo\u017ce sta\u0107 si\u0119 prawdziwym wyzwaniem, wi\u0119c konieczna b\u0119dzie kompletna karma wysokiej jako\u015bci, kt\u00f3ra pomo\u017ce utrzyma\u0107 szczup\u0142\u0105 sylwetk\u0119 oraz aktywno\u015b\u0107 Twojego psa.<\/p>\n<p>ROYAL CANIN\u00ae Sterilised Maxi to karma o wysokiej smakowito\u015bci odpowiednia dla ps\u00f3w po sterylizacji, o masie cia\u0142a mi\u0119dzy 26 a 44 kg, kt\u00f3ra sprzyja uczuciu syto\u015bci, bez ryzyka rozwoju nadwagi.<\/p>\n<p>Firma Royal Canin bardzo powa\u017cnie podchodzi do wyboru surowc\u00f3w, a zw\u0142aszcza bia\u0142ek. Wykorzystywane s\u0105 tylko bia\u0142ka najwy\u017cszej jako\u015bci, dostosowane do szczeg\u00f3lnych potrzeb danego psa. Karma ROYAL CANIN\u00ae Sterilised Maxi jest bogata w wysokostrawne bia\u0142ka, zapewniaj\u0105ce twojemu psu utrzymanie masy mi\u0119\u015bniowej, natomiast zawarto\u015b\u0107 t\u0142uszczu i kalorii (energia) zosta\u0142a odpowiednio zmniejszona. Umiarkowana zawarto\u015b\u0107 t\u0142uszczu w karmie ROYAL CANIN\u00ae Sterilised Maxi pomaga psu utrzyma\u0107 prawid\u0142ow\u0105 mas\u0119 cia\u0142a i unikn\u0105\u0107 problem\u00f3w zdrowotnych zwi\u0105zanych z nadwag\u0105.<\/p>\n<p>Optymalna kombinacja w\u0142\u00f3kna pokarmowego w karmie ROYAL CANIN\u00ae Sterilised Maxi sprzyja uczuciu syto\u015bci, co pomaga ograniczy\u0107 domaganie si\u0119 przek\u0105sek przez psa.<\/p>\n<p>Nie musisz nam wierzy\u0107 na s\u0142owo, karma ROYAL CANIN\u00ae Sterilised Maxi zosta\u0142a przetestowana i udowodniono naukowo, \u017ce jej zawarto\u015b\u0107 kalorii jest o 14% ni\u017csza ni\u017c w karmie bytowej dla ps\u00f3w doros\u0142ych. Oznacza to, \u017ce potwierdzono skuteczno\u015b\u0107 karmy ROYAL CANIN\u00ae Sterilised Maxi.<\/p>\n<p>Program \u017cywienia Sterilised obejmuje dwa produkty. Zar\u00f3wno chrupi\u0105ce krokiety, jak i delikatny pasztet s\u0105 optymalnie zbilansowane i kompletne, stanowi\u0105c wspania\u0142e zestawienie. Podaj psu delikatny pasztet w po\u0142\u0105czeniu ze smakowitymi krokietami!<img fetchpriority=\"high\" decoding=\"async\" class=\"aligncenter\" src=\"https:\/\/fera.pl\/images\/companies\/1\/RoyalCanin_SterilisedCareMaxi%20(2).jpg?1596723671100\" alt=\"karma sucha i mokra\" width=\"534\" height=\"427\" \/><\/p>\n<p><iframe title=\"Sterilised\" width=\"1170\" height=\"658\" src=\"https:\/\/www.youtube.com\/embed\/GIf_JvePJ_0?start=4&#038;feature=oembed\" frameborder=\"0\" allow=\"accelerometer; autoplay; clipboard-write; encrypted-media; gyroscope; picture-in-picture; web-share\" referrerpolicy=\"strict-origin-when-cross-origin\" allowfullscreen><\/iframe><\/p>\n<p>&nbsp;<\/p>\n<p><strong>Sk\u0142ad<\/strong><br \/>\nkukurydza, bia\u0142ko drobiowe (suszone), pszenica, gluten paszowy kukurydziany, lignoceluloza, bia\u0142ko zwierz\u0119ce (hydrolizowane), t\u0142uszcz zwierz\u0119cy, izolat bia\u0142ka ro\u015blinnego*, suszone wys\u0142odki buraczane, olej rybi, dro\u017cd\u017ce i ich cz\u0119\u015bci, olej sojowy, sk\u0142adniki mineralne, psyllium (\u0142uski i nasiona babki p\u0142esznik), olej z og\u00f3recznika lekarskiego, hydrolizat ze skorupiak\u00f3w (\u017ar\u00f3d\u0142o glukozaminy), m\u0105czka z kwiatu aksamitki(\u017ar\u00f3d\u0142o luteiny), hydrolizat z chrz\u0105stki (\u017ar\u00f3d\u0142o chondroityny)<\/p>\n<p>*L.I.P.: wyselekcjonowane, lekkostrawne bia\u0142ka o wysokiej warto\u015bci biologicznej<\/p>\n<h4>Dodatki (na 1 kg karmy):<\/h4>\n<p>witamina A (24 000 j.m.\/kg), witamina D3 (1100 j.m.\/kg), E1 [\u017celazo] (35 mg\/kg), E2 [jod] (3,6 mg\/kg), E4 [mied\u017a] (11 mg\/kg), E5 [mangan] (46 mg\/kg), E6 [cynk] (135 mg\/kg), E8 [selen] (0,06 mg\/kg), L-karnityna (200 mg\/kg)<br \/>\n<em>Dodatki technologiczne:<\/em><br \/>\nklinoptylolit pochodzenia osadowego (5 g\/kg)<\/p>\n<h4>Sk\u0142adniki analityczne:<\/h4>\n<p>Bia\u0142ko surowe: 28,0% &#8211; T\u0142uszcz surowy: 13,0% &#8211; Popi\u00f3\u0142 surowy: 5,8% &#8211; W\u0142\u00f3kno surowe: 6,7%.<\/p>\n<h4>Spos\u00f3b u\u017cycia:<\/h4>\n<p>patrz tabela.<\/p>\n<p>Najlepiej wykorzysta\u0107 przed: patrz data wa\u017cno\u015bci. Data wa\u017cno\u015bci, numer partii i numer rejestracyjny zak\u0142adu znajduj\u0105 si\u0119 z ty\u0142u opakowania. Przechowywa\u0107 w suchym i ch\u0142odnym miejscu.<\/p>\n<table border=\"1\" width=\"80%\">\n<tbody>\n<tr>\n<td align=\"center\"><small><strong>Waga psa<\/strong><\/small><\/td>\n<td align=\"center\"><small><strong>Niska aktywno\u015b\u0107<\/strong><\/small><\/td>\n<td align=\"center\"><small><strong>Normalna aktywno\u015b\u0107<\/strong><\/small><\/td>\n<td align=\"center\"><small><strong>Wysoka aktywno\u015b\u0107<\/strong><\/small><\/td>\n<\/tr>\n<tr>\n<td align=\"center\"><small>26 kg<\/small><\/td>\n<td align=\"center\"><small>272<\/small><\/td>\n<td align=\"center\"><small>323<\/small><\/td>\n<td align=\"center\"><small>374<\/small><\/td>\n<\/tr>\n<tr>\n<td align=\"center\"><small>28 kg<\/small><\/td>\n<td align=\"center\"><small>288<\/small><\/td>\n<td align=\"center\"><small>341<\/small><\/td>\n<td align=\"center\"><small>395<\/small><\/td>\n<\/tr>\n<tr>\n<td align=\"center\"><small>30 kg<\/small><\/td>\n<td align=\"center\"><small>303<\/small><\/td>\n<td align=\"center\"><small>360<\/small><\/td>\n<td align=\"center\"><small>416<\/small><\/td>\n<\/tr>\n<tr>\n<td align=\"center\"><small>32 kg<\/small><\/td>\n<td align=\"center\"><small>318<\/small><\/td>\n<td align=\"center\"><small>377<\/small><\/td>\n<td align=\"center\"><small>437<\/small><\/td>\n<\/tr>\n<tr>\n<td align=\"center\"><small>34 kg<\/small><\/td>\n<td align=\"center\"><small>333<\/small><\/td>\n<td align=\"center\"><small>395<\/small><\/td>\n<td align=\"center\"><small>457<\/small><\/td>\n<\/tr>\n<tr>\n<td align=\"center\"><small>36 kg<\/small><\/td>\n<td align=\"center\"><small>347<\/small><\/td>\n<td align=\"center\"><small>412<\/small><\/td>\n<td align=\"center\"><small>477<\/small><\/td>\n<\/tr>\n<tr>\n<td align=\"center\"><small>38 kg<\/small><\/td>\n<td align=\"center\"><small>362<\/small><\/td>\n<td align=\"center\"><small>429<\/small><\/td>\n<td align=\"center\"><small>497<\/small><\/td>\n<\/tr>\n<tr>\n<td align=\"center\"><small>40 kg<\/small><\/td>\n<td align=\"center\"><small>376<\/small><\/td>\n<td align=\"center\"><small>446<\/small><\/td>\n<td align=\"center\"><small>517<\/small><\/td>\n<\/tr>\n<tr>\n<td align=\"center\"><small>42 kg<\/small><\/td>\n<td align=\"center\"><small>390<\/small><\/td>\n<td align=\"center\"><small>463<\/small><\/td>\n<td align=\"center\"><small>536<\/small><\/td>\n<\/tr>\n<tr>\n<td align=\"center\"><small>44 kg<\/small><\/td>\n<td align=\"center\"><small>404<\/small><\/td>\n<td align=\"center\"><small>479<\/small><\/td>\n<td align=\"center\"><small>555<\/small><\/td>\n<\/tr>\n<\/tbody>\n<\/table>","protected":false},"excerpt":{"rendered":"<p>karma sucha dla ps\u00f3w doros\u0142ych, ras du\u017cych, sterylizowanych<\/p>\n<p>Marka: Royal Canin<\/p>\n<p>Dla jakiego pupila: Pies<\/p>\n<p><span class=\"ty-product-feature__label\">Wielko\u015b\u0107 pupila: Rasy du\u017ce<\/span><\/p>\n<p>Faza \u017cycia: Doros\u0142y<\/p>\n<p>Specjalne wymagania: Sterylizacja<\/p>","protected":false},"featured_media":7822,"comment_status":"open","ping_status":"closed","template":"","meta":{"om_disable_all_campaigns":false,"inline_featured_image":false},"product_brand":[],"product_cat":[27,95,99],"product_tag":[],"class_list":{"0":"post-7813","1":"product","2":"type-product","3":"status-publish","4":"has-post-thumbnail","6":"product_cat-dog-food","7":"product_cat-royal-canin-dog-food","8":"product_cat-szczegolne-potrzeby-psow","10":"first","11":"outofstock","12":"taxable","13":"shipping-taxable","14":"product-type-variable"},"_links":{"self":[{"href":"https:\/\/www.lanrel.pl\/pl\/wp-json\/wp\/v2\/product\/7813","targetHints":{"allow":["GET"]}}],"collection":[{"href":"https:\/\/www.lanrel.pl\/pl\/wp-json\/wp\/v2\/product"}],"about":[{"href":"https:\/\/www.lanrel.pl\/pl\/wp-json\/wp\/v2\/types\/product"}],"replies":[{"embeddable":true,"href":"https:\/\/www.lanrel.pl\/pl\/wp-json\/wp\/v2\/comments?post=7813"}],"wp:featuredmedia":[{"embeddable":true,"href":"https:\/\/www.lanrel.pl\/pl\/wp-json\/wp\/v2\/media\/7822"}],"wp:attachment":[{"href":"https:\/\/www.lanrel.pl\/pl\/wp-json\/wp\/v2\/media?parent=7813"}],"wp:term":[{"taxonomy":"product_brand","embeddable":true,"href":"https:\/\/www.lanrel.pl\/pl\/wp-json\/wp\/v2\/product_brand?post=7813"},{"taxonomy":"product_cat","embeddable":true,"href":"https:\/\/www.lanrel.pl\/pl\/wp-json\/wp\/v2\/product_cat?post=7813"},{"taxonomy":"product_tag","embeddable":true,"href":"https:\/\/www.lanrel.pl\/pl\/wp-json\/wp\/v2\/product_tag?post=7813"}],"curies":[{"name":"wp","href":"https:\/\/api.w.org\/{rel}","templated":true}]}}