{"id":7805,"date":"2025-10-25T19:22:44","date_gmt":"2025-10-25T17:22:44","guid":{"rendered":"https:\/\/lanrel.eu\/?post_type=product&#038;p=7805"},"modified":"2025-10-25T19:22:44","modified_gmt":"2025-10-25T17:22:44","slug":"royal-canin-ccn-mini-relax-care-karma-sucha-dla-psow-doroslych-8kg","status":"publish","type":"product","link":"https:\/\/www.lanrel.pl\/pl\/produkt\/royal-canin-ccn-mini-relax-care-karma-sucha-dla-psow-doroslych-8kg\/","title":{"rendered":"ROYAL CANIN\u00ae CCN Mini Relax Care karma sucha dla ps\u00f3w doros\u0142ych 8kg"},"content":{"rendered":"<p><img decoding=\"async\" class=\"aligncenter\" src=\"https:\/\/fera.pl\/images\/companies\/1\/RoyalCanin_RelaxCareMini%20(1).jpg?1596722319196\" alt=\"ROYAL CANIN CCN Mini Relax Care karma sucha dla ps\u00f3w doros\u0142ych, ras ma\u0142ych, nara\u017conych na dzia\u0142anie stresu\" \/><\/p>\n<p><img decoding=\"async\" class=\"aligncenter\" src=\"https:\/\/fera.pl\/images\/companies\/1\/RoyalCanin_RelaxCareMini%20(2).jpg?1596722347127\" alt=\"ROYAL CANIN CCN Mini Relax Care karma sucha dla ps\u00f3w doros\u0142ych, ras ma\u0142ych, nara\u017conych na dzia\u0142anie stresu\" \/><\/p>\n<h4>Zalety\uff1a<\/h4>\n<ul>\n<li>\u0141atwiejsza adaptacja do zmian<\/li>\n<\/ul>\n<p><strong>\u00a0<\/strong><\/p>\n<p>Tw\u00f3j pies mo\u017ce odczuwa\u0107 silny stres przy ka\u017cdej zmianie codziennych rytua\u0142\u00f3w.\u00a0 Wydarzenia, takie jak przeprowadzka, d\u0142uga podro\u017c samochodem, czy pojawienie si\u0119 dziecka w rodzinie mog\u0105 go niepokoi\u0107. Dobierz diet\u0119 psa tak, by pom\u00f3c mu odzyska\u0107 r\u00f3wnowag\u0119 i zn\u00f3w by\u0107 sob\u0105<strong>.<\/strong><\/p>\n<p>Karma ROYAL CANIN\u00ae Relax Care Mini odpowiednia dla ps\u00f3w doros\u0142ych o masie cia\u0142a do 10 kg, zawiera wysokiej jako\u015bci sk\u0142adniki pokarmowe, kt\u00f3re pomog\u0105 twojemu psu \u0142atwiej przystosowa\u0107 si\u0119 do zmian.<\/p>\n<p>W badaniach naukowych zidentyfikowano aktywn\u0105 cz\u0105steczk\u0119 bia\u0142ka, kt\u00f3rego dzia\u0142anie daje efekt uspokajaj\u0105cy. Ten wysokiej jako\u015bci sk\u0142adnik pokarmowy naturalnego pochodzenia zosta\u0142 w przyswajalnej formie wprowadzony do receptury karmy. Podczas produkcji regularnie prowadzone s\u0105 dok\u0142adne kontrole formy, ilo\u015bci i jako\u015bci tego wa\u017cnego dodatku.<\/p>\n<p>Wszystkie karmy Royal Canin s\u0105 pe\u0142noporcjowe, co oznacza, \u017ce w 100% pokrywaj\u0105 zapotrzebowanie organizmu na wysokiej jako\u015bci bia\u0142ka, t\u0142uszcze, w\u0142\u00f3kno, witaminy i sk\u0142adniki mineralne, potrzebne dla zdrowia i dobrego samopoczucia twojego psa.<\/p>\n<p>Program \u017cywienia Relax Care obejmuje dwa produkty. Zar\u00f3wno chrupi\u0105ce krokiety, jak i delikatny pasztet s\u0105 optymalnie zbilansowane i kompletne, stanowi\u0105c wspania\u0142e zestawienie. Podaj psu delikatny pasztet w po\u0142\u0105czeniu ze smakowitymi krokietami!<\/p>\n<p><strong>\u00a0<\/strong>Nie musisz nam wierzy\u0107 na s\u0142owo, poniewa\u017c dzi\u0119ki podawaniu karmy ROYAL CANIN\u00ae Relax Care Mini u ponad 44% ps\u00f3w w sytuacji zmian \u015brodowiskowych nie zaobserwowano r\u00f3\u017cnic w ich dotychczasowym zachowaniu. Oznacza to, \u017ce potwierdzono skuteczno\u015b\u0107 karmy ROYAL CANIN\u00ae Relax Care Mini.<img fetchpriority=\"high\" decoding=\"async\" class=\"aligncenter\" src=\"https:\/\/fera.pl\/images\/companies\/1\/RoyalCanin_RelaxCareMini%20(3).jpg?1596722376435\" alt=\"ROYAL CANIN CCN Mini Relax Care karma sucha dla ps\u00f3w doros\u0142ych, ras ma\u0142ych, nara\u017conych na dzia\u0142anie stresu\" width=\"526\" height=\"421\" \/><\/p>\n<p>&nbsp;<\/p>\n<p><iframe title=\"ROYAL CANIN\u00ae RELAX CARE\" width=\"1170\" height=\"658\" src=\"https:\/\/www.youtube.com\/embed\/QcKKei6OWXc?feature=oembed\" frameborder=\"0\" allow=\"accelerometer; autoplay; clipboard-write; encrypted-media; gyroscope; picture-in-picture; web-share\" referrerpolicy=\"strict-origin-when-cross-origin\" allowfullscreen><\/iframe><\/p>\n<p>&nbsp;<\/p>\n<h4>Sk\u0142ad:<\/h4>\n<p>m\u0105ka kukurydziana, ry\u017c, kukurydza, suszone bia\u0142ko drobiowe, t\u0142uszcze zwierz\u0119ce, hydrolizat bia\u0142ka zwierz\u0119cego, gluten kukurydziany, pulpa buraczana, izolat bia\u0142ka ro\u015blinnego*, sole mineralne, olej rybny, w\u0142\u00f3kno ro\u015blinne, olej sojowy, proszek celulozowy, dro\u017cd\u017ce i ich cz\u0119\u015bci, \u0142uski i nasiona psyllium, hydrolizowane bia\u0142ko rybne, wyci\u0105g z dro\u017cd\u017cy (\u017ar\u00f3d\u0142o mannooligosacharyd\u00f3w), wyci\u0105g z aksamitki wzniesionej (\u017ar\u00f3d\u0142o luteiny).<\/p>\n<p>* L.I.P.: bia\u0142ko wyselekcjonowane ze wzgl\u0119du na bardzo wysok\u0105 strawno\u015b\u0107.<\/p>\n<h4>Dodatki(na 1 kg karmy):<\/h4>\n<p>Witamina A: 15500 IU, Witamina D3: 1000 IU, E1 (\u017belazo): 54 mg, E2 (Jod): 4,7 mg, E4 (Mied\u017a): 13 mg, E5 (Mangan): 60 mg, E6 (Cynk): 142 mg, E8 (Selen): 0,13 mg &#8211; Konserwanty &#8211; Przeciwutleniacze.<\/p>\n<h4>Spos\u00f3b u\u017cycia:<\/h4>\n<p>patrz tabela.<\/p>\n<p>Najlepiej wykorzysta\u0107 przed: patrz data wa\u017cno\u015bci. Data wa\u017cno\u015bci, numer partii i numer rejestracyjny zak\u0142adu znajduj\u0105 si\u0119 z ty\u0142u opakowania. Przechowywa\u0107 w suchym i ch\u0142odnym miejscu.<\/p>\n<table>\n<thead>\n<tr>\n<td style=\"text-align: center;\"><\/td>\n<td style=\"text-align: center;\"><strong>Niska aktywno\u015b\u0107 (suchej karmy)<\/strong><\/td>\n<td style=\"text-align: center;\"><strong>Niska aktywno\u015b\u0107 (mieszane karmienie)<\/strong><\/td>\n<td style=\"text-align: center;\"><strong>Normalna aktywno\u015b\u0107 (suchej karmy)<\/strong><\/td>\n<td style=\"text-align: center;\"><strong>Normalna aktywno\u015b\u0107 (mieszane karmienie)<\/strong><\/td>\n<td style=\"text-align: center;\"><strong>Wysoka aktywno\u015b\u0107 (suchej karmy)<\/strong><\/td>\n<td style=\"text-align: center;\"><strong>Wysoka aktywno\u015b\u0107 (mieszane karmienie)<\/strong><\/td>\n<\/tr>\n<\/thead>\n<tbody>\n<tr>\n<td style=\"text-align: center;\">1kg<\/td>\n<td style=\"text-align: center;\">25g<\/td>\n<td style=\"text-align: center;\">14g + 1 saszetka<\/td>\n<td style=\"text-align: center;\">29g<\/td>\n<td style=\"text-align: center;\">18g + 1 saszetka<\/td>\n<td style=\"text-align: center;\">33g<\/td>\n<td>\n<p style=\"text-align: center;\">22g + 1 saszetka<\/p>\n<\/td>\n<\/tr>\n<tr>\n<td>\n<p style=\"text-align: center;\">3kg<\/p>\n<\/td>\n<td style=\"text-align: center;\">57g<\/td>\n<td style=\"text-align: center;\">35g + 1 saszetka<\/td>\n<td style=\"text-align: center;\">66g<\/td>\n<td style=\"text-align: center;\">44g + 1 saszetka<\/td>\n<td style=\"text-align: center;\">75g<\/td>\n<td style=\"text-align: center;\">53g + 1 saszetka<\/td>\n<\/tr>\n<tr>\n<td style=\"text-align: center;\">6kg<\/td>\n<td style=\"text-align: center;\">96g<\/td>\n<td style=\"text-align: center;\">74g + 1 saszetka<\/td>\n<td style=\"text-align: center;\">111g<\/td>\n<td style=\"text-align: center;\">89g + 1 saszetka<\/td>\n<td style=\"text-align: center;\">\n<p style=\"text-align: center;\">126g<\/p>\n<\/td>\n<td>\n<p style=\"text-align: center;\">105g + 1 saszetka<\/p>\n<\/td>\n<\/tr>\n<tr>\n<td>\n<p style=\"text-align: center;\">10kg<\/p>\n<\/td>\n<td style=\"text-align: center;\">141g<\/td>\n<td style=\"text-align: center;\">119 + 1 saszetka<\/td>\n<td style=\"text-align: center;\">163g<\/td>\n<td style=\"text-align: center;\">141g + 1 saszetka<\/td>\n<td style=\"text-align: center;\">185g<\/td>\n<td>\n<p style=\"text-align: center;\">163g + 1 saszetka<\/p>\n<\/td>\n<\/tr>\n<\/tbody>\n<\/table>\n<p>&nbsp;<\/p>\n<p>&nbsp;<\/p>","protected":false},"excerpt":{"rendered":"<p>karma sucha dla ps\u00f3w doros\u0142ych, ras ma\u0142ych, nara\u017conych na dzia\u0142anie stresu<\/p>\n<p>Marka: Royal Canin<\/p>\n<p>Dla jakiego pupila: Pies<\/p>\n<p><span class=\"ty-product-feature__label\">Wielko\u015b\u0107 pupila: Rasy ma\u0142e<\/span><\/p>\n<p>Faza \u017cycia: Doros\u0142y<\/p>\n<p>Specjalne wymagania: Wra\u017cliwe na stres<\/p>","protected":false},"featured_media":7811,"comment_status":"open","ping_status":"closed","template":"","meta":{"om_disable_all_campaigns":false,"inline_featured_image":false},"product_brand":[],"product_cat":[27,95,99],"product_tag":[],"class_list":{"0":"post-7805","1":"product","2":"type-product","3":"status-publish","4":"has-post-thumbnail","6":"product_cat-dog-food","7":"product_cat-royal-canin-dog-food","8":"product_cat-szczegolne-potrzeby-psow","10":"first","11":"outofstock","12":"taxable","13":"shipping-taxable","14":"purchasable","15":"product-type-simple"},"_links":{"self":[{"href":"https:\/\/www.lanrel.pl\/pl\/wp-json\/wp\/v2\/product\/7805","targetHints":{"allow":["GET"]}}],"collection":[{"href":"https:\/\/www.lanrel.pl\/pl\/wp-json\/wp\/v2\/product"}],"about":[{"href":"https:\/\/www.lanrel.pl\/pl\/wp-json\/wp\/v2\/types\/product"}],"replies":[{"embeddable":true,"href":"https:\/\/www.lanrel.pl\/pl\/wp-json\/wp\/v2\/comments?post=7805"}],"wp:featuredmedia":[{"embeddable":true,"href":"https:\/\/www.lanrel.pl\/pl\/wp-json\/wp\/v2\/media\/7811"}],"wp:attachment":[{"href":"https:\/\/www.lanrel.pl\/pl\/wp-json\/wp\/v2\/media?parent=7805"}],"wp:term":[{"taxonomy":"product_brand","embeddable":true,"href":"https:\/\/www.lanrel.pl\/pl\/wp-json\/wp\/v2\/product_brand?post=7805"},{"taxonomy":"product_cat","embeddable":true,"href":"https:\/\/www.lanrel.pl\/pl\/wp-json\/wp\/v2\/product_cat?post=7805"},{"taxonomy":"product_tag","embeddable":true,"href":"https:\/\/www.lanrel.pl\/pl\/wp-json\/wp\/v2\/product_tag?post=7805"}],"curies":[{"name":"wp","href":"https:\/\/api.w.org\/{rel}","templated":true}]}}