{"id":7797,"date":"2025-10-25T19:08:50","date_gmt":"2025-10-25T17:08:50","guid":{"rendered":"https:\/\/lanrel.eu\/?post_type=product&#038;p=7797"},"modified":"2025-10-25T19:08:50","modified_gmt":"2025-10-25T17:08:50","slug":"royal-canin-ccn-medium-relax-care-karma-sucha-dla-psow-doroslych-10-kg","status":"publish","type":"product","link":"https:\/\/www.lanrel.pl\/pl\/produkt\/royal-canin-ccn-medium-relax-care-karma-sucha-dla-psow-doroslych-10-kg\/","title":{"rendered":"ROYAL CANIN\u00ae CCN Medium Relax Care karma sucha dla ps\u00f3w doros\u0142ych 10 kg"},"content":{"rendered":"<h4><img decoding=\"async\" class=\"aligncenter\" src=\"https:\/\/fera.pl\/images\/companies\/1\/RoyalCanin_RelaxCareMedium%20(1).jpg?1598001334720\" alt=\"ROYAL CANIN CCN Medium Relax Care karma sucha dla ps\u00f3w doros\u0142ych, ras \u015brednich, nara\u017conych na dzia\u0142anie stresu\" \/><img decoding=\"async\" class=\"aligncenter\" src=\"https:\/\/fera.pl\/images\/companies\/1\/RoyalCanin_RelaxCareMedium%20(2).jpg?1598001363121\" alt=\"ROYAL CANIN CCN Medium Relax Care karma sucha dla ps\u00f3w doros\u0142ych, ras \u015brednich, nara\u017conych na dzia\u0142anie stresu\" \/><\/h4>\n<h4><\/h4>\n<h4>Zalety\uff1a<\/h4>\n<ul>\n<li>\u0141atwiejsza adaptacja do zmian<\/li>\n<\/ul>\n<p>Tw\u00f3j pies mo\u017ce odczuwa\u0107 silny stres przy ka\u017cdej zmianie codziennych rytua\u0142\u00f3w.\u00a0 Wydarzenia, takie jak przeprowadzka, d\u0142uga podro\u017c samochodem, czy pojawienie si\u0119 dziecka w rodzinie mog\u0105 go niepokoi\u0107.<\/p>\n<p>Wysokiej jako\u015bci karma mo\u017ce pom\u00f3c twojemu psu mu odzyska\u0107 spok\u00f3j, co oznacza dla niego lepsz\u0105 jako\u015b\u0107 \u017cycia.<\/p>\n<p>Karma ROYAL CANIN\u00ae Relax Care Medium odpowiednia dla ps\u00f3w doros\u0142ych o masie cia\u0142a od 11 do 25 kg, w sytuacji zmian \u015brodowiskowych.<\/p>\n<p>Unikalna receptura o wysokiej smakowito\u015bci powsta\u0142a, by wspomaga\u0107 dobre samopoczucie Twojego psa. Karma doskona\u0142a do d\u0142ugiego stosowania, dzi\u0119ki specjalnej recepturze \u0142agodzi reakcj\u0119 psa na zmiany \u015brodowiskowe.<\/p>\n<p>W recepturze zawarto wysokiej jako\u015bci aktywny sk\u0142adnik pokarmowy naturalnego pochodzenia o dzia\u0142aniu koj\u0105cym napi\u0119cie nerwowe i \u0142agodz\u0105cy reakcje psa na niepokoj\u0105ce go zmiany.<\/p>\n<p>Karma ROYAL CANIN\u00ae Relax Care Medium jest pe\u0142noporcjowa, co oznacza, \u017ce w 100% pokrywa zapotrzebowanie organizmu na wysokiej jako\u015bci bia\u0142ka, t\u0142uszcze, w\u0142\u00f3kno, witaminy i sk\u0142adniki mineralne, potrzebne dla zdrowia i dobrego samopoczucia twojego psa.<\/p>\n<p>Program \u017cywienia Relax Care obejmuje dwa produkty. Zar\u00f3wno chrupi\u0105ce krokiety, jak i delikatny pasztet s\u0105 optymalnie zbilansowane i kompletne, stanowi\u0105c wspania\u0142e zestawienie. Podaj psu delikatny pasztet w po\u0142\u0105czeniu ze smakowitymi krokietami!<\/p>\n<p>Nie musisz nam wierzy\u0107 na s\u0142owo, poniewa\u017c dzi\u0119ki podawaniu karmy ROYAL CANIN\u00ae Relax Care Medium u ponad 44% ps\u00f3w w sytuacji zmian \u015brodowiskowych nie zaobserwowano r\u00f3\u017cnic w ich dotychczasowym zachowaniu. Oznacza to, \u017ce potwierdzono skuteczno\u015b\u0107 karmy ROYAL CANIN\u00ae Relax Care Medium.<img fetchpriority=\"high\" decoding=\"async\" class=\"aligncenter\" src=\"https:\/\/fera.pl\/images\/companies\/1\/RoyalCanin_RelaxCareMedium%20(3).jpg?1598001392191\" alt=\"ROYAL CANIN CCN Medium Relax Care karma sucha dla ps\u00f3w doros\u0142ych, ras \u015brednich, nara\u017conych na dzia\u0142anie stresu\" width=\"511\" height=\"438\" \/><\/p>\n<p>&nbsp;<\/p>\n<h4>Sk\u0142ad:<\/h4>\n<p>suszone bia\u0142ko drobiowe, m\u0105ka kukurydziana, kukurydza, ry\u017c, t\u0142uszcze zwierz\u0119ce, hydrolizat bia\u0142ka zwierz\u0119cego, gluten kukurydziany, pulpa buraczana, izolat bia\u0142ka ro\u015blinnego*, olej rybny, sole mineralne, w\u0142\u00f3kno ro\u015blinne, olej sojowy, proszek celulozowy, dro\u017cd\u017ce i ich cz\u0119\u015bci, hydrolizowane bia\u0142ko rybne, wyci\u0105g z dro\u017cd\u017cy (\u017ar\u00f3d\u0142o mannooligosacharyd\u00f3w), wyci\u0105g z aksamitki wzniesionej (\u017ar\u00f3d\u0142o luteiny).<\/p>\n<p>*L.I.P.: bia\u0142ko wyselekcjonowane ze wzgl\u0119du na bardzo wysok\u0105 strawno\u015b\u0107.<\/p>\n<h4>Dodatki (na 1 kg karmy):<\/h4>\n<p>Witamina A: 15500 UI, Witamina D3: 1000 UI, E1 (\u017belazo): 39 mg, E2 (Jod): 3,9 mg, E4 (Mied\u017a): 12 mg, E5 (Mangan): 50 mg, E6 (Cynk): 134 mg, E8 (Selen): 0,08 mg &#8211; Konserwanty &#8211; Przeciwutleniacze.<\/p>\n<h4>Sk\u0142adniki analityczne:<\/h4>\n<p>Bia\u0142ko surowe: 25,0% &#8211; Oleje i t\u0142uszcze surowe: 14,0% &#8211; Popi\u00f3\u0142 surowy: 6,3% &#8211; W\u0142\u00f3kno surowe: 2,6%.<\/p>\n<h4>Spos\u00f3b u\u017cycia:<\/h4>\n<p>patrz tabela.<\/p>\n<p>Najlepiej wykorzysta\u0107 przed: patrz data wa\u017cno\u015bci. Data wa\u017cno\u015bci, numer partii i numer rejestracyjny zak\u0142adu znajduj\u0105 si\u0119 z ty\u0142u opakowania. Przechowywa\u0107 w suchym i ch\u0142odnym miejscu.<\/p>\n<table>\n<thead>\n<tr>\n<td>\n<p style=\"text-align: center;\"><strong>Waga psa<\/strong><\/p>\n<\/td>\n<td style=\"text-align: center;\"><strong>Niska aktywno\u015b\u0107 (suchej karmy)<\/strong><\/td>\n<td style=\"text-align: center;\"><strong>Niska aktywno\u015b\u0107 (mieszane karmienie)<\/strong><\/td>\n<td style=\"text-align: center;\"><strong>Normalna aktywno\u015b\u0107 (suchej karmy)<\/strong><\/td>\n<td style=\"text-align: center;\"><strong>Normalna aktywno\u015b\u0107 (mieszane karmienie)<\/strong><\/td>\n<td style=\"text-align: center;\"><strong>Wysoka aktywno\u015b\u0107 (suchej karmy)<\/strong><\/td>\n<td style=\"text-align: center;\"><strong>Wysoka aktywno\u015b\u0107 (mieszane karmienie)<\/strong><\/td>\n<\/tr>\n<\/thead>\n<tbody>\n<tr>\n<td style=\"text-align: center;\">11 kg<\/td>\n<td style=\"text-align: center;\">153g<\/td>\n<td style=\"text-align: center;\">132g + 1 saszetka<\/td>\n<td style=\"text-align: center;\">178g<\/td>\n<td style=\"text-align: center;\">156g + 1 saszetka<\/td>\n<td style=\"text-align: center;\">202g<\/td>\n<td>\n<p style=\"text-align: center;\">180g + 1 saszetka<\/p>\n<\/td>\n<\/tr>\n<tr>\n<td>\n<p style=\"text-align: center;\">15 kg<\/p>\n<\/td>\n<td style=\"text-align: center;\">194g<\/td>\n<td style=\"text-align: center;\">172 + 1 saszetka<\/td>\n<td style=\"text-align: center;\">224g<\/td>\n<td style=\"text-align: center;\">202 + 1 saszetka<\/td>\n<td style=\"text-align: center;\">255g<\/td>\n<td style=\"text-align: center;\">233 + 1 saszetka<\/td>\n<\/tr>\n<tr>\n<td style=\"text-align: center;\">20 kg<\/td>\n<td style=\"text-align: center;\">240g<\/td>\n<td style=\"text-align: center;\">218g + 1 saszetka<\/td>\n<td style=\"text-align: center;\">278g<\/td>\n<td style=\"text-align: center;\">256g + 1 saszetka<\/td>\n<td style=\"text-align: center;\">316g<\/td>\n<td>\n<p style=\"text-align: center;\">294g + 1 saszetka<\/p>\n<\/td>\n<\/tr>\n<tr>\n<td>\n<p style=\"text-align: center;\">25 kg<\/p>\n<\/td>\n<td style=\"text-align: center;\">284g<\/td>\n<td style=\"text-align: center;\">262g + 1 saszetka<\/td>\n<td style=\"text-align: center;\">329g<\/td>\n<td style=\"text-align: center;\">307g + 1 saszetka<\/td>\n<td style=\"text-align: center;\">374g<\/td>\n<td style=\"text-align: center;\">352g + 1 saszetka<\/td>\n<\/tr>\n<\/tbody>\n<\/table>\n<p>&nbsp;<\/p>\n<p>&nbsp;<\/p>\n<p>&nbsp;<\/p>\n<p>&nbsp;<\/p>","protected":false},"excerpt":{"rendered":"<p>karma sucha dla ps\u00f3w doros\u0142ych, ras \u015brednich, nara\u017conych na dzia\u0142anie stresu<\/p>\n<p>Marka: Royal Canin<\/p>\n<p>Dla jakiego pupila: Pies<\/p>\n<p><span class=\"ty-product-feature__label\">Wielko\u015b\u0107 pupila: Rasy \u015brednie<\/span><\/p>\n<p>Faza \u017cycia: Doros\u0142y<\/p>\n<p>Specjalne wymagania: Wra\u017cliwe na stres<\/p>","protected":false},"featured_media":7804,"comment_status":"open","ping_status":"closed","template":"","meta":{"om_disable_all_campaigns":false,"inline_featured_image":false},"product_brand":[],"product_cat":[27,95,99],"product_tag":[],"class_list":{"0":"post-7797","1":"product","2":"type-product","3":"status-publish","4":"has-post-thumbnail","6":"product_cat-dog-food","7":"product_cat-royal-canin-dog-food","8":"product_cat-szczegolne-potrzeby-psow","10":"first","11":"outofstock","12":"taxable","13":"shipping-taxable","14":"purchasable","15":"product-type-simple"},"_links":{"self":[{"href":"https:\/\/www.lanrel.pl\/pl\/wp-json\/wp\/v2\/product\/7797","targetHints":{"allow":["GET"]}}],"collection":[{"href":"https:\/\/www.lanrel.pl\/pl\/wp-json\/wp\/v2\/product"}],"about":[{"href":"https:\/\/www.lanrel.pl\/pl\/wp-json\/wp\/v2\/types\/product"}],"replies":[{"embeddable":true,"href":"https:\/\/www.lanrel.pl\/pl\/wp-json\/wp\/v2\/comments?post=7797"}],"wp:featuredmedia":[{"embeddable":true,"href":"https:\/\/www.lanrel.pl\/pl\/wp-json\/wp\/v2\/media\/7804"}],"wp:attachment":[{"href":"https:\/\/www.lanrel.pl\/pl\/wp-json\/wp\/v2\/media?parent=7797"}],"wp:term":[{"taxonomy":"product_brand","embeddable":true,"href":"https:\/\/www.lanrel.pl\/pl\/wp-json\/wp\/v2\/product_brand?post=7797"},{"taxonomy":"product_cat","embeddable":true,"href":"https:\/\/www.lanrel.pl\/pl\/wp-json\/wp\/v2\/product_cat?post=7797"},{"taxonomy":"product_tag","embeddable":true,"href":"https:\/\/www.lanrel.pl\/pl\/wp-json\/wp\/v2\/product_tag?post=7797"}],"curies":[{"name":"wp","href":"https:\/\/api.w.org\/{rel}","templated":true}]}}