{"id":7789,"date":"2025-10-25T18:55:03","date_gmt":"2025-10-25T16:55:03","guid":{"rendered":"https:\/\/lanrel.eu\/?post_type=product&#038;p=7789"},"modified":"2025-10-25T18:55:03","modified_gmt":"2025-10-25T16:55:03","slug":"royal-canin-ccn-maxi-relax-care-karma-sucha-dla-psow-doroslych-9-kg","status":"publish","type":"product","link":"https:\/\/www.lanrel.pl\/pl\/produkt\/royal-canin-ccn-maxi-relax-care-karma-sucha-dla-psow-doroslych-9-kg\/","title":{"rendered":"ROYAL CANIN\u00ae CCN Maxi Relax Care karma sucha dla ps\u00f3w doros\u0142ych 9 kg"},"content":{"rendered":"<h4><img decoding=\"async\" class=\"aligncenter\" src=\"https:\/\/fera.pl\/images\/companies\/1\/RoyalCanin_RelaxCareMedium%20(1).jpg?1596721385989\" alt=\"karma sucha dla ps\u00f3w doros\u0142ych, ras du\u017cych, nara\u017conych na dzia\u0142anie stresu\" \/><img decoding=\"async\" class=\"aligncenter\" src=\"https:\/\/fera.pl\/images\/companies\/1\/RoyalCanin_RelaxCareMedium%20(2).jpg?1596721411389\" alt=\"ROYAL CANIN CCN Maxi Relax Care\" \/><\/h4>\n<h4>Zalety\uff1a<\/h4>\n<ul>\n<li>\u0141atwiejsza adaptacja do zmian<\/li>\n<\/ul>\n<p>Tw\u00f3j pies mo\u017ce odczuwa\u0107 silny stres przy ka\u017cdej zmianie codziennych rytua\u0142\u00f3w. Pod wp\u0142ywem stresu pies mo\u017ce zachowywa\u0107 si\u0119 nieprzewidywalnie, unika\u0107 kontaktu, chowa\u0107 si\u0119 czy sta\u0107 si\u0119 niespokojny \u2013 to wszystko objawy napi\u0119cia nerwowego.<\/p>\n<p>Unikalna receptura o wysokiej smakowito\u015bci zawiera wysokiej jako\u015bci aktywny sk\u0142adnik pokarmowy naturalnego pochodzenia w przyswajalnej formie, koj\u0105cy napi\u0119cie nerwowe. Ponadto, podczas produkcji regularnie prowadzone s\u0105 dok\u0142adne kontrole formy, ilo\u015bci i jako\u015bci tego wa\u017cnego dodatku.<\/p>\n<p>Karma ROYAL CANIN\u00ae Relax Care Maxi, odpowiednia dla ps\u00f3w doros\u0142ych o masie cia\u0142a od 26 do 44 kg, \u0142agodzi reakcj\u0119 twojego psa na zmiany \u015brodowiskowe.<\/p>\n<p>Wszystkie karmy Royal Canin s\u0105 pe\u0142noporcjowe, co oznacza, \u017ce w 100% pokrywaj\u0105 zapotrzebowanie organizmu na wysokiej jako\u015bci bia\u0142ka, t\u0142uszcze, w\u0142\u00f3kno, witaminy i sk\u0142adniki mineralne, potrzebne dla zdrowia i dobrego samopoczucia twojego psa.<\/p>\n<p>Program \u017cywienia Relax Care obejmuje dwa produkty. Zar\u00f3wno chrupi\u0105ce krokiety, jak i delikatny pasztet s\u0105 optymalnie zbilansowane i kompletne, stanowi\u0105c wspania\u0142e zestawienie. Podaj psu delikatny pasztet w po\u0142\u0105czeniu ze smakowitymi krokietami!<\/p>\n<p>Nie musisz nam wierzy\u0107 na s\u0142owo, poniewa\u017c dzi\u0119ki podawaniu karmy ROYAL CANIN\u00ae Relax Care Maxi u ponad 44% ps\u00f3w w sytuacji zmian \u015brodowiskowych nie zaobserwowano r\u00f3\u017cnic w ich dotychczasowym zachowaniu. Oznacza to, \u017ce potwierdzono skuteczno\u015b\u0107 karmy ROYAL CANIN\u00ae Relax Care Maxi.<img fetchpriority=\"high\" decoding=\"async\" class=\"aligncenter\" src=\"https:\/\/fera.pl\/images\/companies\/1\/RoyalCanin_RelaxCareMedium%20(3).jpg?1596721432920\" alt=\"karma sucha i mokra\" width=\"461\" height=\"395\" \/><\/p>\n<h4><\/h4>\n<h4 class=\"p1\"><b>SK\u0141AD:<\/b><\/h4>\n<p class=\"p1\">suszone bia\u0142ka drobiowe, kukurydza, m\u0105ka kukurydziana, m\u0105ka pszenna, t\u0142uszcze zwierz\u0119ce, hydrolizowane bia\u0142ka zwierz\u0119ce, ry\u017c, gluten kukurydziany, w\u0142\u00f3kno ro\u015blinne, minera\u0142y, gluten pszenny*, wys\u0142odki buraczane, olej z ryb, olej sojowy, produkty dro\u017cd\u017cy, hydrolizowane bia\u0142ko rybne, dro\u017cd\u017ce (\u017ar\u00f3d\u0142o mannooligosacharyd\u00f3w), glukozamina uzyskana z fermentacji, m\u0105czka z aksamitki, hydrolizowana chrz\u0105stka (\u017ar\u00f3d\u0142o chondroityny).<\/p>\n<p class=\"p1\">*L.I.P.: bia\u0142ko wyselekcjonowane ze wzgl\u0119du na bardzo wysok\u0105 strawno\u015b\u0107.<\/p>\n<h4 class=\"p1\"><b>DODATKI <\/b>(na 1 kg karmy):<\/h4>\n<p class=\"p1\">Witamina A: 16000 UI, Witamina D3: 1000 UI, \u017belazo (3b103): 35 mg, Jod (3b201, 3b202): 3,5 mg, Mied\u017a (3b405, 3b406): 11 mg, Mangan (3b502, 3b504): 46 mg, Cynk (3b603, 3b605, 3b606): 127 mg, Selen (3b801, 3b811, 3b812): 0,07 mg &#8211; Konserwanty &#8211; Przeciwutleniacze.<\/p>\n<h4 class=\"p1\"><b>SK\u0141ADNIKI ANALITYCZNE:<\/b><\/h4>\n<p class=\"p1\">Bia\u0142ko surowe: 25,0%\u00a0&#8211; W\u0142\u00f3kno surowe: 2,9%\u00a0&#8211; Oleje i t\u0142uszcze surowe: 14,0%\u00a0&#8211; Popi\u00f3\u0142 surowy: 6,4%.<\/p>\n<h4 class=\"p1\"><b>SPOS\u00d3B U\u017bYCIA:<\/b><\/h4>\n<p class=\"p1\">patrz tabela.<\/p>\n<p class=\"p1\">Najlepiej wykorzysta\u0107 przed: patrz data wa\u017cno\u015bci. Data wa\u017cno\u015bci, numer partii i numer rejestracyjny zak\u0142adu znajduj\u0105 si\u0119 na opakowaniu. Przechowywa\u0107 w suchym i ch\u0142odnym miejscu.<\/p>\n<table style=\"height: 252px;\" width=\"1094\">\n<thead>\n<tr>\n<td>\n<p style=\"text-align: center;\"><strong>Waga psa<\/strong><\/p>\n<\/td>\n<td style=\"text-align: center;\"><strong>26 kg<\/strong><\/td>\n<td style=\"text-align: center;\"><strong>32 kg<\/strong><\/td>\n<td style=\"text-align: center;\"><strong>38 kg<\/strong><\/td>\n<td style=\"text-align: center;\"><strong>44 kg<\/strong><\/td>\n<\/tr>\n<\/thead>\n<tbody>\n<tr>\n<td style=\"text-align: center;\">Niska aktywno\u015b\u0107<\/td>\n<td style=\"text-align: center;\">294 g ( ou 272 g + 1 saszetka)<\/td>\n<td style=\"text-align: center;\">344 g (ou 322 g+ 1 saszetka)<\/td>\n<td style=\"text-align: center;\">391 g (ou 369 g +1 saszetka)<\/td>\n<td>\n<p style=\"text-align: center;\">437 g (ou 415 g +1 saszetka)<\/p>\n<\/td>\n<\/tr>\n<tr>\n<td>\n<p style=\"text-align: center;\">Normalna aktywno\u015b\u0107<\/p>\n<\/td>\n<td style=\"text-align: center;\">341 g (ou 319 g + 1 saszetka)<\/td>\n<td style=\"text-align: center;\">398 g (ou 376 g + 1 saszetka)<\/td>\n<td style=\"text-align: center;\">453 g (ou 431 g + 1 saszetka)<\/td>\n<td style=\"text-align: center;\">506 g (ou 484 g +1 saszetka)<\/td>\n<\/tr>\n<tr>\n<td style=\"text-align: center;\">Wysoka aktywno\u015b\u0107<\/td>\n<td style=\"text-align: center;\">387 g (ou 365 g +1 saszetka)<\/td>\n<td style=\"text-align: center;\">453 g (ou 431 g + 1 saszetka)<\/td>\n<td style=\"text-align: center;\">515g (ou 493 g + 1 saszetka)<\/td>\n<td>\n<p style=\"text-align: center;\">575 g (ou 553 + 1 saszetka)<\/p>\n<\/td>\n<\/tr>\n<\/tbody>\n<\/table>\n<p>&nbsp;<\/p>","protected":false},"excerpt":{"rendered":"<p>karma sucha dla ps\u00f3w doros\u0142ych, ras du\u017cych, nara\u017conych na dzia\u0142anie stresu<\/p>\n<p>Marka: Royal Canin<\/p>\n<p>Dla jakiego pupila: Pies<\/p>\n<p><span class=\"ty-product-feature__label\">Wielko\u015b\u0107 pupila: Rasy du\u017ce<\/span><\/p>\n<p>Faza \u017cycia: Doros\u0142y<\/p>\n<p>Specjalne wymagania: Wra\u017cliwe na stres<\/p>","protected":false},"featured_media":7796,"comment_status":"open","ping_status":"closed","template":"","meta":{"om_disable_all_campaigns":false,"inline_featured_image":false},"product_brand":[],"product_cat":[27,95,99],"product_tag":[],"class_list":{"0":"post-7789","1":"product","2":"type-product","3":"status-publish","4":"has-post-thumbnail","6":"product_cat-dog-food","7":"product_cat-royal-canin-dog-food","8":"product_cat-szczegolne-potrzeby-psow","10":"first","11":"outofstock","12":"taxable","13":"shipping-taxable","14":"purchasable","15":"product-type-simple"},"_links":{"self":[{"href":"https:\/\/www.lanrel.pl\/pl\/wp-json\/wp\/v2\/product\/7789","targetHints":{"allow":["GET"]}}],"collection":[{"href":"https:\/\/www.lanrel.pl\/pl\/wp-json\/wp\/v2\/product"}],"about":[{"href":"https:\/\/www.lanrel.pl\/pl\/wp-json\/wp\/v2\/types\/product"}],"replies":[{"embeddable":true,"href":"https:\/\/www.lanrel.pl\/pl\/wp-json\/wp\/v2\/comments?post=7789"}],"wp:featuredmedia":[{"embeddable":true,"href":"https:\/\/www.lanrel.pl\/pl\/wp-json\/wp\/v2\/media\/7796"}],"wp:attachment":[{"href":"https:\/\/www.lanrel.pl\/pl\/wp-json\/wp\/v2\/media?parent=7789"}],"wp:term":[{"taxonomy":"product_brand","embeddable":true,"href":"https:\/\/www.lanrel.pl\/pl\/wp-json\/wp\/v2\/product_brand?post=7789"},{"taxonomy":"product_cat","embeddable":true,"href":"https:\/\/www.lanrel.pl\/pl\/wp-json\/wp\/v2\/product_cat?post=7789"},{"taxonomy":"product_tag","embeddable":true,"href":"https:\/\/www.lanrel.pl\/pl\/wp-json\/wp\/v2\/product_tag?post=7789"}],"curies":[{"name":"wp","href":"https:\/\/api.w.org\/{rel}","templated":true}]}}