{"id":7777,"date":"2025-10-25T17:42:10","date_gmt":"2025-10-25T15:42:10","guid":{"rendered":"https:\/\/lanrel.eu\/?post_type=product&#038;p=7777"},"modified":"2025-10-25T17:42:10","modified_gmt":"2025-10-25T15:42:10","slug":"royal-canin-ccn-mini-urinary-care-karma-sucha-dla-psow-doroslych","status":"publish","type":"product","link":"https:\/\/www.lanrel.pl\/pl\/produkt\/royal-canin-ccn-mini-urinary-care-karma-sucha-dla-psow-doroslych\/","title":{"rendered":"ROYAL CANIN\u00ae CCN Mini Urinary Care karma sucha dla ps\u00f3w doros\u0142ych"},"content":{"rendered":"<h4><img decoding=\"async\" class=\"aligncenter\" src=\"https:\/\/fera.pl\/images\/companies\/1\/RoyalCanin_UrinaryCareMini%20(1).jpg?1596726129238\" alt=\"ROYAL CANIN CCN Mini Urinary Care karma sucha dla ps\u00f3w doros\u0142ych, ras ma\u0142ych, ochrona dolnych dr\u00f3g moczowych 1 kg\" \/><img decoding=\"async\" class=\"aligncenter\" src=\"https:\/\/fera.pl\/images\/companies\/1\/RoyalCanin_UrinaryCareMini%20(2).jpg?1596726147435\" alt=\"ROYAL CANIN CCN Mini Urinary Care karma sucha dla ps\u00f3w doros\u0142ych, ras ma\u0142ych, ochrona dolnych dr\u00f3g moczowych 1 kg\" \/><\/h4>\n<h4><\/h4>\n<h4>Zalety<\/h4>\n<ul>\n<li>Zdrowie uk\u0142adu moczowego<\/li>\n<\/ul>\n<p>Problemy z uk\u0142adem moczowym u ps\u00f3w nie nale\u017c\u0105 do rzadko\u015bci. Je\u015bli Tw\u00f3j pies nie wypija wystarczaj\u0105cej ilo\u015bci wody, jego mocz mo\u017ce sta\u0107 si\u0119 zbyt skoncentrowany. Sk\u0142adniki mineralne w moczu mog\u0105 wytr\u0105ca\u0107 si\u0119 tworz\u0105c kryszta\u0142y, co prowadzi do postawania bolesnych kamieni moczowych. Odpowiednia dieta pomaga chroni\u0107 uk\u0142ad moczowy Twojego psa oraz sprzyja zmniejszeniu ryzyka powstawania kamieni moczowych. Mniej problem\u00f3w, wy\u017cszy komfort \u017cycia.<\/p>\n<p>Karma ROYAL CANIN\u00ae Urinary Care Mini jest przeznaczona dla ps\u00f3w z wra\u017cliwym uk\u0142adem moczowym, o masie cia\u0142a do 10 kg.<\/p>\n<p>Receptura karmy sprzyja zwi\u0119kszeniu pobrania wody przez psa, co daje podw\u00f3jn\u0105 korzy\u015b\u0107. Po pierwsze powoduje cz\u0119stsze oddawanie moczu, a ponadto rozcie\u0144cza mocz, co stwarza w p\u0119cherzu moczowym \u015brodowisko niesprzyjaj\u0105ce wytr\u0105caniu kryszta\u0142\u00f3w i hamuje powstawanie kamieni moczowych.<\/p>\n<p>Wszystkie karmy ROYAL CANIN\u00ae s\u0105 pe\u0142noporcjowe, co oznacza, \u017ce w 100% pokrywaj\u0105 zapotrzebowanie organizmu na wysokiej jako\u015bci bia\u0142ka, t\u0142uszcze, w\u0142\u00f3kno, witaminy i sk\u0142adniki mineralne, potrzebne dla zdrowia i dobrego samopoczucia twojego psa.<\/p>\n<p>Program \u017cywienia Urinary Care obejmuje dwa produkty. Zar\u00f3wno chrupi\u0105ce krokiety, jak i delikatny pasztet s\u0105 optymalnie zbilansowane i kompletne, stanowi\u0105c wspania\u0142e zestawienie. Podaj psu delikatny pasztet w po\u0142\u0105czeniu ze smakowitymi krokietami!<\/p>\n<p>Nie musisz nam wierzy\u0107 na s\u0142owo, karma ROYAL CANIN\u00ae Urinary Care Mini zosta\u0142a przetestowana i udowodniono naukowo, \u017ce o 21% zwi\u0119ksza rozcie\u0144czenie moczu w por\u00f3wnaniu do karmy bytowej dla ps\u00f3w doros\u0142ych Mini Adult. Skuteczno\u015b\u0107 receptury zbadano i udowodniono naukowo w psiarniach Royal Canin.<\/p>\n<p><img fetchpriority=\"high\" decoding=\"async\" class=\"aligncenter\" src=\"https:\/\/fera.pl\/images\/companies\/1\/RoyalCanin_UrinaryCareMini%20(3).jpg?1596726165570\" alt=\"ROYAL CANIN CCN Mini Urinary Care karma sucha dla ps\u00f3w doros\u0142ych, ras ma\u0142ych, ochrona dolnych dr\u00f3g moczowych 1 kg\" width=\"561\" height=\"449\" \/><\/p>\n<p><iframe title=\"Urinary Care\" width=\"1170\" height=\"658\" src=\"https:\/\/www.youtube.com\/embed\/0oqhxD4J-2I?start=1&#038;feature=oembed\" frameborder=\"0\" allow=\"accelerometer; autoplay; clipboard-write; encrypted-media; gyroscope; picture-in-picture; web-share\" referrerpolicy=\"strict-origin-when-cross-origin\" allowfullscreen><\/iframe><\/p>\n<p><b>SK\u0141AD:<\/b><\/p>\n<p class=\"p1\">m\u0105ka kukurydziana, suszone bia\u0142ka drobiowe, t\u0142uszcze zwierz\u0119ce, ry\u017c, hydrolizowane bia\u0142ka zwierz\u0119ce, gluten pszenny*, pszenica, kukurydza, gluten kukurydziany, pulpa z cykorii, minera\u0142y, proszek jajeczny, w\u0142\u00f3kno ro\u015blinne, proszek celulozowy, m\u0105czka z aksamitki.<\/p>\n<p class=\"p1\">*L.I.P.: bia\u0142ko wyselekcjonowane ze wzgl\u0119du na bardzo wysok\u0105 strawno\u015b\u0107.<\/p>\n<h4 class=\"p1\"><b>DODATKI <\/b>(na 1 kg karmy):<\/h4>\n<p class=\"p1\">Witamina A: 15500 UI, Witamina D3: 1000 UI, \u017belazo (3b103): 54 mg, Jod (3b201, 3b202): 4,8 mg, Mied\u017a (3b405, 3b406): 13 mg, Mangan (3b502, 3b504): 60 mg, Cynk (3b603, 3b605, 3b606): 137 mg, Selen (3b801, 3b811, 3b812): 0,09 mg &#8211; Konserwanty &#8211; Przeciwutleniacze.<\/p>\n<h4 class=\"p1\"><b>SK\u0141ADNIKI ANALITYCZNE:<\/b><\/h4>\n<p class=\"p1\">Bia\u0142ko surowe: 27,0%\u00a0&#8211; W\u0142\u00f3kno surowe: 2,5%\u00a0&#8211; Oleje i t\u0142uszcze surowe: 16,0%\u00a0&#8211; Popi\u00f3\u0142 surowy: 7,0%.<\/p>\n<h4 class=\"p1\"><b>SPOS\u00d3B U\u017bYCIA:<\/b><\/h4>\n<p class=\"p1\">patrz tabela.<\/p>\n<p class=\"p1\">Najlepiej wykorzysta\u0107 przed: patrz data wa\u017cno\u015bci. Data wa\u017cno\u015bci, numer partii i numer rejestracyjny zak\u0142adu znajduj\u0105 si\u0119 na opakowaniu. Przechowywa\u0107 w suchym i ch\u0142odnym miejscu.<\/p>\n<p>&nbsp;<\/p>\n<p class=\"p1\">","protected":false},"excerpt":{"rendered":"<p>karma sucha dla ps\u00f3w doros\u0142ych, ras ma\u0142ych, ochrona dolnych dr\u00f3g moczowych<\/p>\n<p>Marka: Royal Canin<\/p>\n<p>Dla jakiego pupila: Pies<\/p>\n<p><span class=\"ty-product-feature__label\">Wielko\u015b\u0107 pupila: Rasy ma\u0142e<\/span><\/p>\n<p>Faza \u017cycia: Doros\u0142y<\/p>\n<p>Specjalne wymagania: Wra\u017cliwy uk\u0142ad moczowy<\/p>","protected":false},"featured_media":7788,"comment_status":"open","ping_status":"closed","template":"","meta":{"om_disable_all_campaigns":false,"inline_featured_image":false},"product_brand":[],"product_cat":[27,95,99],"product_tag":[],"class_list":{"0":"post-7777","1":"product","2":"type-product","3":"status-publish","4":"has-post-thumbnail","6":"product_cat-dog-food","7":"product_cat-royal-canin-dog-food","8":"product_cat-szczegolne-potrzeby-psow","10":"first","11":"outofstock","12":"taxable","13":"shipping-taxable","14":"product-type-variable","15":"has-default-attributes"},"_links":{"self":[{"href":"https:\/\/www.lanrel.pl\/pl\/wp-json\/wp\/v2\/product\/7777","targetHints":{"allow":["GET"]}}],"collection":[{"href":"https:\/\/www.lanrel.pl\/pl\/wp-json\/wp\/v2\/product"}],"about":[{"href":"https:\/\/www.lanrel.pl\/pl\/wp-json\/wp\/v2\/types\/product"}],"replies":[{"embeddable":true,"href":"https:\/\/www.lanrel.pl\/pl\/wp-json\/wp\/v2\/comments?post=7777"}],"wp:featuredmedia":[{"embeddable":true,"href":"https:\/\/www.lanrel.pl\/pl\/wp-json\/wp\/v2\/media\/7788"}],"wp:attachment":[{"href":"https:\/\/www.lanrel.pl\/pl\/wp-json\/wp\/v2\/media?parent=7777"}],"wp:term":[{"taxonomy":"product_brand","embeddable":true,"href":"https:\/\/www.lanrel.pl\/pl\/wp-json\/wp\/v2\/product_brand?post=7777"},{"taxonomy":"product_cat","embeddable":true,"href":"https:\/\/www.lanrel.pl\/pl\/wp-json\/wp\/v2\/product_cat?post=7777"},{"taxonomy":"product_tag","embeddable":true,"href":"https:\/\/www.lanrel.pl\/pl\/wp-json\/wp\/v2\/product_tag?post=7777"}],"curies":[{"name":"wp","href":"https:\/\/api.w.org\/{rel}","templated":true}]}}