{"id":7768,"date":"2025-10-24T21:24:32","date_gmt":"2025-10-24T19:24:32","guid":{"rendered":"https:\/\/lanrel.eu\/?post_type=product&#038;p=7768"},"modified":"2025-10-24T21:24:32","modified_gmt":"2025-10-24T19:24:32","slug":"royal-canin-ccn-mini-coat-care-karma-sucha-dla-psow-doroslych-8-kg","status":"publish","type":"product","link":"https:\/\/www.lanrel.pl\/pl\/produkt\/royal-canin-ccn-mini-coat-care-karma-sucha-dla-psow-doroslych-8-kg\/","title":{"rendered":"ROYAL CANIN\u00ae CCN Mini Coat Care karma sucha dla ps\u00f3w doros\u0142ych 8 kg"},"content":{"rendered":"<p>Pe\u0142noporcjowa karma dla ps\u00f3w doros\u0142ych i starszych (powy\u017cej 10 miesi\u0105ca \u017cycia), ras ma\u0142ych (masa cia\u0142a od 1 do 10 kg), o matowej sier\u015bci.<\/p>\n<p><img decoding=\"async\" class=\"aligncenter\" src=\"https:\/\/fera.pl\/images\/companies\/1\/RoyalCanin_Zooplus_CoatCare_v5_1.jpg?1596633352854\" alt=\"karma sucha dla ps\u00f3w doros\u0142ych, ras ma\u0142ych o matowej sier\u015bci\" \/><img decoding=\"async\" class=\"aligncenter\" src=\"https:\/\/fera.pl\/images\/companies\/1\/RoyalCanin_Zooplus_CoatCare_v5_2.jpg?1596633377780\" alt=\"ROYAL CANIN CCN Mini Coat Care\" \/><\/p>\n<p>G\u0119sta i l\u015bni\u0105ca sier\u015b\u0107 Twojego psa to nie tylko pi\u0119kno, ale przede wszystkim \u015bwiadectwo zdrowia i dobrego od\u017cywienia organizmu. Najlepsza metoda, by zadba\u0107 o szat\u0119 swojego psa, to zacz\u0105\u0107 od wewn\u0105trz, dzi\u0119ki odpowiedniemu \u017cywieniu.<\/p>\n<p>ROYAL CANIN\u00ae Mini Coat Care, to kompletna karma o wysokiej smakowito\u015bci, kt\u00f3ra piel\u0119gnuje sk\u00f3r\u0119 i sier\u015b\u0107 Twojego psa, daj\u0105c mu nie tylko pi\u0119kny wygl\u0105d, ale i zdrowie.<\/p>\n<p>Karma ROYAL CANIN\u00ae Mini Coat Care zosta\u0142a wzbogacona w kwasy t\u0142uszczowe omega 3 i omega 6, kt\u00f3re od\u017cywiaj\u0105 sk\u00f3r\u0119 i sier\u015b\u0107. Receptura zawiera r\u00f3wnie\u017c bogaty w GLA olej z og\u00f3recznika, dodatkowo od\u017cywiaj\u0105cy sk\u00f3r\u0119. Zawarte w karmie ROYAL CANIN\u00ae Mini Coat Care aminokwasy, tyrozyna i fenyloalanina, s\u0105 niezb\u0119dne do produkcji melaniny &#8211; \u00a0barwnika odpowiedzialnego za intensywny kolor sier\u015bci.<\/p>\n<p>Nie musisz nam wierzy\u0107 na s\u0142owo!<\/p>\n<p>Korzystne dzia\u0142anie ROYAL CANIN\u00ae Mini Coat Care zosta\u0142o potwierdzone. Skuteczno\u015b\u0107 receptury zbadano i udowodniono naukowo. Ju\u017c po 28 dniach stosowania produktu, zaobserwowano u ps\u00f3w bardziej l\u015bni\u0105c\u0105 sier\u015b\u0107.<\/p>\n<p>Program \u017cywienia Coat Care obejmuje dwa produkty. Zar\u00f3wno chrupi\u0105ce krokiety, jak i delikatny pasztet s\u0105 optymalnie zbilansowane i stanowi\u0105 kompletne rozwi\u0105zanie \u017cywieniowe.<br \/>\nPodaj psu delikatny pasztet w po\u0142\u0105czeniu ze smakowitymi krokietami!<\/p>\n<p><img fetchpriority=\"high\" decoding=\"async\" class=\"aligncenter\" src=\"https:\/\/fera.pl\/images\/companies\/1\/RoyalCanin_Zooplus_CoatCare_v5_3.jpg?1596633410011\" alt=\"karma sucha i morka\" width=\"519\" height=\"415\" \/><\/p>\n<p><iframe title=\"Coat Care\" width=\"1170\" height=\"658\" src=\"https:\/\/www.youtube.com\/embed\/cqasNxyBkM4?start=2&#038;feature=oembed\" frameborder=\"0\" allow=\"accelerometer; autoplay; clipboard-write; encrypted-media; gyroscope; picture-in-picture; web-share\" referrerpolicy=\"strict-origin-when-cross-origin\" allowfullscreen><\/iframe><\/p>\n<p>&nbsp;<\/p>\n<p>&nbsp;<\/p>","protected":false},"excerpt":{"rendered":"<p>karma sucha dla ps\u00f3w doros\u0142ych, ras ma\u0142ych o matowej sier\u015bci<\/p>\n<p>Marka: Royal Canin<\/p>\n<p>Dla jakiego pupila: Pies<\/p>\n<p><span class=\"ty-product-feature__label\">Wielko\u015b\u0107 pupila: Rasy ma\u0142e<\/span><\/p>\n<p>Faza \u017cycia: Doros\u0142y<\/p>\n<p>Specjalne wymagania: Piel\u0119gnacja sk\u00f3ry i sier\u015bci<\/p>","protected":false},"featured_media":7776,"comment_status":"open","ping_status":"closed","template":"","meta":{"om_disable_all_campaigns":false,"inline_featured_image":false},"product_brand":[],"product_cat":[27,95,99],"product_tag":[],"class_list":{"0":"post-7768","1":"product","2":"type-product","3":"status-publish","4":"has-post-thumbnail","6":"product_cat-dog-food","7":"product_cat-royal-canin-dog-food","8":"product_cat-szczegolne-potrzeby-psow","10":"first","11":"outofstock","12":"taxable","13":"shipping-taxable","14":"purchasable","15":"product-type-simple"},"_links":{"self":[{"href":"https:\/\/www.lanrel.pl\/pl\/wp-json\/wp\/v2\/product\/7768","targetHints":{"allow":["GET"]}}],"collection":[{"href":"https:\/\/www.lanrel.pl\/pl\/wp-json\/wp\/v2\/product"}],"about":[{"href":"https:\/\/www.lanrel.pl\/pl\/wp-json\/wp\/v2\/types\/product"}],"replies":[{"embeddable":true,"href":"https:\/\/www.lanrel.pl\/pl\/wp-json\/wp\/v2\/comments?post=7768"}],"wp:featuredmedia":[{"embeddable":true,"href":"https:\/\/www.lanrel.pl\/pl\/wp-json\/wp\/v2\/media\/7776"}],"wp:attachment":[{"href":"https:\/\/www.lanrel.pl\/pl\/wp-json\/wp\/v2\/media?parent=7768"}],"wp:term":[{"taxonomy":"product_brand","embeddable":true,"href":"https:\/\/www.lanrel.pl\/pl\/wp-json\/wp\/v2\/product_brand?post=7768"},{"taxonomy":"product_cat","embeddable":true,"href":"https:\/\/www.lanrel.pl\/pl\/wp-json\/wp\/v2\/product_cat?post=7768"},{"taxonomy":"product_tag","embeddable":true,"href":"https:\/\/www.lanrel.pl\/pl\/wp-json\/wp\/v2\/product_tag?post=7768"}],"curies":[{"name":"wp","href":"https:\/\/api.w.org\/{rel}","templated":true}]}}