{"id":7756,"date":"2025-10-24T21:09:18","date_gmt":"2025-10-24T19:09:18","guid":{"rendered":"https:\/\/lanrel.eu\/?post_type=product&#038;p=7756"},"modified":"2025-10-24T21:25:05","modified_gmt":"2025-10-24T19:25:05","slug":"royal-canin-ccn-maxi-joint-care-karma-sucha-dla-psow-doroslych","status":"publish","type":"product","link":"https:\/\/www.lanrel.pl\/pl\/produkt\/royal-canin-ccn-maxi-joint-care-karma-sucha-dla-psow-doroslych\/","title":{"rendered":"ROYAL CANIN\u00ae CCN Maxi Joint Care karma sucha dla ps\u00f3w doros\u0142ych 10kg"},"content":{"rendered":"<h4><img fetchpriority=\"high\" decoding=\"async\" class=\"aligncenter size-full wp-image-7765\" src=\"http:\/\/lanrel.eu\/wp-content\/uploads\/2025\/10\/RoyalCanin_JointCareMaxi-1.jpg\" alt=\"\" width=\"700\" height=\"300\" srcset=\"https:\/\/www.lanrel.pl\/wp-content\/uploads\/2025\/10\/RoyalCanin_JointCareMaxi-1.jpg 700w, https:\/\/www.lanrel.pl\/wp-content\/uploads\/2025\/10\/RoyalCanin_JointCareMaxi-1-300x129.jpg 300w, https:\/\/www.lanrel.pl\/wp-content\/uploads\/2025\/10\/RoyalCanin_JointCareMaxi-1-18x8.jpg 18w, https:\/\/www.lanrel.pl\/wp-content\/uploads\/2025\/10\/RoyalCanin_JointCareMaxi-1-600x257.jpg 600w\" sizes=\"(max-width: 700px) 100vw, 700px\" \/><\/h4>\n<p>&nbsp;<\/p>\n<h4><\/h4>\n<h4>Zalety<\/h4>\n<ul>\n<li>Ochrona staw\u00f3w i ko\u015bci<\/li>\n<li>U\u0142atwia poruszanie<\/li>\n<\/ul>\n<p><img decoding=\"async\" class=\"aligncenter size-full wp-image-7766\" src=\"http:\/\/lanrel.eu\/wp-content\/uploads\/2025\/10\/RoyalCanin_JointCareMaxi-2.jpg\" alt=\"\" width=\"700\" height=\"420\" srcset=\"https:\/\/www.lanrel.pl\/wp-content\/uploads\/2025\/10\/RoyalCanin_JointCareMaxi-2.jpg 700w, https:\/\/www.lanrel.pl\/wp-content\/uploads\/2025\/10\/RoyalCanin_JointCareMaxi-2-300x180.jpg 300w, https:\/\/www.lanrel.pl\/wp-content\/uploads\/2025\/10\/RoyalCanin_JointCareMaxi-2-18x12.jpg 18w, https:\/\/www.lanrel.pl\/wp-content\/uploads\/2025\/10\/RoyalCanin_JointCareMaxi-2-600x360.jpg 600w\" sizes=\"(max-width: 700px) 100vw, 700px\" \/><\/p>\n<p>Sprawne stawy oznaczaj\u0105 \u0142atwo\u015b\u0107 poruszania si\u0119 oraz s\u0105 kluczowe dla aktywnego \u017cycia i lepszej kondycji. Psy ras du\u017cych, zw\u0142aszcza te aktywne, mog\u0105 by\u0107 podatne na przeci\u0105\u017cenia staw\u00f3w, co powoduje dyskomfort i utrudnia chodzenie.<\/p>\n<p>ROYAL CANIN\u00ae Joint Care Maxi to smakowita karma, kt\u00f3ra dodatkowo chroni ko\u015bci i stawy, utrzymuje witalno\u015b\u0107 Twojego psa, jego ruchliwo\u015b\u0107 i pozwala mu cieszy\u0107 si\u0119 aktywno\u015bci\u0105. A dla Twojego psa oznacza to po prostu jeszcze wi\u0119cej zabawy.<\/p>\n<p>Karma ROYAL CANIN\u00ae Joint Care Maxi odpowiednia dla ps\u00f3w o masie cia\u0142a od 26 do 44 kg, ma zmniejszon\u0105 zawarto\u015b\u0107 kalorii, by chroni\u0107 stawy przed przeci\u0105\u017ceniem.<\/p>\n<p>Obecnie wiele zwierz\u0105t towarzysz\u0105cych cierpi z powodu nadwagi, co powoduje dodatkowe obci\u0105\u017cenie staw\u00f3w. Receptura karmy wspomaga utrzymanie prawid\u0142owej masy cia\u0142a psa.<\/p>\n<p>Kolagen, b\u0119d\u0105cy budulcem staw\u00f3w, jest tylko jednym w wielu sk\u0142adnik\u00f3w pokarmowych w recepturze, kt\u00f3re wspomagaj\u0105 chrz\u0105stk\u0119, wzmacniaj\u0105c zar\u00f3wno jej struktur\u0119 jak i metabolizm. Karma zawiera ponadto przeciwutleniacze efektywnie dzia\u0142aj\u0105ce na kom\u00f3rki.<\/p>\n<p>Krokiety ROYAL CANIN\u00ae Joint Care Maxi zosta\u0142y specjalnie opracowane z uwzgl\u0119dnieniem budowy i si\u0142y z\u0119b\u00f3w ps\u00f3w ras du\u017cych. Jeste\u015bmy pewni, \u017ce dla Twojego psa jedzenie naszych karm b\u0119dzie, co najmniej tak samo przyjemne, jak dla nas ich przygotowywanie!<\/p>\n<p>Nie musisz nam wierzy\u0107 na s\u0142owo, 97% opiekun\u00f3w ps\u00f3w by\u0142o zadowolonych z tego produktu ju\u017c po up\u0142ywie 28 dni stosowania.<\/p>\n<p>Oznacza to, \u017ce skuteczno\u015b\u0107 karmy ROYAL CANIN\u00ae Joint Care Maxi zosta\u0142a potwierdzona.<\/p>\n<p>&nbsp;<\/p>\n<p><iframe title=\"Joint Care\" width=\"1170\" height=\"658\" src=\"https:\/\/www.youtube.com\/embed\/jpaowMnPimI?feature=oembed\" frameborder=\"0\" allow=\"accelerometer; autoplay; clipboard-write; encrypted-media; gyroscope; picture-in-picture; web-share\" referrerpolicy=\"strict-origin-when-cross-origin\" allowfullscreen><\/iframe><\/p>\n<p>&nbsp;<\/p>\n<p>&nbsp;<\/p>\n<h4><\/h4>\n<h4>Sk\u0142ad:<\/h4>\n<p>kukurydza, suszone bia\u0142ko drobiowe, pszenica, t\u0142uszcze zwierz\u0119ce, w\u0142\u00f3kno ro\u015blinne, izolat bia\u0142ka ro\u015blinnego*, m\u0105ka kukurydziana, ry\u017c, hydrolizat bia\u0142ka zwierz\u0119cego, gluten kukurydziany, pulpa buraczana, olej rybny, dro\u017cd\u017ce i ich cz\u0119\u015bci, sole mineralne, olej sojowy, hydrolizowany kolagen (0,84%), wyci\u0105g z aksamitki wzniesionej (\u017ar\u00f3d\u0142o luteiny), hydrolizat chrz\u0105stki (\u017ar\u00f3d\u0142o chondroityny).<\/p>\n<p>*L.I.P.: bia\u0142ko wyselekcjonowane ze wzgl\u0119du na bardzo wysok\u0105 strawno\u015b\u0107.<\/p>\n<h4>Dodatki (na 1 kg karmy):<\/h4>\n<p>Witamina A: 16500 UI, Witamina D3: 1000 UI, E1 (\u017belazo): 42 mg, E2 (Jod): 4,2 mg, E4 (Mied\u017a): 13 mg, E5 (Mangan): 55 mg, E6 (Cynk): 141 mg, E8 (Selen): 0,08 mg &#8211; Dodatki technologiczne: Klinoptylolit pochodzenia osadowego: 10 g &#8211; Dodatki sensoryczne: Wyci\u0105g z zielonej herbaty (\u017ar\u00f3d\u0142o polifenoli): 2,5 g &#8211; Konserwanty &#8211; Przeciwutleniacze.<\/p>\n<h4>Sk\u0142adniki analityczne:<\/h4>\n<p>Bia\u0142ko surowe: 26,0% &#8211; Oleje i t\u0142uszcze surowe: 15,0% &#8211; Popi\u00f3\u0142 surowy: 6,3% &#8211; W\u0142\u00f3kno surowe: 6,3%.<\/p>\n<h4>Spos\u00f3b u\u017cycia:<\/h4>\n<p>patrz tabela.<\/p>\n<p>Najlepiej wykorzysta\u0107 przed: patrz data wa\u017cno\u015bci. Data wa\u017cno\u015bci, numer partii i numer rejestracyjny zak\u0142adu znajduj\u0105 si\u0119 z ty\u0142u opakowania. Przechowywa\u0107 w suchym i ch\u0142odnym miejscu.<\/p>\n<table style=\"height: 186px;\" width=\"1068\">\n<thead>\n<tr>\n<td style=\"text-align: center;\"><strong>Waga doros\u0142ego<\/strong><\/td>\n<td style=\"text-align: center;\"><strong>Niska aktywno\u015b\u0107<\/strong><\/td>\n<td style=\"text-align: center;\"><strong>Normalna aktywno\u015b\u0107<\/strong><\/td>\n<td style=\"text-align: center;\"><strong>Wysoka aktywno\u015b\u0107<\/strong><\/td>\n<\/tr>\n<\/thead>\n<tbody>\n<tr>\n<td style=\"text-align: center;\">&#8211;<\/td>\n<td style=\"text-align: center;\">Gramy<\/td>\n<td style=\"text-align: center;\">Gramy<\/td>\n<td style=\"text-align: center;\">Gramy<\/td>\n<\/tr>\n<tr>\n<td style=\"text-align: center;\">26 kg<\/td>\n<td style=\"text-align: center;\">311 g<\/td>\n<td style=\"text-align: center;\">360 g<\/td>\n<td style=\"text-align: center;\">409 g<\/td>\n<\/tr>\n<tr>\n<td style=\"text-align: center;\">32 kg<\/td>\n<td style=\"text-align: center;\">363 g<\/td>\n<td style=\"text-align: center;\">421 g<\/td>\n<td style=\"text-align: center;\">478 g<\/td>\n<\/tr>\n<tr>\n<td style=\"text-align: center;\">38 kg<\/td>\n<td style=\"text-align: center;\">413 g<\/td>\n<td style=\"text-align: center;\">479 g<\/td>\n<td style=\"text-align: center;\">544 g<\/td>\n<\/tr>\n<tr>\n<td style=\"text-align: center;\">44 kg<\/td>\n<td style=\"text-align: center;\">461 g<\/td>\n<td style=\"text-align: center;\">534 g<\/td>\n<td style=\"text-align: center;\">607 g<\/td>\n<\/tr>\n<\/tbody>\n<\/table>\n<p style=\"text-align: center;\">","protected":false},"excerpt":{"rendered":"<p>karma sucha dla ps\u00f3w doros\u0142ych,ras du\u017cych, wspomagaj\u0105ca prac\u0119 staw\u00f3w<\/p>\n<p>Marka: Royal Canin<\/p>\n<p>Dla jakiego pupila: Pies<\/p>\n<p><span class=\"ty-product-feature__label\">Wielko\u015b\u0107 pupila: Rasy du\u017ce<\/span><\/p>\n<p>Faza \u017cycia: Doros\u0142y<\/p>\n<p>Specjalne wymagania: Wra\u017cliwe stawy<\/p>","protected":false},"featured_media":7764,"comment_status":"open","ping_status":"closed","template":"","meta":{"om_disable_all_campaigns":false,"inline_featured_image":false},"product_brand":[],"product_cat":[27,95,99],"product_tag":[],"class_list":{"0":"post-7756","1":"product","2":"type-product","3":"status-publish","4":"has-post-thumbnail","6":"product_cat-dog-food","7":"product_cat-royal-canin-dog-food","8":"product_cat-szczegolne-potrzeby-psow","10":"first","11":"outofstock","12":"taxable","13":"shipping-taxable","14":"purchasable","15":"product-type-simple"},"_links":{"self":[{"href":"https:\/\/www.lanrel.pl\/pl\/wp-json\/wp\/v2\/product\/7756","targetHints":{"allow":["GET"]}}],"collection":[{"href":"https:\/\/www.lanrel.pl\/pl\/wp-json\/wp\/v2\/product"}],"about":[{"href":"https:\/\/www.lanrel.pl\/pl\/wp-json\/wp\/v2\/types\/product"}],"replies":[{"embeddable":true,"href":"https:\/\/www.lanrel.pl\/pl\/wp-json\/wp\/v2\/comments?post=7756"}],"wp:featuredmedia":[{"embeddable":true,"href":"https:\/\/www.lanrel.pl\/pl\/wp-json\/wp\/v2\/media\/7764"}],"wp:attachment":[{"href":"https:\/\/www.lanrel.pl\/pl\/wp-json\/wp\/v2\/media?parent=7756"}],"wp:term":[{"taxonomy":"product_brand","embeddable":true,"href":"https:\/\/www.lanrel.pl\/pl\/wp-json\/wp\/v2\/product_brand?post=7756"},{"taxonomy":"product_cat","embeddable":true,"href":"https:\/\/www.lanrel.pl\/pl\/wp-json\/wp\/v2\/product_cat?post=7756"},{"taxonomy":"product_tag","embeddable":true,"href":"https:\/\/www.lanrel.pl\/pl\/wp-json\/wp\/v2\/product_tag?post=7756"}],"curies":[{"name":"wp","href":"https:\/\/api.w.org\/{rel}","templated":true}]}}