{"id":7742,"date":"2025-10-24T11:43:42","date_gmt":"2025-10-24T09:43:42","guid":{"rendered":"https:\/\/lanrel.eu\/?post_type=product&#038;p=7742"},"modified":"2025-10-24T13:56:26","modified_gmt":"2025-10-24T11:56:26","slug":"royal-canin-ccn-mini-exigent-karma-sucha-dla-psow-doroslych","status":"publish","type":"product","link":"https:\/\/www.lanrel.pl\/pl\/produkt\/royal-canin-ccn-mini-exigent-karma-sucha-dla-psow-doroslych\/","title":{"rendered":"ROYAL CANIN\u00ae CCN Mini Exigent karma sucha dla ps\u00f3w doros\u0142ych"},"content":{"rendered":"<p><img fetchpriority=\"high\" decoding=\"async\" class=\"aligncenter size-full wp-image-7751\" src=\"http:\/\/lanrel.eu\/wp-content\/uploads\/2025\/10\/RoyalCanin_ExigentCareMini-1.jpg\" alt=\"\" width=\"700\" height=\"300\" srcset=\"https:\/\/www.lanrel.pl\/wp-content\/uploads\/2025\/10\/RoyalCanin_ExigentCareMini-1.jpg 700w, https:\/\/www.lanrel.pl\/wp-content\/uploads\/2025\/10\/RoyalCanin_ExigentCareMini-1-300x129.jpg 300w, https:\/\/www.lanrel.pl\/wp-content\/uploads\/2025\/10\/RoyalCanin_ExigentCareMini-1-18x8.jpg 18w, https:\/\/www.lanrel.pl\/wp-content\/uploads\/2025\/10\/RoyalCanin_ExigentCareMini-1-600x257.jpg 600w\" sizes=\"(max-width: 700px) 100vw, 700px\" \/><\/p>\n<p><img decoding=\"async\" class=\"aligncenter size-full wp-image-7752\" src=\"http:\/\/lanrel.eu\/wp-content\/uploads\/2025\/10\/RoyalCanin_ExigentCareMini-2.jpg\" alt=\"\" width=\"700\" height=\"420\" srcset=\"https:\/\/www.lanrel.pl\/wp-content\/uploads\/2025\/10\/RoyalCanin_ExigentCareMini-2.jpg 700w, https:\/\/www.lanrel.pl\/wp-content\/uploads\/2025\/10\/RoyalCanin_ExigentCareMini-2-300x180.jpg 300w, https:\/\/www.lanrel.pl\/wp-content\/uploads\/2025\/10\/RoyalCanin_ExigentCareMini-2-18x12.jpg 18w, https:\/\/www.lanrel.pl\/wp-content\/uploads\/2025\/10\/RoyalCanin_ExigentCareMini-2-600x360.jpg 600w\" sizes=\"(max-width: 700px) 100vw, 700px\" \/><\/p>\n<p>&nbsp;<\/p>\n<h4>Zalety<\/h4>\n<ul>\n<li>zaspokaja wybredny apetyt<\/li>\n<\/ul>\n<p>Description:<\/p>\n<p>Podczas posi\u0142ku Tw\u00f3j pies ocenia zapach, wielko\u015b\u0107 kawa\u0142k\u00f3w i tekstur\u0119 karmy. Pies powinien zjada\u0107 pe\u0142nowarto\u015bciowe jedzenie, a nie tylko przek\u0105ski, kt\u00f3rych poszukuje, gdy odmawia posi\u0142ku. Dlatego potrzebujesz zdrowej i kompletnej pod wzgl\u0119dem od\u017cywczym karmy, kt\u00f3r\u0105 ch\u0119tnie zje nawet najbardziej wybredny pies.<\/p>\n<p>Karma ROYAL CANIN\u00ae Exigent Mini, odpowiednia dla ps\u00f3w o masie cia\u0142a do 10 kg, jest bogata w warto\u015bciowe sk\u0142adniki pokarmowe, kt\u00f3rych tw\u00f3j pies potrzebuje do zdrowego \u017cycia.<\/p>\n<p>Krokiety ROYAL CANIN\u00ae Exigent Mini o kruchej teksturze, maj\u0105 form\u0119 poduszki wype\u0142nionej aromatycznym, od\u017cywczym nadzieniem. Kruchy krokiet zosta\u0142 pokryty smaczn\u0105 t\u0142uszczow\u0105 otoczk\u0105, a jego warto\u015bciowe nadzienie jest bardzo smakowite.<\/p>\n<p>Wszystkie karmy Royal Canin s\u0105 pe\u0142noporcjowe, co oznacza, \u017ce w 100% pokrywaj\u0105 zapotrzebowanie organizmu na wysokiej jako\u015bci bia\u0142ka, t\u0142uszcze, w\u0142\u00f3kno, witaminy i sk\u0142adniki mineralne, potrzebne dla zdrowia i dobrego samopoczucia twojego psa.<\/p>\n<p>Program \u017cywienia Exigent obejmuje dwa produkty. Zar\u00f3wno chrupi\u0105ce krokiety, jak i delikatny pasztet s\u0105 optymalnie zbilansowane i kompletne, stanowi\u0105c wspania\u0142e zestawienie. Podaj psu delikatny pasztet w po\u0142\u0105czeniu ze smakowitymi krokietami!<\/p>\n<p>Nie musisz nam wierzy\u0107 na s\u0142owo, korzystne dzia\u0142anie ROYAL CANIN\u00ae Exigent Mini zosta\u0142o potwierdzone. Skuteczno\u015b\u0107 receptury zbadano i udowodniono naukowo w psiarniach Royal Canin. Nawet 99% ps\u00f3w zdecydowanie preferowa\u0142o ten produkt.<\/p>\n<p><img decoding=\"async\" class=\"aligncenter wp-image-7753\" src=\"http:\/\/lanrel.eu\/wp-content\/uploads\/2025\/10\/RoyalCanin_ExigentCareMini-3.jpg\" alt=\"\" width=\"471\" height=\"377\" srcset=\"https:\/\/www.lanrel.pl\/wp-content\/uploads\/2025\/10\/RoyalCanin_ExigentCareMini-3.jpg 700w, https:\/\/www.lanrel.pl\/wp-content\/uploads\/2025\/10\/RoyalCanin_ExigentCareMini-3-300x240.jpg 300w, https:\/\/www.lanrel.pl\/wp-content\/uploads\/2025\/10\/RoyalCanin_ExigentCareMini-3-15x12.jpg 15w, https:\/\/www.lanrel.pl\/wp-content\/uploads\/2025\/10\/RoyalCanin_ExigentCareMini-3-600x480.jpg 600w\" sizes=\"(max-width: 471px) 100vw, 471px\" \/><\/p>\n<p><iframe title=\"Exigent\" width=\"1170\" height=\"658\" src=\"https:\/\/www.youtube.com\/embed\/I_cDsfpJB_o?feature=oembed\" frameborder=\"0\" allow=\"accelerometer; autoplay; clipboard-write; encrypted-media; gyroscope; picture-in-picture; web-share\" referrerpolicy=\"strict-origin-when-cross-origin\" allowfullscreen><\/iframe><\/p>\n<p>&nbsp;<\/p>\n<h4>Sk\u0142ad:<\/h4>\n<p>suszone bia\u0142ko drobiowe, t\u0142uszcze zwierz\u0119ce, ry\u017c, izolat bia\u0142ka ro\u015blinnego*, parzona m\u0105ka pszenna, m\u0105ka kukurydziana, hydrolizat bia\u0142ka zwierz\u0119cego, w\u0142\u00f3kno ro\u015blinne, pulpa buraczana, sole mineralne, olej rybny, fruktooligosacharydy, olej z og\u00f3recznika, wyci\u0105g z aksamitki wzniesionej (\u017ar\u00f3d\u0142o luteiny).<\/p>\n<p>*L.I.P.: bia\u0142ko wyselekcjonowane ze wzgl\u0119du na bardzo wysok\u0105 strawno\u015b\u0107.<\/p>\n<h4>Dodatki (na 1 kg karmy):<\/h4>\n<p>Witamina A: 29500 UI, Witamina D3: 800 UI, E1 (\u017belazo): 38 mg, E2 (Jod): 3,9 mg, E4 (Mied\u017a): 12 mg, E5 (Mangan): 50 mg, E6 (Cynk): 133 mg, E8 (Selen): 0,08 mg &#8211; Konserwanty &#8211; Przeciwutleniacze.<\/p>\n<h4>Sk\u0142adniki analityczne:<\/h4>\n<p>Bia\u0142ko surowe: 30,0% &#8211; Oleje i t\u0142uszcze surowe: 22,0% &#8211; Popi\u00f3\u0142 surowy: 4,8% &#8211; W\u0142\u00f3kno surowe: 2,6%.<\/p>\n<h4>Spos\u00f3b u\u017cycia:<\/h4>\n<p>patrz tabela.<\/p>\n<p>Najlepiej wykorzysta\u0107 przed: patrz data wa\u017cno\u015bci. Data wa\u017cno\u015bci, numer partii i numer rejestracyjny zak\u0142adu znajduj\u0105 si\u0119 z ty\u0142u opakowania. Przechowywa\u0107 w suchym i ch\u0142odnym miejscu.<\/p>\n<table style=\"height: 318px;\" width=\"1072\">\n<thead>\n<tr>\n<td>\n<p style=\"text-align: center;\"><strong>Waga psa<\/strong><\/p>\n<\/td>\n<td style=\"text-align: center;\"><strong>Niska aktywno\u015b\u0107<\/strong><\/td>\n<td style=\"text-align: center;\"><strong>Normalna aktywno\u015b\u0107<\/strong><\/td>\n<td style=\"text-align: center;\"><strong>Wysoka aktywno\u015b\u0107<\/strong><\/td>\n<\/tr>\n<\/thead>\n<tbody>\n<tr>\n<td style=\"text-align: center;\">&#8211;<\/td>\n<td style=\"text-align: center;\">(g)<\/td>\n<td style=\"text-align: center;\">(g)<\/td>\n<td>\n<p style=\"text-align: center;\">(g)<\/p>\n<\/td>\n<\/tr>\n<tr>\n<td>\n<p style=\"text-align: center;\">1 kg<\/p>\n<\/td>\n<td style=\"text-align: center;\">22 g<\/td>\n<td style=\"text-align: center;\">26 g<\/td>\n<td style=\"text-align: center;\">29 g<\/td>\n<\/tr>\n<tr>\n<td style=\"text-align: center;\">3 kg<\/td>\n<td style=\"text-align: center;\">51 g<\/td>\n<td style=\"text-align: center;\">59 g<\/td>\n<td>\n<p style=\"text-align: center;\">67 g<\/p>\n<\/td>\n<\/tr>\n<tr>\n<td>\n<p style=\"text-align: center;\">6 kg<\/p>\n<\/td>\n<td style=\"text-align: center;\">86 g<\/td>\n<td style=\"text-align: center;\">99 g<\/td>\n<td style=\"text-align: center;\">113 g<\/td>\n<\/tr>\n<tr>\n<td style=\"text-align: center;\">10 kg<\/td>\n<td style=\"text-align: center;\">126 g<\/td>\n<td>\n<p style=\"text-align: center;\">146 g<\/p>\n<\/td>\n<td><\/td>\n<\/tr>\n<\/tbody>\n<\/table>\n<p>&nbsp;<\/p>\n<p>&nbsp;<\/p>","protected":false},"excerpt":{"rendered":"<p>karma sucha dla ps\u00f3w doros\u0142ych,ras ma\u0142ych, wybrednych<\/p>\n<p>Marka: Royal Canin<\/p>\n<p>Dla jakiego pupila: Pies<\/p>\n<p><span class=\"ty-product-feature__label\">Wielko\u015b\u0107 pupila: Rasy ma\u0142e<\/span><\/p>\n<p>Faza \u017cycia: Doros\u0142y<\/p>\n<p>Specjalne wymagania: wybrednych<\/p>","protected":false},"featured_media":7749,"comment_status":"open","ping_status":"closed","template":"","meta":{"om_disable_all_campaigns":false,"inline_featured_image":false},"product_brand":[],"product_cat":[27,95,99],"product_tag":[],"class_list":{"0":"post-7742","1":"product","2":"type-product","3":"status-publish","4":"has-post-thumbnail","6":"product_cat-dog-food","7":"product_cat-royal-canin-dog-food","8":"product_cat-szczegolne-potrzeby-psow","10":"first","11":"outofstock","12":"taxable","13":"shipping-taxable","14":"product-type-variable","15":"has-default-attributes"},"_links":{"self":[{"href":"https:\/\/www.lanrel.pl\/pl\/wp-json\/wp\/v2\/product\/7742","targetHints":{"allow":["GET"]}}],"collection":[{"href":"https:\/\/www.lanrel.pl\/pl\/wp-json\/wp\/v2\/product"}],"about":[{"href":"https:\/\/www.lanrel.pl\/pl\/wp-json\/wp\/v2\/types\/product"}],"replies":[{"embeddable":true,"href":"https:\/\/www.lanrel.pl\/pl\/wp-json\/wp\/v2\/comments?post=7742"}],"wp:featuredmedia":[{"embeddable":true,"href":"https:\/\/www.lanrel.pl\/pl\/wp-json\/wp\/v2\/media\/7749"}],"wp:attachment":[{"href":"https:\/\/www.lanrel.pl\/pl\/wp-json\/wp\/v2\/media?parent=7742"}],"wp:term":[{"taxonomy":"product_brand","embeddable":true,"href":"https:\/\/www.lanrel.pl\/pl\/wp-json\/wp\/v2\/product_brand?post=7742"},{"taxonomy":"product_cat","embeddable":true,"href":"https:\/\/www.lanrel.pl\/pl\/wp-json\/wp\/v2\/product_cat?post=7742"},{"taxonomy":"product_tag","embeddable":true,"href":"https:\/\/www.lanrel.pl\/pl\/wp-json\/wp\/v2\/product_tag?post=7742"}],"curies":[{"name":"wp","href":"https:\/\/api.w.org\/{rel}","templated":true}]}}