{"id":7725,"date":"2025-10-23T21:24:47","date_gmt":"2025-10-23T19:24:47","guid":{"rendered":"https:\/\/lanrel.eu\/?post_type=product&#038;p=7725"},"modified":"2025-10-23T21:24:47","modified_gmt":"2025-10-23T19:24:47","slug":"royal-canin-ccn-mini-digestive-care-karma-sucha-dla-psow-doroslych","status":"publish","type":"product","link":"https:\/\/www.lanrel.pl\/pl\/produkt\/royal-canin-ccn-mini-digestive-care-karma-sucha-dla-psow-doroslych\/","title":{"rendered":"ROYAL CANIN\u00ae CCN Mini Digestive Care karma sucha dla ps\u00f3w doros\u0142ych"},"content":{"rendered":"<h4>Zalety karmy:<\/h4>\n<ul>\n<li>Udowodnione rezultaty<\/li>\n<li>Poprawa jako\u015bci odchod\u00f3w<\/li>\n<\/ul>\n<p><img fetchpriority=\"high\" decoding=\"async\" class=\"aligncenter size-full wp-image-7727\" src=\"http:\/\/lanrel.eu\/wp-content\/uploads\/2025\/10\/RoyalCanin_DigestiveCareMini-1.jpg\" alt=\"\" width=\"700\" height=\"300\" srcset=\"https:\/\/www.lanrel.pl\/wp-content\/uploads\/2025\/10\/RoyalCanin_DigestiveCareMini-1.jpg 700w, https:\/\/www.lanrel.pl\/wp-content\/uploads\/2025\/10\/RoyalCanin_DigestiveCareMini-1-300x129.jpg 300w, https:\/\/www.lanrel.pl\/wp-content\/uploads\/2025\/10\/RoyalCanin_DigestiveCareMini-1-18x8.jpg 18w, https:\/\/www.lanrel.pl\/wp-content\/uploads\/2025\/10\/RoyalCanin_DigestiveCareMini-1-600x257.jpg 600w\" sizes=\"(max-width: 700px) 100vw, 700px\" \/> <img decoding=\"async\" class=\"aligncenter size-full wp-image-7697\" src=\"http:\/\/lanrel.eu\/wp-content\/uploads\/2025\/10\/RoyalCanin_DigestiveCareMaxi-2.jpg\" alt=\"\" width=\"700\" height=\"400\" srcset=\"https:\/\/www.lanrel.pl\/wp-content\/uploads\/2025\/10\/RoyalCanin_DigestiveCareMaxi-2.jpg 700w, https:\/\/www.lanrel.pl\/wp-content\/uploads\/2025\/10\/RoyalCanin_DigestiveCareMaxi-2-300x171.jpg 300w, https:\/\/www.lanrel.pl\/wp-content\/uploads\/2025\/10\/RoyalCanin_DigestiveCareMaxi-2-18x10.jpg 18w, https:\/\/www.lanrel.pl\/wp-content\/uploads\/2025\/10\/RoyalCanin_DigestiveCareMaxi-2-600x343.jpg 600w\" sizes=\"(max-width: 700px) 100vw, 700px\" \/><\/p>\n<p>Dyskomfort trawienia nie jest przyjemny dla nikogo, r\u00f3wnie\u017c dla psa.<\/p>\n<p>Dieta zawieraj\u0105ca wysokiej jako\u015bci sk\u0142adniki pokarmowe w proporcjach zapewniaj\u0105cych prawid\u0142owe trawienie i lepsze wch\u0142anianie pozwala wspomaga\u0107 prac\u0119 jelit Twojego psa.<\/p>\n<p>ROYAL CANIN\u00ae Digestive Care Mini to karma o wysokiej smakowito\u015bci odpowiednia dla ps\u00f3w o masie cia\u0142a do 10 kg, kt\u00f3rej receptura zosta\u0142a specjalnie opracowana dla ps\u00f3w o wra\u017cliwym przewodzie pokarmowym<\/p>\n<p>Psy ras ma\u0142ych maj\u0105 tendencj\u0119 do bardziej zwartego ka\u0142u, co mo\u017ce prowadzi\u0107 do postawania zapar\u0107. Receptura karmy ROYAL CANIN\u00ae Digestive Care Mini zosta\u0142a opracowana z uwzgl\u0119dnieniem tych wszystkich cech.<\/p>\n<p>Zastosowanie optymalnego zestawienia w\u0142\u00f3kna rozpuszczalnego i nierozpuszczalnego pomaga ograniczy\u0107 fermentacj\u0119 bakteryjn\u0105 w jelitach oraz odpowiednio do potrzeb wspomaga prawid\u0142owy pasa\u017c jelitowy. Prebiotyki sprzyjaj\u0105 utrzymaniu prawid\u0142owej mikroflory. Firma Royal Canin bardzo powa\u017cnie podchodzi do wyboru surowc\u00f3w, a zw\u0142aszcza bia\u0142ek. Wykorzystywane s\u0105 tylko bia\u0142ka najwy\u017cszej jako\u015bci, dostosowane do szczeg\u00f3lnych potrzeb danego psa. To dlatego receptura ROYAL CANIN\u00ae Digestive Care Mini zawiera bia\u0142ka o najwy\u017cszej strawno\u015bci, nazwanych bia\u0142kami L.I.P..<\/p>\n<p>Wieloletnie do\u015bwiadczenie i ci\u0105g\u0142e ulepszenia gwarantuj\u0105 zastosowanie najnowszej wiedzy na temat najlepszych technologii produkcji. Nasz proces obr\u00f3bki cieplnej poprawia strawno\u015b\u0107 sk\u0142adnik\u00f3w pokarmowych. Wysoka strawno\u015b\u0107 jest potwierdzana regularnie dzi\u0119ki rygorystycznym kontrolom jako\u015bci.<\/p>\n<p>Program \u017cywienia Digestive Care obejmuje dwa produkty. Zar\u00f3wno chrupi\u0105ce krokiety, jak i delikatny pasztet s\u0105 optymalnie zbilansowane i kompletne, stanowi\u0105c wspania\u0142e zestawienie. Podaj psu delikatny pasztet w po\u0142\u0105czeniu ze smakowitymi krokietami!<\/p>\n<p>Nie musisz nam wierzy\u0107 na s\u0142owo, stosowanie ROYAL CANIN\u00ae Digestive Care Mini pozwoli\u0142o u 92% ps\u00f3w uzyska\u0107 optymaln\u0105 jako\u015b\u0107 odchod\u00f3w \u2013 naoczny dow\u00f3d na prawid\u0142ow\u0105 prac\u0119 jelit. Oznacza to, \u017ce skuteczno\u015b\u0107 karmy ROYAL CANIN\u00ae Digestive Care Mini zosta\u0142a potwierdzona.<\/p>\n<p>Misj\u0105 ROYAL CANIN\u00ae jest zapewnianie rozwi\u0105za\u0144 \u017cywieniowych dostosowanych do potrzeb zwierz\u0105t. Wszystkie nasze produkty przechodz\u0105 liczne kontrole jako\u015bci, aby sprosta\u0107 najwy\u017cszym standardom marki i dostarczy\u0107 kotu pokarm dostosowany do jego potrzeb \u017cywieniowych. ROYAL CANIN\u00ae Digestive Care Mini jest karm\u0105 pe\u0142noporcjow\u0105.<\/p>\n<p><img decoding=\"async\" class=\"aligncenter wp-image-7729\" src=\"http:\/\/lanrel.eu\/wp-content\/uploads\/2025\/10\/RoyalCanin_DigestiveCareMini-3.jpg\" alt=\"\" width=\"526\" height=\"436\" srcset=\"https:\/\/www.lanrel.pl\/wp-content\/uploads\/2025\/10\/RoyalCanin_DigestiveCareMini-3.jpg 700w, https:\/\/www.lanrel.pl\/wp-content\/uploads\/2025\/10\/RoyalCanin_DigestiveCareMini-3-300x249.jpg 300w, https:\/\/www.lanrel.pl\/wp-content\/uploads\/2025\/10\/RoyalCanin_DigestiveCareMini-3-14x12.jpg 14w, https:\/\/www.lanrel.pl\/wp-content\/uploads\/2025\/10\/RoyalCanin_DigestiveCareMini-3-600x497.jpg 600w\" sizes=\"(max-width: 526px) 100vw, 526px\" \/><\/p>\n<p><iframe title=\"Digestive Care\" width=\"1170\" height=\"658\" src=\"https:\/\/www.youtube.com\/embed\/e87h2SfTv9A?feature=oembed\" frameborder=\"0\" allow=\"accelerometer; autoplay; clipboard-write; encrypted-media; gyroscope; picture-in-picture; web-share\" referrerpolicy=\"strict-origin-when-cross-origin\" allowfullscreen><\/iframe><\/p>\n<h4>SK\u0141AD<\/h4>\n<p>Sk\u0142ad: suszone bia\u0142ko drobiowe, ry\u017c, t\u0142uszcze zwierz\u0119ce, hydrolizat bia\u0142ka zwierz\u0119cego, izolat bia\u0142ka ro\u015blinnego*, m\u0105ka pszenna, pszenica, j\u0119czmie\u0144, gluten kukurydziany, pulpa buraczana, dro\u017cd\u017ce i ich cz\u0119\u015bci, olej rybny, olej sojowy, w\u0142\u00f3kno ro\u015blinne, sole mineralne, fruktooligosacharydy, wyci\u0105g z aksamitki wzniesionej (\u017ar\u00f3d\u0142o luteiny).<\/p>\n<p>*L.I.P.: bia\u0142ko wyselekcjonowane ze wzgl\u0119du na bardzo wysok\u0105 strawno\u015b\u0107.<\/p>\n<h4>Dodatki (na 1 kg karmy):<\/h4>\n<p>Witamina A: 30500 UI, Witamina D3: 800 UI, E1 (\u017belazo): 37 mg, E2 (Jod): 3,7 mg, E4 (Mied\u017a): 11 mg, E5 (Mangan): 48 mg, E6 (Cynk): 135 mg, E8 (Selen): 0,08 mg &#8211; Dodatki technologiczne: Klinoptylolit pochodzenia osadowego: 10 g &#8211; Konserwanty &#8211; Przeciwutleniacze.<\/p>\n<h4>Sk\u0142adniki analityczne:<\/h4>\n<p>Bia\u0142ko surowe: 30,0% &#8211; Oleje i t\u0142uszcze surowe: 22,0% &#8211; Popi\u00f3\u0142 surowy: 6,1% &#8211; W\u0142\u00f3kno surowe: 1,8%.<\/p>\n<h4>Spos\u00f3b u\u017cycia:<\/h4>\n<p>patrz tabela.<\/p>\n<p>Najlepiej wykorzysta\u0107 przed: patrz data wa\u017cno\u015bci. Data wa\u017cno\u015bci, numer partii i numer rejestracyjny zak\u0142adu znajduj\u0105 si\u0119 z ty\u0142u opakowania. Przechowywa\u0107 w suchym i ch\u0142odnym miejscu.<\/p>\n<table style=\"height: 301px;\" width=\"1071\">\n<thead>\n<tr>\n<td>\n<p style=\"text-align: center;\"><strong>Waga psa<\/strong><\/p>\n<\/td>\n<td style=\"text-align: center;\"><strong>Niska aktywno\u015b\u0107<\/strong><\/td>\n<td style=\"text-align: center;\"><strong>Normalna aktywno\u015b\u0107<\/strong><\/td>\n<td style=\"text-align: center;\"><strong>Wysoka aktywno\u015b\u0107<\/strong><\/td>\n<\/tr>\n<\/thead>\n<tbody>\n<tr>\n<td style=\"text-align: center;\">1 kg<\/td>\n<td style=\"text-align: center;\">22 g<\/td>\n<td style=\"text-align: center;\">26 g<\/td>\n<td>\n<p style=\"text-align: center;\">29 g<\/p>\n<\/td>\n<\/tr>\n<tr>\n<td>\n<p style=\"text-align: center;\">3 kg<\/p>\n<\/td>\n<td style=\"text-align: center;\">51 g<\/td>\n<td style=\"text-align: center;\">59 g<\/td>\n<td style=\"text-align: center;\">267 g<\/td>\n<\/tr>\n<tr>\n<td style=\"text-align: center;\">6 kg<\/td>\n<td style=\"text-align: center;\">86 g<\/td>\n<td style=\"text-align: center;\">99 g<\/td>\n<td>\n<p style=\"text-align: center;\">113 g<\/p>\n<\/td>\n<\/tr>\n<tr>\n<td>\n<p style=\"text-align: center;\">10 kg<\/p>\n<\/td>\n<td style=\"text-align: center;\">125 g<\/td>\n<td style=\"text-align: center;\">145 g<\/td>\n<td>\n<p style=\"text-align: center;\">165 g<\/p>\n<\/td>\n<\/tr>\n<\/tbody>\n<\/table>\n<p>&nbsp;<\/p>","protected":false},"excerpt":{"rendered":"<p>karma sucha dla ps\u00f3w doros\u0142ych, ras ma\u0142ych o wra\u017cliwym przewodzie pokarmowym<\/p>\n<p>Marka: Royal Canin<\/p>\n<p>Dla jakiego pupila: Pies<\/p>\n<p><span class=\"ty-product-feature__label\">Wielko\u015b\u0107 pupila: Rasy ma\u0142e<\/span><\/p>\n<p>Faza \u017cycia: Doros\u0142y<\/p>\n<p>Specjalne wymagania: Wra\u017cliwy uk\u0142ad pokarmowy<\/p>\n<p>&nbsp;<\/p>","protected":false},"featured_media":7737,"comment_status":"open","ping_status":"closed","template":"","meta":{"om_disable_all_campaigns":false,"inline_featured_image":false},"product_brand":[],"product_cat":[27,95,99],"product_tag":[],"class_list":{"0":"post-7725","1":"product","2":"type-product","3":"status-publish","4":"has-post-thumbnail","6":"product_cat-dog-food","7":"product_cat-royal-canin-dog-food","8":"product_cat-szczegolne-potrzeby-psow","10":"first","11":"outofstock","12":"taxable","13":"shipping-taxable","14":"product-type-variable","15":"has-default-attributes"},"_links":{"self":[{"href":"https:\/\/www.lanrel.pl\/pl\/wp-json\/wp\/v2\/product\/7725","targetHints":{"allow":["GET"]}}],"collection":[{"href":"https:\/\/www.lanrel.pl\/pl\/wp-json\/wp\/v2\/product"}],"about":[{"href":"https:\/\/www.lanrel.pl\/pl\/wp-json\/wp\/v2\/types\/product"}],"replies":[{"embeddable":true,"href":"https:\/\/www.lanrel.pl\/pl\/wp-json\/wp\/v2\/comments?post=7725"}],"wp:featuredmedia":[{"embeddable":true,"href":"https:\/\/www.lanrel.pl\/pl\/wp-json\/wp\/v2\/media\/7737"}],"wp:attachment":[{"href":"https:\/\/www.lanrel.pl\/pl\/wp-json\/wp\/v2\/media?parent=7725"}],"wp:term":[{"taxonomy":"product_brand","embeddable":true,"href":"https:\/\/www.lanrel.pl\/pl\/wp-json\/wp\/v2\/product_brand?post=7725"},{"taxonomy":"product_cat","embeddable":true,"href":"https:\/\/www.lanrel.pl\/pl\/wp-json\/wp\/v2\/product_cat?post=7725"},{"taxonomy":"product_tag","embeddable":true,"href":"https:\/\/www.lanrel.pl\/pl\/wp-json\/wp\/v2\/product_tag?post=7725"}],"curies":[{"name":"wp","href":"https:\/\/api.w.org\/{rel}","templated":true}]}}