{"id":7710,"date":"2025-10-23T20:57:06","date_gmt":"2025-10-23T18:57:06","guid":{"rendered":"https:\/\/lanrel.eu\/?post_type=product&#038;p=7710"},"modified":"2025-10-23T20:57:06","modified_gmt":"2025-10-23T18:57:06","slug":"royal-canin-ccn-medium-digestive-care-karma-sucha-dla-psow-doroslych","status":"publish","type":"product","link":"https:\/\/www.lanrel.pl\/pl\/produkt\/royal-canin-ccn-medium-digestive-care-karma-sucha-dla-psow-doroslych\/","title":{"rendered":"ROYAL CANIN\u00ae CCN Medium Digestive Care karma sucha dla ps\u00f3w doros\u0142ych"},"content":{"rendered":"<p>Zalety:<\/p>\n<ul>\n<li>Udowodnione rezultaty<\/li>\n<li>Poprawa jako\u015bci odchod\u00f3w<\/li>\n<\/ul>\n<p><img fetchpriority=\"high\" decoding=\"async\" class=\"aligncenter size-full wp-image-7711\" src=\"http:\/\/lanrel.eu\/wp-content\/uploads\/2025\/10\/RoyalCanin_DigestiveCareMedium-1.jpg\" alt=\"\" width=\"700\" height=\"300\" srcset=\"https:\/\/www.lanrel.pl\/wp-content\/uploads\/2025\/10\/RoyalCanin_DigestiveCareMedium-1.jpg 700w, https:\/\/www.lanrel.pl\/wp-content\/uploads\/2025\/10\/RoyalCanin_DigestiveCareMedium-1-300x129.jpg 300w, https:\/\/www.lanrel.pl\/wp-content\/uploads\/2025\/10\/RoyalCanin_DigestiveCareMedium-1-18x8.jpg 18w, https:\/\/www.lanrel.pl\/wp-content\/uploads\/2025\/10\/RoyalCanin_DigestiveCareMedium-1-600x257.jpg 600w\" sizes=\"(max-width: 700px) 100vw, 700px\" \/> <img decoding=\"async\" class=\"aligncenter size-full wp-image-7697\" src=\"http:\/\/lanrel.eu\/wp-content\/uploads\/2025\/10\/RoyalCanin_DigestiveCareMaxi-2.jpg\" alt=\"\" width=\"700\" height=\"400\" srcset=\"https:\/\/www.lanrel.pl\/wp-content\/uploads\/2025\/10\/RoyalCanin_DigestiveCareMaxi-2.jpg 700w, https:\/\/www.lanrel.pl\/wp-content\/uploads\/2025\/10\/RoyalCanin_DigestiveCareMaxi-2-300x171.jpg 300w, https:\/\/www.lanrel.pl\/wp-content\/uploads\/2025\/10\/RoyalCanin_DigestiveCareMaxi-2-18x10.jpg 18w, https:\/\/www.lanrel.pl\/wp-content\/uploads\/2025\/10\/RoyalCanin_DigestiveCareMaxi-2-600x343.jpg 600w\" sizes=\"(max-width: 700px) 100vw, 700px\" \/><\/p>\n<p>Dyskomfort trawienia nie jest przyjemny dla nikogo, r\u00f3wnie\u017c dla psa. Zdrowe jelita Twojego psa poza uczuciem komfortu, oznaczaj\u0105 r\u00f3wnie\u017c najlepsze wch\u0142anianie sk\u0142adnik\u00f3w od\u017cywczych z pokarmu, co ostatecznie wspomaga dobre samopoczucie twojego psa.<\/p>\n<p>Karma ROYAL CANIN\u00ae Digestive Care Medium jest odpowiednia dla ps\u00f3w o wra\u017cliwym przewodzie pokarmowym, kt\u00f3rych masa cia\u0142a wynosi mi\u0119dzy 11 a 25 kg.<\/p>\n<p>Receptura tej specjalnie opracowanej diety z aktywnymi sk\u0142adnikami pokarmowymi zawiera zestaw prebiotyk\u00f3w sprzyjaj\u0105cy prawid\u0142owej florze bakteryjnej jelit. Prebiotyki s\u0105 sk\u0142adnikami pokarmowymi koniecznymi do od\u017cywienia mikroflory jelitowej, co odgrywa wa\u017cn\u0105 rol\u0119 w utrzymaniu zdrowia ca\u0142ego przewodu pokarmowego.<\/p>\n<p>W firma Royal Canin wykorzystywane s\u0105 tylko bia\u0142ka najwy\u017cszej jako\u015bci, dostosowane do szczeg\u00f3lnych potrzeb danego psa. Dzi\u0119ki regularnym, rygorystycznym kontrolom jako\u015bci, sk\u0142adniki pokarmowe zastosowane w recepturze s\u0105 znacznie lepiej podatne na trawienie.<\/p>\n<p>Ponadto, ROYAL CANIN\u00ae Digestive Care Medium zawiera optymalne zestawienie w\u0142\u00f3kna rozpuszczalnego i nierozpuszczalnego sprzyjaj\u0105ce komfortowi procesu trawienia.<\/p>\n<p>Program \u017cywienia Digestive Care obejmuje dwa produkty. Zar\u00f3wno chrupi\u0105ce krokiety, jak i delikatny pasztet s\u0105 optymalnie zbilansowane i kompletne, stanowi\u0105c wspania\u0142e zestawienie. Podaj psu delikatny pasztet w po\u0142\u0105czeniu ze smakowitymi krokietami!<\/p>\n<p>Nie musisz nam wierzy\u0107 na s\u0142owo, stosowanie ROYAL CANIN\u00ae Digestive Care Mini pozwoli\u0142o u 91% ps\u00f3w uzyska\u0107 optymaln\u0105 jako\u015b\u0107 odchod\u00f3w \u2013 naoczny dow\u00f3d na prawid\u0142ow\u0105 prac\u0119 jelit. Oznacza to, \u017ce skuteczno\u015b\u0107 karmy ROYAL CANIN\u00ae Digestive Care Medium zosta\u0142a potwierdzona.<\/p>\n<p>Misj\u0105 ROYAL CANIN\u00ae jest zapewnianie rozwi\u0105za\u0144 \u017cywieniowych dostosowanych do potrzeb zwierz\u0105t. Wszystkie nasze produkty przechodz\u0105 liczne kontrole jako\u015bci, aby sprosta\u0107 najwy\u017cszym standardom marki i dostarczy\u0107 kotu pokarm dostosowany do jego potrzeb \u017cywieniowych. ROYAL CANIN\u00ae Digestive Care Medium jest karm\u0105 pe\u0142noporcjow\u0105.<\/p>\n<p><img decoding=\"async\" class=\"aligncenter wp-image-7713\" src=\"http:\/\/lanrel.eu\/wp-content\/uploads\/2025\/10\/RoyalCanin_DigestiveCareMedium-3.jpg\" alt=\"\" width=\"524\" height=\"419\" srcset=\"https:\/\/www.lanrel.pl\/wp-content\/uploads\/2025\/10\/RoyalCanin_DigestiveCareMedium-3.jpg 700w, https:\/\/www.lanrel.pl\/wp-content\/uploads\/2025\/10\/RoyalCanin_DigestiveCareMedium-3-300x240.jpg 300w, https:\/\/www.lanrel.pl\/wp-content\/uploads\/2025\/10\/RoyalCanin_DigestiveCareMedium-3-15x12.jpg 15w, https:\/\/www.lanrel.pl\/wp-content\/uploads\/2025\/10\/RoyalCanin_DigestiveCareMedium-3-600x480.jpg 600w\" sizes=\"(max-width: 524px) 100vw, 524px\" \/><\/p>\n<p><iframe title=\"Digestive Care\" width=\"1170\" height=\"658\" src=\"https:\/\/www.youtube.com\/embed\/e87h2SfTv9A?feature=oembed\" frameborder=\"0\" allow=\"accelerometer; autoplay; clipboard-write; encrypted-media; gyroscope; picture-in-picture; web-share\" referrerpolicy=\"strict-origin-when-cross-origin\" allowfullscreen><\/iframe><\/p>\n<h4>Sk\u0142ad:<\/h4>\n<p>ry\u017c, suszone bia\u0142ko drobiowe, m\u0105ka pszenna, t\u0142uszcze zwierz\u0119ce, pszenica, gluten kukurydziany, izolat bia\u0142ka ro\u015blinnego*, j\u0119czmie\u0144, hydrolizat bia\u0142ka zwierz\u0119cego, pulpa buraczana, olej sojowy, sole mineralne, olej rybny, w\u0142\u00f3kno ro\u015blinne, fruktooligosacharydy, wyci\u0105g z dro\u017cd\u017cy (\u017ar\u00f3d\u0142o mannooligosacharyd\u00f3w), olej z og\u00f3recznika, wyci\u0105g z aksamitki wzniesionej (\u017ar\u00f3d\u0142o luteiny).<\/p>\n<p>*L.I.P.: bia\u0142ko wyselekcjonowane ze wzgl\u0119du na bardzo wysok\u0105 strawno\u015b\u0107.<\/p>\n<h4>Dodatki (na 1 kg karmy):<\/h4>\n<p>Witamina A: 22000 UI, Witamina D3: 1000 UI, E1 (\u017belazo): 38 mg, E2 (Jod): 3,8 mg, E4 (Mied\u017a): 12 mg, E5 (Mangan): 49 mg, E6 (Cynk): 132 mg, E8 (Selen): 0,06 mg &#8211; Dodatki technologiczne: Klinoptylolit pochodzenia osadowego: 10 g &#8211; Konserwanty &#8211; Przeciwutleniacze.<\/p>\n<h4>Sk\u0142adniki analityczne:<\/h4>\n<p>Bia\u0142ko surowe: 25,0% &#8211; Oleje i t\u0142uszcze surowe: 18,0% &#8211; Popi\u00f3\u0142 surowy: 6,2% &#8211; W\u0142\u00f3kno surowe: 1,8%.<\/p>\n<h4>Spos\u00f3b u\u017cycia:<\/h4>\n<p>patrz tabela. Najlepiej wykorzysta\u0107 przed: patrz data wa\u017cno\u015bci. Data wa\u017cno\u015bci, numer partii i numer rejestracyjny zak\u0142adu znajduj\u0105 si\u0119 z ty\u0142u opakowania. Przechowywa\u0107 w suchym i ch\u0142odnym miejscu.<\/p>\n<table style=\"height: 295px;\" width=\"1079\">\n<thead>\n<tr>\n<td>\n<p style=\"text-align: center;\"><strong>Waga psa<\/strong><\/p>\n<\/td>\n<td style=\"text-align: center;\"><strong>Niska aktywno\u015b\u0107<\/strong><\/td>\n<td style=\"text-align: center;\"><strong>Normalna aktywno\u015b\u0107<\/strong><\/td>\n<td style=\"text-align: center;\"><strong>Wysoka aktywno\u015b\u0107<\/strong><\/td>\n<\/tr>\n<\/thead>\n<tbody>\n<tr>\n<td style=\"text-align: center;\">26 kg<\/td>\n<td style=\"text-align: center;\">281 g<\/td>\n<td style=\"text-align: center;\">326 g<\/td>\n<td>\n<p style=\"text-align: center;\">370 g<\/p>\n<\/td>\n<\/tr>\n<tr>\n<td>\n<p style=\"text-align: center;\">32 kg<\/p>\n<\/td>\n<td style=\"text-align: center;\">329 g<\/td>\n<td style=\"text-align: center;\">381 g<\/td>\n<td style=\"text-align: center;\">433 g<\/td>\n<\/tr>\n<tr>\n<td style=\"text-align: center;\">38 kg<\/td>\n<td style=\"text-align: center;\">374 g<\/td>\n<td style=\"text-align: center;\">433 g<\/td>\n<td>\n<p style=\"text-align: center;\">492 g<\/p>\n<\/td>\n<\/tr>\n<tr>\n<td>\n<p style=\"text-align: center;\">44 kg<\/p>\n<\/td>\n<td style=\"text-align: center;\">418 g<\/td>\n<td style=\"text-align: center;\">484 g<\/td>\n<td>\n<p style=\"text-align: center;\">550 g<\/p>\n<\/td>\n<\/tr>\n<\/tbody>\n<\/table>","protected":false},"excerpt":{"rendered":"<p>karma sucha dla ps\u00f3w doros\u0142ych, ras \u015brednich o wra\u017cliwym przewodzie pokarmowym<\/p>\n<p>Marka: Royal Canin<\/p>\n<p>Dla jakiego pupila: Pies<\/p>\n<p><span class=\"ty-product-feature__label\">Wielko\u015b\u0107 pupila: Rasy \u015brednie<\/span><\/p>\n<p>Faza \u017cycia: Doros\u0142y<\/p>\n<p>Specjalne wymagania: Wra\u017cliwy uk\u0142ad pokarmowy<\/p>\n<p>&nbsp;<\/p>","protected":false},"featured_media":7721,"comment_status":"open","ping_status":"closed","template":"","meta":{"om_disable_all_campaigns":false,"inline_featured_image":false},"product_brand":[],"product_cat":[27,95,99],"product_tag":[],"class_list":{"0":"post-7710","1":"product","2":"type-product","3":"status-publish","4":"has-post-thumbnail","6":"product_cat-dog-food","7":"product_cat-royal-canin-dog-food","8":"product_cat-szczegolne-potrzeby-psow","10":"first","11":"outofstock","12":"taxable","13":"shipping-taxable","14":"product-type-variable","15":"has-default-attributes"},"_links":{"self":[{"href":"https:\/\/www.lanrel.pl\/pl\/wp-json\/wp\/v2\/product\/7710","targetHints":{"allow":["GET"]}}],"collection":[{"href":"https:\/\/www.lanrel.pl\/pl\/wp-json\/wp\/v2\/product"}],"about":[{"href":"https:\/\/www.lanrel.pl\/pl\/wp-json\/wp\/v2\/types\/product"}],"replies":[{"embeddable":true,"href":"https:\/\/www.lanrel.pl\/pl\/wp-json\/wp\/v2\/comments?post=7710"}],"wp:featuredmedia":[{"embeddable":true,"href":"https:\/\/www.lanrel.pl\/pl\/wp-json\/wp\/v2\/media\/7721"}],"wp:attachment":[{"href":"https:\/\/www.lanrel.pl\/pl\/wp-json\/wp\/v2\/media?parent=7710"}],"wp:term":[{"taxonomy":"product_brand","embeddable":true,"href":"https:\/\/www.lanrel.pl\/pl\/wp-json\/wp\/v2\/product_brand?post=7710"},{"taxonomy":"product_cat","embeddable":true,"href":"https:\/\/www.lanrel.pl\/pl\/wp-json\/wp\/v2\/product_cat?post=7710"},{"taxonomy":"product_tag","embeddable":true,"href":"https:\/\/www.lanrel.pl\/pl\/wp-json\/wp\/v2\/product_tag?post=7710"}],"curies":[{"name":"wp","href":"https:\/\/api.w.org\/{rel}","templated":true}]}}