{"id":7695,"date":"2025-10-23T20:32:55","date_gmt":"2025-10-23T18:32:55","guid":{"rendered":"https:\/\/lanrel.eu\/?post_type=product&#038;p=7695"},"modified":"2025-10-23T20:32:55","modified_gmt":"2025-10-23T18:32:55","slug":"royal-canin-ccn-maxi-digestive-care-karma-sucha-dla-psow-doroslych","status":"publish","type":"product","link":"https:\/\/www.lanrel.pl\/pl\/produkt\/royal-canin-ccn-maxi-digestive-care-karma-sucha-dla-psow-doroslych\/","title":{"rendered":"ROYAL CANIN\u00ae CCN Maxi Digestive Care karma sucha dla ps\u00f3w doros\u0142ych"},"content":{"rendered":"<h4>Zalety<\/h4>\n<ul>\n<li>Udowodnione rezultaty<\/li>\n<li>Poprawa jako\u015bci odchod\u00f3w<\/li>\n<\/ul>\n<p><img fetchpriority=\"high\" decoding=\"async\" class=\"aligncenter size-full wp-image-7696\" src=\"http:\/\/lanrel.eu\/wp-content\/uploads\/2025\/10\/RoyalCanin_DigestiveCareMaxi-1.jpg\" alt=\"\" width=\"700\" height=\"300\" srcset=\"https:\/\/www.lanrel.pl\/wp-content\/uploads\/2025\/10\/RoyalCanin_DigestiveCareMaxi-1.jpg 700w, https:\/\/www.lanrel.pl\/wp-content\/uploads\/2025\/10\/RoyalCanin_DigestiveCareMaxi-1-300x129.jpg 300w, https:\/\/www.lanrel.pl\/wp-content\/uploads\/2025\/10\/RoyalCanin_DigestiveCareMaxi-1-18x8.jpg 18w, https:\/\/www.lanrel.pl\/wp-content\/uploads\/2025\/10\/RoyalCanin_DigestiveCareMaxi-1-600x257.jpg 600w\" sizes=\"(max-width: 700px) 100vw, 700px\" \/><\/p>\n<p><img decoding=\"async\" class=\"aligncenter size-full wp-image-7697\" src=\"http:\/\/lanrel.eu\/wp-content\/uploads\/2025\/10\/RoyalCanin_DigestiveCareMaxi-2.jpg\" alt=\"\" width=\"700\" height=\"400\" srcset=\"https:\/\/www.lanrel.pl\/wp-content\/uploads\/2025\/10\/RoyalCanin_DigestiveCareMaxi-2.jpg 700w, https:\/\/www.lanrel.pl\/wp-content\/uploads\/2025\/10\/RoyalCanin_DigestiveCareMaxi-2-300x171.jpg 300w, https:\/\/www.lanrel.pl\/wp-content\/uploads\/2025\/10\/RoyalCanin_DigestiveCareMaxi-2-18x10.jpg 18w, https:\/\/www.lanrel.pl\/wp-content\/uploads\/2025\/10\/RoyalCanin_DigestiveCareMaxi-2-600x343.jpg 600w\" sizes=\"(max-width: 700px) 100vw, 700px\" \/><\/p>\n<p>Dla ps\u00f3w o wra\u017cliwym przewodzie pokarmowym, specjalnie opracowana dieta zawieraj\u0105ca odpowiedni\u0105 ilo\u015b\u0107 bia\u0142ek, niezb\u0119dnych t\u0142uszczy, witamin i sk\u0142adnik\u00f3w mineralnych, wspomaga zdrowie jelit oraz dobre samopoczucie psa.<\/p>\n<p>Karma ROYAL CANIN\u00ae Digestive Care Maxi zosta\u0142a specjalnie opracowana dla ps\u00f3w o wra\u017cliwym przewodzie pokarmowym, kt\u00f3rych masa cia\u0142a wynosi mi\u0119dzy 26 a 44 kg. Z powodu wi\u0119kszej podatno\u015bci ps\u00f3w ras du\u017cych na zwi\u0119kszon\u0105 fermentacje w jelitach, cz\u0119stym problemem u nich mog\u0105 by\u0107 lu\u017ane stolce.<\/p>\n<p>Karma ROYAL CANIN\u00ae Digestive Care Maxi zawiera wysokiej jako\u015bci sk\u0142adniki pokarmowe w proporcjach sprzyjaj\u0105cych komfortowi trawienia i lepszemu wch\u0142anianiu. Receptura zawiera zestaw prebiotyk\u00f3w sprzyjaj\u0105cy prawid\u0142owej florze bakteryjnej jelit i odpowiedniej konsystencji ka\u0142u.<\/p>\n<p>ROYAL CANIN\u00ae Digestive Care Maxi to karma wyprodukowana z wykorzystaniem specjalnej technologii obr\u00f3bki cieplnej, zapewniaj\u0105cej sk\u0142adnikom pokarmowym lepsz\u0105 podatno\u015b\u0107 na trawienie. Ponadto, regularne, rygorystyczne kontrole jako\u015bci potwierdzaj\u0105 wysok\u0105 strawno\u015b\u0107 karmy.<\/p>\n<p>Prebiotyki s\u0105 niezb\u0119dnymi sk\u0142adnikami pokarmowymi, poniewa\u017c od\u017cywiaj\u0105 flor\u0119 bakteryjn\u0105 jelit. Jak wiadomo, bakterie jelitowe odgrywaj\u0105 wa\u017cn\u0105 rol\u0119 w utrzymaniu zdrowia przewodu pokarmowego i ca\u0142ego organizmu.<\/p>\n<p>Program \u017cywienia Digestive Care obejmuje dwa produkty. Zar\u00f3wno chrupi\u0105ce krokiety, jak i delikatny paszte<\/p>\n<p>t s\u0105 optymalnie zbilansowane i kompletne, stanowi\u0105c wspania\u0142e zestawienie. Podaj psu delikatny pasztet w po\u0142\u0105czeniu ze smakowitymi krokietami!<\/p>\n<p>Nie musisz nam wierzy\u0107 na s\u0142owo, stosowanie ROYAL CANIN\u00ae Digestive Care Maxi pozwoli\u0142o u 97% ps\u00f3w uzyska\u0107 optymaln\u0105 jako\u015b\u0107 odchod\u00f3w \u2013 naoczny dow\u00f3d na prawid\u0142ow\u0105 prac\u0119 jelit. Oznacza to, \u017ce skuteczno\u015b\u0107 karmy ROYAL CANIN\u00ae Digestive Care Maxi zosta\u0142a potwierdzona.<\/p>\n<p>Misj\u0105 ROYAL CANIN\u00ae jest zapewnianie rozwi\u0105za\u0144 \u017cywieniowych dostosowanych do potrzeb zwierz\u0105t. Wszystkie nasze produkty przechodz\u0105 liczne kontrole jako\u015bci, aby sprosta\u0107 najwy\u017cszym standardom marki i dostarczy\u0107 kotu pokarm dostosowany do jego potrzeb \u017cywieniowych. ROYAL CANIN\u00ae Digestive Care Medium jest karm\u0105 pe\u0142noporcjow\u0105<\/p>\n<p><img decoding=\"async\" class=\"aligncenter wp-image-7698\" src=\"http:\/\/lanrel.eu\/wp-content\/uploads\/2025\/10\/RoyalCanin_DigestiveCareMaxi-3.jpg\" alt=\"\" width=\"573\" height=\"458\" srcset=\"https:\/\/www.lanrel.pl\/wp-content\/uploads\/2025\/10\/RoyalCanin_DigestiveCareMaxi-3.jpg 700w, https:\/\/www.lanrel.pl\/wp-content\/uploads\/2025\/10\/RoyalCanin_DigestiveCareMaxi-3-300x240.jpg 300w, https:\/\/www.lanrel.pl\/wp-content\/uploads\/2025\/10\/RoyalCanin_DigestiveCareMaxi-3-15x12.jpg 15w, https:\/\/www.lanrel.pl\/wp-content\/uploads\/2025\/10\/RoyalCanin_DigestiveCareMaxi-3-600x480.jpg 600w\" sizes=\"(max-width: 573px) 100vw, 573px\" \/><\/p>\n<p><iframe title=\"Digestive Care\" width=\"1170\" height=\"658\" src=\"https:\/\/www.youtube.com\/embed\/e87h2SfTv9A?feature=oembed\" frameborder=\"0\" allow=\"accelerometer; autoplay; clipboard-write; encrypted-media; gyroscope; picture-in-picture; web-share\" referrerpolicy=\"strict-origin-when-cross-origin\" allowfullscreen><\/iframe><\/p>\n<h4>Sk\u0142ad:<\/h4>\n<p>suszone bia\u0142ko drobiowe, ry\u017c, m\u0105ka pszenna, t\u0142uszcze zwierz\u0119ce, izolat bia\u0142ka ro\u015blinnego*, pszenica, hydrolizat bia\u0142ka zwierz\u0119cego, j\u0119czmie\u0144, gluten kukurydziany, w\u0142\u00f3kno ro\u015blinne, pulpa buraczana, olej rybny, olej sojowy, sole mineralne, \u0142uski i nasiona psyllium, olej z og\u00f3recznika, wyci\u0105g z aksamitki wzniesionej (\u017ar\u00f3d\u0142o luteiny), hydrolizat skorupiak\u00f3w (\u017ar\u00f3d\u0142o glukozaminy), hydrolizat chrz\u0105stki (\u017ar\u00f3d\u0142o chondroityny).<\/p>\n<p>*L.I.P.: bia\u0142ko wyselekcjonowane ze wzgl\u0119du na bardzo wysok\u0105 strawno\u015b\u0107.<\/p>\n<h4>Dodatki (na 1 kg karmy):<\/h4>\n<p>Witamina A: 19000 UI, Witamina D3: 800 UI, E1 (\u017belazo): 38 mg, E2 (Jod): 3,8 mg, E4 (Mied\u017a): 12 mg, E5 (Mangan): 50 mg, E6 (Cynk): 133 mg, E8 (Selen): 0,06 mg &#8211; Dodatki technologiczne: Klinoptylolit pochodzenia osadowego: 10 g &#8211; Konserwanty &#8211; Przeciwutleniacze.<\/p>\n<h4>Sk\u0142adniki analityczne:<\/h4>\n<p>Bia\u0142ko surowe: 28,0% &#8211; Oleje i t\u0142uszcze surowe: 18,0% &#8211; Popi\u00f3\u0142 surowy: 6,0% &#8211; W\u0142\u00f3kno surowe: 2,9%.<\/p>\n<h4>Spos\u00f3b u\u017cycia:<\/h4>\n<p>patrz tabela.<\/p>\n<p>Najlepiej wykorzysta\u0107 przed: patrz data wa\u017cno\u015bci. Data wa\u017cno\u015bci, numer partii i numer rejestracyjny zak\u0142adu znajduj\u0105 si\u0119 z ty\u0142u opakowania. Przechowywa\u0107 w suchym i ch\u0142odnym miejscu.<\/p>\n<table style=\"height: 233px;\" width=\"1080\">\n<thead>\n<tr>\n<td>\n<p style=\"text-align: center;\"><strong>Waga psa<\/strong><\/p>\n<\/td>\n<td style=\"text-align: center;\"><strong>26 kg<\/strong><\/td>\n<td style=\"text-align: center;\"><strong>\u00a0 32 g<\/strong><\/td>\n<td style=\"text-align: center;\"><strong>\u00a0 38 kg<\/strong><\/td>\n<td style=\"text-align: center;\"><strong>\u00a0 44 kg<\/strong><\/td>\n<\/tr>\n<\/thead>\n<tbody>\n<tr>\n<td>\n<p style=\"text-align: center;\">Niska aktywno\u015b\u0107<\/p>\n<\/td>\n<td style=\"text-align: center;\">281 g<\/td>\n<td style=\"text-align: center;\">\u00a0 329 g<\/td>\n<td style=\"text-align: center;\">\u00a0 374 g<\/td>\n<td style=\"text-align: center;\">\u00a0 418 g<\/td>\n<\/tr>\n<tr>\n<td style=\"text-align: center;\">Normalna aktywno\u015b\u0107<\/td>\n<td style=\"text-align: center;\">326 g<\/td>\n<td style=\"text-align: center;\">\u00a0 381 g<\/td>\n<td style=\"text-align: center;\">\u00a0 433 g<\/td>\n<td>\n<p style=\"text-align: center;\">\u00a0 484 g<\/p>\n<\/td>\n<\/tr>\n<tr>\n<td style=\"text-align: center;\">Wysoka aktywno\u015b\u0107<\/td>\n<td style=\"text-align: center;\">370 g<\/td>\n<td style=\"text-align: center;\">\u00a0 433 g<\/td>\n<td style=\"text-align: center;\">\u00a0 492 g<\/td>\n<td>\n<p style=\"text-align: center;\">\u00a0 550 g<\/p>\n<\/td>\n<\/tr>\n<\/tbody>\n<\/table>","protected":false},"excerpt":{"rendered":"<p>karma sucha dla ps\u00f3w doros\u0142ych, ras du\u017cych o wra\u017cliwym przewodzie pokarmowym<\/p>\n<p>Marka: Royal Canin<\/p>\n<p>Dla jakiego pupila: Pies<\/p>\n<p><span class=\"ty-product-feature__label\">Wielko\u015b\u0107 pupila: Rasy du\u017ce<\/span><\/p>\n<p>Faza \u017cycia: Doros\u0142y<\/p>\n<p>Specjalne wymagania: Wra\u017cliwy uk\u0142ad pokarmowy<\/p>\n<p>&nbsp;<\/p>","protected":false},"featured_media":7706,"comment_status":"open","ping_status":"closed","template":"","meta":{"om_disable_all_campaigns":false,"inline_featured_image":false},"product_brand":[],"product_cat":[27,95,99],"product_tag":[],"class_list":{"0":"post-7695","1":"product","2":"type-product","3":"status-publish","4":"has-post-thumbnail","6":"product_cat-dog-food","7":"product_cat-royal-canin-dog-food","8":"product_cat-szczegolne-potrzeby-psow","10":"first","11":"outofstock","12":"taxable","13":"shipping-taxable","14":"product-type-variable","15":"has-default-attributes"},"_links":{"self":[{"href":"https:\/\/www.lanrel.pl\/pl\/wp-json\/wp\/v2\/product\/7695","targetHints":{"allow":["GET"]}}],"collection":[{"href":"https:\/\/www.lanrel.pl\/pl\/wp-json\/wp\/v2\/product"}],"about":[{"href":"https:\/\/www.lanrel.pl\/pl\/wp-json\/wp\/v2\/types\/product"}],"replies":[{"embeddable":true,"href":"https:\/\/www.lanrel.pl\/pl\/wp-json\/wp\/v2\/comments?post=7695"}],"wp:featuredmedia":[{"embeddable":true,"href":"https:\/\/www.lanrel.pl\/pl\/wp-json\/wp\/v2\/media\/7706"}],"wp:attachment":[{"href":"https:\/\/www.lanrel.pl\/pl\/wp-json\/wp\/v2\/media?parent=7695"}],"wp:term":[{"taxonomy":"product_brand","embeddable":true,"href":"https:\/\/www.lanrel.pl\/pl\/wp-json\/wp\/v2\/product_brand?post=7695"},{"taxonomy":"product_cat","embeddable":true,"href":"https:\/\/www.lanrel.pl\/pl\/wp-json\/wp\/v2\/product_cat?post=7695"},{"taxonomy":"product_tag","embeddable":true,"href":"https:\/\/www.lanrel.pl\/pl\/wp-json\/wp\/v2\/product_tag?post=7695"}],"curies":[{"name":"wp","href":"https:\/\/api.w.org\/{rel}","templated":true}]}}