{"id":7679,"date":"2025-10-23T20:15:33","date_gmt":"2025-10-23T18:15:33","guid":{"rendered":"https:\/\/lanrel.eu\/?post_type=product&#038;p=7679"},"modified":"2025-10-23T20:15:33","modified_gmt":"2025-10-23T18:15:33","slug":"royal-canin-ccn-mini-dermacomfort-karma-sucha-dla-psow-doroslych","status":"publish","type":"product","link":"https:\/\/www.lanrel.pl\/pl\/produkt\/royal-canin-ccn-mini-dermacomfort-karma-sucha-dla-psow-doroslych\/","title":{"rendered":"ROYAL CANIN\u00ae CCN Mini Dermacomfort karma sucha dla ps\u00f3w doros\u0142ych"},"content":{"rendered":"<h4>Zalety:<\/h4>\n<ul>\n<li>Udowodnione rezultaty<\/li>\n<li>Receptura o ograniczonej zawarto\u015bci alergen\u00f3w<\/li>\n<\/ul>\n<p><img fetchpriority=\"high\" decoding=\"async\" class=\"aligncenter size-full wp-image-7681\" src=\"http:\/\/lanrel.eu\/wp-content\/uploads\/2025\/10\/RoyalCanin_DermacomfortMini-2.jpg\" alt=\"\" width=\"700\" height=\"300\" srcset=\"https:\/\/www.lanrel.pl\/wp-content\/uploads\/2025\/10\/RoyalCanin_DermacomfortMini-2.jpg 700w, https:\/\/www.lanrel.pl\/wp-content\/uploads\/2025\/10\/RoyalCanin_DermacomfortMini-2-300x129.jpg 300w, https:\/\/www.lanrel.pl\/wp-content\/uploads\/2025\/10\/RoyalCanin_DermacomfortMini-2-18x8.jpg 18w, https:\/\/www.lanrel.pl\/wp-content\/uploads\/2025\/10\/RoyalCanin_DermacomfortMini-2-600x257.jpg 600w\" sizes=\"(max-width: 700px) 100vw, 700px\" \/><\/p>\n<p><img decoding=\"async\" class=\"aligncenter size-full wp-image-7655\" src=\"http:\/\/lanrel.eu\/wp-content\/uploads\/2025\/10\/RoyalCanin_DermacomfortMaxi-2.jpg\" alt=\"\" width=\"700\" height=\"440\" srcset=\"https:\/\/www.lanrel.pl\/wp-content\/uploads\/2025\/10\/RoyalCanin_DermacomfortMaxi-2.jpg 700w, https:\/\/www.lanrel.pl\/wp-content\/uploads\/2025\/10\/RoyalCanin_DermacomfortMaxi-2-300x189.jpg 300w, https:\/\/www.lanrel.pl\/wp-content\/uploads\/2025\/10\/RoyalCanin_DermacomfortMaxi-2-18x12.jpg 18w, https:\/\/www.lanrel.pl\/wp-content\/uploads\/2025\/10\/RoyalCanin_DermacomfortMaxi-2-600x377.jpg 600w\" sizes=\"(max-width: 700px) 100vw, 700px\" \/><\/p>\n<p>Pe\u0142noporcjowa karma dla ps\u00f3w doros\u0142ych i starszych (powy\u017cej 10 miesi\u0105ca \u017cycia), ras ma\u0142ych (masa cia\u0142a od 1 do 10 kg), ze sk\u0142onno\u015bci\u0105 do podra\u017cnie\u0144 sk\u00f3ry i drapania si\u0119.<\/p>\n<p>Podra\u017cnienia sk\u00f3ry nie s\u0105 niczym przyjemnym. To najcz\u0119stszy pow\u00f3d wizyt ps\u00f3w w lecznicach weterynaryjnych. Nadwra\u017cliwo\u015b\u0107 czy \u015bwi\u0105d oznaczaj\u0105 cz\u0119ste drapanie si\u0119 i dalsze uszkodzenia sk\u00f3ry, mog\u0105ce prowadzi\u0107 do infekcji.<\/p>\n<p>Karma ROYAL CANIN\u00ae Mini Dermacomfort to specjalna receptura o ograniczonej zawarto\u015bci alergen\u00f3w, dzi\u0119ki zastosowaniu odpowiednio wyselekcjonowanych typ\u00f3w bia\u0142ka, kt\u00f3ra pomaga utrzyma\u0107 sk\u00f3r\u0119 psa w mo\u017cliwie najlepszej kondycji. Ponadto karma sprzyja utrzymaniu pi\u0119knej, zdrowej sier\u015bci. Karma ROYAL CANIN\u00ae Mini Dermacomfort jest odpowiednia dla ps\u00f3w o masie cia\u0142a do 10 kg. Krokiety zosta\u0142y specjalnie opracowane z uwzgl\u0119dnieniem budowy i si\u0142y z\u0119b\u00f3w ps\u00f3w ras ma\u0142ych.<\/p>\n<p>Unikalna receptura o wysokiej smakowito\u015bci powsta\u0142a, by wspomaga\u0107 dobre samopoczucie Twojego psa. Zawiera kwasy t\u0142uszczowe omega 3 i 6, w tym GLA, EPA i DHA, sprzyjaj\u0105ce ochronie i od\u017cywieniu wra\u017cliwej sk\u00f3ry, dzi\u0119ki czemu jest ona mniej wra\u017cliwa na podra\u017cnienia.<\/p>\n<p>Nie musisz nam wierzy\u0107 na s\u0142owo, korzystne dzia\u0142anie ROYAL CANIN\u00ae Mini Dermacomfort zosta\u0142o potwierdzone. Skuteczno\u015b\u0107 receptury zbadano i udowodniono naukowo. A\u017c 91% opiekun\u00f3w by\u0142o zadowolonych z rezultatu ju\u017c po up\u0142ywie 2 miesi\u0119cy.<\/p>\n<p>Program \u017cywienia Dermacomfort obejmuje dwa produkty. Zar\u00f3wno chrupi\u0105ce krokiety, jak i delikatny pasztet s\u0105 optymalnie zbilansowane i kompletne, stanowi\u0105c wspania\u0142e zestawienie. Podaj psu delikatny pasztet w po\u0142\u0105czeniu ze smakowitymi krokietami!<\/p>\n<p><img decoding=\"async\" class=\"aligncenter wp-image-7682\" src=\"http:\/\/lanrel.eu\/wp-content\/uploads\/2025\/10\/RoyalCanin_DermacomfortMini-3.jpg\" alt=\"\" width=\"482\" height=\"399\" srcset=\"https:\/\/www.lanrel.pl\/wp-content\/uploads\/2025\/10\/RoyalCanin_DermacomfortMini-3.jpg 700w, https:\/\/www.lanrel.pl\/wp-content\/uploads\/2025\/10\/RoyalCanin_DermacomfortMini-3-300x249.jpg 300w, https:\/\/www.lanrel.pl\/wp-content\/uploads\/2025\/10\/RoyalCanin_DermacomfortMini-3-14x12.jpg 14w, https:\/\/www.lanrel.pl\/wp-content\/uploads\/2025\/10\/RoyalCanin_DermacomfortMini-3-600x497.jpg 600w\" sizes=\"(max-width: 482px) 100vw, 482px\" \/><\/p>\n<p>&nbsp;<\/p>\n<p><iframe title=\"Dermacomfort\" width=\"1170\" height=\"658\" src=\"https:\/\/www.youtube.com\/embed\/rxpvI3TKQBo?feature=oembed\" frameborder=\"0\" allow=\"accelerometer; autoplay; clipboard-write; encrypted-media; gyroscope; picture-in-picture; web-share\" referrerpolicy=\"strict-origin-when-cross-origin\" allowfullscreen><\/iframe><\/p>\n<h4>Sk\u0142ad:<\/h4>\n<p>m\u0105ka kukurydziana, suszone bia\u0142ko drobiowe, ry\u017c, t\u0142uszcze zwierz\u0119ce, hydrolizat bia\u0142ka zwierz\u0119cego, pulpa buraczana, sole mineralne, w\u0142\u00f3kno ro\u015blinne, proszek celulozowy.<\/p>\n<h4>Dodatki (na 1 kg karmy):<\/h4>\n<p>Witamina A: 15500 UI, Witamina D3: 1000 UI, E1 (\u017belazo): 39 mg, E2 (Jod): 3,9 mg, E4 (Mied\u017a): 12 mg, E5 (Mangan): 51 mg, E6 (Cynk): 128 mg, E8 (Selen): 0,06 mg &#8211; Dodatki technologiczne: Klinoptylolit pochodzenia osadowego: 10 g, Trifosforan pentasodu: 3,5 g &#8211; Konserwanty &#8211; Przeciwutleniacze.<\/p>\n<h4>Sk\u0142adniki analityczne:<\/h4>\n<p>Bia\u0142ko surowe: 23,0% &#8211; Oleje i t\u0142uszcze surowe: 16,0% &#8211; Popi\u00f3\u0142 surowy: 6,9% &#8211; W\u0142\u00f3kno surowe: 2,1%.<\/p>\n<h4>Spos\u00f3b u\u017cycia:<\/h4>\n<p>patrz tabela.<\/p>\n<p>Najlepiej wykorzysta\u0107 przed: patrz data wa\u017cno\u015bci. Data wa\u017cno\u015bci, numer partii i numer rejestracyjny zak\u0142adu znajduj\u0105 si\u0119 z ty\u0142u opakowania. Przechowywa\u0107 w suchym i ch\u0142odnym miejscu.<\/p>\n<table style=\"height: 381px;\" width=\"1075\">\n<thead>\n<tr>\n<td>\n<p style=\"text-align: center;\"><strong>Waga psa<\/strong><\/p>\n<\/td>\n<td style=\"text-align: center;\"><strong>Niska aktywno\u015b\u0107<\/strong><\/td>\n<td style=\"text-align: center;\"><strong>Normalna aktywno\u015b\u0107<\/strong><\/td>\n<td style=\"text-align: center;\"><strong>Wysoka aktywno\u015b\u0107<\/strong><\/td>\n<\/tr>\n<\/thead>\n<tbody>\n<tr>\n<td style=\"text-align: center;\">&#8211;<\/td>\n<td style=\"text-align: center;\">Gramy<\/td>\n<td style=\"text-align: center;\">Gramy<\/td>\n<td>\n<p style=\"text-align: center;\">Gramy<\/p>\n<\/td>\n<\/tr>\n<tr>\n<td>\n<p style=\"text-align: center;\">1 kg<\/p>\n<\/td>\n<td style=\"text-align: center;\">25 g<\/td>\n<td style=\"text-align: center;\">29 g<\/td>\n<td style=\"text-align: center;\">33 g<\/td>\n<\/tr>\n<tr>\n<td style=\"text-align: center;\">3 kg<\/td>\n<td style=\"text-align: center;\">57 g<\/td>\n<td style=\"text-align: center;\">66 g<\/td>\n<td>\n<p style=\"text-align: center;\">75 g<\/p>\n<\/td>\n<\/tr>\n<tr>\n<td>\n<p style=\"text-align: center;\">6 kg<\/p>\n<\/td>\n<td style=\"text-align: center;\">95 g<\/td>\n<td style=\"text-align: center;\">110 g<\/td>\n<td style=\"text-align: center;\">125 g<\/td>\n<\/tr>\n<tr>\n<td style=\"text-align: center;\">10 kg<\/td>\n<td style=\"text-align: center;\">140 g<\/td>\n<td style=\"text-align: center;\">162 g<\/td>\n<td>\n<p style=\"text-align: center;\">184 g<\/p>\n<\/td>\n<\/tr>\n<\/tbody>\n<\/table>\n<p>&nbsp;<\/p>","protected":false},"excerpt":{"rendered":"<p>karma sucha dla ps\u00f3w doros\u0142ych, ras ma\u0142ych, o wra\u017cliwej sk\u00f3rze, sk\u0142onnej do podra\u017cnie\u0144<\/p>\n<p>Marka: Royal Canin<\/p>\n<p>Dla jakiego pupila: Pies<\/p>\n<p><span class=\"ty-product-feature__label\">Wielko\u015b\u0107 pupila: Rasy ma\u0142e<\/span><\/p>\n<p>Faza \u017cycia: Doros\u0142y<\/p>\n<p>Specjalne wymagania: Alergie i problemy sk\u00f3rne<\/p>","protected":false},"featured_media":7690,"comment_status":"open","ping_status":"closed","template":"","meta":{"om_disable_all_campaigns":false,"inline_featured_image":false},"product_brand":[],"product_cat":[27,95,99],"product_tag":[],"class_list":{"0":"post-7679","1":"product","2":"type-product","3":"status-publish","4":"has-post-thumbnail","6":"product_cat-dog-food","7":"product_cat-royal-canin-dog-food","8":"product_cat-szczegolne-potrzeby-psow","10":"first","11":"outofstock","12":"taxable","13":"shipping-taxable","14":"product-type-variable","15":"has-default-attributes"},"_links":{"self":[{"href":"https:\/\/www.lanrel.pl\/pl\/wp-json\/wp\/v2\/product\/7679","targetHints":{"allow":["GET"]}}],"collection":[{"href":"https:\/\/www.lanrel.pl\/pl\/wp-json\/wp\/v2\/product"}],"about":[{"href":"https:\/\/www.lanrel.pl\/pl\/wp-json\/wp\/v2\/types\/product"}],"replies":[{"embeddable":true,"href":"https:\/\/www.lanrel.pl\/pl\/wp-json\/wp\/v2\/comments?post=7679"}],"wp:featuredmedia":[{"embeddable":true,"href":"https:\/\/www.lanrel.pl\/pl\/wp-json\/wp\/v2\/media\/7690"}],"wp:attachment":[{"href":"https:\/\/www.lanrel.pl\/pl\/wp-json\/wp\/v2\/media?parent=7679"}],"wp:term":[{"taxonomy":"product_brand","embeddable":true,"href":"https:\/\/www.lanrel.pl\/pl\/wp-json\/wp\/v2\/product_brand?post=7679"},{"taxonomy":"product_cat","embeddable":true,"href":"https:\/\/www.lanrel.pl\/pl\/wp-json\/wp\/v2\/product_cat?post=7679"},{"taxonomy":"product_tag","embeddable":true,"href":"https:\/\/www.lanrel.pl\/pl\/wp-json\/wp\/v2\/product_tag?post=7679"}],"curies":[{"name":"wp","href":"https:\/\/api.w.org\/{rel}","templated":true}]}}