{"id":7665,"date":"2025-10-23T19:51:18","date_gmt":"2025-10-23T17:51:18","guid":{"rendered":"https:\/\/lanrel.eu\/?post_type=product&#038;p=7665"},"modified":"2025-10-23T19:58:16","modified_gmt":"2025-10-23T17:58:16","slug":"royal-canin-ccn-medium-dermacomfort-karma-sucha-dla-psow-doroslych","status":"publish","type":"product","link":"https:\/\/www.lanrel.pl\/pl\/produkt\/royal-canin-ccn-medium-dermacomfort-karma-sucha-dla-psow-doroslych\/","title":{"rendered":"ROYAL CANIN\u00ae CCN Medium Dermacomfort karma sucha dla ps\u00f3w doros\u0142ych"},"content":{"rendered":"<p>Zalety:<\/p>\n<ul>\n<li>Udowodnione rezultaty<\/li>\n<li>Receptura o ograniczonej zawarto\u015bci alergen\u00f3w<\/li>\n<\/ul>\n<p><img fetchpriority=\"high\" decoding=\"async\" class=\"aligncenter size-full wp-image-7666\" src=\"http:\/\/lanrel.eu\/wp-content\/uploads\/2025\/10\/RoyalCanin_DermacomfortMedium-1.jpg\" alt=\"\" width=\"700\" height=\"300\" srcset=\"https:\/\/www.lanrel.pl\/wp-content\/uploads\/2025\/10\/RoyalCanin_DermacomfortMedium-1.jpg 700w, https:\/\/www.lanrel.pl\/wp-content\/uploads\/2025\/10\/RoyalCanin_DermacomfortMedium-1-300x129.jpg 300w, https:\/\/www.lanrel.pl\/wp-content\/uploads\/2025\/10\/RoyalCanin_DermacomfortMedium-1-18x8.jpg 18w, https:\/\/www.lanrel.pl\/wp-content\/uploads\/2025\/10\/RoyalCanin_DermacomfortMedium-1-600x257.jpg 600w\" sizes=\"(max-width: 700px) 100vw, 700px\" \/><\/p>\n<p><img decoding=\"async\" class=\"aligncenter wp-image-7655\" src=\"http:\/\/lanrel.eu\/wp-content\/uploads\/2025\/10\/RoyalCanin_DermacomfortMaxi-2.jpg\" alt=\"\" width=\"617\" height=\"388\" srcset=\"https:\/\/www.lanrel.pl\/wp-content\/uploads\/2025\/10\/RoyalCanin_DermacomfortMaxi-2.jpg 700w, https:\/\/www.lanrel.pl\/wp-content\/uploads\/2025\/10\/RoyalCanin_DermacomfortMaxi-2-300x189.jpg 300w, https:\/\/www.lanrel.pl\/wp-content\/uploads\/2025\/10\/RoyalCanin_DermacomfortMaxi-2-18x12.jpg 18w, https:\/\/www.lanrel.pl\/wp-content\/uploads\/2025\/10\/RoyalCanin_DermacomfortMaxi-2-600x377.jpg 600w\" sizes=\"(max-width: 617px) 100vw, 617px\" \/><\/p>\n<p>&nbsp;<\/p>\n<p>Pe\u0142noporcjowa karma dla ps\u00f3w doros\u0142ych i starszych (powy\u017cej 12 miesi\u0105ca \u017cycia), ras \u015brednich (masa cia\u0142a od 11 do 25 kg), ze sk\u0142onno\u015bci\u0105 do podra\u017cnie\u0144 sk\u00f3ry i drapania si\u0119.<\/p>\n<p>Podra\u017cnienia sk\u00f3ry s\u0105 cz\u0119stym powodem wizyt ps\u00f3w w lecznicach weterynaryjnych. Nadwra\u017cliwo\u015b\u0107 czy \u015bwi\u0105d oznaczaj\u0105 cz\u0119ste drapanie si\u0119 i dalsze uszkodzenia sk\u00f3ry, mog\u0105ce prowadzi\u0107 do infekcji.<\/p>\n<p>Odpowiednie \u017cywienie mo\u017ce pom\u00f3c utrzyma\u0107 sk\u00f3r\u0119 psa w mo\u017cliwie najlepszej kondycji i pomaga zapewni\u0107 psu dobr\u0105 jako\u015b\u0107 \u017cycia, na jak\u0105 zas\u0142uguje.<\/p>\n<p>Karma zosta\u0142a wzbogacona w kwasy t\u0142uszczowe omega 3 o w\u0142a\u015bciwo\u015bciach przeciwzapalnych. Kwasy t\u0142uszczowe pochodz\u0105ce z oleju rybnego i olej\u00f3w ro\u015blinnych wspomagaj\u0105 \u0142agodzenie podra\u017cnie\u0144 i ochron\u0119 sk\u00f3ry Twojego psa, zmniejszaj\u0105c jej wra\u017cliwo\u015b\u0107 na szkodliwe czynniki \u015brodowiskowe. Sk\u0142adniki te wspomagaj\u0105 r\u00f3wnie\u017c zdrowie i pi\u0119kno sier\u015bci. ROYAL CANIN\u00ae Medium Dermacomfort, to karma o wysokiej smakowito\u015bci, zawieraj\u0105ca starannie wyselekcjonowane, rzadko alergizuj\u0105ce bia\u0142ka. Firma Royal Canin bardzo powa\u017cnie podchodzi do wyboru surowc\u00f3w, a zw\u0142aszcza bia\u0142ek. Wykorzystywane s\u0105 tylko bia\u0142ka najwy\u017cszej jako\u015bci, dostosowane do szczeg\u00f3lnych potrzeb danego psa.<\/p>\n<p>Nie musisz nam wierzy\u0107 na s\u0142owo, korzystne dzia\u0142anie karmy ROYAL CANIN\u00ae Medium Dermacomfort zosta\u0142o potwierdzone. Skuteczno\u015b\u0107 receptury zbadano i udowodniono naukowo. A\u017c 91% opiekun\u00f3w by\u0142o zadowolonych z rezultatu ju\u017c po up\u0142ywie 2 miesi\u0119cy.<\/p>\n<p>Program \u017cywienia Dermacomfort obejmuje dwa produkty. Zar\u00f3wno chrupi\u0105ce krokiety, jak i delikatny pasztet s\u0105 optymalnie zbilansowane, stanowi\u0105c wspania\u0142e zestawienie. Podaj psu delikatny pasztet w po\u0142\u0105czeniu ze smakowitymi krokietami!<\/p>\n<p><img decoding=\"async\" class=\"aligncenter wp-image-7667\" src=\"http:\/\/lanrel.eu\/wp-content\/uploads\/2025\/10\/RoyalCanin_DermacomfortMedium-2.jpg\" alt=\"\" width=\"475\" height=\"407\" srcset=\"https:\/\/www.lanrel.pl\/wp-content\/uploads\/2025\/10\/RoyalCanin_DermacomfortMedium-2.jpg 700w, https:\/\/www.lanrel.pl\/wp-content\/uploads\/2025\/10\/RoyalCanin_DermacomfortMedium-2-300x257.jpg 300w, https:\/\/www.lanrel.pl\/wp-content\/uploads\/2025\/10\/RoyalCanin_DermacomfortMedium-2-14x12.jpg 14w, https:\/\/www.lanrel.pl\/wp-content\/uploads\/2025\/10\/RoyalCanin_DermacomfortMedium-2-600x514.jpg 600w\" sizes=\"(max-width: 475px) 100vw, 475px\" \/><\/p>\n<p><iframe title=\"Dermacomfort\" width=\"1170\" height=\"658\" src=\"https:\/\/www.youtube.com\/embed\/rxpvI3TKQBo?feature=oembed\" frameborder=\"0\" allow=\"accelerometer; autoplay; clipboard-write; encrypted-media; gyroscope; picture-in-picture; web-share\" referrerpolicy=\"strict-origin-when-cross-origin\" allowfullscreen><\/iframe><\/p>\n<h4>Sk\u0142ad:<\/h4>\n<p>ry\u017c, izolat bia\u0142ka ro\u015blinnego*, pszenica, t\u0142uszcze zwierz\u0119ce, gluten kukurydziany, \u0142uskane ziarno owsa, kukurydza, sole mineralne, hydrolizat bia\u0142ka zwierz\u0119cego, olej sojowy, pulpa buraczana, olej rybny, ziarna lnu, fruktooligosacharydy, olej z og\u00f3recznika, wyci\u0105g z aksamitki wzniesionej (\u017ar\u00f3d\u0142o luteiny).<\/p>\n<p>*L.I.P.: bia\u0142ko wyselekcjonowane ze wzgl\u0119du na bardzo wysok\u0105 strawno\u015b\u0107.<\/p>\n<h4>Dodatki (na 1 kg karmy):<\/h4>\n<p>Witamina A: 29500 UI, Witamina D3: 800 UI, E1 (\u017belazo): 67 mg, E2 (Jod): 5,5 mg, E4 (Mied\u017a): 13 mg, E5 (Mangan): 67 mg, E6 (Cynk): 150 mg, E8 (Selen): 0,17 mg &#8211; Konserwanty &#8211; Przeciwutleniacze.<\/p>\n<h4>Sk\u0142adniki analityczne:<\/h4>\n<p>Bia\u0142ko surowe: 24,0% &#8211; Oleje i t\u0142uszcze surowe: 17,0% &#8211; Popi\u00f3\u0142 surowy: 5,9% &#8211; W\u0142\u00f3kno surowe: 1,4% &#8211; Na 1 kg karmy: Kwasy t\u0142uszczowe Omega 6: 34,2 g w tym kwas gamma-linolenowy: 0,3 g &#8211; Kwasy t\u0142uszczowe Omega 3: 11,3 g w tym kwasy EPA\/DHA: 4,1 g.<\/p>\n<h4>Spos\u00f3b u\u017cycia:<\/h4>\n<p>patrz tabela.<\/p>\n<p>Najlepiej wykorzysta\u0107 przed: patrz data wa\u017cno\u015bci. Data wa\u017cno\u015bci, numer partii i numer rejestracyjny zak\u0142adu znajduj\u0105 si\u0119 z ty\u0142u opakowania. Przechowywa\u0107 w suchym i ch\u0142odnym miejscu.<\/p>\n<table style=\"height: 330px;\" width=\"1099\">\n<thead>\n<tr>\n<td>\n<p style=\"text-align: center;\"><strong>Waga psa<\/strong><\/p>\n<\/td>\n<td style=\"text-align: center;\"><strong>Niska aktywno\u015b\u0107<\/strong><\/td>\n<td style=\"text-align: center;\"><strong>Normalna aktywno\u015b\u0107<\/strong><\/td>\n<td style=\"text-align: center;\"><strong>Wysoka aktywno\u015b\u0107<\/strong><\/td>\n<\/tr>\n<\/thead>\n<tbody>\n<tr>\n<td style=\"text-align: center;\">&#8211;<\/td>\n<td style=\"text-align: center;\">Gramy<\/td>\n<td style=\"text-align: center;\">Gramy<\/td>\n<td>\n<p style=\"text-align: center;\">Gramy<\/p>\n<\/td>\n<\/tr>\n<tr>\n<td>\n<p style=\"text-align: center;\">11 kg<\/p>\n<\/td>\n<td style=\"text-align: center;\">144 g<\/td>\n<td style=\"text-align: center;\">167 g<\/td>\n<td style=\"text-align: center;\">190 g<\/td>\n<\/tr>\n<tr>\n<td style=\"text-align: center;\">15 kg<\/td>\n<td style=\"text-align: center;\">182 g<\/td>\n<td style=\"text-align: center;\">211 g<\/td>\n<td>\n<p style=\"text-align: center;\">239 g<\/p>\n<\/td>\n<\/tr>\n<tr>\n<td>\n<p style=\"text-align: center;\">20 kg<\/p>\n<\/td>\n<td style=\"text-align: center;\">226 g<\/td>\n<td style=\"text-align: center;\">261 g<\/td>\n<td style=\"text-align: center;\">297 g<\/td>\n<\/tr>\n<tr>\n<td style=\"text-align: center;\">25 kg<\/td>\n<td style=\"text-align: center;\">267 g<\/td>\n<td style=\"text-align: center;\">309 g<\/td>\n<td>\n<p style=\"text-align: center;\">351 g<\/p>\n<\/td>\n<\/tr>\n<\/tbody>\n<\/table>\n<p>&nbsp;<\/p>","protected":false},"excerpt":{"rendered":"<p>karma sucha dla ps\u00f3w doros\u0142ych, ras \u015brednich, o wra\u017cliwej sk\u00f3rze, sk\u0142onnej do podra\u017cnie\u0144<\/p>\n<p>Marka: Royal Canin<\/p>\n<p>Dla jakiego pupila: Pies<\/p>\n<p><span class=\"ty-product-feature__label\">Wielko\u015b\u0107 pupila: Rasy \u015brednie<\/span><\/p>\n<p>Faza \u017cycia: Doros\u0142y<\/p>\n<p>Specjalne wymagania: Alergie i problemy sk\u00f3rne<\/p>","protected":false},"featured_media":7677,"comment_status":"open","ping_status":"closed","template":"","meta":{"om_disable_all_campaigns":false,"inline_featured_image":false},"product_brand":[],"product_cat":[27,95,99],"product_tag":[],"class_list":{"0":"post-7665","1":"product","2":"type-product","3":"status-publish","4":"has-post-thumbnail","6":"product_cat-dog-food","7":"product_cat-royal-canin-dog-food","8":"product_cat-szczegolne-potrzeby-psow","10":"first","11":"outofstock","12":"taxable","13":"shipping-taxable","14":"product-type-variable","15":"has-default-attributes"},"_links":{"self":[{"href":"https:\/\/www.lanrel.pl\/pl\/wp-json\/wp\/v2\/product\/7665","targetHints":{"allow":["GET"]}}],"collection":[{"href":"https:\/\/www.lanrel.pl\/pl\/wp-json\/wp\/v2\/product"}],"about":[{"href":"https:\/\/www.lanrel.pl\/pl\/wp-json\/wp\/v2\/types\/product"}],"replies":[{"embeddable":true,"href":"https:\/\/www.lanrel.pl\/pl\/wp-json\/wp\/v2\/comments?post=7665"}],"wp:featuredmedia":[{"embeddable":true,"href":"https:\/\/www.lanrel.pl\/pl\/wp-json\/wp\/v2\/media\/7677"}],"wp:attachment":[{"href":"https:\/\/www.lanrel.pl\/pl\/wp-json\/wp\/v2\/media?parent=7665"}],"wp:term":[{"taxonomy":"product_brand","embeddable":true,"href":"https:\/\/www.lanrel.pl\/pl\/wp-json\/wp\/v2\/product_brand?post=7665"},{"taxonomy":"product_cat","embeddable":true,"href":"https:\/\/www.lanrel.pl\/pl\/wp-json\/wp\/v2\/product_cat?post=7665"},{"taxonomy":"product_tag","embeddable":true,"href":"https:\/\/www.lanrel.pl\/pl\/wp-json\/wp\/v2\/product_tag?post=7665"}],"curies":[{"name":"wp","href":"https:\/\/api.w.org\/{rel}","templated":true}]}}