{"id":7653,"date":"2025-10-23T19:32:59","date_gmt":"2025-10-23T17:32:59","guid":{"rendered":"https:\/\/lanrel.eu\/?post_type=product&#038;p=7653"},"modified":"2025-10-23T19:35:18","modified_gmt":"2025-10-23T17:35:18","slug":"royal-canin-ccn-maxi-dermacomfort-12-kg-karma-sucha-dla-psow-doroslych","status":"publish","type":"product","link":"https:\/\/www.lanrel.pl\/pl\/produkt\/royal-canin-ccn-maxi-dermacomfort-12-kg-karma-sucha-dla-psow-doroslych\/","title":{"rendered":"ROYAL CANIN\u00ae CCN Maxi Dermacomfort 12 kg karma sucha dla ps\u00f3w doros\u0142ych"},"content":{"rendered":"<p>Zalety:<\/p>\n<ul>\n<li>Udowodnione rezultaty<\/li>\n<li>Receptura z obni\u017cona zawarto\u015bci\u0105 alergen\u00f3w<\/li>\n<\/ul>\n<p><img fetchpriority=\"high\" decoding=\"async\" class=\"aligncenter size-full wp-image-7654\" src=\"http:\/\/lanrel.eu\/wp-content\/uploads\/2025\/10\/RoyalCanin_DermacomfortMaxi-1.jpg\" alt=\"\" width=\"700\" height=\"300\" srcset=\"https:\/\/www.lanrel.pl\/wp-content\/uploads\/2025\/10\/RoyalCanin_DermacomfortMaxi-1.jpg 700w, https:\/\/www.lanrel.pl\/wp-content\/uploads\/2025\/10\/RoyalCanin_DermacomfortMaxi-1-300x129.jpg 300w, https:\/\/www.lanrel.pl\/wp-content\/uploads\/2025\/10\/RoyalCanin_DermacomfortMaxi-1-18x8.jpg 18w, https:\/\/www.lanrel.pl\/wp-content\/uploads\/2025\/10\/RoyalCanin_DermacomfortMaxi-1-600x257.jpg 600w\" sizes=\"(max-width: 700px) 100vw, 700px\" \/> <img decoding=\"async\" class=\"aligncenter size-full wp-image-7655\" src=\"http:\/\/lanrel.eu\/wp-content\/uploads\/2025\/10\/RoyalCanin_DermacomfortMaxi-2.jpg\" alt=\"\" width=\"700\" height=\"440\" srcset=\"https:\/\/www.lanrel.pl\/wp-content\/uploads\/2025\/10\/RoyalCanin_DermacomfortMaxi-2.jpg 700w, https:\/\/www.lanrel.pl\/wp-content\/uploads\/2025\/10\/RoyalCanin_DermacomfortMaxi-2-300x189.jpg 300w, https:\/\/www.lanrel.pl\/wp-content\/uploads\/2025\/10\/RoyalCanin_DermacomfortMaxi-2-18x12.jpg 18w, https:\/\/www.lanrel.pl\/wp-content\/uploads\/2025\/10\/RoyalCanin_DermacomfortMaxi-2-600x377.jpg 600w\" sizes=\"(max-width: 700px) 100vw, 700px\" \/><\/p>\n<p>Pe\u0142noporcjowa karma dla ps\u00f3w doros\u0142ych i starszych (powy\u017cej 15 miesi\u0105ca \u017cycia), ras du\u017cych (masa cia\u0142a od 26 do 44 kg), ze sk\u0142onno\u015bci\u0105 do podra\u017cnie\u0144 sk\u00f3ry i drapania si\u0119.<\/p>\n<p>Podra\u017cnienia sk\u00f3ry s\u0105 cz\u0119stym powodem wizyt ps\u00f3w w lecznicach weterynaryjnych. Nadwra\u017cliwo\u015b\u0107 czy \u015bwi\u0105d oznaczaj\u0105 cz\u0119ste drapanie si\u0119 i dalsze uszkodzenia sk\u00f3ry, mog\u0105ce prowadzi\u0107 do infekcji.<\/p>\n<p>Odpowiednie \u017cywienie mo\u017ce pom\u00f3c utrzyma\u0107 sk\u00f3r\u0119 psa w mo\u017cliwie najlepszej kondycji i pomaga zapewni\u0107 psu dobr\u0105 jako\u015b\u0107 \u017cycia, na jak\u0105 zas\u0142uguje.<\/p>\n<p>Karma ROYAL CANIN\u00ae Maxi Dermacomfort zawiera aktywne sk\u0142adniki pokarmowe wspomagaj\u0105ce zdrowie sk\u00f3ry Twojego psa. Receptura zosta\u0142a wzbogacona w kwasy t\u0142uszczowe omega 3 i omega 6 wspomagaj\u0105ce \u0142agodzenie podra\u017cnie\u0144 i ochron\u0119 sk\u00f3ry, zmniejszaj\u0105c jej wra\u017cliwo\u015b\u0107 na szkodliwe czynniki \u015brodowiskowe. Sk\u0142adniki te wspomagaj\u0105 r\u00f3wnie\u017c zdrow\u0105 i pi\u0119kn\u0105 sier\u015b\u0107. Firma Royal Canin bardzo powa\u017cnie podchodzi do wyboru surowc\u00f3w, a zw\u0142aszcza bia\u0142ek. Wykorzystywane s\u0105 tylko bia\u0142ka najwy\u017cszej jako\u015bci, dostosowane do szczeg\u00f3lnych potrzeb danego psa.<\/p>\n<p>Nie musisz nam wierzy\u0107 na s\u0142owo, korzystne dzia\u0142anie ROYAL CANIN\u00ae Maxi Dermacomfort zosta\u0142o potwierdzone. Skuteczno\u015b\u0107 receptury zbadano i udowodniono naukowo. A\u017c 91% opiekun\u00f3w by\u0142o zadowolonych z rezultatu ju\u017c po up\u0142ywie 2 miesi\u0119cy.<\/p>\n<p>Program \u017cywienia Dermacomfort obejmuje dwa produkty. Zar\u00f3wno chrupi\u0105ce krokiety, jak i delikatny pasztet s\u0105 optymalnie zbilansowane i kompletne, stanowi\u0105c wspania\u0142e zestawienie. Podaj psu delikatny pasztet w po\u0142\u0105czeniu ze smakowitymi krokietami!<\/p>\n<p><img decoding=\"async\" class=\"aligncenter size-full wp-image-7656\" src=\"http:\/\/lanrel.eu\/wp-content\/uploads\/2025\/10\/RoyalCanin_DermacomfortMaxi-3.jpg\" alt=\"\" width=\"700\" height=\"600\" srcset=\"https:\/\/www.lanrel.pl\/wp-content\/uploads\/2025\/10\/RoyalCanin_DermacomfortMaxi-3.jpg 700w, https:\/\/www.lanrel.pl\/wp-content\/uploads\/2025\/10\/RoyalCanin_DermacomfortMaxi-3-300x257.jpg 300w, https:\/\/www.lanrel.pl\/wp-content\/uploads\/2025\/10\/RoyalCanin_DermacomfortMaxi-3-14x12.jpg 14w, https:\/\/www.lanrel.pl\/wp-content\/uploads\/2025\/10\/RoyalCanin_DermacomfortMaxi-3-600x514.jpg 600w\" sizes=\"(max-width: 700px) 100vw, 700px\" \/><\/p>\n<h4>Sk\u0142ad:<\/h4>\n<p>pszenica, izolat bia\u0142ka ro\u015blinnego*, ry\u017c, t\u0142uszcze zwierz\u0119ce, gluten kukurydziany, kukurydza, \u0142uskane ziarno owsa, sole mineralne, hydrolizat bia\u0142ka zwierz\u0119cego, olej sojowy, pulpa buraczana, olej rybny, ziarna lnu, fruktooligosacharydy, olej z og\u00f3recznika, wyci\u0105g z aksamitki wzniesionej (\u017ar\u00f3d\u0142o luteiny).<\/p>\n<p>*L.I.P.: bia\u0142ko wyselekcjonowane ze wzgl\u0119du na bardzo wysok\u0105 strawno\u015b\u0107.<\/p>\n<h4>Dodatki (na 1 kg karmy):<\/h4>\n<p>Witamina A: 29500 UI, Witamina D3: 800 UI, E1 (\u017belazo): 73 mg, E2 (Jod): 6,1 mg, E4 (Mied\u017a): 15 mg, E5 (Mangan): 75 mg, E6 (Cynk): 148 mg, E8 (Selen): 0,19 mg &#8211; Konserwanty &#8211; Przeciwutleniacze.<\/p>\n<h4>Sk\u0142adniki analityczne:<\/h4>\n<p>Bia\u0142ko surowe: 25,0% &#8211; Oleje i t\u0142uszcze surowe: 17,0% &#8211; Popi\u00f3\u0142 surowy: 5,9% &#8211; W\u0142\u00f3kno surowe: 1,6% &#8211; Na 1 kg karmy: Kwasy t\u0142uszczowe Omega 6: 36,0 g w tym kwas gamma-linolenowy: 0,3 g &#8211; Kwasy t\u0142uszczowe Omega 3: 11,4 g w tym kwasy EPA\/DHA: 4,0 g.<\/p>\n<h4>Spos\u00f3b u\u017cycia:<\/h4>\n<p>patrz tabela.<\/p>\n<p>Najlepiej wykorzysta\u0107 przed: patrz data wa\u017cno\u015bci. Data wa\u017cno\u015bci, numer partii i numer rejestracyjny zak\u0142adu znajduj\u0105 si\u0119 z ty\u0142u opakowania. Przechowywa\u0107 w suchym i ch\u0142odnym miejscu.<\/p>\n<table style=\"height: 257px;\" width=\"1093\">\n<thead>\n<tr>\n<td>\n<p style=\"text-align: center;\"><strong>Waga psa doros\u0142ego<\/strong><\/p>\n<\/td>\n<td style=\"text-align: center;\"><strong>26 kg<\/strong><\/td>\n<td style=\"text-align: center;\"><strong>28 kg<\/strong><\/td>\n<td style=\"text-align: center;\"><strong>30 kg<\/strong><\/td>\n<td style=\"text-align: center;\"><strong>32 kg<\/strong><\/td>\n<td style=\"text-align: center;\"><strong>34 kg<\/strong><\/td>\n<td style=\"text-align: center;\"><strong>36 kg<\/strong><\/td>\n<td style=\"text-align: center;\"><strong>38 kg<\/strong><\/td>\n<td style=\"text-align: center;\"><strong>40 kg<\/strong><\/td>\n<td style=\"text-align: center;\"><strong>42 kg<\/strong><\/td>\n<td style=\"text-align: center;\"><strong>44 kg<\/strong><\/td>\n<\/tr>\n<\/thead>\n<tbody>\n<tr>\n<td style=\"text-align: center;\">Niska aktywno\u015b\u0107<\/td>\n<td style=\"text-align: center;\">275 g<\/td>\n<td style=\"text-align: center;\">291 g<\/td>\n<td style=\"text-align: center;\">307 g<\/td>\n<td style=\"text-align: center;\">322 g<\/td>\n<td style=\"text-align: center;\">337 g<\/td>\n<td style=\"text-align: center;\">351 g<\/td>\n<td style=\"text-align: center;\">366 g<\/td>\n<td style=\"text-align: center;\">380 g<\/td>\n<td style=\"text-align: center;\">394 g<\/td>\n<td>\n<p style=\"text-align: center;\">409 g<\/p>\n<\/td>\n<\/tr>\n<tr>\n<td>\n<p style=\"text-align: center;\">Umiarkowana aktywno\u015b\u0107<\/p>\n<\/td>\n<td style=\"text-align: center;\">319 g<\/td>\n<td style=\"text-align: center;\">337 g<\/td>\n<td style=\"text-align: center;\">355 g<\/td>\n<td style=\"text-align: center;\">373 g<\/td>\n<td style=\"text-align: center;\">390 g<\/td>\n<td style=\"text-align: center;\">407 g<\/td>\n<td style=\"text-align: center;\">424 g<\/td>\n<td style=\"text-align: center;\">440 g<\/td>\n<td style=\"text-align: center;\">457 g<\/td>\n<td style=\"text-align: center;\">473 g<\/td>\n<\/tr>\n<tr>\n<td style=\"text-align: center;\">Wysoka aktywno\u015b\u0107<\/td>\n<td style=\"text-align: center;\">362 g<\/td>\n<td style=\"text-align: center;\">383 g<\/td>\n<td style=\"text-align: center;\">403 g<\/td>\n<td style=\"text-align: center;\">423 g<\/td>\n<td style=\"text-align: center;\">443 g<\/td>\n<td style=\"text-align: center;\">462 g<\/td>\n<td style=\"text-align: center;\">482 g<\/td>\n<td style=\"text-align: center;\">500 g<\/td>\n<td style=\"text-align: center;\">519 g<\/td>\n<td>\n<p style=\"text-align: center;\">538 g<\/p>\n<\/td>\n<\/tr>\n<\/tbody>\n<\/table>\n<p>&nbsp;<\/p>\n<p><iframe title=\"Dermacomfort\" width=\"1170\" height=\"658\" src=\"https:\/\/www.youtube.com\/embed\/rxpvI3TKQBo?feature=oembed\" frameborder=\"0\" allow=\"accelerometer; autoplay; clipboard-write; encrypted-media; gyroscope; picture-in-picture; web-share\" referrerpolicy=\"strict-origin-when-cross-origin\" allowfullscreen><\/iframe><\/p>\n<p>&nbsp;<\/p>","protected":false},"excerpt":{"rendered":"<p>karma sucha dla ps\u00f3w doros\u0142ych, ras du\u017cych, o wra\u017cliwej sk\u00f3rze, sk\u0142onnej do podra\u017cnie\u0144<\/p>\n<p>Marka: Royal Canin<\/p>\n<p>Dla jakiego pupila: Pies<\/p>\n<p><span class=\"ty-product-feature__label\">Wielko\u015b\u0107 pupila: Rasy du\u017ce<\/span><\/p>\n<p>Faza \u017cycia: Doros\u0142y<\/p>\n<p>Specjalne wymagania: Alergie i problemy sk\u00f3rne<\/p>","protected":false},"featured_media":7663,"comment_status":"open","ping_status":"closed","template":"","meta":{"om_disable_all_campaigns":false,"inline_featured_image":false},"product_brand":[],"product_cat":[27,95,99],"product_tag":[],"class_list":{"0":"post-7653","1":"product","2":"type-product","3":"status-publish","4":"has-post-thumbnail","6":"product_cat-dog-food","7":"product_cat-royal-canin-dog-food","8":"product_cat-szczegolne-potrzeby-psow","10":"first","11":"outofstock","12":"taxable","13":"shipping-taxable","14":"purchasable","15":"product-type-simple"},"_links":{"self":[{"href":"https:\/\/www.lanrel.pl\/pl\/wp-json\/wp\/v2\/product\/7653","targetHints":{"allow":["GET"]}}],"collection":[{"href":"https:\/\/www.lanrel.pl\/pl\/wp-json\/wp\/v2\/product"}],"about":[{"href":"https:\/\/www.lanrel.pl\/pl\/wp-json\/wp\/v2\/types\/product"}],"replies":[{"embeddable":true,"href":"https:\/\/www.lanrel.pl\/pl\/wp-json\/wp\/v2\/comments?post=7653"}],"wp:featuredmedia":[{"embeddable":true,"href":"https:\/\/www.lanrel.pl\/pl\/wp-json\/wp\/v2\/media\/7663"}],"wp:attachment":[{"href":"https:\/\/www.lanrel.pl\/pl\/wp-json\/wp\/v2\/media?parent=7653"}],"wp:term":[{"taxonomy":"product_brand","embeddable":true,"href":"https:\/\/www.lanrel.pl\/pl\/wp-json\/wp\/v2\/product_brand?post=7653"},{"taxonomy":"product_cat","embeddable":true,"href":"https:\/\/www.lanrel.pl\/pl\/wp-json\/wp\/v2\/product_cat?post=7653"},{"taxonomy":"product_tag","embeddable":true,"href":"https:\/\/www.lanrel.pl\/pl\/wp-json\/wp\/v2\/product_tag?post=7653"}],"curies":[{"name":"wp","href":"https:\/\/api.w.org\/{rel}","templated":true}]}}