{"id":7640,"date":"2025-10-23T17:06:40","date_gmt":"2025-10-23T15:06:40","guid":{"rendered":"https:\/\/lanrel.eu\/?post_type=product&#038;p=7640"},"modified":"2025-10-23T17:06:40","modified_gmt":"2025-10-23T15:06:40","slug":"royal-canin-ccn-mini-dental-care-karma-sucha","status":"publish","type":"product","link":"https:\/\/www.lanrel.pl\/pl\/produkt\/royal-canin-ccn-mini-dental-care-karma-sucha\/","title":{"rendered":"ROYAL CANIN\u00ae CCN Mini Dental Care karma sucha"},"content":{"rendered":"<p><strong>Zalety:<\/strong><\/p>\n<ul>\n<li>Ograniczenie powstawania kamienia naz\u0119bnego<\/li>\n<\/ul>\n<p><img fetchpriority=\"high\" decoding=\"async\" class=\"aligncenter size-full wp-image-7641\" src=\"http:\/\/lanrel.eu\/wp-content\/uploads\/2025\/10\/RoyalCanin_DentalCareDryMini-1.jpg\" alt=\"\" width=\"700\" height=\"300\" srcset=\"https:\/\/www.lanrel.pl\/wp-content\/uploads\/2025\/10\/RoyalCanin_DentalCareDryMini-1.jpg 700w, https:\/\/www.lanrel.pl\/wp-content\/uploads\/2025\/10\/RoyalCanin_DentalCareDryMini-1-300x129.jpg 300w, https:\/\/www.lanrel.pl\/wp-content\/uploads\/2025\/10\/RoyalCanin_DentalCareDryMini-1-18x8.jpg 18w, https:\/\/www.lanrel.pl\/wp-content\/uploads\/2025\/10\/RoyalCanin_DentalCareDryMini-1-600x257.jpg 600w\" sizes=\"(max-width: 700px) 100vw, 700px\" \/><\/p>\n<p><img decoding=\"async\" class=\"aligncenter size-full wp-image-7642\" src=\"http:\/\/lanrel.eu\/wp-content\/uploads\/2025\/10\/RoyalCanin_DentalCareDryMini-2.jpg\" alt=\"\" width=\"700\" height=\"420\" srcset=\"https:\/\/www.lanrel.pl\/wp-content\/uploads\/2025\/10\/RoyalCanin_DentalCareDryMini-2.jpg 700w, https:\/\/www.lanrel.pl\/wp-content\/uploads\/2025\/10\/RoyalCanin_DentalCareDryMini-2-300x180.jpg 300w, https:\/\/www.lanrel.pl\/wp-content\/uploads\/2025\/10\/RoyalCanin_DentalCareDryMini-2-18x12.jpg 18w, https:\/\/www.lanrel.pl\/wp-content\/uploads\/2025\/10\/RoyalCanin_DentalCareDryMini-2-600x360.jpg 600w\" sizes=\"(max-width: 700px) 100vw, 700px\" \/><\/p>\n<p>Z\u0119by twojego psa musz\u0105 mu s\u0142u\u017cy\u0107 przez ca\u0142e \u017cycie, dlatego wymagaj\u0105 odpowiedniej ochrony. Po sko\u0144czonym posi\u0142ku na z\u0119bach psa osadzaj\u0105 si\u0119 bakterie. Je\u015bli nie zostan\u0105 usuni\u0119te podczas czyszczenia z\u0119b\u00f3w, tworz\u0105 p\u0142ytk\u0119 naz\u0119bn\u0105, kt\u00f3ra szybko przekszta\u0142ca si\u0119 w kamie\u0144 naz\u0119bny i stanowi zagro\u017cenie dla zdrowia psa.<\/p>\n<p>Karma ROYAL CANIN\u00ae Dental Care Mini jest odpowiednia dla ps\u00f3w o masie cia\u0142a do 10 kg, podatnych na schorzenia przyz\u0119bia. Unikalna receptura o wysokiej smakowito\u015bci oraz specjalnie opracowane parametry krokieta sprzyjaj\u0105 czyszczeniu powierzchni z\u0119b\u00f3w, zapobiegaj\u0105c powstawaniu p\u0142ytki naz\u0119bnej oraz kamienia naz\u0119bnego.<\/p>\n<p>Tekstura krokieta pozwala na usuwanie osadu z powierzchni z\u0119ba w momencie, gdy pies rozgryza karm\u0119. Ka\u017cdy posi\u0142ek zapewnia efekt szczotkowania z\u0119b\u00f3w.<\/p>\n<p>Ponadto, zawarte w karmie ROYAL CANIN\u00ae Dental Care Mini zwi\u0105zki chelatuj\u0105ce, kt\u00f3re wi\u0105\u017c\u0105 wap\u0144 obecny w \u015blinie, zapobiegaj\u0105c tworzeniu kamienia naz\u0119bnego.<\/p>\n<p>Nie musisz nam wierzy\u0107 na s\u0142owo, korzystne dzia\u0142anie ROYAL CANIN\u00ae Dental Care Mini zosta\u0142o potwierdzone. Skuteczno\u015b\u0107 receptury zbadano i udowodniono naukowo w psiarniach Royal Canin. U ps\u00f3w zaobserwowano zmniejszenie powstawania kamienia naz\u0119bnego nawet o 69%.<\/p>\n<h4>Sk\u0142ad:<\/h4>\n<p>m\u0105ka kukurydziana, suszone bia\u0142ko drobiowe, ry\u017c, t\u0142uszcze zwierz\u0119ce, hydrolizat bia\u0142ka zwierz\u0119cego, pulpa buraczana, sole mineralne, w\u0142\u00f3kno ro\u015blinne, proszek celulozowy.<\/p>\n<h4>Dodatki (na 1 kg karmy):<\/h4>\n<p>Witamina A: 15500 UI, Witamina D3: 1000 UI, E1 (\u017belazo): 39 mg, E2 (Jod): 3,9 mg, E4 (Mied\u017a): 12 mg, E5 (Mangan): 51 mg, E6 (Cynk): 128 mg, E8 (Selen): 0,06 mg &#8211; Dodatki technologiczne: Klinoptylolit pochodzenia osadowego: 10 g, Trifosforan pentasodu: 3,5 g &#8211; Konserwanty &#8211; Przeciwutleniacze.<\/p>\n<h4>Sk\u0142adniki analityczne:<\/h4>\n<p>Bia\u0142ko surowe: 23,0% &#8211; Oleje i t\u0142uszcze surowe: 16,0% &#8211; Popi\u00f3\u0142 surowy: 6,9% &#8211; W\u0142\u00f3kno surowe: 2,1%.<\/p>\n<h4>Spos\u00f3b u\u017cycia:<\/h4>\n<p>patrz tabela.<\/p>\n<p>Najlepiej wykorzysta\u0107 przed: patrz data wa\u017cno\u015bci. Data wa\u017cno\u015bci, numer partii i numer rejestracyjny zak\u0142adu znajduj\u0105 si\u0119 z ty\u0142u opakowania. Przechowywa\u0107 w suchym i ch\u0142odnym miejscu.<\/p>\n<table style=\"height: 364px;\" width=\"1067\">\n<thead>\n<tr>\n<td>\n<p style=\"text-align: center;\"><strong>Waga psa<\/strong><\/p>\n<\/td>\n<td style=\"text-align: center;\"><strong>Niska aktywno\u015b\u0107<\/strong><\/td>\n<td style=\"text-align: center;\"><strong>Normalna aktywno\u015b\u0107<\/strong><\/td>\n<td>\n<p style=\"text-align: center;\"><strong>Wysoka aktywno\u015b\u0107<\/strong><\/p>\n<\/td>\n<\/tr>\n<\/thead>\n<tbody>\n<tr>\n<td>\n<p style=\"text-align: center;\">&#8211;<\/p>\n<\/td>\n<td style=\"text-align: center;\">Gramy<\/td>\n<td style=\"text-align: center;\">Gramy<\/td>\n<td style=\"text-align: center;\">Gramy<\/td>\n<\/tr>\n<tr>\n<td style=\"text-align: center;\">1 kg<\/td>\n<td style=\"text-align: center;\">25 g<\/td>\n<td style=\"text-align: center;\">29 g<\/td>\n<td>\n<p style=\"text-align: center;\">33 g<\/p>\n<\/td>\n<\/tr>\n<tr>\n<td>\n<p style=\"text-align: center;\">3 kg<\/p>\n<\/td>\n<td style=\"text-align: center;\">57 g<\/td>\n<td style=\"text-align: center;\">66 g<\/td>\n<td style=\"text-align: center;\">75 g<\/td>\n<\/tr>\n<tr>\n<td style=\"text-align: center;\">6 kg<\/td>\n<td style=\"text-align: center;\">95 g<\/td>\n<td style=\"text-align: center;\">110 g<\/td>\n<td>\n<p style=\"text-align: center;\">125 g<\/p>\n<\/td>\n<\/tr>\n<tr>\n<td>\n<p style=\"text-align: center;\">10 kg<\/p>\n<\/td>\n<td style=\"text-align: center;\">140 g<\/td>\n<td style=\"text-align: center;\">162 g<\/td>\n<td>\n<p style=\"text-align: center;\">184 g<\/p>\n<\/td>\n<\/tr>\n<\/tbody>\n<\/table>\n<p>&nbsp;<\/p>\n<p><iframe title=\"Dental Care\" width=\"1170\" height=\"658\" src=\"https:\/\/www.youtube.com\/embed\/fMMhi4VGLW8?feature=oembed\" frameborder=\"0\" allow=\"accelerometer; autoplay; clipboard-write; encrypted-media; gyroscope; picture-in-picture; web-share\" referrerpolicy=\"strict-origin-when-cross-origin\" allowfullscreen><\/iframe><\/p>","protected":false},"excerpt":{"rendered":"<p>karma sucha dla ps\u00f3w doros\u0142ych, ras ma\u0142ych, redukuj\u0105ca powstawanie kamienia naz\u0119bnego<\/p>\n<p>Marka: Royal Canin<\/p>\n<p>Dla jakiego pupila: Pies<\/p>\n<p><span class=\"ty-product-feature__label\">Wielko\u015b\u0107 pupila: Rasy ma\u0142e<\/span><\/p>\n<p>Faza \u017cycia: Doros\u0142y<\/p>\n<p>Specjalne wymagania: Higiena jamy ustnej<\/p>","protected":false},"featured_media":7651,"comment_status":"open","ping_status":"closed","template":"","meta":{"om_disable_all_campaigns":false,"inline_featured_image":false},"product_brand":[],"product_cat":[27,95,99],"product_tag":[],"class_list":{"0":"post-7640","1":"product","2":"type-product","3":"status-publish","4":"has-post-thumbnail","6":"product_cat-dog-food","7":"product_cat-royal-canin-dog-food","8":"product_cat-szczegolne-potrzeby-psow","10":"first","11":"outofstock","12":"taxable","13":"shipping-taxable","14":"product-type-variable","15":"has-default-attributes"},"_links":{"self":[{"href":"https:\/\/www.lanrel.pl\/pl\/wp-json\/wp\/v2\/product\/7640","targetHints":{"allow":["GET"]}}],"collection":[{"href":"https:\/\/www.lanrel.pl\/pl\/wp-json\/wp\/v2\/product"}],"about":[{"href":"https:\/\/www.lanrel.pl\/pl\/wp-json\/wp\/v2\/types\/product"}],"replies":[{"embeddable":true,"href":"https:\/\/www.lanrel.pl\/pl\/wp-json\/wp\/v2\/comments?post=7640"}],"wp:featuredmedia":[{"embeddable":true,"href":"https:\/\/www.lanrel.pl\/pl\/wp-json\/wp\/v2\/media\/7651"}],"wp:attachment":[{"href":"https:\/\/www.lanrel.pl\/pl\/wp-json\/wp\/v2\/media?parent=7640"}],"wp:term":[{"taxonomy":"product_brand","embeddable":true,"href":"https:\/\/www.lanrel.pl\/pl\/wp-json\/wp\/v2\/product_brand?post=7640"},{"taxonomy":"product_cat","embeddable":true,"href":"https:\/\/www.lanrel.pl\/pl\/wp-json\/wp\/v2\/product_cat?post=7640"},{"taxonomy":"product_tag","embeddable":true,"href":"https:\/\/www.lanrel.pl\/pl\/wp-json\/wp\/v2\/product_tag?post=7640"}],"curies":[{"name":"wp","href":"https:\/\/api.w.org\/{rel}","templated":true}]}}