{"id":7617,"date":"2025-10-22T20:41:53","date_gmt":"2025-10-22T18:41:53","guid":{"rendered":"https:\/\/lanrel.eu\/?post_type=product&#038;p=7617"},"modified":"2025-10-23T19:35:55","modified_gmt":"2025-10-23T17:35:55","slug":"royal-canin-ccn-maxi-dental-care-karma-sucha-dla-psow-doroslych9-kg","status":"publish","type":"product","link":"https:\/\/www.lanrel.pl\/pl\/produkt\/royal-canin-ccn-maxi-dental-care-karma-sucha-dla-psow-doroslych9-kg\/","title":{"rendered":"ROYAL CANIN\u00ae CCN Maxi Dental Care karma sucha dla ps\u00f3w doros\u0142ych,9 kg"},"content":{"rendered":"<p><img fetchpriority=\"high\" decoding=\"async\" class=\"aligncenter size-full wp-image-7618\" src=\"http:\/\/lanrel.eu\/wp-content\/uploads\/2025\/10\/RoyalCanin_DentalCareDryMaxi-2.jpg\" alt=\"\" width=\"700\" height=\"305\" srcset=\"https:\/\/www.lanrel.pl\/wp-content\/uploads\/2025\/10\/RoyalCanin_DentalCareDryMaxi-2.jpg 700w, https:\/\/www.lanrel.pl\/wp-content\/uploads\/2025\/10\/RoyalCanin_DentalCareDryMaxi-2-300x131.jpg 300w, https:\/\/www.lanrel.pl\/wp-content\/uploads\/2025\/10\/RoyalCanin_DentalCareDryMaxi-2-18x8.jpg 18w, https:\/\/www.lanrel.pl\/wp-content\/uploads\/2025\/10\/RoyalCanin_DentalCareDryMaxi-2-600x261.jpg 600w\" sizes=\"(max-width: 700px) 100vw, 700px\" \/> <img decoding=\"async\" class=\"aligncenter size-full wp-image-7619\" src=\"http:\/\/lanrel.eu\/wp-content\/uploads\/2025\/10\/RoyalCanin_DentalCareDryMaxi-2-1.jpg\" alt=\"\" width=\"700\" height=\"430\" srcset=\"https:\/\/www.lanrel.pl\/wp-content\/uploads\/2025\/10\/RoyalCanin_DentalCareDryMaxi-2-1.jpg 700w, https:\/\/www.lanrel.pl\/wp-content\/uploads\/2025\/10\/RoyalCanin_DentalCareDryMaxi-2-1-300x184.jpg 300w, https:\/\/www.lanrel.pl\/wp-content\/uploads\/2025\/10\/RoyalCanin_DentalCareDryMaxi-2-1-18x12.jpg 18w, https:\/\/www.lanrel.pl\/wp-content\/uploads\/2025\/10\/RoyalCanin_DentalCareDryMaxi-2-1-600x369.jpg 600w\" sizes=\"(max-width: 700px) 100vw, 700px\" \/><\/p>\n<ul>\n<li>Ograniczenie powstawania kamienia naz\u0119bnego<\/li>\n<\/ul>\n<p>&nbsp;<\/p>\n<p>Z\u0119by twojego psa musz\u0105 mu s\u0142u\u017cy\u0107 przez ca\u0142e \u017cycie, dlatego tak w\u0105zne jest zachowanie zdrowia i dzi\u0105se\u0142.<\/p>\n<p>Karma ROYAL CANIN\u00ae Dental Care Maxi jest odpowiednia dla ps\u00f3w o masie cia\u0142a mi\u0119dzy 26 a 44 kg. Unikalna receptura kompletnej karmy o wysokiej smakowito\u015bci dodatkowo chroni r\u00f3wnie\u017c z\u0119by Twojego psa.<\/p>\n<p>Specjalnie zaprojektowana tekstura krokieta ROYAL CANIN\u00ae Dental Care Maxi pozwala na usuwanie osadu z powierzchni z\u0119ba w momencie, gdy pies rozgryza karm\u0119. Ka\u017cdy posi\u0142ek zapewnia efekt szczotkowania z\u0119b\u00f3w.<\/p>\n<p>Po sko\u0144czonym posi\u0142ku na z\u0119bach psa osadzaj\u0105 si\u0119 bakterie tworz\u0105ce p\u0142ytk\u0119 naz\u0119bn\u0105, kt\u00f3ra szybko ulega mineralizacji i zamienia si\u0119 kamie\u0144. Dlatego ta od\u017cywcza karma zosta\u0142a wzbogacona w zwi\u0105zki chelatuj\u0105ce, kt\u00f3re wi\u0105\u017c\u0105 wap\u0144 obecny w \u015blinie, zapobiegaj\u0105c tworzeniu kamienia naz\u0119bnego.<\/p>\n<p>Nie musisz nam wierzy\u0107 na s\u0142owo, korzystne dzia\u0142anie ROYAL CANIN\u00ae Dental Care Maxi zosta\u0142o potwierdzone. Skuteczno\u015b\u0107 receptury zbadano i udowodniono naukowo w psiarniach Royal Canin. U ps\u00f3w zaobserwowano zmniejszenie powstawania kamienia naz\u0119bnego nawet o 75%.<\/p>\n<p><iframe title=\"Dental Care\" width=\"1170\" height=\"658\" src=\"https:\/\/www.youtube.com\/embed\/fMMhi4VGLW8?start=13&#038;feature=oembed\" frameborder=\"0\" allow=\"accelerometer; autoplay; clipboard-write; encrypted-media; gyroscope; picture-in-picture; web-share\" referrerpolicy=\"strict-origin-when-cross-origin\" allowfullscreen><\/iframe><\/p>\n<h4>Sk\u0142ad:<\/h4>\n<p>m\u0105ka kukurydziana, suszone bia\u0142ko drobiowe, ry\u017c, t\u0142uszcze zwierz\u0119ce, hydrolizat bia\u0142ka zwierz\u0119cego, w\u0142\u00f3kno ro\u015blinne, pulpa buraczana, sole mineralne, proszek celulozowy.<\/p>\n<h4>Dodatki (na 1 kg karmy):<\/h4>\n<p>Dodatki dietetyczne: Witamina A: 15500 UI, Witamina D3: 1000 UI, E1 (\u017belazo): 39 mg, E2 (Jod): 3,9 mg, E4 (Mied\u017a): 12 mg, E5 (Mangan): 51 mg, E6 (Cynk): 128 mg, E8 (Selen): 0,06 mg &#8211; Dodatki technologiczne: Trifosforan pentasodu: 3,5 g &#8211; Konserwanty &#8211; Przeciwutleniacze.<\/p>\n<h4>Sk\u0142adniki analityczne:<\/h4>\n<p>Bia\u0142ko surowe: 23,0% &#8211; Oleje i t\u0142uszcze surowe: 16,0% &#8211; Popi\u00f3\u0142 surowy: 6,0% &#8211; W\u0142\u00f3kno surowe: 2,8%.<\/p>\n<h4>Spos\u00f3b u\u017cycia:<\/h4>\n<p>patrz tabela.<\/p>\n<p>Najlepiej wykorzysta\u0107 przed: patrz data wa\u017cno\u015bci. Data wa\u017cno\u015bci, numer partii i numer rejestracyjny zak\u0142adu znajduj\u0105 si\u0119 z ty\u0142u opakowania. Przechowywa\u0107 w suchym i ch\u0142odnym miejscu.<\/p>\n<table style=\"height: 314px;\" width=\"1035\">\n<thead>\n<tr>\n<td>\n<p style=\"text-align: center;\"><strong>Waga psa<\/strong><\/p>\n<\/td>\n<td style=\"text-align: center;\"><strong>Niska aktywno\u015b\u0107<\/strong><\/td>\n<td style=\"text-align: center;\"><strong>Normalna aktywno\u015b\u0107<\/strong><\/td>\n<td style=\"text-align: center;\"><strong>Wysoka aktywno\u015b\u0107<\/strong><\/td>\n<\/tr>\n<\/thead>\n<tbody>\n<tr>\n<td style=\"text-align: center;\">26 kg<\/td>\n<td style=\"text-align: center;\">286g<\/td>\n<td style=\"text-align: center;\">331g<\/td>\n<td>\n<p style=\"text-align: center;\">377g<\/p>\n<\/td>\n<\/tr>\n<tr>\n<td>\n<p style=\"text-align: center;\">32 kg<\/p>\n<\/td>\n<td style=\"text-align: center;\">334g<\/td>\n<td style=\"text-align: center;\">387g<\/td>\n<td style=\"text-align: center;\">440g<\/td>\n<\/tr>\n<tr>\n<td style=\"text-align: center;\">38 kg<\/td>\n<td style=\"text-align: center;\">380g<\/td>\n<td style=\"text-align: center;\">440g<\/td>\n<td>\n<p style=\"text-align: center;\">501g<\/p>\n<\/td>\n<\/tr>\n<tr>\n<td>\n<p style=\"text-align: center;\">44 kg<\/p>\n<\/td>\n<td style=\"text-align: center;\">425g<\/td>\n<td style=\"text-align: center;\">492g<\/td>\n<td>\n<p style=\"text-align: center;\">559g<\/p>\n<\/td>\n<\/tr>\n<\/tbody>\n<\/table>\n<p>&nbsp;<\/p>","protected":false},"excerpt":{"rendered":"<p>karma sucha dla ps\u00f3w doros\u0142ych, ras du\u017cych, redukuj\u0105ca powstawanie kamienia naz\u0119bnego<\/p>\n<p>Marka: Royal Canin<\/p>\n<p>Dla jakiego pupila: Pies<\/p>\n<p><span class=\"ty-product-feature__label\">Wielko\u015b\u0107 pupila: Rasy du\u017ce<\/span><\/p>\n<p>Faza \u017cycia: Doros\u0142y<\/p>\n<p>Specjalne wymagania: Higiena jamy ustnej<\/p>","protected":false},"featured_media":7625,"comment_status":"open","ping_status":"closed","template":"","meta":{"om_disable_all_campaigns":false,"inline_featured_image":false},"product_brand":[],"product_cat":[27,95,99],"product_tag":[],"class_list":{"0":"post-7617","1":"product","2":"type-product","3":"status-publish","4":"has-post-thumbnail","6":"product_cat-dog-food","7":"product_cat-royal-canin-dog-food","8":"product_cat-szczegolne-potrzeby-psow","10":"first","11":"outofstock","12":"taxable","13":"shipping-taxable","14":"purchasable","15":"product-type-simple"},"_links":{"self":[{"href":"https:\/\/www.lanrel.pl\/pl\/wp-json\/wp\/v2\/product\/7617","targetHints":{"allow":["GET"]}}],"collection":[{"href":"https:\/\/www.lanrel.pl\/pl\/wp-json\/wp\/v2\/product"}],"about":[{"href":"https:\/\/www.lanrel.pl\/pl\/wp-json\/wp\/v2\/types\/product"}],"replies":[{"embeddable":true,"href":"https:\/\/www.lanrel.pl\/pl\/wp-json\/wp\/v2\/comments?post=7617"}],"wp:featuredmedia":[{"embeddable":true,"href":"https:\/\/www.lanrel.pl\/pl\/wp-json\/wp\/v2\/media\/7625"}],"wp:attachment":[{"href":"https:\/\/www.lanrel.pl\/pl\/wp-json\/wp\/v2\/media?parent=7617"}],"wp:term":[{"taxonomy":"product_brand","embeddable":true,"href":"https:\/\/www.lanrel.pl\/pl\/wp-json\/wp\/v2\/product_brand?post=7617"},{"taxonomy":"product_cat","embeddable":true,"href":"https:\/\/www.lanrel.pl\/pl\/wp-json\/wp\/v2\/product_cat?post=7617"},{"taxonomy":"product_tag","embeddable":true,"href":"https:\/\/www.lanrel.pl\/pl\/wp-json\/wp\/v2\/product_tag?post=7617"}],"curies":[{"name":"wp","href":"https:\/\/api.w.org\/{rel}","templated":true}]}}