{"id":7564,"date":"2025-10-21T20:10:26","date_gmt":"2025-10-21T18:10:26","guid":{"rendered":"https:\/\/lanrel.eu\/?post_type=product&#038;p=7564"},"modified":"2025-10-22T20:37:13","modified_gmt":"2025-10-22T18:37:13","slug":"royal-canin-west-highland-white-terrier-adult-karma-sucha","status":"publish","type":"product","link":"https:\/\/www.lanrel.pl\/pl\/produkt\/royal-canin-west-highland-white-terrier-adult-karma-sucha\/","title":{"rendered":"ROYAL CANIN\u00ae West Highland White Terrier Adult karma sucha"},"content":{"rendered":"<h4>Zalety:<\/h4>\n<ul>\n<li>Zdrowie sier\u015bci<\/li>\n<li>Zdrowa sk\u00f3ra<\/li>\n<li>Zaspokojenie wybrednego apetytu<\/li>\n<li>Specjalnie opracowany krokiet: zdrowie z\u0119b\u00f3w<\/li>\n<\/ul>\n<p>Cho\u0107 niewielkich rozmiar\u00f3w, to pe\u0142en energii west highland white terier nale\u017cy do najpopularniejszych ras w grupie terier\u00f3w.<\/p>\n<p>Karma ROYAL CANIN\u00ae West Highland White Terrier Adult, przeznaczona dla ps\u00f3w rasy west highland white terrier powy\u017cej 10 miesi\u0105ca \u017cycia, zosta\u0142a opracowana specjalnie pod k\u0105tem potrzeb Twojego doros\u0142ego psa.<\/p>\n<p>Szorstka, bia\u0142a szata westie wymaga specjalnej piel\u0119gnacji, aby utrzyma\u0107 charakterystyczne cechy w\u0142osa i optymalny stan sk\u00f3ry. Karma ROYAL CANIN\u00ae West Highland White Terrier Adult zawiera specyficzne sk\u0142adniki pokarmowych oraz kwasy t\u0142uszczowe omega 3 EPA i DHA sprzyjaj\u0105ce zdrowiu sk\u00f3ry i sier\u015bci.<\/p>\n<p>Pod szorstk\u0105 sier\u015bci\u0105 westie ma bardzo delikatn\u0105 sk\u00f3r\u0119, dlatego karma ROYAL CANIN\u00ae West Highland White Terrier Adult zawiera te\u017c aminokwasy konieczne do wzrostu w\u0142osa oraz kwasy t\u0142uszczowe z oleju z og\u00f3recznika i siemienia lnianego dodatkowo od\u017cywiaj\u0105ce sk\u00f3r\u0119.<\/p>\n<p>Dieta wspomagaj\u0105ca higien\u0119 jamy ustnej jest szczeg\u00f3lnie wa\u017cna dla zdrowia z\u0119b\u00f3w i dzi\u0105se\u0142 twojego psa. Zastosowanie zwi\u0105zk\u00f3w wi\u0105\u017c\u0105cych wap\u0144 w krokietach ROYAL CANIN\u00ae West Highland White Terrier Adult pomaga hamowa\u0107 odk\u0142adanie kamienia naz\u0119bnego i sprzyja higienie jamy ustnej.<\/p>\n<p>Dodatkowo, receptura ROYAL CANIN\u00ae West Highland White Terrier Adult zaspokaja nawet najbardziej wybredny apetyt dzi\u0119ki kombinacji unikalnych aromat\u00f3w, zwi\u0119kszaj\u0105cej smakowito\u015b\u0107.<\/p>\n<p>W firmie ROYAL CANIN\u00ae intensywnie pracujemy nad dostarczaniem rozwi\u0105za\u0144 \u017cywieniowych najlepiej dostosowanych do potrzeb zwierz\u0105t. Wszystkie nasze produkty przechodz\u0105 dok\u0142adny proces kontroli jako\u015bci, gwarantuj\u0105cy najwy\u017csz\u0105 jako\u015b\u0107 karmy oraz pe\u0142ne pokrycie zapotrzebowania pokarmowego, odpowiednio do trybu \u017cycia Twojego psa. Oznacza to, \u017ce podaj\u0105c swojemu psu karm\u0119 ROYAL CANIN\u00ae West Highland White Terrier eAdult dostarczasz mu kompletn\u0105 i doskonale zbilansowan\u0105 diet\u0119.<\/p>\n<h4><strong>SK\u0141AD:<\/strong><\/h4>\n<p>m\u0105ka kukurydziana, suszone bia\u0142ka drobiowe, ry\u017c, kukurydza, t\u0142uszcze zwierz\u0119ce, hydrolizowane bia\u0142ka zwierz\u0119ce, suszone bia\u0142ka wieprzowe, pszenica, pulpa z cykorii, olej sojowy, minera\u0142y (w tym trifosforan pentasodowy (0,35%)), olej z ryb, siemi\u0119 lniane (0,5%), fruktooligosacharydy, olej z og\u00f3recznika (0,1%), m\u0105czka z aksamitki, glukozamina uzyskana z fermentacji, hydrolizowana chrz\u0105stka (\u017ar\u00f3d\u0142o chondroityny).<\/p>\n<p>*L.I.P.: bia\u0142ko wyselekcjonowane ze wzgl\u0119du na bardzo wysok\u0105 strawno\u015b\u0107.<\/p>\n<h4><strong>DODATKI\u00a0<\/strong>(na 1 kg karmy):<\/h4>\n<p>Witamina A: 29800 UI, Witamina D3: 800 UI, \u017belazo (3b103): 97 mg, Jod (3b201, 3b202): 5,8 mg, Mied\u017a (3b405, 3b406): 6 mg, Mangan (3b502, 3b504): 62 mg, Cynk (3b603, 3b605, 3b606): 140 mg, Selen (3b801, 3b811, 3b812): 0,3 mg &#8211; Dodatki technologiczne: Klinoptylolit pochodzenia osadowego: 10 g &#8211; Konserwanty &#8211; Przeciwutleniacze.<\/p>\n<h4><strong>SK\u0141ADNIKI ANALITYCZNE:<\/strong><\/h4>\n<p>Bia\u0142ko surowe:\u00a021,0%\u00a0&#8211;\u00a0W\u0142\u00f3kno surowe:\u00a01,4%\u00a0&#8211;\u00a0Oleje i t\u0142uszcze surowe:\u00a016,0%\u00a0&#8211;\u00a0Popi\u00f3\u0142 surowy:\u00a06,1%\u00a0&#8211;\u00a0EPA\/DHA:\u00a00,3%.<\/p>\n<h4><strong>SPOS\u00d3B U\u017bYCIA:<\/strong><\/h4>\n<p>patrz tabela.\u00a0Najlepiej wykorzysta\u0107 przed: patrz data wa\u017cno\u015bci. Data wa\u017cno\u015bci, numer partii i numer rejestracyjny zak\u0142adu znajduj\u0105 si\u0119 na opakowaniu.\u00a0Przechowywa\u0107 w suchym i ch\u0142odnym miejscu.<\/p>\n<table style=\"height: 380px;\" width=\"1039\">\n<thead>\n<tr>\n<td>\n<p style=\"text-align: center;\"><strong>Masa cia\u0142a psa<\/strong><\/p>\n<\/td>\n<td style=\"text-align: center;\"><strong>Niska aktywno\u015b\u0107<\/strong><\/td>\n<td>\n<p style=\"text-align: center;\"><strong>Umiarkowana aktywno\u015b\u0107<\/strong><\/p>\n<\/td>\n<\/tr>\n<\/thead>\n<tbody>\n<tr>\n<td>\n<p style=\"text-align: center;\">6 kg<\/p>\n<\/td>\n<td style=\"text-align: center;\">93 g<\/td>\n<td style=\"text-align: center;\">108 g<\/td>\n<\/tr>\n<tr>\n<td style=\"text-align: center;\">7 kg<\/td>\n<td style=\"text-align: center;\">104 g<\/td>\n<td>\n<p style=\"text-align: center;\">121 g<\/p>\n<\/td>\n<\/tr>\n<tr>\n<td>\n<p style=\"text-align: center;\">8 kg<\/p>\n<\/td>\n<td style=\"text-align: center;\">115 g<\/td>\n<td style=\"text-align: center;\">134 g<\/td>\n<\/tr>\n<tr>\n<td style=\"text-align: center;\">9 kg<\/td>\n<td style=\"text-align: center;\">126 g<\/td>\n<td>\n<p style=\"text-align: center;\">146 g<\/p>\n<\/td>\n<\/tr>\n<tr>\n<td>\n<p style=\"text-align: center;\">10 kg<\/p>\n<\/td>\n<td style=\"text-align: center;\">136 g<\/td>\n<td>\n<p style=\"text-align: center;\">158 g<\/p>\n<\/td>\n<\/tr>\n<\/tbody>\n<\/table>\n<p>&nbsp;<\/p>","protected":false},"excerpt":{"rendered":"<p>Psy rasy West Highland white terrier powy\u017cej 10 miesi\u0105ca \u017cycia.<\/p>\n<p>Marka: Royal Canin<\/p>\n<p>Dla jakiego pupila: Pies<\/p>\n<p><span class=\"ty-product-feature__label\">Wielko\u015b\u0107 pupila: Rasy ma\u0142e<\/span><\/p>\n<p>Faza \u017cycia: Doros\u0142y<\/p>","protected":false},"featured_media":7572,"comment_status":"open","ping_status":"closed","template":"","meta":{"om_disable_all_campaigns":false,"inline_featured_image":false},"product_brand":[],"product_cat":[27,97,95],"product_tag":[],"class_list":{"0":"post-7564","1":"product","2":"type-product","3":"status-publish","4":"has-post-thumbnail","6":"product_cat-dog-food","7":"product_cat-psy-rasowe","8":"product_cat-royal-canin-dog-food","10":"first","11":"outofstock","12":"taxable","13":"shipping-taxable","14":"product-type-variable","15":"has-default-attributes"},"_links":{"self":[{"href":"https:\/\/www.lanrel.pl\/pl\/wp-json\/wp\/v2\/product\/7564","targetHints":{"allow":["GET"]}}],"collection":[{"href":"https:\/\/www.lanrel.pl\/pl\/wp-json\/wp\/v2\/product"}],"about":[{"href":"https:\/\/www.lanrel.pl\/pl\/wp-json\/wp\/v2\/types\/product"}],"replies":[{"embeddable":true,"href":"https:\/\/www.lanrel.pl\/pl\/wp-json\/wp\/v2\/comments?post=7564"}],"wp:featuredmedia":[{"embeddable":true,"href":"https:\/\/www.lanrel.pl\/pl\/wp-json\/wp\/v2\/media\/7572"}],"wp:attachment":[{"href":"https:\/\/www.lanrel.pl\/pl\/wp-json\/wp\/v2\/media?parent=7564"}],"wp:term":[{"taxonomy":"product_brand","embeddable":true,"href":"https:\/\/www.lanrel.pl\/pl\/wp-json\/wp\/v2\/product_brand?post=7564"},{"taxonomy":"product_cat","embeddable":true,"href":"https:\/\/www.lanrel.pl\/pl\/wp-json\/wp\/v2\/product_cat?post=7564"},{"taxonomy":"product_tag","embeddable":true,"href":"https:\/\/www.lanrel.pl\/pl\/wp-json\/wp\/v2\/product_tag?post=7564"}],"curies":[{"name":"wp","href":"https:\/\/api.w.org\/{rel}","templated":true}]}}