{"id":7552,"date":"2025-10-21T17:20:00","date_gmt":"2025-10-21T15:20:00","guid":{"rendered":"https:\/\/lanrel.eu\/?post_type=product&#038;p=7552"},"modified":"2025-10-21T20:53:17","modified_gmt":"2025-10-21T18:53:17","slug":"royal-canin-shih-tzu-puppy-junior-karma-sucha","status":"publish","type":"product","link":"https:\/\/www.lanrel.pl\/pl\/produkt\/royal-canin-shih-tzu-puppy-junior-karma-sucha\/","title":{"rendered":"ROYAL CANIN\u00ae Shih Tzu Puppy Junior karma sucha"},"content":{"rendered":"<h4><strong>Zalety:<\/strong><\/h4>\n<ul>\n<li>Wspomaganie uk\u0142adu odporno\u015bciowego<\/li>\n<li>Zdrowa sk\u00f3ra i sier\u015b\u0107<\/li>\n<li>Prawid\u0142owe trawienie<\/li>\n<li>Specjalnie opracowany krokiet: budowa brachycefaliczna<\/li>\n<\/ul>\n<p><strong>\u00a0<\/strong>Wzrost to kluczowy okres w \u017cyciu psa &#8211; to czas poznawanie nowego otoczenia, domownik\u00f3w czy zwierz\u0105t ju\u017c mieszkaj\u0105cych w domu. W tym czasie uk\u0142ad immunologiczny szczeni\u0119cia rozwija si\u0119 stopniowo. Szczeni\u0119 wymaga diety zapewniaj\u0105cej mu sk\u0142adniki pokarmowe sprzyjaj\u0105ce prawid\u0142owy wzrost i rozw\u00f3j.<\/p>\n<p>Karma ROYAL CANIN\u00ae Shih Tzu Puppy zosta\u0142a opracowana specjalnie dla szczeni\u0105t rasy shih tzu, do 10 miesi\u0105ca \u017cycia.<\/p>\n<p>Karma ROYAL CANIN\u00ae Shih Tzu Puppy sprzyja rozwojowi naturalnych mechanizm\u00f3w obronnych organizmu szczeni\u0119cia, dzi\u0119ki opatentowanemu kompleksowi przeciwutleniaczy, w tym witaminy E.<\/p>\n<p>G\u0119sta okrywa w\u0142osowa jest jedn\u0105 z g\u0142\u00f3wnych cech ps\u00f3w rasy shih tzu. W\u0142os jest d\u0142ugi, podszerstek g\u0119sty, dlatego psy wymagaj\u0105 codziennej piel\u0119gnacji oraz dostarczenia do organizmu sk\u0142adnik\u00f3w wp\u0142ywaj\u0105cych na zdrowie sk\u00f3ry i jako\u015b\u0107 w\u0142osa.<\/p>\n<p>Karma ROYAL CANIN\u00ae Shih Tzu Puppy zawiera witamin\u0119 A oraz kwasy t\u0142uszczowe omega 3, w tym EPA i DHA. Zosta\u0142a tak\u017ce wzbogacona o olej z og\u00f3recznika, dlatego sprzyja wzmocnieniu nieprzepuszczalno\u015bci bariery sk\u00f3rnej oraz od\u017cywieniu sier\u015bci.<\/p>\n<p>Kombinacja sk\u0142adnik\u00f3w pokarmowych: wysokiej jako\u015bci bia\u0142ka (L.I.P.*) oraz prebiotyk\u00f3w (FOS) wspomaga zdrowie przewodu pokarmowego oraz r\u00f3wnowag\u0119 flory bakteryjnej jelit, co zapewnia odpowiedni\u0105 jako\u015b\u0107 ka\u0142u. Krokiety karmy ROYAL CANIN\u00ae Shih Tzu Puppy zosta\u0142y precyzyjnie dostosowane do brachycefalicznej budowy szczeni\u0105t rasy shit tzu, co u\u0142atwia im chwytanie i rozgryzanie karmy. Zar\u00f3wno wielko\u015b\u0107, jak i kszta\u0142t oraz tekstura krokiet\u00f3w zosta\u0142y opracowane specjalnie z my\u015bl\u0105 o szczeni\u0119tach tej rasy.<\/p>\n<p>Misj\u0105 ROYAL CANIN\u00ae jest zapewnianie rozwi\u0105za\u0144 \u017cywieniowych dostosowanych do potrzeb zwierz\u0105t. Wszystkie nasze produkty przechodz\u0105 liczne kontrole jako\u015bci, aby sprosta\u0107 najwy\u017cszym standardom marki i dostarczy\u0107 psu pokarm dostosowany do jego potrzeb \u017cywieniowych i trybu \u017cycia. ROYAL CANIN\u00ae Shih Tzu Puppy jest karm\u0105 pe\u0142noporcjow\u0105.<\/p>\n<h4><strong>SK\u0141AD:<\/strong><\/h4>\n<p>suszone bia\u0142ko drobiowe, ry\u017c, kukurydza, t\u0142uszcze zwierz\u0119ce, izolat bia\u0142ka ro\u015blinnego*, pulpa buraczana, hydrolizat bia\u0142ka zwierz\u0119cego, olej rybny, sole mineralne, olej sojowy, fruktooligosacharydy (0,34%), wyci\u0105g z dro\u017cd\u017cy (\u017ar\u00f3d\u0142o mannooligosacharyd\u00f3w), olej z og\u00f3recznika (0,1%), wyci\u0105g z dro\u017cd\u017cy (\u017ar\u00f3d\u0142o beta-glukan\u00f3w), wyci\u0105g z aksamitki wzniesionej (\u017ar\u00f3d\u0142o luteiny).<\/p>\n<p>*L.I.P.: bia\u0142ko wyselekcjonowane ze wzgl\u0119du na bardzo wysok\u0105 strawno\u015b\u0107.<\/p>\n<h4><strong>DODATKI\u00a0<\/strong>(na 1 kg karmy):<\/h4>\n<p>Witamina A: 28000 UI, Witamina D3: 800 UI, Witamina E: 570 mg, E1 (\u017belazo): 41 mg, E2 (Jod): 4,1 mg, E4 (Mied\u017a): 13 mg, E5 (Mangan): 54 mg, E6 (Cynk): 112 mg, E8 (Selen): 0,09 mg &#8211; Dodatki technologiczne: Klinoptylolit pochodzenia osadowego: 10 g &#8211; Dodatki sensoryczne: Wyci\u0105g z jukki: 125 mg &#8211; Konserwanty &#8211; Przeciwutleniacze.<\/p>\n<h4><strong>SK\u0141ADNIKI ANALITYCZNE:<\/strong><\/h4>\n<p>Bia\u0142ko surowe:\u00a028,0%\u00a0&#8211;\u00a0Oleje i t\u0142uszcze surowe:\u00a018,0%\u00a0&#8211;\u00a0Popi\u00f3\u0142 surowy:\u00a07,6%\u00a0&#8211;\u00a0W\u0142\u00f3kno surowe:\u00a01,5%\u00a0&#8211;\u00a0EPA\/DHA:\u00a03,0\u00a0g\/kg.<\/p>\n<h4><strong>SPOS\u00d3B U\u017bYCIA:<\/strong><\/h4>\n<p>patrz tabela.<\/p>\n<p>Najlepiej wykorzysta\u0107 przed: patrz data wa\u017cno\u015bci. Data wa\u017cno\u015bci, numer partii i numer rejestracyjny zak\u0142adu znajduj\u0105 si\u0119 z ty\u0142u opakowania.\u00a0Przechowywa\u0107 w suchym i ch\u0142odnym miejscu.<br \/>\n<img fetchpriority=\"high\" decoding=\"async\" class=\"wp-image-7558 aligncenter\" src=\"http:\/\/lanrel.eu\/wp-content\/uploads\/2025\/10\/RC-BHN-PuppyShihTzu-CM-EretailKit-5-pl_PL.jpg\" alt=\"\" width=\"674\" height=\"674\" \/><\/p>","protected":false},"excerpt":{"rendered":"<p>Karma dla szczeni\u0105t rasy Shih Tzu do 10 miesi\u0105ca \u017cycia.<\/p>\n<p>Marka: Royal Canin<\/p>\n<p>Dla jakiego pupila: Pies<\/p>\n<p><span class=\"ty-product-feature__label\">Wielko\u015b\u0107 pupila: Rasy ma\u0142e<\/span><\/p>\n<p>Faza \u017cycia: Junior<\/p>","protected":false},"featured_media":7561,"comment_status":"open","ping_status":"closed","template":"","meta":{"om_disable_all_campaigns":false,"inline_featured_image":false},"product_brand":[],"product_cat":[27,95,96],"product_tag":[],"class_list":{"0":"post-7552","1":"product","2":"type-product","3":"status-publish","4":"has-post-thumbnail","6":"product_cat-dog-food","7":"product_cat-royal-canin-dog-food","8":"product_cat-szczenieta","10":"first","11":"outofstock","12":"taxable","13":"shipping-taxable","14":"product-type-variable","15":"has-default-attributes"},"_links":{"self":[{"href":"https:\/\/www.lanrel.pl\/pl\/wp-json\/wp\/v2\/product\/7552","targetHints":{"allow":["GET"]}}],"collection":[{"href":"https:\/\/www.lanrel.pl\/pl\/wp-json\/wp\/v2\/product"}],"about":[{"href":"https:\/\/www.lanrel.pl\/pl\/wp-json\/wp\/v2\/types\/product"}],"replies":[{"embeddable":true,"href":"https:\/\/www.lanrel.pl\/pl\/wp-json\/wp\/v2\/comments?post=7552"}],"wp:featuredmedia":[{"embeddable":true,"href":"https:\/\/www.lanrel.pl\/pl\/wp-json\/wp\/v2\/media\/7561"}],"wp:attachment":[{"href":"https:\/\/www.lanrel.pl\/pl\/wp-json\/wp\/v2\/media?parent=7552"}],"wp:term":[{"taxonomy":"product_brand","embeddable":true,"href":"https:\/\/www.lanrel.pl\/pl\/wp-json\/wp\/v2\/product_brand?post=7552"},{"taxonomy":"product_cat","embeddable":true,"href":"https:\/\/www.lanrel.pl\/pl\/wp-json\/wp\/v2\/product_cat?post=7552"},{"taxonomy":"product_tag","embeddable":true,"href":"https:\/\/www.lanrel.pl\/pl\/wp-json\/wp\/v2\/product_tag?post=7552"}],"curies":[{"name":"wp","href":"https:\/\/api.w.org\/{rel}","templated":true}]}}