{"id":7536,"date":"2025-10-21T17:09:26","date_gmt":"2025-10-21T15:09:26","guid":{"rendered":"https:\/\/lanrel.eu\/?post_type=product&#038;p=7536"},"modified":"2025-10-21T20:53:32","modified_gmt":"2025-10-21T18:53:32","slug":"royal-canin-shih-tzu-adult-karma-sucha","status":"publish","type":"product","link":"https:\/\/www.lanrel.pl\/pl\/produkt\/royal-canin-shih-tzu-adult-karma-sucha\/","title":{"rendered":"ROYAL CANIN\u00ae Shih Tzu Adult karma sucha"},"content":{"rendered":"<h4>Zalety:<\/h4>\n<ul>\n<li>Zdrowa sk\u00f3ra<\/li>\n<li>Zdrowe z\u0119by<\/li>\n<li>Redukcja obj\u0119to\u015bci i zapachu odchod\u00f3w<\/li>\n<li>Specjalnie opracowany krokiet: budowa bracychefaliczna<\/li>\n<\/ul>\n<p>Ka\u017cda rasa ma specyficzne potrzeby pokarmowe, dlatego wyb\u00f3r odpowiedniej karmy dla Twojego doros\u0142ego shih &#8211; tzu jest tak wa\u017cny. Odpowiednia dieta mo\u017ce znacz\u0105co wp\u0142ywa\u0107 na r\u00f3\u017cne aspekty zdrowia twojego psa.<\/p>\n<p>Karma ROYAL CANIN\u00ae Shih Tzu Adult, przeznaczona dla ps\u00f3w rasy shih-tzu powy\u017cej 10 miesi\u0105ca \u017cycia, zosta\u0142a opracowana specjalnie pod k\u0105tem potrzeb Twojego doros\u0142ego psa.<\/p>\n<p>Efektowna, d\u0142uga i g\u0119sta sier\u015b\u0107 shih-tzu jest jedn\u0105 z najbardziej charakterystycznych cech ps\u00f3w tej rasy. Opr\u00f3cz regularnej piel\u0119gnacji ogromn\u0105 rol\u0119 w utrzymaniu zdrowia sk\u00f3ry i sier\u015bci odgrywa odpowiednie \u017cywienie. Karma ROYAL CANIN\u00ae Shih Tzu Adult zawiera unikaln\u0105 kombinacj\u0119 sk\u0142adnik\u00f3w pokarmowych wspomagaj\u0105cych utrzymanie zdrowia sk\u00f3ry, co z kolei ma korzystny wp\u0142yw na wygl\u0105d sier\u015bci. Receptura zawiera kwasy t\u0142uszczowe omega 3 EPA i DHA oraz omega 6 z oleju z og\u00f3recznika. Te sk\u0142adniki pokarmowe odgrywaj\u0105 wa\u017cn\u0105 rol\u0119 w od\u017cywieniu sk\u00f3ry i w\u0142osa.<\/p>\n<p>Specjalna receptura ROYAL CANIN\u00ae Shih Tzu Adult pozwala r\u00f3wnie\u017c zadba\u0107\u00a0 o zadba\u0107 o higien\u0119 jamy ustnej twojego psa -zastosowanie zwi\u0105zk\u00f3w wi\u0105\u017c\u0105cych wap\u0144 pozwala hamowa\u0107 proces powstawania kamienia naz\u0119bnego.<\/p>\n<p>Dzi\u0119ki karmie ROYAL CANIN\u00ae Shih Tzu Adult mo\u017cliwe jest wspomaganie zdrowia przewodu pokarmowego oraz redukcja obj\u0119to\u015bci odchod\u00f3w i intensywno\u015bci ich zapachu.<\/p>\n<p>Brachycefaliczna budowa ps\u00f3w rasy shih-tzu oznacza, \u017ce d\u0142ugo\u015b\u0107 ich kufy jest zbli\u017cona do szeroko\u015bci. Krokiety ROYAL CANIN\u00ae Shih Tzu Adult zosta\u0142y opracowane specjalnie dla ps\u00f3w rasy shih-tzu. Ich kszta\u0142t i wielko\u015b\u0107 u\u0142atwiaj\u0105 psu chwytanie karmy i zach\u0119caj\u0105 do dok\u0142adnego rozgryzania.<\/p>\n<p>Aby zaspokoi\u0107 indywidualne preferencje ps\u00f3w karma ROYAL CANIN\u00ae Shih Tzu Adult <strong>\u00a0<\/strong>jest r\u00f3wnie\u017c dost\u0119pna w formie smakowitego pasztetu. Je\u015bli chcesz swojemu psu miesza\u0107 karm\u0119 such\u0105 i mokr\u0105 skorzystaj z naszych tabel dawkowania i upewnij si\u0119, \u017ce stosujesz w\u0142a\u015bciwe proporcje obu typ\u00f3w karm, aby uzyska\u0107 najlepsze korzy\u015bci zdrowotne.<\/p>\n<p>W firmie ROYAL CANIN\u00ae intensywnie pracujemy nad dostarczaniem rozwi\u0105za\u0144 \u017cywieniowych najlepiej dostosowanych do potrzeb zwierz\u0105t. Wszystkie nasze produkty przechodz\u0105 dok\u0142adny proces kontroli jako\u015bci, gwarantuj\u0105cy najwy\u017csz\u0105 jako\u015b\u0107 karmy oraz pe\u0142ne pokrycie zapotrzebowania pokarmowego, odpowiednio do trybu \u017cycia Twojego psa. Oznacza to, \u017ce podaj\u0105c swojemu psu karm\u0119 ROYAL CANIN\u00ae Shih Tzu Adult dostarczasz mu kompletn\u0105 i doskonale zbilansowan\u0105 diet\u0119.<\/p>\n<p><img fetchpriority=\"high\" decoding=\"async\" class=\"alignnone size-full wp-image-7544\" src=\"http:\/\/lanrel.eu\/wp-content\/uploads\/2025\/10\/Shih-Tzu_01.png\" alt=\"\" width=\"1920\" height=\"606\" srcset=\"https:\/\/www.lanrel.pl\/wp-content\/uploads\/2025\/10\/Shih-Tzu_01.png 1920w, https:\/\/www.lanrel.pl\/wp-content\/uploads\/2025\/10\/Shih-Tzu_01-300x95.png 300w, https:\/\/www.lanrel.pl\/wp-content\/uploads\/2025\/10\/Shih-Tzu_01-1024x323.png 1024w, https:\/\/www.lanrel.pl\/wp-content\/uploads\/2025\/10\/Shih-Tzu_01-768x242.png 768w, https:\/\/www.lanrel.pl\/wp-content\/uploads\/2025\/10\/Shih-Tzu_01-1536x485.png 1536w, https:\/\/www.lanrel.pl\/wp-content\/uploads\/2025\/10\/Shih-Tzu_01-18x6.png 18w, https:\/\/www.lanrel.pl\/wp-content\/uploads\/2025\/10\/Shih-Tzu_01-600x189.png 600w\" sizes=\"(max-width: 1920px) 100vw, 1920px\" \/> <img decoding=\"async\" class=\"alignnone size-full wp-image-7545\" src=\"http:\/\/lanrel.eu\/wp-content\/uploads\/2025\/10\/Shih-Tzu_02.png\" alt=\"\" width=\"1920\" height=\"534\" srcset=\"https:\/\/www.lanrel.pl\/wp-content\/uploads\/2025\/10\/Shih-Tzu_02.png 1920w, https:\/\/www.lanrel.pl\/wp-content\/uploads\/2025\/10\/Shih-Tzu_02-300x83.png 300w, https:\/\/www.lanrel.pl\/wp-content\/uploads\/2025\/10\/Shih-Tzu_02-1024x285.png 1024w, https:\/\/www.lanrel.pl\/wp-content\/uploads\/2025\/10\/Shih-Tzu_02-768x214.png 768w, https:\/\/www.lanrel.pl\/wp-content\/uploads\/2025\/10\/Shih-Tzu_02-1536x427.png 1536w, https:\/\/www.lanrel.pl\/wp-content\/uploads\/2025\/10\/Shih-Tzu_02-18x5.png 18w, https:\/\/www.lanrel.pl\/wp-content\/uploads\/2025\/10\/Shih-Tzu_02-600x167.png 600w\" sizes=\"(max-width: 1920px) 100vw, 1920px\" \/> <img decoding=\"async\" class=\"alignnone size-full wp-image-7546\" src=\"http:\/\/lanrel.eu\/wp-content\/uploads\/2025\/10\/Shih-Tzu_03.png\" alt=\"\" width=\"1920\" height=\"716\" srcset=\"https:\/\/www.lanrel.pl\/wp-content\/uploads\/2025\/10\/Shih-Tzu_03.png 1920w, https:\/\/www.lanrel.pl\/wp-content\/uploads\/2025\/10\/Shih-Tzu_03-300x112.png 300w, https:\/\/www.lanrel.pl\/wp-content\/uploads\/2025\/10\/Shih-Tzu_03-1024x382.png 1024w, https:\/\/www.lanrel.pl\/wp-content\/uploads\/2025\/10\/Shih-Tzu_03-768x286.png 768w, https:\/\/www.lanrel.pl\/wp-content\/uploads\/2025\/10\/Shih-Tzu_03-1536x573.png 1536w, https:\/\/www.lanrel.pl\/wp-content\/uploads\/2025\/10\/Shih-Tzu_03-18x7.png 18w, https:\/\/www.lanrel.pl\/wp-content\/uploads\/2025\/10\/Shih-Tzu_03-600x224.png 600w\" sizes=\"(max-width: 1920px) 100vw, 1920px\" \/> <img loading=\"lazy\" decoding=\"async\" class=\"alignnone size-full wp-image-7547\" src=\"http:\/\/lanrel.eu\/wp-content\/uploads\/2025\/10\/Shih-Tzu_04.png\" alt=\"\" width=\"1920\" height=\"724\" srcset=\"https:\/\/www.lanrel.pl\/wp-content\/uploads\/2025\/10\/Shih-Tzu_04.png 1920w, https:\/\/www.lanrel.pl\/wp-content\/uploads\/2025\/10\/Shih-Tzu_04-300x113.png 300w, https:\/\/www.lanrel.pl\/wp-content\/uploads\/2025\/10\/Shih-Tzu_04-1024x386.png 1024w, https:\/\/www.lanrel.pl\/wp-content\/uploads\/2025\/10\/Shih-Tzu_04-768x290.png 768w, https:\/\/www.lanrel.pl\/wp-content\/uploads\/2025\/10\/Shih-Tzu_04-1536x579.png 1536w, https:\/\/www.lanrel.pl\/wp-content\/uploads\/2025\/10\/Shih-Tzu_04-18x7.png 18w, https:\/\/www.lanrel.pl\/wp-content\/uploads\/2025\/10\/Shih-Tzu_04-600x226.png 600w\" sizes=\"(max-width: 1920px) 100vw, 1920px\" \/> <img loading=\"lazy\" decoding=\"async\" class=\"alignnone size-full wp-image-7548\" src=\"http:\/\/lanrel.eu\/wp-content\/uploads\/2025\/10\/Shih-Tzu_05.png\" alt=\"\" width=\"1920\" height=\"530\" srcset=\"https:\/\/www.lanrel.pl\/wp-content\/uploads\/2025\/10\/Shih-Tzu_05.png 1920w, https:\/\/www.lanrel.pl\/wp-content\/uploads\/2025\/10\/Shih-Tzu_05-300x83.png 300w, https:\/\/www.lanrel.pl\/wp-content\/uploads\/2025\/10\/Shih-Tzu_05-1024x283.png 1024w, https:\/\/www.lanrel.pl\/wp-content\/uploads\/2025\/10\/Shih-Tzu_05-768x212.png 768w, https:\/\/www.lanrel.pl\/wp-content\/uploads\/2025\/10\/Shih-Tzu_05-1536x424.png 1536w, https:\/\/www.lanrel.pl\/wp-content\/uploads\/2025\/10\/Shih-Tzu_05-18x5.png 18w, https:\/\/www.lanrel.pl\/wp-content\/uploads\/2025\/10\/Shih-Tzu_05-600x166.png 600w\" sizes=\"(max-width: 1920px) 100vw, 1920px\" \/> <img loading=\"lazy\" decoding=\"async\" class=\"alignnone size-full wp-image-7549\" src=\"http:\/\/lanrel.eu\/wp-content\/uploads\/2025\/10\/Shih-Tzu_06.png\" alt=\"\" width=\"1920\" height=\"662\" srcset=\"https:\/\/www.lanrel.pl\/wp-content\/uploads\/2025\/10\/Shih-Tzu_06.png 1920w, https:\/\/www.lanrel.pl\/wp-content\/uploads\/2025\/10\/Shih-Tzu_06-300x103.png 300w, https:\/\/www.lanrel.pl\/wp-content\/uploads\/2025\/10\/Shih-Tzu_06-1024x353.png 1024w, https:\/\/www.lanrel.pl\/wp-content\/uploads\/2025\/10\/Shih-Tzu_06-768x265.png 768w, https:\/\/www.lanrel.pl\/wp-content\/uploads\/2025\/10\/Shih-Tzu_06-1536x530.png 1536w, https:\/\/www.lanrel.pl\/wp-content\/uploads\/2025\/10\/Shih-Tzu_06-18x6.png 18w, https:\/\/www.lanrel.pl\/wp-content\/uploads\/2025\/10\/Shih-Tzu_06-600x207.png 600w\" sizes=\"(max-width: 1920px) 100vw, 1920px\" \/><\/p>\n<h4>Sk\u0142ad:<\/h4>\n<p>ry\u017c, suszone bia\u0142ko drobiowe, t\u0142uszcze zwierz\u0119ce, izolat bia\u0142ka ro\u015blinnego*, hydrolizat bia\u0142ka zwierz\u0119cego, w\u0142\u00f3kno ro\u015blinne, pulpa buraczana, sole mineralne, olej rybny, olej sojowy, fruktooligosacharydy, olej z og\u00f3recznika (0,1%), wyci\u0105g z aksamitki wzniesionej (\u017ar\u00f3d\u0142o luteiny), hydrolizat skorupiak\u00f3w (\u017ar\u00f3d\u0142o glukozaminy), hydrolizat chrz\u0105stki (\u017ar\u00f3d\u0142o chondroityny).<\/p>\n<p>*L.I.P.: bia\u0142ko wyselekcjonowane ze wzgl\u0119du na bardzo wysok\u0105 strawno\u015b\u0107.<\/p>\n<h4>Dodatki (na 1 kg karmy):<\/h4>\n<p>Witamina A: 29500 UI, Witamina D3: 800 UI, E1 (\u017belazo): 56 mg, E2 (Jod): 5 mg, E4 (Mied\u017a): 13 mg, E5 (Mangan): 63 mg, E6 (Cynk): 142 mg, E8 (Selen): 0,15 mg &#8211; Dodatki technologiczne: Klinoptylolit pochodzenia osadowego: 10 g &#8211; Dodatki sensoryczne: Wyci\u0105g z herbaty (\u017ar\u00f3d\u0142o polifenoli): 150 mg &#8211; Konserwanty &#8211; Przeciwutleniacze.<\/p>\n<h4>Sk\u0142adniki analityczne:<\/h4>\n<p>Bia\u0142ko surowe: 24,0% &#8211; Oleje i t\u0142uszcze surowe: 20,0% &#8211; Popi\u00f3\u0142 surowy: 5,8% &#8211; W\u0142\u00f3kno surowe: 3,0% &#8211; Na 1 kg karmy: Trifosforan pentasodu: 3,5 g &#8211; EPA\/DHA: 3 g.<\/p>\n<h4>Spos\u00f3b u\u017cycia:<\/h4>\n<p>patrz tabela.<\/p>\n<p>Najlepiej wykorzysta\u0107 przed: patrz data wa\u017cno\u015bci. Data wa\u017cno\u015bci, numer partii i numer rejestracyjny zak\u0142adu znajduj\u0105 si\u0119 z ty\u0142u opakowania. Przechowywa\u0107 w suchym i ch\u0142odnym miejscu.<\/p>\n<table style=\"height: 316px;\" width=\"1009\">\n<thead>\n<tr>\n<td>\n<p style=\"text-align: center;\"><strong>Waga psa<\/strong><\/p>\n<\/td>\n<td style=\"text-align: center;\"><strong>Niska aktywno\u015b\u0107<\/strong><\/td>\n<td style=\"text-align: center;\"><strong>\u015arednia aktywno\u015b\u0107<\/strong><\/td>\n<td style=\"text-align: center;\"><strong>Wysoka aktywno\u015b\u0107<\/strong><\/td>\n<\/tr>\n<\/thead>\n<tbody>\n<tr>\n<td>\n<p style=\"text-align: center;\">4 kg<\/p>\n<\/td>\n<td style=\"text-align: center;\">67g<\/td>\n<td style=\"text-align: center;\">78 g<\/td>\n<td>\n<p style=\"text-align: center;\">88 g<\/p>\n<\/td>\n<\/tr>\n<tr>\n<td style=\"text-align: center;\">5 kg<\/td>\n<td style=\"text-align: center;\">79 g<\/td>\n<td style=\"text-align: center;\">92 g<\/td>\n<td>\n<p style=\"text-align: center;\">104 g<\/p>\n<\/td>\n<\/tr>\n<tr>\n<td>\n<p style=\"text-align: center;\">6 kg<\/p>\n<\/td>\n<td style=\"text-align: center;\">91 g<\/td>\n<td style=\"text-align: center;\">105 g<\/td>\n<td style=\"text-align: center;\">120 g<\/td>\n<\/tr>\n<tr>\n<td>\n<p style=\"text-align: center;\">7 kg<\/p>\n<\/td>\n<td style=\"text-align: center;\">102 g<\/td>\n<td style=\"text-align: center;\">118 g<\/td>\n<td>\n<p style=\"text-align: center;\">134 g<\/p>\n<\/td>\n<\/tr>\n<\/tbody>\n<\/table>\n<p style=\"text-align: center;\">","protected":false},"excerpt":{"rendered":"<p>Karma dla ps\u00f3w rasy Shih Tzu powy\u017cej 10 miesi\u0105ca \u017cycia.<\/p>\n<p>Marka: Royal Canin<\/p>\n<p>Dla jakiego pupila: Pies<\/p>\n<p><span class=\"ty-product-feature__label\">Wielko\u015b\u0107 pupila: Rasy ma\u0142e<\/span><\/p>\n<p>Faza \u017cycia: Doros\u0142y<\/p>","protected":false},"featured_media":7543,"comment_status":"open","ping_status":"closed","template":"","meta":{"om_disable_all_campaigns":false,"inline_featured_image":false},"product_brand":[],"product_cat":[27,97,95],"product_tag":[],"class_list":{"0":"post-7536","1":"product","2":"type-product","3":"status-publish","4":"has-post-thumbnail","6":"product_cat-dog-food","7":"product_cat-psy-rasowe","8":"product_cat-royal-canin-dog-food","10":"first","11":"outofstock","12":"taxable","13":"shipping-taxable","14":"product-type-variable","15":"has-default-attributes"},"_links":{"self":[{"href":"https:\/\/www.lanrel.pl\/pl\/wp-json\/wp\/v2\/product\/7536","targetHints":{"allow":["GET"]}}],"collection":[{"href":"https:\/\/www.lanrel.pl\/pl\/wp-json\/wp\/v2\/product"}],"about":[{"href":"https:\/\/www.lanrel.pl\/pl\/wp-json\/wp\/v2\/types\/product"}],"replies":[{"embeddable":true,"href":"https:\/\/www.lanrel.pl\/pl\/wp-json\/wp\/v2\/comments?post=7536"}],"wp:featuredmedia":[{"embeddable":true,"href":"https:\/\/www.lanrel.pl\/pl\/wp-json\/wp\/v2\/media\/7543"}],"wp:attachment":[{"href":"https:\/\/www.lanrel.pl\/pl\/wp-json\/wp\/v2\/media?parent=7536"}],"wp:term":[{"taxonomy":"product_brand","embeddable":true,"href":"https:\/\/www.lanrel.pl\/pl\/wp-json\/wp\/v2\/product_brand?post=7536"},{"taxonomy":"product_cat","embeddable":true,"href":"https:\/\/www.lanrel.pl\/pl\/wp-json\/wp\/v2\/product_cat?post=7536"},{"taxonomy":"product_tag","embeddable":true,"href":"https:\/\/www.lanrel.pl\/pl\/wp-json\/wp\/v2\/product_tag?post=7536"}],"curies":[{"name":"wp","href":"https:\/\/api.w.org\/{rel}","templated":true}]}}