{"id":7525,"date":"2025-10-21T16:53:44","date_gmt":"2025-10-21T14:53:44","guid":{"rendered":"https:\/\/lanrel.eu\/?post_type=product&#038;p=7525"},"modified":"2025-10-21T20:53:49","modified_gmt":"2025-10-21T18:53:49","slug":"royal-canin-miniature-schnauzer-adult-karma-sucha","status":"publish","type":"product","link":"https:\/\/www.lanrel.pl\/pl\/produkt\/royal-canin-miniature-schnauzer-adult-karma-sucha\/","title":{"rendered":"ROYAL CANIN\u00ae Miniature Schnauzer Adult karma sucha"},"content":{"rendered":"<h4>Zalety:<\/h4>\n<ul>\n<li>Zdrowy uk\u0142ad moczowy<\/li>\n<li>Intensywna barwa sier\u015bci<\/li>\n<li>Prawid\u0142owa masa cia\u0142a<\/li>\n<li>Specjalnie opracowany krokiet: zdrowie z\u0119b\u00f3w<\/li>\n<\/ul>\n<p>Poniewa\u017c ka\u017cda rasa jest wyj\u0105tkowa, bardzo wa\u017cne jest podawanie twojemu sznaucerowi karmy pokrywaj\u0105cej jego unikalne potrzeby pokarmowe. Pewne sk\u0142adniki pokarmowe zawarte w kompletnej i dobrze zbilansowanej diecie szczeg\u00f3lnie wspomagaj\u0105 utrzymanie zdrowia psa.<\/p>\n<p>Karma ROYAL CANIN\u00ae Miniature Schnauzer Adult, przeznaczona dla ps\u00f3w rasy sznaucer miniaturowy powy\u017cej 10 miesi\u0105ca \u017cycia, zosta\u0142a opracowana specjalnie pod k\u0105tem potrzeb Twojego doros\u0142ego psa.<\/p>\n<p>Dla sznaucer\u00f3w miniaturowych szczeg\u00f3lnie wa\u017cna jest dieta wspomagaj\u0105ca zdrowia uk\u0142adu moczowego. Receptura ROYAL CANIN\u00ae Miniature Schnauzer Adult zawiera sk\u0142adniki pokarmowe sprzyjaj\u0105ce prawid\u0142owej pracy tego uk\u0142adu. Powoduje r\u00f3wnie\u017c zwi\u0119kszenie pobrania wody przez psa, co dodatkowo pomaga chroni\u0107 zdrowie uk\u0142adu moczowego.<\/p>\n<p>Sier\u015b\u0107 sznaucera miniaturowego sk\u0142ada si\u0119 z dw\u00f3ch warstw: zewn\u0119trznych, ostrych w\u0142os\u00f3w i mi\u0119kkiego podszerstka. Odpowiednia dieta pomaga utrzyma\u0107 zdrowie i charakterystyczne cechy sier\u015bci twojego psa. Karma ROYAL CANIN\u00ae Miniature Schnauzer Adult\u00a0 zawiera optymalny poziom specyficznych aminokwas\u00f3w odpowiadaj\u0105cych za intensywne wybarwienie w\u0142osa u ps\u00f3w o r\u00f3\u017cnych umaszczeniach.<\/p>\n<p>Ponadto, w karmie ROYAL CANIN\u00ae Miniature Schnauzer Adult zawarto\u015b\u0107 t\u0142uszczu jest umiarkowana, co w po\u0142\u0105czeniu z codzienn\u0105 dawka ruchu sprzyja utrzymaniu prawid\u0142owej masy cia\u0142a.<\/p>\n<p>Krokiety ROYAL CANIN\u00ae Miniature Schnauzer Adult zosta\u0142y opracowane specjalnie dla ps\u00f3w rasy sznaucer miniaturowy. Dzi\u0119ki zastosowaniu zwi\u0105zk\u00f3w wi\u0105\u017c\u0105cych wap\u0144 (chelatuj\u0105cych), receptura karmy sprzyja higienie jamy ustnej , poprzez hamowanie powstawania kamienia naz\u0119bnego.<\/p>\n<p>W firmie ROYAL CANIN\u00ae intensywnie pracujemy nad dostarczaniem rozwi\u0105za\u0144 \u017cywieniowych najlepiej dostosowanych do potrzeb zwierz\u0105t. Wszystkie nasze produkty przechodz\u0105 dok\u0142adny proces kontroli jako\u015bci, gwarantuj\u0105cy najwy\u017csz\u0105 jako\u015b\u0107 karmy oraz pe\u0142ne pokrycie zapotrzebowania pokarmowego, odpowiednio do trybu \u017cycia Twojego psa. Oznacza to, \u017ce podaj\u0105c swojemu psu karm\u0119 ROYAL CANIN\u00ae Miniature Schnauzer Adult dostarczasz mu kompletn\u0105 i doskonale zbilansowan\u0105 diet\u0119.<\/p>\n<p><strong>SK\u0141AD:<\/strong><\/p>\n<p>ry\u017c, suszone bia\u0142ka drobiowe, kukurydza, gluten pszenny*, gluten kukurydziany, t\u0142uszcze zwierz\u0119ce, hydrolizowane bia\u0142ka zwierz\u0119ce, minera\u0142y (w tym trifosforan pentasodowy (0,35%)), pulpa z cykorii, w\u0142\u00f3kno ro\u015blinne, olej z ryb, fruktooligosacharydy, \u0142uski i nasiona psyllium, olej sojowy, olej z og\u00f3recznika, glukozamina uzyskana z fermentacji, m\u0105czka z aksamitki, hydrolizowana chrz\u0105stka (\u017ar\u00f3d\u0142o chondroityny).<\/p>\n<p>*L.I.P.: bia\u0142ko wyselekcjonowane ze wzgl\u0119du na bardzo wysok\u0105 strawno\u015b\u0107.<\/p>\n<h4><strong>DODATKI\u00a0<\/strong>(na 1 kg karmy):<\/h4>\n<p>Dodatki dietetyczne:\u00a0Witamina A:\u00a031000\u00a0UI,\u00a0Witamina D3:\u00a0800\u00a0UI,\u00a0\u017belazo (3b103):\u00a046\u00a0mg,\u00a0Jod (3b201, 3b202):\u00a04,6\u00a0mg,\u00a0Mied\u017a (3b405, 3b406):\u00a014\u00a0mg,\u00a0Mangan (3b502, 3b504):\u00a060\u00a0mg,\u00a0Cynk (3b603, 3b605, 3b606):\u00a0144\u00a0mg,\u00a0Selen (3b801, 3b811, 3b812):\u00a00,08\u00a0mg\u00a0&#8211;\u00a0Dodatki technologiczne:\u00a0Klinoptylolit pochodzenia osadowego:\u00a010\u00a0g\u00a0&#8211;\u00a0Konserwanty\u00a0&#8211;\u00a0Przeciwutleniacze.<\/p>\n<h4><strong>SK\u0141ADNIKI ANALITYCZNE:<\/strong><\/h4>\n<p>Bia\u0142ko surowe:\u00a025,0%\u00a0&#8211;\u00a0W\u0142\u00f3kno surowe:\u00a02,2%\u00a0&#8211;\u00a0Oleje i t\u0142uszcze surowe:\u00a012,0%\u00a0&#8211;\u00a0Popi\u00f3\u0142 surowy:\u00a07,6%.<\/p>\n<h4><strong>SPOS\u00d3B U\u017bYCIA:<\/strong><\/h4>\n<p>patrz tabela.<\/p>\n<p>Najlepiej wykorzysta\u0107 przed: patrz data wa\u017cno\u015bci. Data wa\u017cno\u015bci, numer partii i numer rejestracyjny zak\u0142adu znajduj\u0105 si\u0119 na opakowaniu.\u00a0Przechowywa\u0107 w suchym i ch\u0142odnym miejscu.<\/p>\n<table style=\"height: 249px;\" width=\"1081\">\n<thead>\n<tr>\n<td>\n<p style=\"text-align: center;\"><strong>Aktywno\u015b\u0107<\/strong><\/p>\n<\/td>\n<td style=\"text-align: center;\"><strong>Waga 4 kg<\/strong><\/td>\n<td style=\"text-align: center;\"><strong>Waga 5 kg<\/strong><\/td>\n<td style=\"text-align: center;\"><strong>Waga 6 kg<\/strong><\/td>\n<td style=\"text-align: center;\"><strong>Waga 7 kg<\/strong><\/td>\n<td style=\"text-align: center;\"><strong>Waga 8 kg<\/strong><\/td>\n<td style=\"text-align: center;\"><strong>Waga 9 kg<\/strong><\/td>\n<td>\n<p style=\"text-align: center;\"><strong>Waga 10 kg<\/strong><\/p>\n<\/td>\n<\/tr>\n<\/thead>\n<tbody>\n<tr>\n<td>\n<p style=\"text-align: center;\">Zredukowana<\/p>\n<\/td>\n<td style=\"text-align: center;\">85 g<\/td>\n<td style=\"text-align: center;\">100 g<\/td>\n<td style=\"text-align: center;\">115 g<\/td>\n<td style=\"text-align: center;\">125 g<\/td>\n<td style=\"text-align: center;\">140 g<\/td>\n<td style=\"text-align: center;\">155 g<\/td>\n<td style=\"text-align: center;\">165 g<\/td>\n<\/tr>\n<tr>\n<td style=\"text-align: center;\">Normalna<\/td>\n<td style=\"text-align: center;\">95 g<\/td>\n<td style=\"text-align: center;\">110 g<\/td>\n<td style=\"text-align: center;\">125 g<\/td>\n<td style=\"text-align: center;\">140 g<\/td>\n<td style=\"text-align: center;\">155 g<\/td>\n<td style=\"text-align: center;\">170 g<\/td>\n<td>\n<p style=\"text-align: center;\">185 g<\/p>\n<\/td>\n<\/tr>\n<tr>\n<td>\n<p style=\"text-align: center;\">Podwy\u017cszona<\/p>\n<\/td>\n<td style=\"text-align: center;\">105 g<\/td>\n<td style=\"text-align: center;\">120 g<\/td>\n<td style=\"text-align: center;\">140 g<\/td>\n<td style=\"text-align: center;\">155 g<\/td>\n<td style=\"text-align: center;\">170 g<\/td>\n<td style=\"text-align: center;\">185 g<\/td>\n<td style=\"text-align: center;\">200 g<\/td>\n<\/tr>\n<\/tbody>\n<\/table>\n<p style=\"text-align: center;\">","protected":false},"excerpt":{"rendered":"<p>Karma dla ps\u00f3w doros\u0142ych powy\u017cej 10 miesi\u0105ca \u017cycia rasy sznaucer miniaturowy.<\/p>\n<p>Marka: Royal Canin<\/p>\n<p>Dla jakiego pupila:Pies<\/p>\n<p><span class=\"ty-product-feature__label\">Wielko\u015b\u0107 pupila:Rasy ma\u0142e<\/span><\/p>\n<p>Faza \u017cycia:Doros\u0142y<\/p>","protected":false},"featured_media":7533,"comment_status":"open","ping_status":"closed","template":"","meta":{"om_disable_all_campaigns":false,"inline_featured_image":false},"product_brand":[],"product_cat":[27,97,95],"product_tag":[],"class_list":{"0":"post-7525","1":"product","2":"type-product","3":"status-publish","4":"has-post-thumbnail","6":"product_cat-dog-food","7":"product_cat-psy-rasowe","8":"product_cat-royal-canin-dog-food","10":"first","11":"outofstock","12":"taxable","13":"shipping-taxable","14":"product-type-variable","15":"has-default-attributes"},"_links":{"self":[{"href":"https:\/\/www.lanrel.pl\/pl\/wp-json\/wp\/v2\/product\/7525","targetHints":{"allow":["GET"]}}],"collection":[{"href":"https:\/\/www.lanrel.pl\/pl\/wp-json\/wp\/v2\/product"}],"about":[{"href":"https:\/\/www.lanrel.pl\/pl\/wp-json\/wp\/v2\/types\/product"}],"replies":[{"embeddable":true,"href":"https:\/\/www.lanrel.pl\/pl\/wp-json\/wp\/v2\/comments?post=7525"}],"wp:featuredmedia":[{"embeddable":true,"href":"https:\/\/www.lanrel.pl\/pl\/wp-json\/wp\/v2\/media\/7533"}],"wp:attachment":[{"href":"https:\/\/www.lanrel.pl\/pl\/wp-json\/wp\/v2\/media?parent=7525"}],"wp:term":[{"taxonomy":"product_brand","embeddable":true,"href":"https:\/\/www.lanrel.pl\/pl\/wp-json\/wp\/v2\/product_brand?post=7525"},{"taxonomy":"product_cat","embeddable":true,"href":"https:\/\/www.lanrel.pl\/pl\/wp-json\/wp\/v2\/product_cat?post=7525"},{"taxonomy":"product_tag","embeddable":true,"href":"https:\/\/www.lanrel.pl\/pl\/wp-json\/wp\/v2\/product_tag?post=7525"}],"curies":[{"name":"wp","href":"https:\/\/api.w.org\/{rel}","templated":true}]}}