{"id":7515,"date":"2025-10-21T15:22:55","date_gmt":"2025-10-21T13:22:55","guid":{"rendered":"https:\/\/lanrel.eu\/?post_type=product&#038;p=7515"},"modified":"2025-10-21T20:54:24","modified_gmt":"2025-10-21T18:54:24","slug":"royal-canin-rottweiler-adult-karma-sucha-12kg","status":"publish","type":"product","link":"https:\/\/www.lanrel.pl\/pl\/produkt\/royal-canin-rottweiler-adult-karma-sucha-12kg\/","title":{"rendered":"ROYAL CANIN\u00ae Rottweiler Adult karma sucha 12kg"},"content":{"rendered":"<h4>Zalety<\/h4>\n<ul>\n<li>Ochrona serca<\/li>\n<li>Idealna masa mi\u0119\u015bniowa<\/li>\n<li>Zdrowe ko\u015bci i stawy<\/li>\n<li>Specjalnie opracowany krokiet: brachycefaliczna budowa szcz\u0119ki<\/li>\n<\/ul>\n<p><strong>\u00a0<\/strong>Rottweilery to zr\u00f3wnowa\u017cone i pewne siebie psy, oddane i ch\u0119tne do wsp\u00f3\u0142pracy z cz\u0142owiekiem. Atletyczna sylwetka i mocna muskulatura to charakterystyczne cechy tych aktywnych i wytrzyma\u0142ych ps\u00f3w. Poniewa\u017c ka\u017cda rasa jest wyj\u0105tkowa, bardzo wa\u017cne jest podawanie twojemu rottweilerowi karmy zawieraj\u0105cej sk\u0142adniki pokarmowe wspomagaj\u0105ce jego zdrowie.<\/p>\n<p>Karma ROYAL CANIN\u00ae Rottweiler Adult, przeznaczona dla ps\u00f3w rasy rottweiler powy\u017cej 18 miesi\u0105ca \u017cycia, zosta\u0142a opracowana specjalnie pod k\u0105tem potrzeb Twojego doros\u0142ego psa.<\/p>\n<p>Przeciwdzia\u0142anie efektom procesu starzenia, jest niezwykle istotne ju\u017c od osi\u0105gniecia doros\u0142o\u015b\u0107, szczeg\u00f3lnie u ps\u00f3w ras du\u017cych, takich jak tw\u00f3j, Szczeg\u00f3lnie wa\u017cne jest dbanie o zdrowie serca twojego rottweilera<\/p>\n<p>Karma ROYAL CANIN\u00ae Rottweiler Adult zawiera specjalne sk\u0142adniki pokarmowe, takie jak tauryna i kwasy t\u0142uszczowe omega 3 EPA i DHA, sprzyjaj\u0105ce wspomaganie pracy serca.<\/p>\n<p>Muskularna i silna budowa cia\u0142a rottweilera wymaga odpowiedniej poda\u017cy bia\u0142ka w diecie. Jednak, bez odpowiednich \u0107wicze\u0144 u ps\u00f3w tej rasy szybko dochodzi do rozwoju nadwagi. Dlatego zadbanie zar\u00f3wno o prawid\u0142ow\u0105 diet\u0119, jak i regularn\u0105 aktywno\u015b\u0107 fizyczn\u0105 jest kluczowe dla zdrowia twojego rottweilera.<\/p>\n<p>Karma ROYAL CANIN\u00ae Rottweiler Adult zapewnia optymalne napi\u0119cie mi\u0119\u015bniowe oraz utrzymanie prawid\u0142owej masy cia\u0142a, dzi\u0119ki precyzyjnemu dostosowaniu poziomu bia\u0142ka i dodatkowi L-karnityny. Dok\u0142adne odmierzanie porcji karmy nale\u017cy po\u0142\u0105czy\u0107 z odpowiednia ilo\u015bci\u0105 ruchu.<\/p>\n<p>Zar\u00f3wno podczas pracy, jak i na codziennych spacerach rottweilery s\u0105 pe\u0142ne entuzjazmu i bardzo aktywne, co oznacza, \u017ce wymagaj\u0105 diety bogatej w sk\u0142adniki pokarmowe wspomagaj\u0105ce ich stawy i ko\u015bci.<\/p>\n<p>Dlatego ROYAL CANIN\u00ae Rottweiler Adult to karma wzbogacona w kwasy t\u0142uszczowe omega 3 EPA i DHA o korzystnym dzia\u0142aniu na zdrowie ko\u015bci i staw\u00f3w.<\/p>\n<p>Ponadto, krokiety ROYAL CANIN\u00ae Rottweiler Adult zosta\u0142y opracowane specjalnie by u\u0142atwia\u0107 psu chwytanie karmy oraz zach\u0119ca\u0107 do dok\u0142adnego rozgryzania. Sprzyja to uczuciu syto\u015bci, a co z tym idzie utrzymaniu prawid\u0142owej masy cia\u0142a.<\/p>\n<p>W firmie ROYAL CANIN\u00ae intensywnie pracujemy nad dostarczaniem rozwi\u0105za\u0144 \u017cywieniowych najlepiej dostosowanych do potrzeb zwierz\u0105t. Wszystkie nasze produkty przechodz\u0105 dok\u0142adny proces kontroli jako\u015bci, gwarantuj\u0105cy najwy\u017csz\u0105 jako\u015b\u0107 karmy oraz pe\u0142ne pokrycie zapotrzebowania pokarmowego, odpowiednio do trybu \u017cycia Twojego psa. Oznacza to, \u017ce podaj\u0105c swojemu psu karm\u0119 ROYAL CANIN\u00ae Rottweiler Adult dostarczasz mu kompletn\u0105 i doskonale zbilansowan\u0105 diet\u0119.<\/p>\n<p>* L.I.P.: bia\u0142ko wyselekcjonowane ze wzgl\u0119du na bardzo wysok\u0105 strawno\u015b\u0107.<\/p>\n<h4>SK\u0141AD:<\/h4>\n<p>ry\u017c, suszone bia\u0142ko drobiowe, t\u0142uszcze zwierz\u0119ce, izolat bia\u0142ka ro\u015blinnego*, kukurydza, hydrolizat bia\u0142ka zwierz\u0119cego, w\u0142\u00f3kno ro\u015blinne, olej rybny, pulpa buraczana, olej sojowy, sole mineralne, suszone pomidory, wyci\u0105g z dro\u017cd\u017cy (\u017ar\u00f3d\u0142o mannooligosacharyd\u00f3w), hydrolizat skorupiak\u00f3w (\u017ar\u00f3d\u0142o glukozaminy), wyci\u0105g z aksamitki wzniesionej (\u017ar\u00f3d\u0142o luteiny), hydrolizat chrz\u0105stki (\u017ar\u00f3d\u0142o chondroityny).<\/p>\n<h4>DODATKI (na 1 kg karmy):<\/h4>\n<p>Witamina A: 28500 IU, Witamina D3: 800 IU, E1 (\u017belazo): 59 mg, E2 (Jod): 5,2 mg, E4 (Mied\u017a): 14 mg, E5 (Mangan): 66 mg, E6 (Cynk): 138 mg, E8 (Selen): 0,16 mg, L-karnityna: 830 mg &#8211; Dodatki technologiczne: Klinoptylolit pochodzenia osadowego: 10 g &#8211; Dodatki sensoryczne: Wyci\u0105g z herbaty (\u017ar\u00f3d\u0142o polifenoli): 150 mg &#8211; Konserwanty &#8211; Przeciwutleniacze.<\/p>\n<h4><strong>SPOS\u00d3B U\u017bYCIA:<\/strong><\/h4>\n<p>patrz tabela.<\/p>\n<p>Najlepiej wykorzysta\u0107 przed: patrz data wa\u017cno\u015bci. Data wa\u017cno\u015bci, numer partii i numer rejestracyjny zak\u0142adu znajduj\u0105 si\u0119 na opakowaniu. Przechowywa\u0107 w suchym i ch\u0142odnym miejscu.<\/p>\n<table style=\"height: 1232px;\" width=\"1073\">\n<thead>\n<tr>\n<td>\n<p style=\"text-align: center;\"><strong>Masa cia\u0142a psa (kg)<\/strong><\/p>\n<\/td>\n<td style=\"text-align: center;\"><strong>Niska aktywno\u015b\u0107<\/strong><\/td>\n<td style=\"text-align: center;\"><strong>Normalna aktywno\u015b\u0107<\/strong><\/td>\n<td>\n<p style=\"text-align: center;\"><strong>Wysoka aktywno\u015b\u0107<\/strong><\/p>\n<\/td>\n<\/tr>\n<\/thead>\n<tbody>\n<tr>\n<td>\n<p style=\"text-align: center;\">&#8211;<\/p>\n<\/td>\n<td style=\"text-align: center;\">(g)<\/td>\n<td style=\"text-align: center;\">(g)<\/td>\n<td>\n<p style=\"text-align: center;\">(g)<\/p>\n<\/td>\n<\/tr>\n<tr>\n<td>\n<p style=\"text-align: center;\">38 kg<\/p>\n<\/td>\n<td style=\"text-align: center;\">364 g<\/td>\n<td style=\"text-align: center;\">479 g<\/td>\n<td style=\"text-align: center;\">555 g<\/td>\n<\/tr>\n<tr>\n<td style=\"text-align: center;\">39 kg<\/td>\n<td style=\"text-align: center;\">371 g<\/td>\n<td style=\"text-align: center;\">488 g<\/td>\n<td>\n<p style=\"text-align: center;\">566 g<\/p>\n<\/td>\n<\/tr>\n<tr>\n<td>\n<p style=\"text-align: center;\">40 kg<\/p>\n<\/td>\n<td style=\"text-align: center;\">378 g<\/td>\n<td style=\"text-align: center;\">497 g<\/td>\n<td style=\"text-align: center;\">577 g<\/td>\n<\/tr>\n<tr>\n<td>\n<p style=\"text-align: center;\">41 kg<\/p>\n<\/td>\n<td style=\"text-align: center;\">385 g<\/td>\n<td style=\"text-align: center;\">507 g<\/td>\n<td>\n<p style=\"text-align: center;\">588 g<\/p>\n<\/td>\n<\/tr>\n<tr>\n<td style=\"text-align: center;\">42 kg<\/td>\n<td style=\"text-align: center;\">392 g<\/td>\n<td style=\"text-align: center;\">516 g<\/td>\n<td>\n<p style=\"text-align: center;\">599 g<\/p>\n<\/td>\n<\/tr>\n<tr>\n<td>\n<p style=\"text-align: center;\">43 kg<\/p>\n<\/td>\n<td style=\"text-align: center;\">399 g<\/td>\n<td style=\"text-align: center;\">525 g<\/td>\n<td style=\"text-align: center;\">609 g<\/td>\n<\/tr>\n<tr>\n<td style=\"text-align: center;\">44 kg<\/td>\n<td style=\"text-align: center;\">406 g<\/td>\n<td style=\"text-align: center;\">534 g<\/td>\n<td>\n<p style=\"text-align: center;\">620 g<\/p>\n<\/td>\n<\/tr>\n<tr>\n<td>\n<p style=\"text-align: center;\">45 kg<\/p>\n<\/td>\n<td style=\"text-align: center;\">413 g<\/td>\n<td style=\"text-align: center;\">543 g<\/td>\n<td style=\"text-align: center;\">630 g<\/td>\n<\/tr>\n<tr>\n<td style=\"text-align: center;\">46 kg<\/td>\n<td style=\"text-align: center;\">420 g<\/td>\n<td style=\"text-align: center;\">552 g<\/td>\n<td>\n<p style=\"text-align: center;\">641 g<\/p>\n<\/td>\n<\/tr>\n<tr>\n<td>\n<p style=\"text-align: center;\">47 kg<\/p>\n<\/td>\n<td style=\"text-align: center;\">427 g<\/td>\n<td style=\"text-align: center;\">561 g<\/td>\n<td style=\"text-align: center;\">651 g<\/td>\n<\/tr>\n<tr>\n<td style=\"text-align: center;\">48 kg<\/td>\n<td style=\"text-align: center;\">433 g<\/td>\n<td style=\"text-align: center;\">570 g<\/td>\n<td>\n<p style=\"text-align: center;\">662 g<\/p>\n<\/td>\n<\/tr>\n<tr>\n<td>\n<p style=\"text-align: center;\">49 kg<\/p>\n<\/td>\n<td style=\"text-align: center;\">440 g<\/td>\n<td style=\"text-align: center;\">579 g<\/td>\n<td style=\"text-align: center;\">672 g<\/td>\n<\/tr>\n<tr>\n<td style=\"text-align: center;\">50 kg<\/td>\n<td style=\"text-align: center;\">447 g<\/td>\n<td style=\"text-align: center;\">588 g<\/td>\n<td>\n<p style=\"text-align: center;\">682 g<\/p>\n<\/td>\n<\/tr>\n<tr>\n<td>\n<p style=\"text-align: center;\">52 kg<\/p>\n<\/td>\n<td style=\"text-align: center;\">460 g<\/td>\n<td style=\"text-align: center;\">606 g<\/td>\n<td style=\"text-align: center;\">702 g<\/td>\n<\/tr>\n<tr>\n<td style=\"text-align: center;\">54 kg<\/td>\n<td style=\"text-align: center;\">473 g<\/td>\n<td style=\"text-align: center;\">623 g<\/td>\n<td>\n<p style=\"text-align: center;\">723 g<\/p>\n<\/td>\n<\/tr>\n<tr>\n<td>\n<p style=\"text-align: center;\">56 kg<\/p>\n<\/td>\n<td style=\"text-align: center;\">487 g<\/td>\n<td style=\"text-align: center;\">640 g<\/td>\n<td style=\"text-align: center;\">743 g<\/td>\n<\/tr>\n<tr>\n<td>\n<p style=\"text-align: center;\">58 kg<\/p>\n<\/td>\n<td style=\"text-align: center;\">500 g<\/td>\n<td style=\"text-align: center;\">657 g<\/td>\n<td>\n<p style=\"text-align: center;\">762 g<\/p>\n<\/td>\n<\/tr>\n<tr>\n<td style=\"text-align: center;\">60 kg<\/td>\n<td style=\"text-align: center;\">512 g<\/td>\n<td style=\"text-align: center;\">674 g<\/td>\n<td>\n<p style=\"text-align: center;\">782 g<\/p>\n<\/td>\n<\/tr>\n<\/tbody>\n<\/table>\n<p>&nbsp;<\/p>","protected":false},"excerpt":{"rendered":"<p>Karma dla doros\u0142ych (od 18 miesi\u0119cy) ps\u00f3w rasy Rottweiler.<\/p>\n<p>Marka: Royal Canin<\/p>\n<p>Dla jakiego pupila:Pies<\/p>\n<p><span class=\"ty-product-feature__label\">Wielko\u015b\u0107 pupila: Rasy du\u017ce<\/span><\/p>\n<p>Faza \u017cycia: Doros\u0142y<\/p>","protected":false},"featured_media":7524,"comment_status":"open","ping_status":"closed","template":"","meta":{"om_disable_all_campaigns":false,"inline_featured_image":false},"product_brand":[],"product_cat":[27,97,95],"product_tag":[],"class_list":{"0":"post-7515","1":"product","2":"type-product","3":"status-publish","4":"has-post-thumbnail","6":"product_cat-dog-food","7":"product_cat-psy-rasowe","8":"product_cat-royal-canin-dog-food","10":"first","11":"outofstock","12":"taxable","13":"shipping-taxable","14":"purchasable","15":"product-type-simple"},"_links":{"self":[{"href":"https:\/\/www.lanrel.pl\/pl\/wp-json\/wp\/v2\/product\/7515","targetHints":{"allow":["GET"]}}],"collection":[{"href":"https:\/\/www.lanrel.pl\/pl\/wp-json\/wp\/v2\/product"}],"about":[{"href":"https:\/\/www.lanrel.pl\/pl\/wp-json\/wp\/v2\/types\/product"}],"replies":[{"embeddable":true,"href":"https:\/\/www.lanrel.pl\/pl\/wp-json\/wp\/v2\/comments?post=7515"}],"wp:featuredmedia":[{"embeddable":true,"href":"https:\/\/www.lanrel.pl\/pl\/wp-json\/wp\/v2\/media\/7524"}],"wp:attachment":[{"href":"https:\/\/www.lanrel.pl\/pl\/wp-json\/wp\/v2\/media?parent=7515"}],"wp:term":[{"taxonomy":"product_brand","embeddable":true,"href":"https:\/\/www.lanrel.pl\/pl\/wp-json\/wp\/v2\/product_brand?post=7515"},{"taxonomy":"product_cat","embeddable":true,"href":"https:\/\/www.lanrel.pl\/pl\/wp-json\/wp\/v2\/product_cat?post=7515"},{"taxonomy":"product_tag","embeddable":true,"href":"https:\/\/www.lanrel.pl\/pl\/wp-json\/wp\/v2\/product_tag?post=7515"}],"curies":[{"name":"wp","href":"https:\/\/api.w.org\/{rel}","templated":true}]}}