{"id":7506,"date":"2025-10-21T14:56:00","date_gmt":"2025-10-21T12:56:00","guid":{"rendered":"https:\/\/lanrel.eu\/?post_type=product&#038;p=7506"},"modified":"2025-10-21T20:54:49","modified_gmt":"2025-10-21T18:54:49","slug":"royal-canin-pug-adult-karma-sucha-1-5-kg","status":"publish","type":"product","link":"https:\/\/www.lanrel.pl\/pl\/produkt\/royal-canin-pug-adult-karma-sucha-1-5-kg\/","title":{"rendered":"ROYAL CANIN\u00ae Pug Adult karma sucha 1.5 kg"},"content":{"rendered":"<h4>Zalety<\/h4>\n<ul>\n<li>Zdrowa sk\u00f3ra<\/li>\n<li>Optymalne napi\u0119cie mi\u0119\u015bni<\/li>\n<li>Prawid\u0142owa masa cia\u0142a<\/li>\n<li>Specjalnie opracowany krokiet: budowa brachycefaliczna<\/li>\n<\/ul>\n<p><strong>\u00a0<\/strong>Ka\u017cda rasa ma swoje unikalne potrzeby pokarmowe, dlatego tak wa\u017cne jest podawanie twojemu mopsowi karmy zawieraj\u0105cej sk\u0142adniki pokarmowe wspomagaj\u0105ce jego zdrowie.<\/p>\n<p>Karma ROYAL CANIN\u00ae Pug Adult, przeznaczona dla ps\u00f3w rasy mops powy\u017cej 10 miesi\u0105ca \u017cycia, zosta\u0142a opracowana specjalnie pod k\u0105tem potrzeb Twojego doros\u0142ego psa.<\/p>\n<p>Kr\u00f3tka sier\u015b\u0107 mopsa dobrze uwidacznia pofa\u0142dowan\u0105 sk\u00f3r\u0119, zw\u0142aszcza w okolicy g\u0142owy. Fa\u0142dy powoduj\u0105 niekorzystne miejscowe przegrzewanie sk\u00f3ry i gromadzenie si\u0119 wilgoci w zag\u0142\u0119bianiach, dlatego tak wa\u017cne jest podawanie twojemu psu diety wspomagaj\u0105cej zdrowie sk\u00f3ry.<\/p>\n<p>Unikalna receptura karmy ROYAL CANIN\u00ae Pug Adult wspomaga zdrowie sk\u00f3ry i jej rol\u0119 jako bariery, g\u0142\u00f3wnie dzi\u0119ki zastosowaniu kwas\u00f3w t\u0142uszczowych omega 3, takich jak EPA i DHA.<\/p>\n<p>Budowa mopsa jest bardzo zwarta, a kr\u0119pa sylwetka wpisuje si\u0119 niemal w kwadrat tu\u0142\u00f3w. Utrzymanie muskulatury ps\u00f3w tej rasy wymaga regularnych \u0107wicze\u0144 o umiarkowanym nasileniu.<\/p>\n<p>Odpowiednia dieta, dzi\u0119ki specjalnym sk\u0142adnikom pokarmowym ma r\u00f3wnie\u017c korzystny wp\u0142yw na kondycj\u0119 cia\u0142a. Karma ROYAL CANIN\u00ae Pug Adult zawiera optymalne proporcje sk\u0142adnik\u00f3w pokarmowych wspomagaj\u0105cych prawid\u0142owe napi\u0119cie mi\u0119\u015bni i zachowanie prawid\u0142owej masy cia\u0142a.<\/p>\n<p>Ponadto, krokiety ROYAL CANIN\u00ae Pug Adult zosta\u0142y zaprojektowane specjalnie dla ps\u00f3w rasy mops.<\/p>\n<p>Budowa mopsa jest specyficzna: du\u017ca g\u0142owa oraz kr\u00f3tki, zwarty i umi\u0119\u015bniony tu\u0142\u00f3w. Silnie skr\u00f3cona czaszka utrudnia chwytanie jedzenia. Mopsy maj\u0105 r\u00f3wnie\u017c tendencj\u0119 do \u0142apczywego jedzenia, i po\u0142ykania kawa\u0142k\u00f3w bez dok\u0142adnego rozgryzania.<\/p>\n<p>Kszta\u0142t i rozmiar krokiet\u00f3w ROYAL CANIN\u00ae Pug Adult u\u0142atwiaj\u0105 psom tej rasy uchwycenie karmy oraz zach\u0119caj\u0105 do dok\u0142adnego rozgryzania.<\/p>\n<p>W firmie ROYAL CANIN\u00ae intensywnie pracujemy nad dostarczaniem rozwi\u0105za\u0144 \u017cywieniowych najlepiej dostosowanych do potrzeb zwierz\u0105t. Wszystkie nasze produkty przechodz\u0105 dok\u0142adny proces kontroli jako\u015bci, gwarantuj\u0105cy najwy\u017csz\u0105 jako\u015b\u0107 karmy oraz pe\u0142ne pokrycie zapotrzebowania pokarmowego, odpowiednio do trybu \u017cycia Twojego psa. Oznacza to, \u017ce podaj\u0105c swojemu psu karm\u0119 ROYAL CANIN\u00ae Pug Adult dostarczasz mu kompletn\u0105 i doskonale zbilansowan\u0105 diet\u0119.<\/p>\n<h4><strong>SK\u0141AD:<\/strong><\/h4>\n<p>ry\u017c, suszone bia\u0142ka drobiowe, m\u0105ka kukurydziana, t\u0142uszcze zwierz\u0119ce, kukurydza, m\u0105ka pszenna, gluten kukurydziany, gluten pszenny*, hydrolizowane bia\u0142ka zwierz\u0119ce, wys\u0142odki buraczane, minera\u0142y, w\u0142\u00f3kno ro\u015blinne, olej z ryb, olej sojowy, fruktooligosacharydy, olej z og\u00f3recznika, glukozamina uzyskana z fermentacji, m\u0105czka z aksamitki, hydrolizowana chrz\u0105stka (\u017ar\u00f3d\u0142o chondroityny).<br \/>\n*L.I.P.: bia\u0142ko wyselekcjonowane ze wzgl\u0119du na bardzo wysok\u0105 strawno\u015b\u0107.<\/p>\n<h4><strong>DODATKI\u00a0<\/strong>(na 1 kg karmy):<\/h4>\n<p>Witamina A: 29500 UI, Witamina D3: 800 UI, \u017belazo (3b103): 44 mg, Jod (3b201, 3b202): 4,4 mg, Mied\u017a (3b405, 3b406): 14 mg, Mangan (3b502, 3b504): 58 mg, Cynk (3b603, 3b605, 3b606): 139 mg, Selen (3b801, 3b811, 3b812): 0,1 mg &#8211; Dodatki technologiczne: Klinoptylolit pochodzenia osadowego: 10 g &#8211; Konserwanty &#8211; Przeciwutleniacze.<\/p>\n<p><strong>SK\u0141ADNIKI ANALITYCZNE:<\/strong><\/p>\n<p>Bia\u0142ko surowe:\u00a025,0%\u00a0&#8211;\u00a0W\u0142\u00f3kno surowe:\u00a02,0%\u00a0&#8211;\u00a0Oleje i t\u0142uszcze surowe:\u00a016,0%\u00a0&#8211;\u00a0Popi\u00f3\u0142 surowy:\u00a05,8%\u00a0&#8211;\u00a0EPA\/DHA:\u00a00,3%.<\/p>\n<p><strong>SPOS\u00d3B U\u017bYCIA:<\/strong><\/p>\n<p>patrz tabela.<\/p>\n<p>Najlepiej wykorzysta\u0107 przed: patrz data wa\u017cno\u015bci. Data wa\u017cno\u015bci, numer partii i numer rejestracyjny zak\u0142adu znajduj\u0105 si\u0119 na opakowaniu. Przechowywa\u0107 w suchym i ch\u0142odnym miejscu.<\/p>\n<table style=\"height: 244px;\" width=\"1045\">\n<thead>\n<tr>\n<td><strong>Aktywno\u015b\u0107<\/strong><\/td>\n<td><strong>Waga 6 kg<\/strong><\/td>\n<td><strong>Waga 7 kg<\/strong><\/td>\n<td><strong>Waga 8 kg<\/strong><\/td>\n<td><strong>Waga 9 kg<\/strong><\/td>\n<td><strong>Waga 10 kg<\/strong><\/td>\n<\/tr>\n<\/thead>\n<tbody>\n<tr>\n<td>Zredukowana<\/td>\n<td>110 g<\/td>\n<td>120 g<\/td>\n<td>135 g<\/td>\n<td>145 g<\/td>\n<td>160 g<\/td>\n<\/tr>\n<tr>\n<td>Normalna<\/td>\n<td>120 g<\/td>\n<td>135 g<\/td>\n<td>150 g<\/td>\n<td>160 g<\/td>\n<td>175 g<\/td>\n<\/tr>\n<tr>\n<td>Podwy\u017cszona<\/td>\n<td>135 g<\/td>\n<td>150 g<\/td>\n<td>165 g<\/td>\n<td>180 g<\/td>\n<td>195 g<\/td>\n<\/tr>\n<\/tbody>\n<\/table>\n<p>&nbsp;<\/p>","protected":false},"excerpt":{"rendered":"<p>Karma idealnie dostosowana do potrzeb ps\u00f3w doros\u0142ych rasy mops, powy\u017cej 10 miesi\u0105ca \u017cycia.<\/p>\n<p>Marka: Royal Canin<\/p>\n<p>Dla jakiego pupila:Pies<\/p>\n<p><span class=\"ty-product-feature__label\">Wielko\u015b\u0107 pupila:Rasy ma\u0142e<\/span><\/p>\n<p>Faza \u017cycia:Doros\u0142y<\/p>","protected":false},"featured_media":7514,"comment_status":"open","ping_status":"closed","template":"","meta":{"om_disable_all_campaigns":false,"inline_featured_image":false},"product_brand":[],"product_cat":[27,97,95],"product_tag":[],"class_list":{"0":"post-7506","1":"product","2":"type-product","3":"status-publish","4":"has-post-thumbnail","6":"product_cat-dog-food","7":"product_cat-psy-rasowe","8":"product_cat-royal-canin-dog-food","10":"first","11":"outofstock","12":"taxable","13":"shipping-taxable","14":"purchasable","15":"product-type-simple"},"_links":{"self":[{"href":"https:\/\/www.lanrel.pl\/pl\/wp-json\/wp\/v2\/product\/7506","targetHints":{"allow":["GET"]}}],"collection":[{"href":"https:\/\/www.lanrel.pl\/pl\/wp-json\/wp\/v2\/product"}],"about":[{"href":"https:\/\/www.lanrel.pl\/pl\/wp-json\/wp\/v2\/types\/product"}],"replies":[{"embeddable":true,"href":"https:\/\/www.lanrel.pl\/pl\/wp-json\/wp\/v2\/comments?post=7506"}],"wp:featuredmedia":[{"embeddable":true,"href":"https:\/\/www.lanrel.pl\/pl\/wp-json\/wp\/v2\/media\/7514"}],"wp:attachment":[{"href":"https:\/\/www.lanrel.pl\/pl\/wp-json\/wp\/v2\/media?parent=7506"}],"wp:term":[{"taxonomy":"product_brand","embeddable":true,"href":"https:\/\/www.lanrel.pl\/pl\/wp-json\/wp\/v2\/product_brand?post=7506"},{"taxonomy":"product_cat","embeddable":true,"href":"https:\/\/www.lanrel.pl\/pl\/wp-json\/wp\/v2\/product_cat?post=7506"},{"taxonomy":"product_tag","embeddable":true,"href":"https:\/\/www.lanrel.pl\/pl\/wp-json\/wp\/v2\/product_tag?post=7506"}],"curies":[{"name":"wp","href":"https:\/\/api.w.org\/{rel}","templated":true}]}}