{"id":7497,"date":"2025-10-21T14:28:46","date_gmt":"2025-10-21T12:28:46","guid":{"rendered":"https:\/\/lanrel.eu\/?post_type=product&#038;p=7497"},"modified":"2025-10-23T19:36:11","modified_gmt":"2025-10-23T17:36:11","slug":"royal-canin-poodle-adult-karma-sucha-1-5-kg","status":"publish","type":"product","link":"https:\/\/www.lanrel.pl\/pl\/produkt\/royal-canin-poodle-adult-karma-sucha-1-5-kg\/","title":{"rendered":"ROYAL CANIN\u00ae Poodle Adult karma sucha 1.5 kg"},"content":{"rendered":"<h4>Zalety<\/h4>\n<ul>\n<li>Zdrowie sier\u015bci<\/li>\n<li>Zdrowe z\u0119by<\/li>\n<li>Optymalne napi\u0119cie mi\u0119\u015bni<\/li>\n<li>Specjalnie opracowany krokiet<\/li>\n<\/ul>\n<p><strong>\u00a0<\/strong>Niezwykle inteligentny, czujny i aktywny pudel jest doskona\u0142ym kompanem. D\u0142ugie uszy i pi\u0119kna, kr\u0119cona sier\u015b\u0107 sprawiaj\u0105, \u017ce psy tej rasy \u0142\u0105cz\u0105 w sobie r\u00f3wnie\u017c elegancj\u0119 i dum\u0119. Jak ka\u017cda rasa maj\u0105 specyficzne potrzeby pokarmowe, dlatego wyb\u00f3r karmy jest tak wa\u017cny dla twojego pudla.<\/p>\n<p>Aby wspiera\u0107 zdrowie ps\u00f3w linia karm ROYAL CANIN\u00ae\u2019s Breed Health Nutrition pokrywa specyficzne potrzeby pokarmowe poszczeg\u00f3lnych ras.<\/p>\n<p>Karma ROYAL CANIN\u00ae Poodle Adult zosta\u0142a opracowana specjalnie pod k\u0105tem potrzeb twojego psa.<\/p>\n<p>Charakterystyczna, delikatna, lekka i kr\u0119cona sier\u015b\u0107 pudla jest we\u0142nista i szybko odrasta. Dlatego karma ROYAL CANIN\u00ae Poodle Adult zawiera kwasy t\u0142uszczowe omega 3 takie jak EPA i DHA oraz omega 6 z oleju z og\u00f3recznika. Te sk\u0142adniki pokarmowe wraz z optymalnym poziomem bia\u0142ka wspomagaj\u0105 procesy wzrostu zdrowego, pi\u0119knego w\u0142osa.<\/p>\n<p>Zastosowanie w karmie ROYAL CANIN\u00ae Poodle Adult zwi\u0105zk\u00f3w wi\u0105\u017c\u0105cych wap\u0144 (chelatuj\u0105cych) sprzyja higienie jamy ustnej i hamuje powstawanie kamienia naz\u0119bnego.<\/p>\n<p>Ponadto, receptura karmy pomaga utrzyma\u0107 prawid\u0142owe napi\u0119cie mi\u0119\u015bni u ps\u00f3w rasy pudel.<\/p>\n<p>W firmie ROYAL CANIN\u00ae intensywnie pracujemy nad dostarczaniem rozwi\u0105za\u0144 \u017cywieniowych najlepiej dostosowanych do potrzeb zwierz\u0105t. Wszystkie nasze produkty przechodz\u0105 dok\u0142adny proces kontroli jako\u015bci, gwarantuj\u0105cy najwy\u017csz\u0105 jako\u015b\u0107 karmy oraz pe\u0142ne pokrycie zapotrzebowania pokarmowego, odpowiednio do trybu \u017cycia Twojego psa. Oznacza to, \u017ce podaj\u0105c swojemu psu karm\u0119 ROYAL CANIN\u00ae Poodle Adult dostarczasz mu kompletn\u0105 i doskonale zbilansowan\u0105 diet\u0119.<\/p>\n<h4><strong>SK\u0141AD:<\/strong><\/h4>\n<p>kukurydza, suszone bia\u0142ka drobiowe, gluten pszenny*, t\u0142uszcze zwierz\u0119ce, ry\u017c, m\u0105ka kukurydziana, gluten kukurydziany, hydrolizowane bia\u0142ka zwierz\u0119ce, wys\u0142odki buraczane, minera\u0142y (w tym trifosforan pentasodowy (0,35%)), olej sojowy, w\u0142\u00f3kno ro\u015blinne, olej z ryb, produkty dro\u017cd\u017cy, fruktooligosacharydy, olej z og\u00f3recznika (0,1%), glukozamina uzyskana z fermentacji, m\u0105czka z aksamitki, hydrolizowana chrz\u0105stka (\u017ar\u00f3d\u0142o chondroityny).<\/p>\n<p>*L.I.P.: bia\u0142ko wyselekcjonowane ze wzgl\u0119du na bardzo wysok\u0105 strawno\u015b\u0107.<\/p>\n<h4>\u00a0<strong>DODATKI\u00a0<\/strong>(na 1 kg karmy):<\/h4>\n<p>Witamina A: 29700 UI, Witamina D3: 800 UI, \u017belazo (3b103): 40 mg, Jod (3b201, 3b202): 4 mg, Mied\u017a (3b405, 3b406): 12 mg, Mangan (3b502, 3b504): 53 mg, Cynk (3b603, 3b605, 3b606): 139 mg, Selen (3b801, 3b811, 3b812): 0,09 mg &#8211; Dodatki technologiczne: Klinoptylolit pochodzenia osadowego: 5 g &#8211; Konserwanty &#8211; Przeciwutleniacze.<\/p>\n<p><strong>SK\u0141ADNIKI ANALITYCZNE:<\/strong><\/p>\n<p>Bia\u0142ko surowe:\u00a030,0%\u00a0&#8211;\u00a0W\u0142\u00f3kno surowe:\u00a02,1%\u00a0&#8211;\u00a0Oleje i t\u0142uszcze surowe:\u00a019,0%\u00a0&#8211;\u00a0Popi\u00f3\u0142 surowy:\u00a05,5%\u00a0&#8211;\u00a0Kwasy t\u0142uszczowe omega-3:\u00a00,8%\u00a0&#8211;\u00a0EPA\/DHA:\u00a00,3%.<\/p>\n<p><strong>SPOS\u00d3B U\u017bYCIA:<\/strong><\/p>\n<p>patrz tabela.\u00a0Najlepiej wykorzysta\u0107 przed: patrz data wa\u017cno\u015bci. Data wa\u017cno\u015bci, numer partii i numer rejestracyjny zak\u0142adu znajduj\u0105 si\u0119 na opakowaniu.\u00a0Przechowywa\u0107 w suchym i ch\u0142odnym miejscu.<\/p>\n<table style=\"height: 419px;\" width=\"1068\">\n<thead>\n<tr>\n<td><strong>Waga psa<\/strong><\/td>\n<td><strong>Normalna aktywno\u015b\u0107<\/strong><\/td>\n<td><strong>Podwy\u017cszona aktywno\u015b\u0107<\/strong><\/td>\n<\/tr>\n<\/thead>\n<tbody>\n<tr>\n<td>2 kg<\/td>\n<td>39 g<\/td>\n<td>45 g<\/td>\n<\/tr>\n<tr>\n<td>4 kg<\/td>\n<td>66 g<\/td>\n<td>76 g<\/td>\n<\/tr>\n<tr>\n<td>6 kg<\/td>\n<td>89 g<\/td>\n<td>104 g<\/td>\n<\/tr>\n<tr>\n<td>8 kg<\/td>\n<td>111 g<\/td>\n<td>128 g<\/td>\n<\/tr>\n<tr>\n<td>10 kg<\/td>\n<td>131 g<\/td>\n<td>152 g<\/td>\n<\/tr>\n<tr>\n<td>12 kg<\/td>\n<td>150 g<\/td>\n<td>174 g<\/td>\n<\/tr>\n<\/tbody>\n<\/table>","protected":false},"excerpt":{"rendered":"<p>Karma sucha dla doros\u0142ych ps\u00f3w rasy Pudel.<\/p>\n<p>Marka: Royal Canin<\/p>\n<p>Dla jakiego pupila:Pies<\/p>\n<p><span class=\"ty-product-feature__label\">Wielko\u015b\u0107 pupila:Rasy ma\u0142e<\/span><\/p>\n<p>Faza \u017cycia:Doros\u0142y<\/p>","protected":false},"featured_media":7505,"comment_status":"open","ping_status":"closed","template":"","meta":{"om_disable_all_campaigns":false,"inline_featured_image":false},"product_brand":[],"product_cat":[27,97,95],"product_tag":[],"class_list":{"0":"post-7497","1":"product","2":"type-product","3":"status-publish","4":"has-post-thumbnail","6":"product_cat-dog-food","7":"product_cat-psy-rasowe","8":"product_cat-royal-canin-dog-food","10":"first","11":"outofstock","12":"taxable","13":"shipping-taxable","14":"purchasable","15":"product-type-simple"},"_links":{"self":[{"href":"https:\/\/www.lanrel.pl\/pl\/wp-json\/wp\/v2\/product\/7497","targetHints":{"allow":["GET"]}}],"collection":[{"href":"https:\/\/www.lanrel.pl\/pl\/wp-json\/wp\/v2\/product"}],"about":[{"href":"https:\/\/www.lanrel.pl\/pl\/wp-json\/wp\/v2\/types\/product"}],"replies":[{"embeddable":true,"href":"https:\/\/www.lanrel.pl\/pl\/wp-json\/wp\/v2\/comments?post=7497"}],"wp:featuredmedia":[{"embeddable":true,"href":"https:\/\/www.lanrel.pl\/pl\/wp-json\/wp\/v2\/media\/7505"}],"wp:attachment":[{"href":"https:\/\/www.lanrel.pl\/pl\/wp-json\/wp\/v2\/media?parent=7497"}],"wp:term":[{"taxonomy":"product_brand","embeddable":true,"href":"https:\/\/www.lanrel.pl\/pl\/wp-json\/wp\/v2\/product_brand?post=7497"},{"taxonomy":"product_cat","embeddable":true,"href":"https:\/\/www.lanrel.pl\/pl\/wp-json\/wp\/v2\/product_cat?post=7497"},{"taxonomy":"product_tag","embeddable":true,"href":"https:\/\/www.lanrel.pl\/pl\/wp-json\/wp\/v2\/product_tag?post=7497"}],"curies":[{"name":"wp","href":"https:\/\/api.w.org\/{rel}","templated":true}]}}