{"id":7486,"date":"2025-10-21T10:34:10","date_gmt":"2025-10-21T08:34:10","guid":{"rendered":"https:\/\/lanrel.eu\/?post_type=product&#038;p=7486"},"modified":"2025-10-21T20:55:22","modified_gmt":"2025-10-21T18:55:22","slug":"royal-canin-pomeranian-adult-karma-sucha","status":"publish","type":"product","link":"https:\/\/www.lanrel.pl\/pl\/produkt\/royal-canin-pomeranian-adult-karma-sucha\/","title":{"rendered":"ROYAL CANIN\u00ae Pomeranian Adult karma sucha"},"content":{"rendered":"<h4>Zalety<\/h4>\n<ul>\n<li>Wspomaganie ko\u015bci i staw\u00f3w<\/li>\n<li>Zdrowa sk\u00f3ra i sier\u015b\u0107<\/li>\n<li>Prawid\u0142owe trawienie<\/li>\n<li>Higiena jamy ustnej \u2013 specjalnie opracowany krokiet<\/li>\n<\/ul>\n<p>W firmie ROYAL CANIN\u00ae wierzymy, \u017ce ka\u017cdy pies jest wyj\u0105tkowy. Badamy cechy charakterystyczne dla rasy i \u0142\u0105czymy badania naukowe oraz obserwacje \u017cywieniowe z naszego panelu ekspert\u00f3w, aby opracowa\u0107 karm\u0119 precyzyjnie dostosowan\u0105 do potrzeb Twojego psa.<\/p>\n<p>Program \u017cywienia Royal Canin dla ps\u00f3w rasy pomeranian zosta\u0142 opracowany z uwzgl\u0119dnieniem specyficznych cech tej rasy. ROYAL CANIN\u00ae Pomeranian Adult to skrojona na miar\u0119, ekskluzywna dla rasy formu\u0142a specjalnie dla doros\u0142ych ps\u00f3w rasy szpic miniaturowy.<\/p>\n<p>Karma wspomaga zdrowie ko\u015bci i staw\u00f3w ps\u00f3w rasy pomeranian dzi\u0119ki dostosowaniu zawarto\u015bci sk\u0142adnik\u00f3w mineralnych i wzbogaceniu receptury w kwasy t\u0142uszczowe omega 3 EPA i DHA.<\/p>\n<p>Efektowna sier\u015b\u0107 z obfitym podszerstkiem jest charakterystyczna cecha ps\u00f3w rasy pomeranian. Unikalna formu\u0142a wspomaga rol\u0119 sk\u00f3ry jako bariery i sprzyja jej zdrowiu oraz od\u017cywieniu sier\u015bci dzi\u0119ki optymalnemu poziomowi kwas\u00f3w t\u0142uszczowych omega 3 (EPA i DHA), omega 6 i dodatkowi oleju z og\u00f3recznika. Optymalna kombinacja r\u00f3\u017cnych typ\u00f3w w\u0142\u00f3kna pokarmowego, w tym psyllium oraz zastosowanie bia\u0142ek o najwy\u017cszej strawno\u015bci (L.I.P.*) sprzyja prawid\u0142owej konsystencji ka\u0142u.<\/p>\n<p>Kszta\u0142t, wielko\u015b\u0107, tekstura i receptura krokieta zosta\u0142y dostosowane do potrzeb i ma\u0142ych szcz\u0119k ps\u00f3w rasy szpic miniaturowy. Receptura pomaga ogranicza\u0107 powstawanie kamienia naz\u0119bnego dzi\u0119ki zastosowaniu zwi\u0105zk\u00f3w wi\u0105\u017c\u0105cych wap\u0144, co sprzyja higienie jamy ustnej.<\/p>\n<p>Aby zaspokoi\u0107 apetyt ka\u017cdego psa, ROYAL CANIN\u00ae Pomeranian Adult jest r\u00f3wnie\u017c dost\u0119pny w postaci mokrej karmy w formia smakowitego pasztetu. Je\u015bli Tw\u00f3j pies lubi karm\u0119 zar\u00f3wno mokr\u0105, jak i such\u0105, zapoznaj si\u0119 z instrukcj\u0105 karmienia na opakowaniu, aby upewni\u0107 si\u0119, \u017ce podajesz mu dok\u0142adn\u0105 ilo\u015b\u0107 karmy.<\/p>\n<p>Misj\u0105 ROYAL CANIN\u00ae jest zapewnianie rozwi\u0105za\u0144 \u017cywieniowych dostosowanych do potrzeb zwierz\u0105t. Wszystkie nasze produkty przechodz\u0105 liczne kontrole jako\u015bci, aby sprosta\u0107 najwy\u017cszym standardom marki i dostarczy\u0107 psu pokarm dostosowany do jego potrzeb \u017cywieniowych i trybu \u017cycia. ROYAL CANIN\u00ae Pomeranian Adult jest karm\u0105 pe\u0142noporcjow\u0105.<\/p>\n<h3>Sk\u0142ad:<\/h3>\n<p>Kukurydza, suszone bia\u0142ko drobiowe, maka pszenna, ryz, gluten pszenny*, t\u0142uszczezwierzece, hydrolizowane bia\u0142ko zwierzece, pulpa z cykorii, olej rybny, minera\u0142y, olejsojowy, \u0142uski i nasiona psyllium (0,5%), fruktooligosacharydy, olej z og\u00f3recznika(0,1%), hydrolizowane skorupiaki (zr\u00f3d\u0142o glukozaminy), wyciag z aksamitki wzniesionej(zr\u00f3d\u0142o luteiny), hydrolizowana chrzastka (zr\u00f3d\u0142o chondroityny).* L.I.P.: bia\u0142ko wyselekcjonowane ze wzgledu na bardzo wysoka strawnosc.<\/p>\n<h4><strong>DODATKI\u00a0<\/strong>(na 1 kg karmy):<\/h4>\n<p>Witamina D3: 800 UI, Zelazo (3b103): 41 mg, Jod (3b202): 4,1 mg,Miedz (3b405, 3b406): 13 mg, Mangan (3b502, 3b503, 3b504): 54 mg, Cynk (3b603,3b605, 3b606): 136 mg, Selen (3b801, 3b811, 3b812): 0,09 mg \u2013 dodatki technologiczne:Klinoptylolit pochodzenia osadowego: 10 g \u2013 dodatki sensoryczne: wyciagz herbaty (zr\u00f3d\u0142o of polifenoli): 150 mg &#8211; konserwanty &#8211; przeciwutleniacze.<\/p>\n<h4><strong>SK\u0141ADNIKI ANALITYCZNE:<\/strong><\/h4>\n<p>Bia\u0142ko surowe: 26.0% &#8211; Oleje i t\u0142uszcze surowe: 16.0% &#8211; Popi\u00f3\u0142 surowy: 5.4% &#8211; W\u0142\u00f3kno surowe: 1.6% &#8211; EPA\/DHA: 0.40% &#8211; Trifosforan pentasodu: 3.5 g\/kg.<\/p>\n<p><img fetchpriority=\"high\" decoding=\"async\" class=\"alignnone size-full wp-image-7494\" src=\"http:\/\/lanrel.eu\/wp-content\/uploads\/2025\/10\/RC-SPT-DRY-PomAD-CV-5-pl_PL.jpg\" alt=\"\" width=\"2400\" height=\"2400\" srcset=\"https:\/\/www.lanrel.pl\/wp-content\/uploads\/2025\/10\/RC-SPT-DRY-PomAD-CV-5-pl_PL.jpg 2400w, https:\/\/www.lanrel.pl\/wp-content\/uploads\/2025\/10\/RC-SPT-DRY-PomAD-CV-5-pl_PL-300x300.jpg 300w, https:\/\/www.lanrel.pl\/wp-content\/uploads\/2025\/10\/RC-SPT-DRY-PomAD-CV-5-pl_PL-1024x1024.jpg 1024w, https:\/\/www.lanrel.pl\/wp-content\/uploads\/2025\/10\/RC-SPT-DRY-PomAD-CV-5-pl_PL-150x150.jpg 150w, https:\/\/www.lanrel.pl\/wp-content\/uploads\/2025\/10\/RC-SPT-DRY-PomAD-CV-5-pl_PL-768x768.jpg 768w, https:\/\/www.lanrel.pl\/wp-content\/uploads\/2025\/10\/RC-SPT-DRY-PomAD-CV-5-pl_PL-1536x1536.jpg 1536w, https:\/\/www.lanrel.pl\/wp-content\/uploads\/2025\/10\/RC-SPT-DRY-PomAD-CV-5-pl_PL-2048x2048.jpg 2048w, https:\/\/www.lanrel.pl\/wp-content\/uploads\/2025\/10\/RC-SPT-DRY-PomAD-CV-5-pl_PL-12x12.jpg 12w, https:\/\/www.lanrel.pl\/wp-content\/uploads\/2025\/10\/RC-SPT-DRY-PomAD-CV-5-pl_PL-370x370.jpg 370w, https:\/\/www.lanrel.pl\/wp-content\/uploads\/2025\/10\/RC-SPT-DRY-PomAD-CV-5-pl_PL-60x60.jpg 60w, https:\/\/www.lanrel.pl\/wp-content\/uploads\/2025\/10\/RC-SPT-DRY-PomAD-CV-5-pl_PL-600x600.jpg 600w, https:\/\/www.lanrel.pl\/wp-content\/uploads\/2025\/10\/RC-SPT-DRY-PomAD-CV-5-pl_PL-100x100.jpg 100w\" sizes=\"(max-width: 2400px) 100vw, 2400px\" \/><\/p>\n<p>&nbsp;<\/p>","protected":false},"excerpt":{"rendered":"<p>Karma dla ps\u00f3w rasy Pomeranian powy\u017cej 10 miesi\u0105ca \u017cycia.<\/p>\n<p>Marka: Royal Canin<\/p>\n<p>Dla jakiego pupila:Pies<\/p>\n<p><span class=\"ty-product-feature__label\">Wielko\u015b\u0107 pupila:Rasy ma\u0142e<\/span><\/p>\n<p>Faza \u017cycia:Doros\u0142y<\/p>","protected":false},"featured_media":7495,"comment_status":"open","ping_status":"closed","template":"","meta":{"om_disable_all_campaigns":false,"inline_featured_image":false},"product_brand":[],"product_cat":[27,97,95],"product_tag":[],"class_list":{"0":"post-7486","1":"product","2":"type-product","3":"status-publish","4":"has-post-thumbnail","6":"product_cat-dog-food","7":"product_cat-psy-rasowe","8":"product_cat-royal-canin-dog-food","10":"first","11":"outofstock","12":"taxable","13":"shipping-taxable","14":"product-type-variable","15":"has-default-attributes"},"_links":{"self":[{"href":"https:\/\/www.lanrel.pl\/pl\/wp-json\/wp\/v2\/product\/7486","targetHints":{"allow":["GET"]}}],"collection":[{"href":"https:\/\/www.lanrel.pl\/pl\/wp-json\/wp\/v2\/product"}],"about":[{"href":"https:\/\/www.lanrel.pl\/pl\/wp-json\/wp\/v2\/types\/product"}],"replies":[{"embeddable":true,"href":"https:\/\/www.lanrel.pl\/pl\/wp-json\/wp\/v2\/comments?post=7486"}],"wp:featuredmedia":[{"embeddable":true,"href":"https:\/\/www.lanrel.pl\/pl\/wp-json\/wp\/v2\/media\/7495"}],"wp:attachment":[{"href":"https:\/\/www.lanrel.pl\/pl\/wp-json\/wp\/v2\/media?parent=7486"}],"wp:term":[{"taxonomy":"product_brand","embeddable":true,"href":"https:\/\/www.lanrel.pl\/pl\/wp-json\/wp\/v2\/product_brand?post=7486"},{"taxonomy":"product_cat","embeddable":true,"href":"https:\/\/www.lanrel.pl\/pl\/wp-json\/wp\/v2\/product_cat?post=7486"},{"taxonomy":"product_tag","embeddable":true,"href":"https:\/\/www.lanrel.pl\/pl\/wp-json\/wp\/v2\/product_tag?post=7486"}],"curies":[{"name":"wp","href":"https:\/\/api.w.org\/{rel}","templated":true}]}}