{"id":7476,"date":"2025-10-20T21:22:34","date_gmt":"2025-10-20T19:22:34","guid":{"rendered":"https:\/\/lanrel.eu\/?post_type=product&#038;p=7476"},"modified":"2025-10-21T20:55:38","modified_gmt":"2025-10-21T18:55:38","slug":"royal-canin-maltese-adult-karma-sucha-1-5-kg","status":"publish","type":"product","link":"https:\/\/www.lanrel.pl\/pl\/produkt\/royal-canin-maltese-adult-karma-sucha-1-5-kg\/","title":{"rendered":"ROYAL CANIN\u00ae Maltese adult karma sucha 1.5 kg"},"content":{"rendered":"<h4>Zalety<\/h4>\n<ul>\n<li>Zdrowie sier\u015bci<\/li>\n<li>Mniejsza obj\u0119to\u015b\u0107 odchod\u00f3w i redukcja nieprzyjemnego zapachu<\/li>\n<li>Zaspokojenie wybrednego apetytu<\/li>\n<li>Specjalnie opracowany krokiet<\/li>\n<\/ul>\n<p>\u017bywio\u0142owe, oddane i inteligentne malta\u0144czyki s\u0105 wspania\u0142ymi kompanami. Jak ka\u017cda rasa maj\u0105 specyficzne potrzeby pokarmowe, dlatego wyb\u00f3r karmy jest tak wa\u017cny dla zdrowia twojego malta\u0144czyka.<\/p>\n<p>Karma ROYAL CANIN\u00ae Maltese Adult, przeznaczona dla ps\u00f3w rasy malta\u0144czyk powy\u017cej 10 miesi\u0105ca \u017cycia, zosta\u0142a opracowana specjalnie pod k\u0105tem potrzeb Twojego doros\u0142ego psa.<\/p>\n<p>Zdrowie sk\u00f3ry i utrzymanie charakterystycznej bia\u0142ej, jedwabistej sier\u015bci malta\u0144czyka w doskona\u0142ym stanie wymaga codziennego szczotkowania.<\/p>\n<p>R\u00f3wnie\u017c \u017cywienie jest kluczowe dla zdrowia sk\u00f3ry i sier\u015bci, dlatego karma ROYAL CANIN\u00ae Maltese Adult zawiera specjalnie dobrane sk\u0142adniki pokarmowe, w tym niezb\u0119dne kwasy t\u0142uszczowe omega 3, aby utrzyma\u0107 pi\u0119kn\u0105 i eleganck\u0105 szat\u0119 Twojego psa.<\/p>\n<p>Malta\u0144czyki bywaj\u0105 szczeg\u00f3lnie wybredne je\u015bli chodzi o jedzenie. Wymagaj\u0105 karmy o wysokiej smakowito\u015bci, a ROYAL CANIN\u00ae Maltese Adult dzi\u0119ki kombinacji wyj\u0105tkowych aromat\u00f3w, zaspokaja nawet najbardziej wymagaj\u0105cy apetyt. To karma, kt\u00f3r\u0105 Tw\u00f3j pies b\u0119dzie zjada\u0142 z ogromn\u0105 ch\u0119ci\u0105.<\/p>\n<p>Dodatkowo karma ROYAL CANIN\u00ae Maltese Adult redukuje zapach i obj\u0119to\u015b\u0107 ka\u0142u, poniewa\u017c receptura zawiera sk\u0142adniki pokarmowe wspomagaj\u0105ce zdrowie przewodu pokarmowego.<\/p>\n<p>U malta\u0144czyk\u00f3w \u017cuchwa jest delikatna, a z\u0119by do\u015b\u0107 mocne i du\u017ce. Psy ras ma\u0142ych w por\u00f3wnaniu do ras du\u017cych maj\u0105 stosunkowo mniejsze ko\u015bci, na kt\u00f3rych osadzone s\u0105 z\u0119by trzonowe, dlatego tak wa\u017cna jest w ich przypadku odpowiednia higiena jamy ustnej.<\/p>\n<p>Zastosowanie w karmie ROYAL CANIN\u00ae Maltese Adult zwi\u0105zk\u00f3w wi\u0105\u017c\u0105cych wap\u0144 (chelatuj\u0105cych) sprzyja higienie jamy ustnej i hamuje powstawanie kamienia naz\u0119bnego.<\/p>\n<p>W firmie ROYAL CANIN\u00ae intensywnie pracujemy nad dostarczaniem rozwi\u0105za\u0144 \u017cywieniowych najlepiej dostosowanych do potrzeb zwierz\u0105t. Wszystkie nasze produkty przechodz\u0105 dok\u0142adny proces kontroli jako\u015bci, gwarantuj\u0105cy najwy\u017csz\u0105 jako\u015b\u0107 karmy oraz pe\u0142ne pokrycie zapotrzebowania pokarmowego, odpowiednio do trybu \u017cycia Twojego psa. Oznacza to, \u017ce podaj\u0105c swojemu psu karm\u0119 ROYAL CANIN\u00ae Maltese Adult dostarczasz mu kompletn\u0105 i doskonale zbilansowan\u0105 diet\u0119<\/p>\n<h4><strong>SK\u0141AD:<\/strong><\/h4>\n<p>kukurydza, ry\u017c, suszone bia\u0142ko drobiowe, t\u0142uszcze zwierz\u0119ce, hydrolizat bia\u0142ka zwierz\u0119cego, suszone bia\u0142ko wieprzowe, m\u0105ka kukurydziana, izolat bia\u0142ka ro\u015blinnego*, pulpa z cykorii, olej sojowy, olej rybny, dro\u017cd\u017ce i ich cz\u0119\u015bci, sole mineralne, fruktooligosacharydy, olej z og\u00f3recznika (0,1%), wyci\u0105g z aksamitki wzniesionej (\u017ar\u00f3d\u0142o luteiny), hydrolizat skorupiak\u00f3w (\u017ar\u00f3d\u0142o glukozaminy), hydrolizat chrz\u0105stki (\u017ar\u00f3d\u0142o chondroityny).<\/p>\n<p>*L.I.P.: bia\u0142ko wyselekcjonowane ze wzgl\u0119du na bardzo wysok\u0105 strawno\u015b\u0107.<\/p>\n<h4><strong>DODATKI\u00a0<\/strong>(na 1 kg karmy):<\/h4>\n<p>Witamina A: 29500 UI, Witamina D3: 800 UI, Biotyna: 3 mg, E1 (\u017belazo): 64 mg, E2 (Jod): 5,7 mg, E4 (Mied\u017a): 15 mg, E5 (Mangan): 72 mg, E6 (Cynk): 143 mg, E8 (Selen): 0,15 mg &#8211; Dodatki technologiczne: Klinoptylolit pochodzenia osadowego: 5 g &#8211; Dodatki sensoryczne: Wyci\u0105g z herbaty (\u017ar\u00f3d\u0142o polifenoli): 150 mg &#8211; Konserwanty &#8211; Przeciwutleniacze.<\/p>\n<h4><strong>SK\u0141ADNIKI ANALITYCZNE:<\/strong><\/h4>\n<p>Bia\u0142ko surowe:\u00a024,0%\u00a0&#8211;\u00a0Oleje i t\u0142uszcze surowe:\u00a018,0%\u00a0&#8211;\u00a0Popi\u00f3\u0142 surowy:\u00a05,6%\u00a0&#8211;\u00a0W\u0142\u00f3kno surowe:\u00a01,5%\u00a0&#8211;\u00a0Na 1 kg karmy:\u00a0Kwasy t\u0142uszczowe Omega 6:\u00a039,1\u00a0g\u00a0&#8211;\u00a0Kwasy t\u0142uszczowe Omega 3:\u00a08,1\u00a0g\u00a0w tym kwasy EPA\/DHA:\u00a03\u00a0g\u00a0&#8211;\u00a0Trifosforan pentasodu:\u00a03,5\u00a0g.<\/p>\n<h4><strong>SPOS\u00d3B U\u017bYCIA:<\/strong><\/h4>\n<p>patrz tabela.<\/p>\n<p>Najlepiej wykorzysta\u0107 przed: patrz data wa\u017cno\u015bci. Data wa\u017cno\u015bci, numer partii i numer rejestracyjny zak\u0142adu znajduj\u0105 si\u0119 z ty\u0142u opakowania.\u00a0Przechowywa\u0107 w suchym i ch\u0142odnym miejscu.<\/p>\n<table style=\"height: 321px;\" width=\"1089\">\n<thead>\n<tr>\n<td>\n<p style=\"text-align: center;\"><strong>Waga psa<\/strong><\/p>\n<\/td>\n<td style=\"text-align: center;\"><strong>Ma\u0142a aktywno\u015b\u0107<\/strong><\/td>\n<td style=\"text-align: center;\"><strong>Normalna aktywno\u015b\u0107<\/strong><\/td>\n<td style=\"text-align: center;\"><strong>Wysoka aktywno\u015b\u0107<\/strong><\/td>\n<\/tr>\n<\/thead>\n<tbody>\n<tr>\n<td>\n<p style=\"text-align: center;\">2 kg<\/p>\n<\/td>\n<td style=\"text-align: center;\">50 g<\/td>\n<td style=\"text-align: center;\">55 g<\/td>\n<td style=\"text-align: center;\">60 g<\/td>\n<\/tr>\n<tr>\n<td>\n<p style=\"text-align: center;\">3 kg<\/p>\n<\/td>\n<td style=\"text-align: center;\">65 g<\/td>\n<td style=\"text-align: center;\">70 g<\/td>\n<td style=\"text-align: center;\">80 g<\/td>\n<\/tr>\n<tr>\n<td style=\"text-align: center;\">4 kg<\/td>\n<td style=\"text-align: center;\">80 g<\/td>\n<td style=\"text-align: center;\">90 g<\/td>\n<td>\n<p style=\"text-align: center;\">95 g<\/p>\n<\/td>\n<\/tr>\n<tr>\n<td style=\"text-align: center;\">5 kg<\/td>\n<td style=\"text-align: center;\">95 g<\/td>\n<td style=\"text-align: center;\">105 g<\/td>\n<td>\n<p style=\"text-align: center;\">115 g<\/p>\n<\/td>\n<\/tr>\n<\/tbody>\n<\/table>\n<p>&nbsp;<\/p>","protected":false},"excerpt":{"rendered":"<p>Rozwi\u0105zanie \u017cywieniowe stworzone specjalnie dla ps\u00f3w rasy malta\u0144czyk, powy\u017cej 10 miesi\u0105ca \u017cycia.<\/p>\n<p>Marka: Royal Canin<\/p>\n<p>Dla jakiego pupila:Pies<\/p>\n<p><span class=\"ty-product-feature__label\">Wielko\u015b\u0107 pupila:Rasy ma\u0142e<\/span><\/p>\n<p>Faza \u017cycia:Doros\u0142y<\/p>","protected":false},"featured_media":7484,"comment_status":"open","ping_status":"closed","template":"","meta":{"om_disable_all_campaigns":false,"inline_featured_image":false},"product_brand":[],"product_cat":[27,97,95],"product_tag":[],"class_list":{"0":"post-7476","1":"product","2":"type-product","3":"status-publish","4":"has-post-thumbnail","6":"product_cat-dog-food","7":"product_cat-psy-rasowe","8":"product_cat-royal-canin-dog-food","10":"first","11":"outofstock","12":"taxable","13":"shipping-taxable","14":"purchasable","15":"product-type-simple"},"_links":{"self":[{"href":"https:\/\/www.lanrel.pl\/pl\/wp-json\/wp\/v2\/product\/7476","targetHints":{"allow":["GET"]}}],"collection":[{"href":"https:\/\/www.lanrel.pl\/pl\/wp-json\/wp\/v2\/product"}],"about":[{"href":"https:\/\/www.lanrel.pl\/pl\/wp-json\/wp\/v2\/types\/product"}],"replies":[{"embeddable":true,"href":"https:\/\/www.lanrel.pl\/pl\/wp-json\/wp\/v2\/comments?post=7476"}],"wp:featuredmedia":[{"embeddable":true,"href":"https:\/\/www.lanrel.pl\/pl\/wp-json\/wp\/v2\/media\/7484"}],"wp:attachment":[{"href":"https:\/\/www.lanrel.pl\/pl\/wp-json\/wp\/v2\/media?parent=7476"}],"wp:term":[{"taxonomy":"product_brand","embeddable":true,"href":"https:\/\/www.lanrel.pl\/pl\/wp-json\/wp\/v2\/product_brand?post=7476"},{"taxonomy":"product_cat","embeddable":true,"href":"https:\/\/www.lanrel.pl\/pl\/wp-json\/wp\/v2\/product_cat?post=7476"},{"taxonomy":"product_tag","embeddable":true,"href":"https:\/\/www.lanrel.pl\/pl\/wp-json\/wp\/v2\/product_tag?post=7476"}],"curies":[{"name":"wp","href":"https:\/\/api.w.org\/{rel}","templated":true}]}}