{"id":7454,"date":"2025-10-20T20:49:34","date_gmt":"2025-10-20T18:49:34","guid":{"rendered":"https:\/\/lanrel.eu\/?post_type=product&#038;p=7454"},"modified":"2025-10-21T20:56:10","modified_gmt":"2025-10-21T18:56:10","slug":"oyal-canin-labrador-retriever-puppy-karma-sucha-dla-szczenia","status":"publish","type":"product","link":"https:\/\/www.lanrel.pl\/pl\/produkt\/oyal-canin-labrador-retriever-puppy-karma-sucha-dla-szczenia\/","title":{"rendered":"ROYAL CANIN\u00ae Labrador Retriever Puppy karma sucha dla szczeni\u0105"},"content":{"rendered":"<h4>Zalety:<\/h4>\n<ul>\n<li>\u00a0Wzmacnia uk\u0142ad odpornosciowy<\/li>\n<li>\u00a0Wspomaga prawid\u0142owy rozw\u00f3j i utrzymanie w\u0142asciwej wagi<\/li>\n<li>\u00a0Wspiera uk\u0142ad trawienny<\/li>\n<li>\u00a0Specjalnie opracowany krokiet<\/li>\n<\/ul>\n<p>Okres wzrostu to kluczowy moment w \u017cyciu psa. Dlatego szczeni\u0119ta wymagaj\u0105 dostarczenia im wszystkich niezb\u0119dnych sk\u0142adnik\u00f3w pokarmowych, sprzyjaj\u0105cych prawid\u0142owemu wzrostowi oraz og\u00f3lnemu zdrowiu.<\/p>\n<p>Karma ROYAL CANIN\u00ae Labrador Retriever Puppy zosta\u0142a opracowana specjalnie dla szczeni\u0105t rasy labrador retriever, do 15 miesi\u0105ca \u017cycia.<\/p>\n<p>W czasie okresu wzrostu uk\u0142ad immunologiczny rozwija si\u0119 stopniowo dlatego karma ROYAL CANIN\u00ae Labrador Retriever Puppy zawiera opatentowany kompleks wsp\u00f3\u0142dzia\u0142aj\u0105cych przeciwutleniaczy, w tym witamina E, pobudza rozw\u00f3j naturalnych mechanizm\u00f3w obronnych organizmu.<\/p>\n<p>Odpowiednio zbilansowany poziom energii, bia\u0142ka, wapnia i fosforu zapewnia prawid\u0142owy przebieg mineralizacji ko\u015b\u0107ca. Sprzyja to tak\u017ce prawid\u0142owemu wzrostowi i utrzymaniu odpowiedniej masy cia\u0142a.<\/p>\n<p>Wysokiej jako\u015bci bia\u0142ko (L.I.P) i prebiotyki sprzyjaj\u0105 zdrowiu przewodu pokarmowego i utrzymaniu r\u00f3wnowagi flory bakteryjnej jelit. Sprzyja to tak\u017ce odchodom o prawid\u0142owej konsystencji.<\/p>\n<p>Krokiet karmy ROYAL CANIN\u00ae Labrador Retriever Puppy zosta\u0142 opracowany specjalnie z my\u015bl\u0105 o szczeni\u0119tach rasy labrador retriever. Specjalnie opracowany kszta\u0142t, rozmiar oraz tekstura u\u0142atwia szczeni\u0119tom chwytanie i rozgryzanie karmy.<\/p>\n<p>Misj\u0105 ROYAL CANIN\u00ae jest zapewnianie rozwi\u0105za\u0144 \u017cywieniowych dostosowanych do potrzeb zwierz\u0105t. Wszystkie nasze produkty przechodz\u0105 liczne kontrole jako\u015bci, aby sprosta\u0107 najwy\u017cszym standardom marki i dostarczy\u0107 psu pokarm dostosowany do jego potrzeb \u017cywieniowych i trybu \u017cycia. ROYAL CANIN\u00ae Labrador Retriever Puppy jest karm\u0105 pe\u0142noporcjow\u0105.<\/p>\n<p><img fetchpriority=\"high\" decoding=\"async\" class=\"alignnone size-full wp-image-7455\" src=\"http:\/\/lanrel.eu\/wp-content\/uploads\/2025\/10\/POS-iScore-2023-Labrador-Puppy-1.png\" alt=\"\" width=\"1280\" height=\"523\" srcset=\"https:\/\/www.lanrel.pl\/wp-content\/uploads\/2025\/10\/POS-iScore-2023-Labrador-Puppy-1.png 1280w, https:\/\/www.lanrel.pl\/wp-content\/uploads\/2025\/10\/POS-iScore-2023-Labrador-Puppy-1-300x123.png 300w, https:\/\/www.lanrel.pl\/wp-content\/uploads\/2025\/10\/POS-iScore-2023-Labrador-Puppy-1-1024x418.png 1024w, https:\/\/www.lanrel.pl\/wp-content\/uploads\/2025\/10\/POS-iScore-2023-Labrador-Puppy-1-768x314.png 768w, https:\/\/www.lanrel.pl\/wp-content\/uploads\/2025\/10\/POS-iScore-2023-Labrador-Puppy-1-18x7.png 18w, https:\/\/www.lanrel.pl\/wp-content\/uploads\/2025\/10\/POS-iScore-2023-Labrador-Puppy-1-600x245.png 600w\" sizes=\"(max-width: 1280px) 100vw, 1280px\" \/> <img decoding=\"async\" class=\"alignnone size-full wp-image-7456\" src=\"http:\/\/lanrel.eu\/wp-content\/uploads\/2025\/10\/POS-iScore-2023-Labrador-Puppy-2.png\" alt=\"\" width=\"1280\" height=\"405\" srcset=\"https:\/\/www.lanrel.pl\/wp-content\/uploads\/2025\/10\/POS-iScore-2023-Labrador-Puppy-2.png 1280w, https:\/\/www.lanrel.pl\/wp-content\/uploads\/2025\/10\/POS-iScore-2023-Labrador-Puppy-2-300x95.png 300w, https:\/\/www.lanrel.pl\/wp-content\/uploads\/2025\/10\/POS-iScore-2023-Labrador-Puppy-2-1024x324.png 1024w, https:\/\/www.lanrel.pl\/wp-content\/uploads\/2025\/10\/POS-iScore-2023-Labrador-Puppy-2-768x243.png 768w, https:\/\/www.lanrel.pl\/wp-content\/uploads\/2025\/10\/POS-iScore-2023-Labrador-Puppy-2-18x6.png 18w, https:\/\/www.lanrel.pl\/wp-content\/uploads\/2025\/10\/POS-iScore-2023-Labrador-Puppy-2-600x190.png 600w\" sizes=\"(max-width: 1280px) 100vw, 1280px\" \/> <img decoding=\"async\" class=\"alignnone size-full wp-image-7457\" src=\"http:\/\/lanrel.eu\/wp-content\/uploads\/2025\/10\/POS-iScore-2023-Labrador-Puppy-3a.png\" alt=\"\" width=\"1280\" height=\"488\" srcset=\"https:\/\/www.lanrel.pl\/wp-content\/uploads\/2025\/10\/POS-iScore-2023-Labrador-Puppy-3a.png 1280w, https:\/\/www.lanrel.pl\/wp-content\/uploads\/2025\/10\/POS-iScore-2023-Labrador-Puppy-3a-300x114.png 300w, https:\/\/www.lanrel.pl\/wp-content\/uploads\/2025\/10\/POS-iScore-2023-Labrador-Puppy-3a-1024x390.png 1024w, https:\/\/www.lanrel.pl\/wp-content\/uploads\/2025\/10\/POS-iScore-2023-Labrador-Puppy-3a-768x293.png 768w, https:\/\/www.lanrel.pl\/wp-content\/uploads\/2025\/10\/POS-iScore-2023-Labrador-Puppy-3a-18x7.png 18w, https:\/\/www.lanrel.pl\/wp-content\/uploads\/2025\/10\/POS-iScore-2023-Labrador-Puppy-3a-600x229.png 600w\" sizes=\"(max-width: 1280px) 100vw, 1280px\" \/> <img loading=\"lazy\" decoding=\"async\" class=\"alignnone size-full wp-image-7458\" src=\"http:\/\/lanrel.eu\/wp-content\/uploads\/2025\/10\/POS-iScore-2023-Labrador-Puppy-3b.png\" alt=\"\" width=\"1280\" height=\"488\" srcset=\"https:\/\/www.lanrel.pl\/wp-content\/uploads\/2025\/10\/POS-iScore-2023-Labrador-Puppy-3b.png 1280w, https:\/\/www.lanrel.pl\/wp-content\/uploads\/2025\/10\/POS-iScore-2023-Labrador-Puppy-3b-300x114.png 300w, https:\/\/www.lanrel.pl\/wp-content\/uploads\/2025\/10\/POS-iScore-2023-Labrador-Puppy-3b-1024x390.png 1024w, https:\/\/www.lanrel.pl\/wp-content\/uploads\/2025\/10\/POS-iScore-2023-Labrador-Puppy-3b-768x293.png 768w, https:\/\/www.lanrel.pl\/wp-content\/uploads\/2025\/10\/POS-iScore-2023-Labrador-Puppy-3b-18x7.png 18w, https:\/\/www.lanrel.pl\/wp-content\/uploads\/2025\/10\/POS-iScore-2023-Labrador-Puppy-3b-600x229.png 600w\" sizes=\"(max-width: 1280px) 100vw, 1280px\" \/> <img loading=\"lazy\" decoding=\"async\" class=\"alignnone size-full wp-image-7459\" src=\"http:\/\/lanrel.eu\/wp-content\/uploads\/2025\/10\/POS-iScore-2023-Labrador-Puppy-4.png\" alt=\"\" width=\"1280\" height=\"418\" srcset=\"https:\/\/www.lanrel.pl\/wp-content\/uploads\/2025\/10\/POS-iScore-2023-Labrador-Puppy-4.png 1280w, https:\/\/www.lanrel.pl\/wp-content\/uploads\/2025\/10\/POS-iScore-2023-Labrador-Puppy-4-300x98.png 300w, https:\/\/www.lanrel.pl\/wp-content\/uploads\/2025\/10\/POS-iScore-2023-Labrador-Puppy-4-1024x334.png 1024w, https:\/\/www.lanrel.pl\/wp-content\/uploads\/2025\/10\/POS-iScore-2023-Labrador-Puppy-4-768x251.png 768w, https:\/\/www.lanrel.pl\/wp-content\/uploads\/2025\/10\/POS-iScore-2023-Labrador-Puppy-4-18x6.png 18w, https:\/\/www.lanrel.pl\/wp-content\/uploads\/2025\/10\/POS-iScore-2023-Labrador-Puppy-4-600x196.png 600w\" sizes=\"(max-width: 1280px) 100vw, 1280px\" \/> <img loading=\"lazy\" decoding=\"async\" class=\"alignnone size-full wp-image-7460\" src=\"http:\/\/lanrel.eu\/wp-content\/uploads\/2025\/10\/POS-iScore-2023-Labrador-Puppy-5.png\" alt=\"\" width=\"1280\" height=\"455\" srcset=\"https:\/\/www.lanrel.pl\/wp-content\/uploads\/2025\/10\/POS-iScore-2023-Labrador-Puppy-5.png 1280w, https:\/\/www.lanrel.pl\/wp-content\/uploads\/2025\/10\/POS-iScore-2023-Labrador-Puppy-5-300x107.png 300w, https:\/\/www.lanrel.pl\/wp-content\/uploads\/2025\/10\/POS-iScore-2023-Labrador-Puppy-5-1024x364.png 1024w, https:\/\/www.lanrel.pl\/wp-content\/uploads\/2025\/10\/POS-iScore-2023-Labrador-Puppy-5-768x273.png 768w, https:\/\/www.lanrel.pl\/wp-content\/uploads\/2025\/10\/POS-iScore-2023-Labrador-Puppy-5-18x6.png 18w, https:\/\/www.lanrel.pl\/wp-content\/uploads\/2025\/10\/POS-iScore-2023-Labrador-Puppy-5-600x213.png 600w\" sizes=\"(max-width: 1280px) 100vw, 1280px\" \/> <img loading=\"lazy\" decoding=\"async\" class=\"alignnone size-full wp-image-7461\" src=\"http:\/\/lanrel.eu\/wp-content\/uploads\/2025\/10\/POS-iScore-2023-Labrador-Puppy-6a.png\" alt=\"\" width=\"1280\" height=\"575\" srcset=\"https:\/\/www.lanrel.pl\/wp-content\/uploads\/2025\/10\/POS-iScore-2023-Labrador-Puppy-6a.png 1280w, https:\/\/www.lanrel.pl\/wp-content\/uploads\/2025\/10\/POS-iScore-2023-Labrador-Puppy-6a-300x135.png 300w, https:\/\/www.lanrel.pl\/wp-content\/uploads\/2025\/10\/POS-iScore-2023-Labrador-Puppy-6a-1024x460.png 1024w, https:\/\/www.lanrel.pl\/wp-content\/uploads\/2025\/10\/POS-iScore-2023-Labrador-Puppy-6a-768x345.png 768w, https:\/\/www.lanrel.pl\/wp-content\/uploads\/2025\/10\/POS-iScore-2023-Labrador-Puppy-6a-18x8.png 18w, https:\/\/www.lanrel.pl\/wp-content\/uploads\/2025\/10\/POS-iScore-2023-Labrador-Puppy-6a-600x270.png 600w\" sizes=\"(max-width: 1280px) 100vw, 1280px\" \/> <img loading=\"lazy\" decoding=\"async\" class=\"alignnone size-full wp-image-7462\" src=\"http:\/\/lanrel.eu\/wp-content\/uploads\/2025\/10\/POS-iScore-2023-Labrador-Puppy-6b.png\" alt=\"\" width=\"1280\" height=\"575\" srcset=\"https:\/\/www.lanrel.pl\/wp-content\/uploads\/2025\/10\/POS-iScore-2023-Labrador-Puppy-6b.png 1280w, https:\/\/www.lanrel.pl\/wp-content\/uploads\/2025\/10\/POS-iScore-2023-Labrador-Puppy-6b-300x135.png 300w, https:\/\/www.lanrel.pl\/wp-content\/uploads\/2025\/10\/POS-iScore-2023-Labrador-Puppy-6b-1024x460.png 1024w, https:\/\/www.lanrel.pl\/wp-content\/uploads\/2025\/10\/POS-iScore-2023-Labrador-Puppy-6b-768x345.png 768w, https:\/\/www.lanrel.pl\/wp-content\/uploads\/2025\/10\/POS-iScore-2023-Labrador-Puppy-6b-18x8.png 18w, https:\/\/www.lanrel.pl\/wp-content\/uploads\/2025\/10\/POS-iScore-2023-Labrador-Puppy-6b-600x270.png 600w\" sizes=\"(max-width: 1280px) 100vw, 1280px\" \/> <img loading=\"lazy\" decoding=\"async\" class=\"alignnone size-full wp-image-7463\" src=\"http:\/\/lanrel.eu\/wp-content\/uploads\/2025\/10\/POS-iScore-2023-Labrador-Puppy-6c.png\" alt=\"\" width=\"1280\" height=\"575\" srcset=\"https:\/\/www.lanrel.pl\/wp-content\/uploads\/2025\/10\/POS-iScore-2023-Labrador-Puppy-6c.png 1280w, https:\/\/www.lanrel.pl\/wp-content\/uploads\/2025\/10\/POS-iScore-2023-Labrador-Puppy-6c-300x135.png 300w, https:\/\/www.lanrel.pl\/wp-content\/uploads\/2025\/10\/POS-iScore-2023-Labrador-Puppy-6c-1024x460.png 1024w, https:\/\/www.lanrel.pl\/wp-content\/uploads\/2025\/10\/POS-iScore-2023-Labrador-Puppy-6c-768x345.png 768w, https:\/\/www.lanrel.pl\/wp-content\/uploads\/2025\/10\/POS-iScore-2023-Labrador-Puppy-6c-18x8.png 18w, https:\/\/www.lanrel.pl\/wp-content\/uploads\/2025\/10\/POS-iScore-2023-Labrador-Puppy-6c-600x270.png 600w\" sizes=\"(max-width: 1280px) 100vw, 1280px\" \/><\/p>\n<p>&nbsp;<\/p>\n<h4>Sk\u0142ad:<\/h4>\n<p>suszone bia\u0142ko drobiowe, kukurydza, izolat bia\u0142ka ro\u015blinnego*, ry\u017c, m\u0105ka kukurydziana, t\u0142uszcze zwierz\u0119ce, gluten kukurydziany, hydrolizat bia\u0142ka zwierz\u0119cego, m\u0105ka pszenna, pulpa buraczana, olej rybny, sole mineralne, w\u0142\u00f3kno ro\u015blinne, olej sojowy, frukto\u00adoligosacharydy (0,34%), \u0142uski i nasiona psyllium, wyci\u0105g z dro\u017cd\u017cy (\u017ar\u00f3d\u0142o mannooligosacharyd\u00f3w), hydrolizat skorupiak\u00f3w (\u017ar\u00f3d\u0142o glukozaminy), olej z og\u00f3recznika, wyci\u0105g z dro\u017cd\u017cy (\u017ar\u00f3d\u0142o beta-glukan\u00f3w), wyci\u0105g z aksamitki wzniesionej (\u017ar\u00f3d\u0142o luteiny), hydrolizat chrz\u0105stki (\u017ar\u00f3d\u0142o chondroityny).<\/p>\n<p>*L.I.P.: bia\u0142ko wyselekcjonowane ze wzgl\u0119du na bardzo wysok\u0105 strawno\u015b\u0107.<\/p>\n<h4>Dodatki (na 1 kg karmy):<\/h4>\n<p>Witamina A: 26500 UI, Witamina D3: 800 UI, Witamina E: 490 mg &#8211; E1 (\u017belazo): 56 mg, E2 (Jod): 3,6 mg, E4 (Mied\u017a): 6 mg, E5 (Mangan): 41 mg, E6 (Cynk): 119 mg, E8 (Selen): 0,17 mg &#8211; Dodatki technologiczne: Klinoptylolit pochodzenia osadowego: 10 g &#8211; Dodatki sensoryczne: Wyci\u0105g z jukki: 125 mg &#8211; Konserwanty &#8211; Przeciwutleniacze.<\/p>\n<h4>Sk\u0142adniki analityczne:<\/h4>\n<p>Bia\u0142ko surowe: 33,0% &#8211; Oleje i t\u0142uszcze surowe: 14,0% &#8211; Popi\u00f3\u0142 surowy: 6,9% &#8211; W\u0142\u00f3kno surowe: 1,7% &#8211; Wap\u0144: 1,25% &#8211; Fosfor: 1%.<\/p>\n<h4>Spos\u00f3b u\u017cycia:<\/h4>\n<p>patrz tabela.<\/p>\n<p>Najlepiej wykorzysta\u0107 przed: patrz data wa\u017cno\u015bci. Data wa\u017cno\u015bci, numer partii i numer rejestracyjny zak\u0142adu znajduj\u0105 si\u0119 z ty\u0142u opakowania. Przechowywa\u0107 w suchym i ch\u0142odnym miejscu.<\/p>\n<table>\n<thead>\n<tr>\n<td><strong>Masa cia\u0142a doros\u0142ego psa<\/strong><\/td>\n<td><strong>2 miesi\u0105c<\/strong><\/td>\n<td><strong>3 miesi\u0105c<\/strong><\/td>\n<td><strong>4 miesi\u0105c<\/strong><\/td>\n<td><strong>5 miesi\u0105c<\/strong><\/td>\n<td><strong>6 miesi\u0105c<\/strong><\/td>\n<td><strong>7 miesi\u0105c<\/strong><\/td>\n<td><strong>8 miesi\u0105c<\/strong><\/td>\n<td><strong>9 miesi\u0105c<\/strong><\/td>\n<td><strong>10 miesi\u0105c<\/strong><\/td>\n<td><strong>11 miesi\u0105c<\/strong><\/td>\n<td><strong>12 miesi\u0105c<\/strong><\/td>\n<td><strong>13 miesi\u0105c<\/strong><\/td>\n<td><strong>14 miesi\u0105c<\/strong><\/td>\n<td><strong>15 miesi\u0105c<\/strong><\/td>\n<\/tr>\n<\/thead>\n<tbody>\n<tr>\n<td>25 kg<\/td>\n<td>211 g<\/td>\n<td>260 g<\/td>\n<td>281 g<\/td>\n<td>300 g<\/td>\n<td>317 g<\/td>\n<td>315 g<\/td>\n<td>285 g<\/td>\n<td>272 g<\/td>\n<td>257 g<\/td>\n<td>270 g<\/td>\n<td>282 g<\/td>\n<td>280 g<\/td>\n<td>280 g<\/td>\n<td>Lab. Ad.<\/td>\n<\/tr>\n<tr>\n<td>26 kg<\/td>\n<td>213 g<\/td>\n<td>263 g<\/td>\n<td>285 g<\/td>\n<td>307 g<\/td>\n<td>326 g<\/td>\n<td>324 g<\/td>\n<td>302 g<\/td>\n<td>298 g<\/td>\n<td>289 g<\/td>\n<td>277 g<\/td>\n<td>290 g<\/td>\n<td>288 g<\/td>\n<td>288 g<\/td>\n<td>Lab. Ad.<\/td>\n<\/tr>\n<tr>\n<td>28 kg<\/td>\n<td>217 g<\/td>\n<td>270 g<\/td>\n<td>294 g<\/td>\n<td>320 g<\/td>\n<td>344 g<\/td>\n<td>344 g<\/td>\n<td>320 g<\/td>\n<td>316 g<\/td>\n<td>306 g<\/td>\n<td>293 g<\/td>\n<td>306 g<\/td>\n<td>305 g<\/td>\n<td>304 g<\/td>\n<td>Lab. Ad.<\/td>\n<\/tr>\n<tr>\n<td>30 kg<\/td>\n<td>221 g<\/td>\n<td>277 g<\/td>\n<td>302 g<\/td>\n<td>333 g<\/td>\n<td>362 g<\/td>\n<td>363 g<\/td>\n<td>338 g<\/td>\n<td>334 g<\/td>\n<td>322 g<\/td>\n<td>309 g<\/td>\n<td>323 g<\/td>\n<td>322 g<\/td>\n<td>321 g<\/td>\n<td>Lab. Ad.<\/td>\n<\/tr>\n<tr>\n<td>32 kg<\/td>\n<td>225 g<\/td>\n<td>284 g<\/td>\n<td>310 g<\/td>\n<td>346 g<\/td>\n<td>380 g<\/td>\n<td>381 g<\/td>\n<td>354 g<\/td>\n<td>351 g<\/td>\n<td>339 g<\/td>\n<td>325 g<\/td>\n<td>340 g<\/td>\n<td>338 g<\/td>\n<td>336 g<\/td>\n<td>Lab. Ad.<\/td>\n<\/tr>\n<tr>\n<td>34 kg<\/td>\n<td>228 g<\/td>\n<td>391 g<\/td>\n<td>318 g<\/td>\n<td>359 g<\/td>\n<td>398 g<\/td>\n<td>398 g<\/td>\n<td>371 g<\/td>\n<td>368 g<\/td>\n<td>356 g<\/td>\n<td>341 g<\/td>\n<td>357 g<\/td>\n<td>354 g<\/td>\n<td>352 g<\/td>\n<td>Lab. Ad.<\/td>\n<\/tr>\n<tr>\n<td>35 kg<\/td>\n<td>230 g<\/td>\n<td>294 g<\/td>\n<td>322 g<\/td>\n<td>366 g<\/td>\n<td>407 g<\/td>\n<td>407 g<\/td>\n<td>379 g<\/td>\n<td>376 g<\/td>\n<td>364 g<\/td>\n<td>349 g<\/td>\n<td>365 g<\/td>\n<td>363 g<\/td>\n<td>360 g<\/td>\n<td>Lab. Ad.<\/td>\n<\/tr>\n<tr>\n<td>36 kg<\/td>\n<td>232 g<\/td>\n<td>297 g<\/td>\n<td>326 g<\/td>\n<td>372 g<\/td>\n<td>415 g<\/td>\n<td>416 g<\/td>\n<td>390 g<\/td>\n<td>388 g<\/td>\n<td>382 g<\/td>\n<td>378 g<\/td>\n<td>373 g<\/td>\n<td>371 g<\/td>\n<td>367 g<\/td>\n<td>Lab. Ad.<\/td>\n<\/tr>\n<tr>\n<td>38 kg<\/td>\n<td>236 g<\/td>\n<td>304 g<\/td>\n<td>334 g<\/td>\n<td>385 g<\/td>\n<td>432 g<\/td>\n<td>433 g<\/td>\n<td>406 g<\/td>\n<td>404 g<\/td>\n<td>398 g<\/td>\n<td>394 g<\/td>\n<td>389 g<\/td>\n<td>386 g<\/td>\n<td>383 g<\/td>\n<td>Lab. Ad.<\/td>\n<\/tr>\n<tr>\n<td>40 kg<\/td>\n<td>240 g<\/td>\n<td>311 g<\/td>\n<td>342 g<\/td>\n<td>399 g<\/td>\n<td>449 g<\/td>\n<td>450 g<\/td>\n<td>422 g<\/td>\n<td>420 g<\/td>\n<td>415 g<\/td>\n<td>411 g<\/td>\n<td>405 g<\/td>\n<td>402 g<\/td>\n<td>398 g<\/td>\n<td>Lab. Ad.<\/td>\n<\/tr>\n<\/tbody>\n<\/table>\n<p>&nbsp;<\/p>\n<p>&nbsp;<\/p>","protected":false},"excerpt":{"rendered":"<p>Karma dla szczeni\u0105t rasy labrador retriever; poni\u017cej 15 miesi\u0105ca \u017cycia.<\/p>\n<p>Marka: Royal Canin<\/p>\n<p>Dla jakiego pupila:Pies<\/p>\n<p><span class=\"ty-product-feature__label\">Wielko\u015b\u0107 pupila: Rasy du\u017ce<\/span><\/p>\n<p>Faza \u017cycia: Junior<\/p>","protected":false},"featured_media":7474,"comment_status":"open","ping_status":"closed","template":"","meta":{"om_disable_all_campaigns":false,"inline_featured_image":false},"product_brand":[],"product_cat":[27,95,96],"product_tag":[],"class_list":{"0":"post-7454","1":"product","2":"type-product","3":"status-publish","4":"has-post-thumbnail","6":"product_cat-dog-food","7":"product_cat-royal-canin-dog-food","8":"product_cat-szczenieta","10":"first","11":"outofstock","12":"taxable","13":"shipping-taxable","14":"product-type-variable","15":"has-default-attributes"},"_links":{"self":[{"href":"https:\/\/www.lanrel.pl\/pl\/wp-json\/wp\/v2\/product\/7454","targetHints":{"allow":["GET"]}}],"collection":[{"href":"https:\/\/www.lanrel.pl\/pl\/wp-json\/wp\/v2\/product"}],"about":[{"href":"https:\/\/www.lanrel.pl\/pl\/wp-json\/wp\/v2\/types\/product"}],"replies":[{"embeddable":true,"href":"https:\/\/www.lanrel.pl\/pl\/wp-json\/wp\/v2\/comments?post=7454"}],"wp:featuredmedia":[{"embeddable":true,"href":"https:\/\/www.lanrel.pl\/pl\/wp-json\/wp\/v2\/media\/7474"}],"wp:attachment":[{"href":"https:\/\/www.lanrel.pl\/pl\/wp-json\/wp\/v2\/media?parent=7454"}],"wp:term":[{"taxonomy":"product_brand","embeddable":true,"href":"https:\/\/www.lanrel.pl\/pl\/wp-json\/wp\/v2\/product_brand?post=7454"},{"taxonomy":"product_cat","embeddable":true,"href":"https:\/\/www.lanrel.pl\/pl\/wp-json\/wp\/v2\/product_cat?post=7454"},{"taxonomy":"product_tag","embeddable":true,"href":"https:\/\/www.lanrel.pl\/pl\/wp-json\/wp\/v2\/product_tag?post=7454"}],"curies":[{"name":"wp","href":"https:\/\/api.w.org\/{rel}","templated":true}]}}