{"id":7445,"date":"2025-10-20T20:29:14","date_gmt":"2025-10-20T18:29:14","guid":{"rendered":"https:\/\/lanrel.eu\/?post_type=product&#038;p=7445"},"modified":"2025-10-21T20:56:28","modified_gmt":"2025-10-21T18:56:28","slug":"royal-canin-labrador-retriever-sterilised-adult-karma-sucha-12kg","status":"publish","type":"product","link":"https:\/\/www.lanrel.pl\/pl\/produkt\/royal-canin-labrador-retriever-sterilised-adult-karma-sucha-12kg\/","title":{"rendered":"ROYAL CANIN\u00ae Labrador Retriever Sterilised Adult karma sucha 12kg"},"content":{"rendered":"<h4>Zalety:<\/h4>\n<ul>\n<li>Kontrola apetytu<\/li>\n<li>Zdrowie ko\u015bci i staw\u00f3w<\/li>\n<li>Zdrowa sk\u00f3ra i sier\u015b\u0107<\/li>\n<li>Specjalnie opracowany krokiet<\/li>\n<\/ul>\n<p>Dzi\u0119ki odpowiedniej diecie zdrowie Twojego doros\u0142ego, wysterylizowanego psa rasy labrador retriever mo\u017ce by\u0107 wspomagane poprzez r\u00f3\u017cne sk\u0142adniki pokarmowe korzystnie wp\u0142ywaj\u0105ce na jego organizm. Dlatego w\u0142a\u015bnie tak wa\u017cny jest wyb\u00f3r karmy dostarczaj\u0105cej sk\u0142adniki pokarmowe o dobroczynnym dzia\u0142aniu.<\/p>\n<p>Karma ROYAL CANIN\u00ae Labrador Retriever Sterilised, przeznaczona dla ps\u00f3w rasy labrador retriever powy\u017cej 15 miesi\u0105ca \u017cycia po zabiegu sterylizacji, zosta\u0142a opracowana specjalnie pod k\u0105tem potrzeb Twojego doros\u0142ego psa.<\/p>\n<p>Karma ROYAL CANIN\u00ae Labrador Retriever Sterilised odpowiada specyficznym wymaganiom pokarmowym doros\u0142ych, wysterylizowanych ps\u00f3w rasy labrador Retriever, w\u0142a\u015bnie takim jak tw\u00f3j dzi\u0119ki podwy\u017cszonej zawarto\u015bci bia\u0142ka (30%) oraz zmniejszeniu poda\u017cy t\u0142uszczu (11%). Zawiera r\u00f3wnie\u017c L-karnityn\u0119, aminokwas, kt\u00f3ry odgrywa kluczow\u0105 rol\u0119 w wykorzystywaniu rezerw t\u0142uszczowych do produkcji energii przez kom\u00f3rki. Unikalna receptura zosta\u0142a wzbogacona we w\u0142\u00f3kno ro\u015blinne, kt\u00f3re sprzyja uczuciu syto\u015bci i utrzymaniu prawid\u0142owej masy cia\u0142a psa.<\/p>\n<p>Psy rasy labrador Retriever to atletyczne i pe\u0142ne energii psy, kt\u00f3re poza codziennymi spacerami potrzebuj\u0105 te\u017c sporej dawki dodatkowej aktywno\u015bci fizycznej. ROYAL CANIN\u00ae Labrador Retriever Sterilised to karma wzbogacona w takie sk\u0142adniki pokarmowe, jak kwasy t\u0142uszczowe EPA i DHA, glukozamin\u0119 i chondroityn\u0119, kt\u00f3re sprzyjaj\u0105 zdrowiu staw\u00f3w i ko\u015bci Twojego psa.<\/p>\n<p>Sier\u015b\u0107 labrador retrievera jest g\u0119sta, kr\u00f3tka i mi\u0119kka, o bardzo obfitym podszerstku, wodoodporna i doskonale izoluj\u0105ca przed ch\u0142odem. Unikalny kompleks sk\u0142adnik\u00f3w zastosowanych w karmie ROYAL CANIN\u00ae Labrador Retriever Sterilised pomaga wspiera\u0107 zdrowie sk\u00f3ry i jej funkcje bariery, a kwasy t\u0142uszczowe EPA i DHA korzystnie wp\u0142ywaj\u0105 wp\u0142yw na od\u017cywienie i zdrowie pi\u0119knej sier\u015bci Twojego psa.<\/p>\n<p>Krokiety ROYAL CANIN\u00ae Labrador Retriever Sterilised zosta\u0142y specjalnie dostosowane do budowy ps\u00f3w rasy labrador retriever, a ich unikalny kszta\u0142t pomaga spowolni\u0107 tempo jedzenia.<\/p>\n<p>W firmie ROYAL CANIN\u00ae intensywnie pracujemy nad dostarczaniem rozwi\u0105za\u0144 \u017cywieniowych najlepiej dostosowanych do potrzeb zwierz\u0105t.Wszystkie nasze produkty przechodz\u0105 dok\u0142adny proces kontroli jako\u015bci, gwarantuj\u0105cy najwy\u017csz\u0105 jako\u015b\u0107 karmy oraz pe\u0142ne pokrycie zapotrzebowania pokarmowego, odpowiednio do trybu \u017cycia Twojego psa. Oznacza to, \u017ce podaj\u0105c swojemu psu karm\u0119 ROYAL CANIN\u00ae Labrador Retriever Sterilised dostarczasz mu kompletn\u0105 i doskonale zbilansowan\u0105 diet\u0119<\/p>\n<h4>Sk\u0142ad:<\/h4>\n<p>suszone bia\u0142ko drobiowe, kukurydza, ry\u017c, gluten kukurydziany, hydrolizat bia\u0142ka zwierz\u0119cego, w\u0142\u00f3kno ro\u015blinne, izolat bia\u0142ka ro\u015blinnego*, t\u0142uszcze zwierz\u0119ce, pulpa buraczana, dro\u017cd\u017ce i ich cz\u0119\u015bci, olej rybny, olej sojowy, sole mineralne, fruktooligosacharydy, \u0142uski i nasiona psyllium, hydrolizat skorupiak\u00f3w (\u017ar\u00f3d\u0142o glukozaminy), olej z og\u00f3recznika (0,1%), wyci\u0105g z aksamitki wzniesionej (\u017ar\u00f3d\u0142o luteiny), hydrolizat chrz\u0105stki (\u017ar\u00f3d\u0142o chondroityny).<\/p>\n<p>*L.I.P.: bia\u0142ko wyselekcjonowane ze wzgl\u0119du na bardzo wysok\u0105 strawno\u015b\u0107.<\/p>\n<h4>Dodatki (na 1 kg karmy):<\/h4>\n<p>Witamina A: 31000 UI, Witamina D3: 800 UI, E1 (\u017belazo): 48 mg, E2 (Jod): 3 mg, E4 (Mied\u017a): 4 mg, E5 (Mangan): 33 mg, E6 (Cynk): 136 mg, E8 (Selen): 0,15 mg, L-karnityna: 200 mg &#8211; Dodatki technologiczne: Klinoptylolit pochodzenia osadowego: 10 g &#8211; Dodatki sensoryczne: Wyci\u0105g z herbaty (\u017ar\u00f3d\u0142o polifenoli): 150 mg &#8211; Konserwanty &#8211; Przeciwutleniacze.<\/p>\n<h4>Sk\u0142adniki analityczne:<\/h4>\n<p>Bia\u0142ko surowe: 30,0% &#8211; Oleje i t\u0142uszcze surowe: 11,0% &#8211; Popi\u00f3\u0142 surowy: 6,5% &#8211; W\u0142\u00f3kno surowe: 6,7% &#8211; EPA\/DHA: 4,1 g\/kg.<\/p>\n<h4>Spos\u00f3b u\u017cycia:<\/h4>\n<p>patrz tabela.<\/p>\n<p>Najlepiej wykorzysta\u0107 przed: patrz data wa\u017cno\u015bci. Data wa\u017cno\u015bci, numer partii i numer rejestracyjny zak\u0142adu znajduj\u0105 si\u0119 z ty\u0142u opakowania. Przechowywa\u0107 w suchym i ch\u0142odnym miejscu.<\/p>\n<table style=\"height: 621px;\" width=\"1055\">\n<thead>\n<tr>\n<td><strong>Waga psa<\/strong><\/td>\n<td><strong>Niska aktywno\u015b\u0107<\/strong><\/td>\n<td><strong>Normalna aktywno\u015b\u0107<\/strong><\/td>\n<td><strong>Wysoka aktywno\u015b\u0107<\/strong><\/td>\n<\/tr>\n<\/thead>\n<tbody>\n<tr>\n<td>&#8211;<\/td>\n<td>Gramy<\/td>\n<td>Gramy<\/td>\n<td>Gramy<\/td>\n<\/tr>\n<tr>\n<td>26 kg<\/td>\n<td>277 g<\/td>\n<td>329 g<\/td>\n<td>381 g<\/td>\n<\/tr>\n<tr>\n<td>28 kg<\/td>\n<td>293 g<\/td>\n<td>367 g<\/td>\n<td>403 g<\/td>\n<\/tr>\n<tr>\n<td>30 kg<\/td>\n<td>309 g<\/td>\n<td>367 g<\/td>\n<td>425 g<\/td>\n<\/tr>\n<tr>\n<td>32 kg<\/td>\n<td>324 g<\/td>\n<td>385 g<\/td>\n<td>446 g<\/td>\n<\/tr>\n<tr>\n<td>34 kg<\/td>\n<td>339 g<\/td>\n<td>403 g<\/td>\n<td>466 g<\/td>\n<\/tr>\n<tr>\n<td>36 kg<\/td>\n<td>354 g<\/td>\n<td>420 g<\/td>\n<td>487 g<\/td>\n<\/tr>\n<tr>\n<td>38 kg<\/td>\n<td>369 g<\/td>\n<td>438 g<\/td>\n<td>507 g<\/td>\n<\/tr>\n<tr>\n<td>40 kg<\/td>\n<td>383 g<\/td>\n<td>455 g<\/td>\n<td>527 g<\/td>\n<\/tr>\n<\/tbody>\n<\/table>\n<p>&nbsp;<\/p>\n<p>&nbsp;<\/p>\n<p>&nbsp;<\/p>","protected":false},"excerpt":{"rendered":"<p>Karma dla ps\u00f3w sterylizowanych rasy labrador retriever, powy\u017cej 15 miesi\u0105ca \u017cycia.<\/p>\n<p>Marka: Royal Canin<\/p>\n<p>Dla jakiego pupila:Pies<\/p>\n<p><span class=\"ty-product-feature__label\">Wielko\u015b\u0107 pupila: Rasy du\u017ce<\/span><\/p>\n<p>Faza \u017cycia: Doros\u0142y<\/p>\n<p>Specjalne wymagania: Sterylizacja<\/p>","protected":false},"featured_media":7452,"comment_status":"open","ping_status":"closed","template":"","meta":{"om_disable_all_campaigns":false,"inline_featured_image":false},"product_brand":[],"product_cat":[27,97,95],"product_tag":[],"class_list":{"0":"post-7445","1":"product","2":"type-product","3":"status-publish","4":"has-post-thumbnail","6":"product_cat-dog-food","7":"product_cat-psy-rasowe","8":"product_cat-royal-canin-dog-food","10":"first","11":"outofstock","12":"taxable","13":"shipping-taxable","14":"purchasable","15":"product-type-simple"},"_links":{"self":[{"href":"https:\/\/www.lanrel.pl\/pl\/wp-json\/wp\/v2\/product\/7445","targetHints":{"allow":["GET"]}}],"collection":[{"href":"https:\/\/www.lanrel.pl\/pl\/wp-json\/wp\/v2\/product"}],"about":[{"href":"https:\/\/www.lanrel.pl\/pl\/wp-json\/wp\/v2\/types\/product"}],"replies":[{"embeddable":true,"href":"https:\/\/www.lanrel.pl\/pl\/wp-json\/wp\/v2\/comments?post=7445"}],"wp:featuredmedia":[{"embeddable":true,"href":"https:\/\/www.lanrel.pl\/pl\/wp-json\/wp\/v2\/media\/7452"}],"wp:attachment":[{"href":"https:\/\/www.lanrel.pl\/pl\/wp-json\/wp\/v2\/media?parent=7445"}],"wp:term":[{"taxonomy":"product_brand","embeddable":true,"href":"https:\/\/www.lanrel.pl\/pl\/wp-json\/wp\/v2\/product_brand?post=7445"},{"taxonomy":"product_cat","embeddable":true,"href":"https:\/\/www.lanrel.pl\/pl\/wp-json\/wp\/v2\/product_cat?post=7445"},{"taxonomy":"product_tag","embeddable":true,"href":"https:\/\/www.lanrel.pl\/pl\/wp-json\/wp\/v2\/product_tag?post=7445"}],"curies":[{"name":"wp","href":"https:\/\/api.w.org\/{rel}","templated":true}]}}