{"id":7436,"date":"2025-10-20T20:20:24","date_gmt":"2025-10-20T18:20:24","guid":{"rendered":"https:\/\/lanrel.eu\/?post_type=product&#038;p=7436"},"modified":"2025-10-21T20:56:48","modified_gmt":"2025-10-21T18:56:48","slug":"royal-canin-labrador-retriever-adult-5-karma-sucha-12kg","status":"publish","type":"product","link":"https:\/\/www.lanrel.pl\/pl\/produkt\/royal-canin-labrador-retriever-adult-5-karma-sucha-12kg\/","title":{"rendered":"ROYAL CANIN\u00ae Labrador Retriever Adult 5+ karma sucha 12kg"},"content":{"rendered":"<h4>Zalety karmy:<\/h4>\n<ul>\n<li>Zdrowie w okresie starzenia<\/li>\n<li>Prawid\u0142owa masa cia\u0142a i muskulatura<\/li>\n<li>Wspomaganie funkcji staw\u00f3w<\/li>\n<li>Specjalnie opracowany krokiet: Wysoka smakowito\u015b\u0107 i mo\u017cliwo\u015b\u0107 namaczania<\/li>\n<\/ul>\n<p>Ka\u017cda rasa ma specjalne wymogi, dlatego aby wspiera\u0107 zdrowie ps\u00f3w rasowych powsta\u0142a linia specjalistycznych karm ROYAL CANIN\u00ae\u2019s Breed Health Nutrition pokrywaj\u0105ca specyficzne potrzeby pokarmowe poszczeg\u00f3lnych ras.<\/p>\n<p>Karma ROYAL CANIN\u00ae Labrador Retriever Adult 5+ przeznaczona dla doros\u0142ych ps\u00f3w rasy labrador retriever\u00a0 powy\u017cej 5 roku \u017cycia, zosta\u0142a opracowana specjalnie pod k\u0105tem potrzeb dojrza\u0142ego psa.<\/p>\n<p>Karma LABRADOR RETRIEVER ADULT 5+ zosta\u0142a opracowana by wspomaga\u0107 zdrowie psa w okresie starzenia. Zawiera unikalna kombinacj\u0119 przeciwutleniaczy wspomagaj\u0105cych utrzymanie zdrowia kom\u00f3rek oraz odpowiedni poziom fosforu, aby chroni\u0107 nerki u ps\u00f3w rasy owczarek niemiecki w okresie starzenia.<\/p>\n<p>Wraz z wiekiem spada aktywno\u015b\u0107 ps\u00f3w rasy labrador Retriever. Specjalna receptura karmy, dzi\u0119ki odpowiedniej zawarto\u015bci t\u0142uszczu i kalorii pomaga utrzyma\u0107 prawid\u0142ow\u0105 mas\u0119 cia\u0142a starszych ps\u00f3w tej rasy. Karma wspomaga r\u00f3wnie\u017c utrzymanie masy mi\u0119\u015bniowej, dzi\u0119ki optymalnej zawarto\u015bci bia\u0142ka i dodatkowi L-karnityny.<\/p>\n<p>Karma zawiera tak\u017ce specjalnie dobrane sk\u0142adniki, w tym kolagen oraz kwasy t\u0142uszczowe EPA i DHA, kt\u00f3re wspomagaj\u0105 chrz\u0105stk\u0119 w okresie starzenia i utrzymanie zdrowych staw\u00f3w i ko\u015bci.<\/p>\n<p>Kszta\u0142t, wielko\u015b\u0107 i tekstura krokiet\u00f3w zosta\u0142y dostosowane do szcz\u0119k starszych ps\u00f3w rasy labrador retriever. Krokiety mo\u017cna namacza\u0107 ciep\u0142\u0105 wod\u0105, co wzmacnia zapach i u\u0142atwia psu jedzenie<\/p>\n<p>W firmie ROYAL CANIN\u00ae intensywnie pracujemy nad dostarczaniem rozwi\u0105za\u0144 \u017cywieniowych najlepiej dostosowanych do potrzeb zwierz\u0105t. Wszystkie nasze produkty przechodz\u0105 dok\u0142adny proces kontroli jako\u015bci, gwarantuj\u0105cy najwy\u017csz\u0105 jako\u015b\u0107 karmy oraz pe\u0142ne pokrycie zapotrzebowania pokarmowego, odpowiednio do trybu \u017cycia Twojego psa. Oznacza to, \u017ce podaj\u0105c swojemu psu karm\u0119 ROYAL CANIN\u00ae Labrador Retriever Adult 5+ dostarczasz mu kompletn\u0105 i doskonale zbilansowan\u0105 diet\u0119.<\/p>\n<h4>SK\u0141AD:<\/h4>\n<p>suszone bia\u0142ko drobiowe, ry\u017c, m\u0105ka kukurydziana, kukurydza, gluten kukurydziany, pszenica, gluten pszenny*, hydrolizat bia\u0142ka zwierz\u0119cego, t\u0142uszcze zwierz\u0119ce, pulpa buraczana, proszek celulozowy, w\u0142\u00f3kno ro\u015blinne, olej rybny, sole mineralne, olej sojowy, produkty dro\u017cd\u017cowe, hydrolizowany kolagen (3,5%), suszona pulpa pomidorowa (\u017ar\u00f3d\u0142o likopenu), \u0142uski i nasiona psyllium, fruktooligosacharydy, olej z og\u00f3recznika, wyci\u0105g z aksamitki wzniesionej (\u017ar\u00f3d\u0142o luteiny), hydrolizat chrz\u0105stki (\u017ar\u00f3d\u0142o chondroityny).<\/p>\n<p>*L.I.P.: bia\u0142ko wyselekcjonowane ze wzgl\u0119du na bardzo wysok\u0105 strawno\u015b\u0107.<\/p>\n<h4>DODATKI (na 1 kg karmy):<\/h4>\n<p>Witamina A: 27500 UI, Witamina D3: 800 UI, \u017belazo (3b103): 41 mg, Jod (3b201, 3b202): 2,7 mg, Mied\u017a (3b405, 3b406): 5 mg, Mangan (3b502, 3b504): 31 mg, Cynk (3b603, 3b605, 3b606): 134 mg, Selen (3b801, 3b811, 3b812): 0,12 mg &#8211; Dodatki technologiczne: Klinoptylolit pochodzenia osadowego: 10 g &#8211; Dodatki sensoryczne: Wyci\u0105g z herbaty (\u017ar\u00f3d\u0142o polifenoli): 625 mg &#8211; Konserwanty &#8211; Przeciwutleniacze.<\/p>\n<p>AMINOKWASY<\/p>\n<p>tauryna, metionina, arginina, metionina + cysteina, lizyna<\/p>\n<p>SK\u0141ADNIKI MINERALNE<\/p>\n<p>Wap\u0144, mied\u017a, fosfor, \u017celazo, s\u00f3d, mangan, chlor, cynk, potas, selen, magnez, jod, siarka<\/p>\n<p>WITAMINY<\/p>\n<p>Witamina A, Witamina B6 (pirydoksyna), Witamina D3, Witamina B12 (cyjanokobalamina), Witamina E, Witamina B3 (niacyna), Witamina C, Biotyna, Witamina B1 (tiamina), Kwas foliowy, Witamina B6 (ryboflawina), cholina, kwas pantotenowy<\/p>\n<p>INNE<\/p>\n<p>Skrobia, kwasy t\u0142uszczowe omega 6, w\u0142\u00f3kno pokarmowe, kwasy t\u0142uszczowe omega 3, luteina kwasy t\u0142uszczowe EPA+DHA, betakaroten, L-karnityna, kwas arachidonowy, siarczan chondroityny+ glukozamina, kwas linolowy.<\/p>\n<p>ENERGIA METABOLICZNA OBLICZONA<\/p>\n<p>Obliczona wg NRC 85<\/p>\n<p>Obliczona wg NRC 2006<\/p>\n<h4>Spos\u00f3b u\u017cycia:<\/h4>\n<p>patrz tabela.<\/p>\n<p>Najlepiej wykorzysta\u0107 przed: patrz data wa\u017cno\u015bci. Data wa\u017cno\u015bci, numer partii i numer rejestracyjny zak\u0142adu znajduj\u0105 si\u0119 z ty\u0142u opakowania. Przechowywa\u0107 w suchym i ch\u0142odnym miejscu.<\/p>\n<table style=\"height: 618px;\" width=\"1000\">\n<thead>\n<tr>\n<td width=\"72\"><strong>Waga psa<\/strong><\/td>\n<td width=\"119\"><strong>Niska aktywno\u015b\u0107<\/strong><\/td>\n<td width=\"42\"><strong>\u00a0<\/strong><\/td>\n<td width=\"133\"><strong>\u015arednia aktywno\u015b\u0107<\/strong><\/td>\n<td width=\"42\"><strong>\u00a0<\/strong><\/td>\n<td width=\"135\"><strong>Wysoka aktywno\u015b\u0107<\/strong><\/td>\n<td width=\"43\"><strong>\u00a0<\/strong><\/td>\n<\/tr>\n<\/thead>\n<tbody>\n<tr>\n<td width=\"72\">&#8211;<\/td>\n<td width=\"119\">Gram<\/td>\n<td width=\"42\">Cup<\/td>\n<td width=\"133\">Gram<\/td>\n<td width=\"42\">Cup<\/td>\n<td width=\"135\">Gram<\/td>\n<td width=\"43\">Cup<\/td>\n<\/tr>\n<tr>\n<td width=\"72\">26kg<\/td>\n<td width=\"119\">312<\/td>\n<td width=\"42\">4+1\/8<\/td>\n<td width=\"133\">361<\/td>\n<td width=\"42\">4+6\/8<\/td>\n<td width=\"135\">411<\/td>\n<td width=\"43\">5+3\/8<\/td>\n<\/tr>\n<tr>\n<td width=\"72\">28kg<\/td>\n<td width=\"119\">330<\/td>\n<td width=\"42\">4+2\/8<\/td>\n<td width=\"133\">382<\/td>\n<td width=\"42\">5<\/td>\n<td width=\"135\">434<\/td>\n<td width=\"43\">5+5\/8<\/td>\n<\/tr>\n<tr>\n<td width=\"72\">30kg<\/td>\n<td width=\"119\">347<\/td>\n<td width=\"42\">4+4\/8<\/td>\n<td width=\"133\">402<\/td>\n<td width=\"42\">5+2\/8<\/td>\n<td width=\"135\">457<\/td>\n<td width=\"43\">6<\/td>\n<\/tr>\n<tr>\n<td width=\"72\">32kg<\/td>\n<td width=\"119\">365<\/td>\n<td width=\"42\">4+6\/8<\/td>\n<td width=\"133\">422<\/td>\n<td width=\"42\">5+4\/8<\/td>\n<td width=\"135\">480<\/td>\n<td width=\"43\">6+2\/8<\/td>\n<\/tr>\n<tr>\n<td width=\"72\">34kg<\/td>\n<td width=\"119\">382<\/td>\n<td width=\"42\">5<\/td>\n<td width=\"133\">442<\/td>\n<td width=\"42\">5+6\/8<\/td>\n<td width=\"135\">502<\/td>\n<td width=\"43\">6+4\/8<\/td>\n<\/tr>\n<tr>\n<td width=\"72\">36kg<\/td>\n<td width=\"119\">398<\/td>\n<td width=\"42\">5+1\/8<\/td>\n<td width=\"133\">461<\/td>\n<td width=\"42\">6<\/td>\n<td width=\"135\">524<\/td>\n<td width=\"43\">6+7\/8<\/td>\n<\/tr>\n<tr>\n<td width=\"72\">38kg<\/td>\n<td width=\"119\">415<\/td>\n<td width=\"42\">5+3\/8<\/td>\n<td width=\"133\">480<\/td>\n<td width=\"42\">6+2\/8<\/td>\n<td width=\"135\">546<\/td>\n<td width=\"43\">7+1\/8<\/td>\n<\/tr>\n<tr>\n<td width=\"72\">40kg<\/td>\n<td width=\"119\">431<\/td>\n<td width=\"42\">5+5\/8<\/td>\n<td width=\"133\">499<\/td>\n<td width=\"42\">6+4\/8<\/td>\n<td width=\"135\">567<\/td>\n<td width=\"43\">7+3\/8<\/td>\n<\/tr>\n<\/tbody>\n<\/table>\n<p>&nbsp;<\/p>\n<p>&nbsp;<\/p>","protected":false},"excerpt":{"rendered":"<p>Karma sucha dla ps\u00f3w doros\u0142ych rasy Labrador Retriever powy\u017cej 5 roku \u017cycia.<\/p>\n<p>Marka: Royal Canin<\/p>\n<p>Dla jakiego pupila:Pies<\/p>\n<p><span class=\"ty-product-feature__label\">Wielko\u015b\u0107 pupila: Rasy du\u017ce<\/span><\/p>\n<p>Faza \u017cycia: Doros\u0142y<\/p>","protected":false},"featured_media":7442,"comment_status":"open","ping_status":"closed","template":"","meta":{"om_disable_all_campaigns":false,"inline_featured_image":false},"product_brand":[],"product_cat":[27,97,95],"product_tag":[],"class_list":{"0":"post-7436","1":"product","2":"type-product","3":"status-publish","4":"has-post-thumbnail","6":"product_cat-dog-food","7":"product_cat-psy-rasowe","8":"product_cat-royal-canin-dog-food","10":"first","11":"outofstock","12":"taxable","13":"shipping-taxable","14":"purchasable","15":"product-type-simple"},"_links":{"self":[{"href":"https:\/\/www.lanrel.pl\/pl\/wp-json\/wp\/v2\/product\/7436","targetHints":{"allow":["GET"]}}],"collection":[{"href":"https:\/\/www.lanrel.pl\/pl\/wp-json\/wp\/v2\/product"}],"about":[{"href":"https:\/\/www.lanrel.pl\/pl\/wp-json\/wp\/v2\/types\/product"}],"replies":[{"embeddable":true,"href":"https:\/\/www.lanrel.pl\/pl\/wp-json\/wp\/v2\/comments?post=7436"}],"wp:featuredmedia":[{"embeddable":true,"href":"https:\/\/www.lanrel.pl\/pl\/wp-json\/wp\/v2\/media\/7442"}],"wp:attachment":[{"href":"https:\/\/www.lanrel.pl\/pl\/wp-json\/wp\/v2\/media?parent=7436"}],"wp:term":[{"taxonomy":"product_brand","embeddable":true,"href":"https:\/\/www.lanrel.pl\/pl\/wp-json\/wp\/v2\/product_brand?post=7436"},{"taxonomy":"product_cat","embeddable":true,"href":"https:\/\/www.lanrel.pl\/pl\/wp-json\/wp\/v2\/product_cat?post=7436"},{"taxonomy":"product_tag","embeddable":true,"href":"https:\/\/www.lanrel.pl\/pl\/wp-json\/wp\/v2\/product_tag?post=7436"}],"curies":[{"name":"wp","href":"https:\/\/api.w.org\/{rel}","templated":true}]}}